{"id":1151,"date":"2022-08-31T16:42:30","date_gmt":"2022-08-31T14:42:30","guid":{"rendered":"https:\/\/www.alexisdegaribaldi.com\/?page_id=1151"},"modified":"2025-06-07T17:33:47","modified_gmt":"2025-06-07T15:33:47","slug":"coaching-detre-2","status":"publish","type":"page","link":"https:\/\/www.alexisdegaribaldi.com\/index.php\/coach-therapies-breves-coaching\/coaching-detre-2\/","title":{"rendered":"Coaching de Performance The Best Secrets Of"},"content":{"rendered":"\t\t<div data-elementor-type=\"wp-page\" data-elementor-id=\"1151\" class=\"elementor elementor-1151\">\n\t\t\t\t<div class=\"elementor-element elementor-element-361a451 e-flex e-con-boxed e-con e-parent\" data-id=\"361a451\" data-element_type=\"container\" data-e-type=\"container\">\n\t\t\t\t\t<div class=\"e-con-inner\">\n\t\t\t\t<div class=\"elementor-element elementor-element-5081949 elementor-widget elementor-widget-heading\" data-id=\"5081949\" data-element_type=\"widget\" data-e-type=\"widget\" data-widget_type=\"heading.default\">\n\t\t\t\t<div class=\"elementor-widget-container\">\n\t\t\t\t\t<h2 class=\"elementor-heading-title elementor-size-default\">Coaching de Performance Les Meilleurs Secrets<\/h2>\t\t\t\t<\/div>\n\t\t\t\t<\/div>\n\t\t\t\t\t<\/div>\n\t\t\t\t<\/div>\n\t\t<div class=\"elementor-element elementor-element-b55d020 e-flex e-con-boxed e-con e-parent\" data-id=\"b55d020\" data-element_type=\"container\" data-e-type=\"container\">\n\t\t\t\t\t<div class=\"e-con-inner\">\n\t\t\t\t<div class=\"elementor-element elementor-element-5709257 elementor-widget elementor-widget-text-editor\" data-id=\"5709257\" data-element_type=\"widget\" data-e-type=\"widget\" data-widget_type=\"text-editor.default\">\n\t\t\t\t<div class=\"elementor-widget-container\">\n\t\t\t\t\t\t\t\t\t<p><b>Le Coaching de Performance comprend plusieurs niveau<\/b> \u00e0 savoir :<\/p><p>&#8211; <b>Capacit\u00e9<\/b> et plus pr\u00e9cis\u00e9ment vos <b>Strat\u00e9gies<\/b> et vos <b>Energies<\/b><\/p><p>&#8211; <b>Comportement<\/b> c&rsquo;est \u00e0 dire vos<b> Actions <\/b>et vos <b>R\u00e9actions<\/b><\/p><p>&#8211;<b> Environnement<\/b> qui comprend vos <b>Opportunit\u00e9s<\/b> et vos <b>Contraintes\/ Dangers<\/b><\/p><p>Et bien \u00e9videment<b> il faut toujours travailler en premier la strate qui se trouve en dessous<\/b> avant de dynamiser la strate qui vous int\u00e9resse.<\/p><p><b>Pour plus de renseignement et surtout vous accompagner r\u00e9ellement dans une vrai coaching \u00e0 la mesure de vos attentes, nous sommes \u00e0 votre \u00e9coute et dans l&rsquo;attente d&rsquo;une prise de rendez-vous de votre part<\/b> pour donner enfin une dimension plus \u00e9panouissante \u00e0 votre avenir\u00a0<\/p><p>A bient\u00f4t\u00a0<\/p><p>A2G<\/p>\t\t\t\t\t\t\t\t<\/div>\n\t\t\t\t<\/div>\n\t\t\t\t\t<\/div>\n\t\t\t\t<\/div>\n\t\t<div class=\"elementor-element elementor-element-88754f0 e-flex e-con-boxed e-con e-parent\" data-id=\"88754f0\" data-element_type=\"container\" data-e-type=\"container\">\n\t\t\t\t\t<div class=\"e-con-inner\">\n\t\t\t\t<div class=\"elementor-element elementor-element-2c3a6ec elementor-widget elementor-widget-heading\" data-id=\"2c3a6ec\" data-element_type=\"widget\" data-e-type=\"widget\" data-widget_type=\"heading.default\">\n\t\t\t\t<div class=\"elementor-widget-container\">\n\t\t\t\t\t<h4 class=\"elementor-heading-title elementor-size-default\">Nous contacter<\/h4>\t\t\t\t<\/div>\n\t\t\t\t<\/div>\n\t\t\t\t\t<\/div>\n\t\t\t\t<\/div>\n\t\t\t\t<section class=\"elementor-section elementor-top-section elementor-element elementor-element-c05b7eb elementor-section-boxed elementor-section-height-default elementor-section-height-default\" data-id=\"c05b7eb\" data-element_type=\"section\" data-e-type=\"section\">\n\t\t\t\t\t\t<div class=\"elementor-container elementor-column-gap-default\">\n\t\t\t\t\t<div class=\"elementor-column elementor-col-100 elementor-top-column elementor-element elementor-element-de72bc2\" data-id=\"de72bc2\" data-element_type=\"column\" data-e-type=\"column\">\n\t\t\t<div class=\"elementor-widget-wrap elementor-element-populated\">\n\t\t\t\t\t\t<div class=\"elementor-element elementor-element-0ffa869 elementor-align-center elementor-invisible elementor-widget elementor-widget-button\" data-id=\"0ffa869\" data-element_type=\"widget\" data-e-type=\"widget\" data-settings=\"{&quot;_animation&quot;:&quot;shake&quot;}\" data-widget_type=\"button.default\">\n\t\t\t\t<div class=\"elementor-widget-container\">\n\t\t\t\t\t\t\t\t\t<div class=\"elementor-button-wrapper\">\n\t\t\t\t\t<a class=\"elementor-button elementor-button-link elementor-size-sm\" href=\"tel:+33645315702\">\n\t\t\t\t\t\t<span class=\"elementor-button-content-wrapper\">\n\t\t\t\t\t\t<span class=\"elementor-button-icon\">\n\t\t\t\t<svg aria-hidden=\"true\" class=\"e-font-icon-svg e-fas-phone-alt\" viewBox=\"0 0 512 512\" xmlns=\"http:\/\/www.w3.org\/2000\/svg\"><path d=\"M497.39 361.8l-112-48a24 24 0 0 0-28 6.9l-49.6 60.6A370.66 370.66 0 0 1 130.6 204.11l60.6-49.6a23.94 23.94 0 0 0 6.9-28l-48-112A24.16 24.16 0 0 0 122.6.61l-104 24A24 24 0 0 0 0 48c0 256.5 207.9 464 464 464a24 24 0 0 0 23.4-18.6l24-104a24.29 24.29 0 0 0-14.01-27.6z\"><\/path><\/svg>\t\t\t<\/span>\n\t\t\t\t\t\t\t\t\t<span class=\"elementor-button-text\">Nous t\u00e9l\u00e9phoner Maintenant<\/span>\n\t\t\t\t\t<\/span>\n\t\t\t\t\t<\/a>\n\t\t\t\t<\/div>\n\t\t\t\t\t\t\t\t<\/div>\n\t\t\t\t<\/div>\n\t\t\t\t\t<\/div>\n\t\t<\/div>\n\t\t\t\t\t<\/div>\n\t\t<\/section>\n\t\t<div class=\"elementor-element elementor-element-4c9ce71 e-flex e-con-boxed e-con e-parent\" data-id=\"4c9ce71\" data-element_type=\"container\" data-e-type=\"container\">\n\t\t\t\t\t<div class=\"e-con-inner\">\n\t\t\t\t<div class=\"elementor-element elementor-element-abfadbe elementor-widget elementor-widget-heading\" data-id=\"abfadbe\" data-element_type=\"widget\" data-e-type=\"widget\" data-widget_type=\"heading.default\">\n\t\t\t\t<div class=\"elementor-widget-container\">\n\t\t\t\t\t<h3 class=\"elementor-heading-title elementor-size-default\">Poser un Rendez-Vous avec nous<\/h3>\t\t\t\t<\/div>\n\t\t\t\t<\/div>\n\t\t\t\t\t<\/div>\n\t\t\t\t<\/div>\n\t\t\t\t<section class=\"elementor-section elementor-top-section elementor-element elementor-element-ee3166d elementor-section-boxed elementor-section-height-default elementor-section-height-default\" data-id=\"ee3166d\" data-element_type=\"section\" data-e-type=\"section\">\n\t\t\t\t\t\t<div class=\"elementor-container elementor-column-gap-default\">\n\t\t\t\t\t<div class=\"elementor-column elementor-col-100 elementor-top-column elementor-element elementor-element-aa285a5\" data-id=\"aa285a5\" data-element_type=\"column\" data-e-type=\"column\">\n\t\t\t<div class=\"elementor-widget-wrap elementor-element-populated\">\n\t\t\t\t\t\t<div class=\"elementor-element elementor-element-8d3e2a6 elementor-button-info elementor-align-justify elementor-invisible elementor-widget elementor-widget-button\" data-id=\"8d3e2a6\" data-element_type=\"widget\" data-e-type=\"widget\" data-settings=\"{&quot;_animation&quot;:&quot;flash&quot;}\" data-widget_type=\"button.default\">\n\t\t\t\t<div class=\"elementor-widget-container\">\n\t\t\t\t\t\t\t\t\t<div class=\"elementor-button-wrapper\">\n\t\t\t\t\t<a class=\"elementor-button elementor-button-link elementor-size-sm\" href=\"https:\/\/www.alexisdegaribaldi.com\/index.php\/poser-the-best-of-rdv\/\">\n\t\t\t\t\t\t<span class=\"elementor-button-content-wrapper\">\n\t\t\t\t\t\t\t\t\t<span class=\"elementor-button-text\">Prendre RDV avec notre Coach<\/span>\n\t\t\t\t\t<\/span>\n\t\t\t\t\t<\/a>\n\t\t\t\t<\/div>\n\t\t\t\t\t\t\t\t<\/div>\n\t\t\t\t<\/div>\n\t\t\t\t\t<\/div>\n\t\t<\/div>\n\t\t\t\t\t<\/div>\n\t\t<\/section>\n\t\t\t\t<section class=\"elementor-section elementor-top-section elementor-element elementor-element-daa7ef0 elementor-section-boxed elementor-section-height-default elementor-section-height-default\" data-id=\"daa7ef0\" data-element_type=\"section\" data-e-type=\"section\">\n\t\t\t\t\t\t<div class=\"elementor-container elementor-column-gap-default\">\n\t\t\t\t\t<div class=\"elementor-column elementor-col-100 elementor-top-column elementor-element elementor-element-2ea631f\" data-id=\"2ea631f\" data-element_type=\"column\" data-e-type=\"column\">\n\t\t\t<div class=\"elementor-widget-wrap elementor-element-populated\">\n\t\t\t\t\t\t<div class=\"elementor-element elementor-element-00d3ea4 elementor-widget elementor-widget-image\" data-id=\"00d3ea4\" data-element_type=\"widget\" data-e-type=\"widget\" data-widget_type=\"image.default\">\n\t\t\t\t<div class=\"elementor-widget-container\">\n\t\t\t\t\t\t\t\t\t\t\t\t\t\t\t<img fetchpriority=\"high\" decoding=\"async\" width=\"837\" height=\"439\" src=\"https:\/\/i0.wp.com\/www.alexisdegaribaldi.com\/wp-content\/uploads\/2022\/08\/IMG_20220831_162342-scaled.jpg?fit=837%2C439&amp;ssl=1\" class=\"attachment-large size-large wp-image-1147\" alt=\"Coaching de Performance\" srcset=\"https:\/\/i0.wp.com\/www.alexisdegaribaldi.com\/wp-content\/uploads\/2022\/08\/IMG_20220831_162342-scaled.jpg?w=2560&amp;ssl=1 2560w, https:\/\/i0.wp.com\/www.alexisdegaribaldi.com\/wp-content\/uploads\/2022\/08\/IMG_20220831_162342-scaled.jpg?resize=300%2C157&amp;ssl=1 300w, https:\/\/i0.wp.com\/www.alexisdegaribaldi.com\/wp-content\/uploads\/2022\/08\/IMG_20220831_162342-scaled.jpg?resize=1024%2C537&amp;ssl=1 1024w, https:\/\/i0.wp.com\/www.alexisdegaribaldi.com\/wp-content\/uploads\/2022\/08\/IMG_20220831_162342-scaled.jpg?resize=768%2C403&amp;ssl=1 768w, https:\/\/i0.wp.com\/www.alexisdegaribaldi.com\/wp-content\/uploads\/2022\/08\/IMG_20220831_162342-scaled.jpg?resize=1536%2C806&amp;ssl=1 1536w, https:\/\/i0.wp.com\/www.alexisdegaribaldi.com\/wp-content\/uploads\/2022\/08\/IMG_20220831_162342-scaled.jpg?resize=2048%2C1075&amp;ssl=1 2048w, https:\/\/i0.wp.com\/www.alexisdegaribaldi.com\/wp-content\/uploads\/2022\/08\/IMG_20220831_162342-scaled.jpg?resize=1320%2C693&amp;ssl=1 1320w, https:\/\/i0.wp.com\/www.alexisdegaribaldi.com\/wp-content\/uploads\/2022\/08\/IMG_20220831_162342-scaled.jpg?resize=600%2C315&amp;ssl=1 600w, https:\/\/i0.wp.com\/www.alexisdegaribaldi.com\/wp-content\/uploads\/2022\/08\/IMG_20220831_162342-scaled.jpg?w=1674 1674w\" sizes=\"(max-width: 837px) 100vw, 837px\" \/>\t\t\t\t\t\t\t\t\t\t\t\t\t\t\t<\/div>\n\t\t\t\t<\/div>\n\t\t\t\t\t<\/div>\n\t\t<\/div>\n\t\t\t\t\t<\/div>\n\t\t<\/section>\n\t\t\t\t<section class=\"elementor-section elementor-top-section elementor-element elementor-element-a38419c elementor-section-boxed elementor-section-height-default elementor-section-height-default\" data-id=\"a38419c\" data-element_type=\"section\" data-e-type=\"section\">\n\t\t\t\t\t\t<div class=\"elementor-container elementor-column-gap-default\">\n\t\t\t\t\t<div class=\"elementor-column elementor-col-100 elementor-top-column elementor-element elementor-element-b6b216c\" data-id=\"b6b216c\" data-element_type=\"column\" data-e-type=\"column\">\n\t\t\t<div class=\"elementor-widget-wrap elementor-element-populated\">\n\t\t\t\t\t\t<div class=\"elementor-element elementor-element-d7ebb51 elementor-widget elementor-widget-text-editor\" data-id=\"d7ebb51\" data-element_type=\"widget\" data-e-type=\"widget\" data-widget_type=\"text-editor.default\">\n\t\t\t\t<div class=\"elementor-widget-container\">\n\t\t\t\t\t\t\t\t\t<p>Savez vous ce dont vous avez Besoin ?<\/p><p>Votre Objectif se situe \u00e0 quel niveau ?<\/p><p>A l&rsquo;heure d&rsquo;aujourd&rsquo;hui, vous vous situeriez o\u00f9 sur cette pyramide ?<\/p><p>Si vous ne le savez pas. N&rsquo;h\u00e9sitez pas \u00e0 nous le pr\u00e9ciser d\u00e8s le premier Rendez-Vous.\u00a0<br \/><a href=\"https:\/\/www.alexisdegaribaldi.com\/index.php\/coaching\/etablir-votre-anamnese\/\">L&rsquo;Anamn\u00e8se<\/a> sert aussi \u00e0 cela.<\/p><p>Le Coaching de Performance va permettre de travailler sur vos<\/p><ul><li>Croyances et Valeurs<\/li><li>Comportements\u00a0<\/li><li>Environnements<\/li><\/ul><p>Vous travaillerez niveau par niveau afin d&rsquo;\u00e9voluer vers les niveaux sup\u00e9rieurs selon votre objectif.<\/p>\t\t\t\t\t\t\t\t<\/div>\n\t\t\t\t<\/div>\n\t\t\t\t\t<\/div>\n\t\t<\/div>\n\t\t\t\t\t<\/div>\n\t\t<\/section>\n\t\t\t\t<\/div>\n\t\t","protected":false},"excerpt":{"rendered":"<p>Coaching de Performance Les Meilleurs Secrets Le Coaching de Performance comprend plusieurs niveau \u00e0 savoir : &#8211; Capacit\u00e9 et plus pr\u00e9cis\u00e9ment vos Strat\u00e9gies et vos Energies &#8211; Comportement c&rsquo;est \u00e0 dire vos Actions et vos R\u00e9actions &#8211; Environnement qui comprend vos Opportunit\u00e9s et vos Contraintes\/ Dangers Et bien \u00e9videment il faut toujours travailler en premier <a class=\"read-more\" href=\"https:\/\/www.alexisdegaribaldi.com\/index.php\/coach-therapies-breves-coaching\/coaching-detre-2\/\">READ MORE<\/a><\/p>\n","protected":false},"author":1,"featured_media":3405,"parent":28,"menu_order":0,"comment_status":"closed","ping_status":"closed","template":"","meta":{"_eb_attr":"","om_disable_all_campaigns":false,"_monsterinsights_skip_tracking":false,"_monsterinsights_sitenote_active":false,"_monsterinsights_sitenote_note":"","_monsterinsights_sitenote_category":0,"footnotes":""},"class_list":["post-1151","page","type-page","status-publish","has-post-thumbnail","hentry"],"aioseo_notices":[],"jetpack_sharing_enabled":true,"_links":{"self":[{"href":"https:\/\/www.alexisdegaribaldi.com\/index.php\/wp-json\/wp\/v2\/pages\/1151","targetHints":{"allow":["GET"]}}],"collection":[{"href":"https:\/\/www.alexisdegaribaldi.com\/index.php\/wp-json\/wp\/v2\/pages"}],"about":[{"href":"https:\/\/www.alexisdegaribaldi.com\/index.php\/wp-json\/wp\/v2\/types\/page"}],"author":[{"embeddable":true,"href":"https:\/\/www.alexisdegaribaldi.com\/index.php\/wp-json\/wp\/v2\/users\/1"}],"replies":[{"embeddable":true,"href":"https:\/\/www.alexisdegaribaldi.com\/index.php\/wp-json\/wp\/v2\/comments?post=1151"}],"version-history":[{"count":56,"href":"https:\/\/www.alexisdegaribaldi.com\/index.php\/wp-json\/wp\/v2\/pages\/1151\/revisions"}],"predecessor-version":[{"id":6814,"href":"https:\/\/www.alexisdegaribaldi.com\/index.php\/wp-json\/wp\/v2\/pages\/1151\/revisions\/6814"}],"up":[{"embeddable":true,"href":"https:\/\/www.alexisdegaribaldi.com\/index.php\/wp-json\/wp\/v2\/pages\/28"}],"wp:featuredmedia":[{"embeddable":true,"href":"https:\/\/www.alexisdegaribaldi.com\/index.php\/wp-json\/wp\/v2\/media\/3405"}],"wp:attachment":[{"href":"https:\/\/www.alexisdegaribaldi.com\/index.php\/wp-json\/wp\/v2\/media?parent=1151"}],"curies":[{"name":"wp","href":"https:\/\/api.w.org\/{rel}","templated":true}]}}