{"id":3007,"date":"2022-09-28T17:19:58","date_gmt":"2022-09-28T15:19:58","guid":{"rendered":"https:\/\/www.alexisdegaribaldi.com\/?page_id=3007"},"modified":"2025-06-06T18:26:58","modified_gmt":"2025-06-06T16:26:58","slug":"estime-de-soi-4-piliers-developpement-personnel-developpement-professionnel","status":"publish","type":"page","link":"https:\/\/www.alexisdegaribaldi.com\/index.php\/estime-de-soi-4-piliers-developpement-personnel-developpement-professionnel\/","title":{"rendered":"Estime de Soi The Best Secrets of 4 piliers"},"content":{"rendered":"\t\t<div data-elementor-type=\"wp-page\" data-elementor-id=\"3007\" class=\"elementor elementor-3007\">\n\t\t\t\t\t\t<section class=\"elementor-section elementor-top-section elementor-element elementor-element-86b593e elementor-section-boxed elementor-section-height-default elementor-section-height-default\" data-id=\"86b593e\" data-element_type=\"section\" data-e-type=\"section\">\n\t\t\t\t\t\t<div class=\"elementor-container elementor-column-gap-default\">\n\t\t\t\t\t<div class=\"elementor-column elementor-col-100 elementor-top-column elementor-element elementor-element-a86ee1f\" data-id=\"a86ee1f\" data-element_type=\"column\" data-e-type=\"column\">\n\t\t\t<div class=\"elementor-widget-wrap elementor-element-populated\">\n\t\t\t\t\t\t<div class=\"elementor-element elementor-element-29e0f2b elementor-widget elementor-widget-text-editor\" data-id=\"29e0f2b\" data-element_type=\"widget\" data-e-type=\"widget\" data-widget_type=\"text-editor.default\">\n\t\t\t\t<div class=\"elementor-widget-container\">\n\t\t\t\t\t\t\t\t\t<p><span style=\"text-decoration: underline;\"><strong>L&rsquo;Estime de Soi<\/strong><\/span> :<\/p>\n<p><strong>Il constitue un \u00e9l\u00e9ment important des Etats du Moi, quelque soit votre \u00e2ge.<\/strong><\/p>\n<p>Cependant<span style=\"text-decoration: underline;\"> <b>il peut aussi avoir \u00e9t\u00e9 alt\u00e9r\u00e9 par<\/b><\/span> certaines blessures, croyances ou id\u00e9es limitantes. Mod\u00e8les p\u00e9dagogiques sociaux, culturels, \u00e9ducatifs ou familials, voir professionnels. Ou encore g\u00e9n\u00e9rationnel ou transg\u00e9n\u00e9rationnel, dans votre pr\u00e9sent ou par le pass\u00e9.<\/p>\n<p>Des \u00e9l\u00e9ments qui sont entr\u00e9s en opposition avec vos valeurs. Quels qu&rsquo;en soient les choix que vous avez du prendre.&nbsp;<\/p>\n<p>N\u00e9anmoins il en d\u00e9coule une perte de l&rsquo;estime de soi ou une alt\u00e9ration de certains piliers qui la compose<\/p>\n<p>Ou bien aussi, apr\u00e8s avoir \u00e9t\u00e9 malmen\u00e9, mis en doute, par une relation dite toxique, avec un\/une Pervers(e) Narcissique. A<span style=\"font-size: 16px; color: var( --e-global-color-text ); letter-spacing: 0px;\">gissant \u00e0 votre insu dans ce cas l\u00e0, sur, votre confiance en soi, votre estime de soi.<\/span><\/p>\n<p><strong><span style=\"font-size: 16px; color: var( --e-global-color-text ); letter-spacing: 0px;\">En cons\u00e9quence :&nbsp;<\/span><\/strong><\/p>\n<p><strong><span style=\"font-size: 16px; color: var( --e-global-color-text ); letter-spacing: 0px;\">Toutes ces alt\u00e9rations sont bien encr\u00e9es dans votre inconscient. Elles sont \u00e0 la fois une barri\u00e8re qui vous prot\u00e8ge par peur de souffrir \u00e0 nouveau. Ou aussi, vous limitent tels les murs de votre propre prison.<\/span><\/strong><\/p>\n<p>Votre partie consciente n&rsquo;y fait plus la diff\u00e9rence, votre Estime de Soi, est, comme <span style=\"text-decoration: underline;\">coinc\u00e9 en pilotage automatique.<\/span><\/p>\n<p><strong>Reprenez donc les r\u00eanes de votre vie<\/strong>&nbsp;<\/p>\n<p><strong style=\"\"><u>L&rsquo;estime de soi <\/u>am\u00e8ne vraiment au Bonheur<u>,<\/u><\/strong> \u00e0 une lib\u00e9ration, un l\u00e2cher prise&nbsp;<\/p>\n<p>selon la loi Pareto ( elle contient 80% Avantages et 20% Inconv\u00e9nients),<\/p>\n<p><strong>Les 4 piliers qui la composent sont :<\/strong><\/p>\n<p>&nbsp; &nbsp; &nbsp; &nbsp; &nbsp; &nbsp; &nbsp; &nbsp; &nbsp;&#8211;<strong> Confiance en Soi<\/strong><\/p>\n<p>&nbsp; &nbsp; &nbsp; &nbsp; &nbsp; &nbsp; &nbsp; &nbsp; &nbsp;&#8211; <strong>Acceptation de Soi<\/strong><\/p>\n<p>&nbsp; &nbsp; &nbsp; &nbsp; &nbsp; &nbsp; &nbsp; &nbsp; &nbsp;&#8211; <strong>Amour de Soi<\/strong><\/p>\n<p>&nbsp; &nbsp; &nbsp; &nbsp; &nbsp; &nbsp; &nbsp; &nbsp; &nbsp;&#8211; <strong>Vision de Soi ( Ego)&nbsp;<\/strong><\/p>\n<p>Cependant si un ou plusieurs de ses piliers sont effrit\u00e9s, endommag\u00e9s, alt\u00e9r\u00e9s. C&rsquo;est tout votre Equilibre Interne et Mental qui est mis \u00e0 mal, et, peut vous maintenir dans une spirale n\u00e9gative.<\/p>\n<p>L&rsquo;<b>Estime de Soi<\/b> c est aussi savoir \u00eatre Ego\u00efste,&nbsp;<\/p>\n<p>C&rsquo;est aussi un combat contre votre Ego, qui doit \u00eatre connu, contr\u00f4l\u00e9, ma\u00eetris\u00e9.<\/p>\n<p>L&rsquo;Ego c&rsquo;est votre Dragon qui doit \u00eatre l\u00e0, pr\u00e9sent, mais \u00ab\u00a0enchain\u00e9 \u00a0\u00bb restez son Dragonnier.<\/p>\n<p>L<b>&lsquo;Ego doit \u00eatre Contr\u00f4l\u00e9, et, NON \u00eatre le CONTROLANT<\/b>&#8230;<\/p>\n<p><b>Avoir des D\u00e9fauts est une qualit\u00e9, il faut les ASSUMER<\/b>.<\/p>\n<p>On est tous Intelligent, on a tous des talents,&nbsp;<\/p>\n<p><strong>Vous accompagner pour les Identifier, les exploiter, et les transposer dans votre Vie est une de nos Missions<\/strong><\/p>\t\t\t\t\t\t\t\t<\/div>\n\t\t\t\t<\/div>\n\t\t\t\t\t<\/div>\n\t\t<\/div>\n\t\t\t\t\t<\/div>\n\t\t<\/section>\n\t\t\t\t<section class=\"elementor-section elementor-top-section elementor-element elementor-element-4a6dc1f elementor-section-boxed elementor-section-height-default elementor-section-height-default\" data-id=\"4a6dc1f\" data-element_type=\"section\" data-e-type=\"section\">\n\t\t\t\t\t\t<div class=\"elementor-container elementor-column-gap-default\">\n\t\t\t\t\t<div class=\"elementor-column elementor-col-100 elementor-top-column elementor-element elementor-element-8e3d809\" data-id=\"8e3d809\" data-element_type=\"column\" data-e-type=\"column\">\n\t\t\t<div class=\"elementor-widget-wrap elementor-element-populated\">\n\t\t\t\t\t\t<div class=\"elementor-element elementor-element-2d8b56d elementor-align-center elementor-widget elementor-widget-button\" data-id=\"2d8b56d\" data-element_type=\"widget\" data-e-type=\"widget\" data-widget_type=\"button.default\">\n\t\t\t\t<div class=\"elementor-widget-container\">\n\t\t\t\t\t\t\t\t\t<div class=\"elementor-button-wrapper\">\n\t\t\t\t\t<a class=\"elementor-button elementor-button-link elementor-size-sm\" href=\"https:\/\/www.alexisdegaribaldi.com\">\n\t\t\t\t\t\t<span class=\"elementor-button-content-wrapper\">\n\t\t\t\t\t\t\t\t\t<span class=\"elementor-button-text\">D\u00e9couvrir notre Menu<\/span>\n\t\t\t\t\t<\/span>\n\t\t\t\t\t<\/a>\n\t\t\t\t<\/div>\n\t\t\t\t\t\t\t\t<\/div>\n\t\t\t\t<\/div>\n\t\t\t\t\t<\/div>\n\t\t<\/div>\n\t\t\t\t\t<\/div>\n\t\t<\/section>\n\t\t\t\t<section class=\"elementor-section elementor-top-section elementor-element elementor-element-9bdcdc8 elementor-section-boxed elementor-section-height-default elementor-section-height-default\" data-id=\"9bdcdc8\" data-element_type=\"section\" data-e-type=\"section\">\n\t\t\t\t\t\t<div class=\"elementor-container elementor-column-gap-default\">\n\t\t\t\t\t<div class=\"elementor-column elementor-col-100 elementor-top-column elementor-element elementor-element-0e6be20\" data-id=\"0e6be20\" data-element_type=\"column\" data-e-type=\"column\">\n\t\t\t<div class=\"elementor-widget-wrap elementor-element-populated\">\n\t\t\t\t\t\t<div class=\"elementor-element elementor-element-7e95fe6 elementor-align-center elementor-widget elementor-widget-button\" data-id=\"7e95fe6\" data-element_type=\"widget\" data-e-type=\"widget\" data-widget_type=\"button.default\">\n\t\t\t\t<div class=\"elementor-widget-container\">\n\t\t\t\t\t\t\t\t\t<div class=\"elementor-button-wrapper\">\n\t\t\t\t\t<a class=\"elementor-button elementor-button-link elementor-size-sm\" href=\"https:\/\/www.alexisdegaribaldi.com\/index.php\/https-www-alexisdegaribaldi-com-index-php-shop\/\">\n\t\t\t\t\t\t<span class=\"elementor-button-content-wrapper\">\n\t\t\t\t\t\t\t\t\t<span class=\"elementor-button-text\">Acc\u00e9der \u00e0 notre boutique<\/span>\n\t\t\t\t\t<\/span>\n\t\t\t\t\t<\/a>\n\t\t\t\t<\/div>\n\t\t\t\t\t\t\t\t<\/div>\n\t\t\t\t<\/div>\n\t\t\t\t\t<\/div>\n\t\t<\/div>\n\t\t\t\t\t<\/div>\n\t\t<\/section>\n\t\t\t\t<section class=\"elementor-section elementor-top-section elementor-element elementor-element-bb2bb43 elementor-section-boxed elementor-section-height-default elementor-section-height-default\" data-id=\"bb2bb43\" data-element_type=\"section\" data-e-type=\"section\">\n\t\t\t\t\t\t<div class=\"elementor-container elementor-column-gap-default\">\n\t\t\t\t\t<div class=\"elementor-column elementor-col-100 elementor-top-column elementor-element elementor-element-c595e7a\" data-id=\"c595e7a\" data-element_type=\"column\" data-e-type=\"column\">\n\t\t\t<div class=\"elementor-widget-wrap elementor-element-populated\">\n\t\t\t\t\t\t<div class=\"elementor-element elementor-element-b0070d3 elementor-align-justify elementor-widget elementor-widget-button\" data-id=\"b0070d3\" data-element_type=\"widget\" data-e-type=\"widget\" data-widget_type=\"button.default\">\n\t\t\t\t<div class=\"elementor-widget-container\">\n\t\t\t\t\t\t\t\t\t<div class=\"elementor-button-wrapper\">\n\t\t\t\t\t<a class=\"elementor-button elementor-button-link elementor-size-sm\" href=\"https:\/\/www.alexisdegaribaldi.com\/index.php\/poser-the-best-of-rdv\/\">\n\t\t\t\t\t\t<span class=\"elementor-button-content-wrapper\">\n\t\t\t\t\t\t\t\t\t<span class=\"elementor-button-text\">Prendre un rendez-vous<\/span>\n\t\t\t\t\t<\/span>\n\t\t\t\t\t<\/a>\n\t\t\t\t<\/div>\n\t\t\t\t\t\t\t\t<\/div>\n\t\t\t\t<\/div>\n\t\t\t\t\t<\/div>\n\t\t<\/div>\n\t\t\t\t\t<\/div>\n\t\t<\/section>\n\t\t\t\t<\/div>\n\t\t","protected":false},"excerpt":{"rendered":"<p>L&rsquo;Estime de Soi : Il constitue un \u00e9l\u00e9ment important des Etats du Moi, quelque soit votre \u00e2ge. Cependant il peut aussi avoir \u00e9t\u00e9 alt\u00e9r\u00e9 par certaines blessures, croyances ou id\u00e9es limitantes. Mod\u00e8les p\u00e9dagogiques sociaux, culturels, \u00e9ducatifs ou familials, voir professionnels. Ou encore g\u00e9n\u00e9rationnel ou transg\u00e9n\u00e9rationnel, dans votre pr\u00e9sent ou par le pass\u00e9. Des \u00e9l\u00e9ments qui <a class=\"read-more\" href=\"https:\/\/www.alexisdegaribaldi.com\/index.php\/estime-de-soi-4-piliers-developpement-personnel-developpement-professionnel\/\">READ MORE<\/a><\/p>\n","protected":false},"author":1,"featured_media":2508,"parent":0,"menu_order":0,"comment_status":"closed","ping_status":"closed","template":"","meta":{"_eb_attr":"","om_disable_all_campaigns":false,"_monsterinsights_skip_tracking":false,"_monsterinsights_sitenote_active":false,"_monsterinsights_sitenote_note":"","_monsterinsights_sitenote_category":0,"footnotes":""},"class_list":["post-3007","page","type-page","status-publish","has-post-thumbnail","hentry"],"aioseo_notices":[],"jetpack_sharing_enabled":true,"_links":{"self":[{"href":"https:\/\/www.alexisdegaribaldi.com\/index.php\/wp-json\/wp\/v2\/pages\/3007","targetHints":{"allow":["GET"]}}],"collection":[{"href":"https:\/\/www.alexisdegaribaldi.com\/index.php\/wp-json\/wp\/v2\/pages"}],"about":[{"href":"https:\/\/www.alexisdegaribaldi.com\/index.php\/wp-json\/wp\/v2\/types\/page"}],"author":[{"embeddable":true,"href":"https:\/\/www.alexisdegaribaldi.com\/index.php\/wp-json\/wp\/v2\/users\/1"}],"replies":[{"embeddable":true,"href":"https:\/\/www.alexisdegaribaldi.com\/index.php\/wp-json\/wp\/v2\/comments?post=3007"}],"version-history":[{"count":40,"href":"https:\/\/www.alexisdegaribaldi.com\/index.php\/wp-json\/wp\/v2\/pages\/3007\/revisions"}],"predecessor-version":[{"id":6787,"href":"https:\/\/www.alexisdegaribaldi.com\/index.php\/wp-json\/wp\/v2\/pages\/3007\/revisions\/6787"}],"wp:featuredmedia":[{"embeddable":true,"href":"https:\/\/www.alexisdegaribaldi.com\/index.php\/wp-json\/wp\/v2\/media\/2508"}],"wp:attachment":[{"href":"https:\/\/www.alexisdegaribaldi.com\/index.php\/wp-json\/wp\/v2\/media?parent=3007"}],"curies":[{"name":"wp","href":"https:\/\/api.w.org\/{rel}","templated":true}]}}