{"id":3051,"date":"2022-09-28T19:08:00","date_gmt":"2022-09-28T17:08:00","guid":{"rendered":"https:\/\/www.alexisdegaribaldi.com\/?page_id=3051"},"modified":"2025-06-07T18:01:57","modified_gmt":"2025-06-07T16:01:57","slug":"relation-a-autrui-voir-en-couple","status":"publish","type":"page","link":"https:\/\/www.alexisdegaribaldi.com\/index.php\/relation-a-autrui-voir-en-couple\/","title":{"rendered":"Relations \u00e0 autrui ( ou en couple ) The Best Secrets of"},"content":{"rendered":"\t\t<div data-elementor-type=\"wp-page\" data-elementor-id=\"3051\" class=\"elementor elementor-3051\">\n\t\t\t\t<div class=\"elementor-element elementor-element-6a292fe e-flex e-con-boxed e-con e-parent\" data-id=\"6a292fe\" data-element_type=\"container\" data-e-type=\"container\">\n\t\t\t\t\t<div class=\"e-con-inner\">\n\t\t\t\t<div class=\"elementor-element elementor-element-baf1cb4 elementor-widget elementor-widget-heading\" data-id=\"baf1cb4\" data-element_type=\"widget\" data-e-type=\"widget\" data-widget_type=\"heading.default\">\n\t\t\t\t<div class=\"elementor-widget-container\">\n\t\t\t\t\t<h2 class=\"elementor-heading-title elementor-size-default\">Relation \u00e0 Autrui les Meilleurs Secrets<\/h2>\t\t\t\t<\/div>\n\t\t\t\t<\/div>\n\t\t\t\t\t<\/div>\n\t\t\t\t<\/div>\n\t\t<div class=\"elementor-element elementor-element-7864d96 e-flex e-con-boxed e-con e-parent\" data-id=\"7864d96\" data-element_type=\"container\" data-e-type=\"container\">\n\t\t\t\t\t<div class=\"e-con-inner\">\n\t\t\t\t<div class=\"elementor-element elementor-element-2f289fa elementor-widget elementor-widget-text-editor\" data-id=\"2f289fa\" data-element_type=\"widget\" data-e-type=\"widget\" data-widget_type=\"text-editor.default\">\n\t\t\t\t<div class=\"elementor-widget-container\">\n\t\t\t\t\t\t\t\t\t<p>La relation \u00e0 l&rsquo;autre commence parfois aussi par le Soi.<\/p><p>Quelque soit votre besoin, nous sommes \u00e0 votre \u00e9coute pour vous permettre de rendre les choses plus confortable et plus fluide pour vous.<\/p><p>Que cela soit professionnel, amical, ou familial<\/p><p>Nous travaillerons sur la situation en elle m\u00eame ou sur ce qu&rsquo;elle \u00e0 fait r\u00e9sonner chez vous, sachez n\u00e9anmoins que pour obtenir les r\u00e9sultats que vous \u00eates en droit d&rsquo;attendre, nous allons in\u00e9luctablement travailler sur plusieurs axes.<\/p><p>Au plaisir d&rsquo;\u00eatre \u00e0 votre \u00e9coute pour vous proposer nos meilleures solutions<\/p><p>Pour cela il vous suffit de cliquer en dessous et de prendre rendez-vous<\/p><p>A bientot\u00a0<\/p><p>A2G<\/p>\t\t\t\t\t\t\t\t<\/div>\n\t\t\t\t<\/div>\n\t\t\t\t\t<\/div>\n\t\t\t\t<\/div>\n\t\t<div class=\"elementor-element elementor-element-2f26bf0 e-flex e-con-boxed e-con e-parent\" data-id=\"2f26bf0\" data-element_type=\"container\" data-e-type=\"container\">\n\t\t\t\t\t<div class=\"e-con-inner\">\n\t\t\t\t<div class=\"elementor-element elementor-element-ad0a2f3 elementor-widget elementor-widget-heading\" data-id=\"ad0a2f3\" data-element_type=\"widget\" data-e-type=\"widget\" data-widget_type=\"heading.default\">\n\t\t\t\t<div class=\"elementor-widget-container\">\n\t\t\t\t\t<h3 class=\"elementor-heading-title elementor-size-default\">Fixer un Rendez Vous avec nous<\/h3>\t\t\t\t<\/div>\n\t\t\t\t<\/div>\n\t\t\t\t\t<\/div>\n\t\t\t\t<\/div>\n\t\t\t\t<section class=\"elementor-section elementor-top-section elementor-element elementor-element-8c7781e elementor-section-boxed elementor-section-height-default elementor-section-height-default\" data-id=\"8c7781e\" data-element_type=\"section\" data-e-type=\"section\">\n\t\t\t\t\t\t<div class=\"elementor-container elementor-column-gap-default\">\n\t\t\t\t\t<div class=\"elementor-column elementor-col-100 elementor-top-column elementor-element elementor-element-df7bd60\" data-id=\"df7bd60\" data-element_type=\"column\" data-e-type=\"column\">\n\t\t\t<div class=\"elementor-widget-wrap elementor-element-populated\">\n\t\t\t\t\t\t<div class=\"elementor-element elementor-element-4b89f28 elementor-align-center elementor-widget elementor-widget-button\" data-id=\"4b89f28\" data-element_type=\"widget\" data-e-type=\"widget\" data-widget_type=\"button.default\">\n\t\t\t\t<div class=\"elementor-widget-container\">\n\t\t\t\t\t\t\t\t\t<div class=\"elementor-button-wrapper\">\n\t\t\t\t\t<a class=\"elementor-button elementor-button-link elementor-size-sm\" href=\"https:\/\/www.alexisdegaribaldi.com\/index.php\/poser-the-best-of-rdv\/\">\n\t\t\t\t\t\t<span class=\"elementor-button-content-wrapper\">\n\t\t\t\t\t\t\t\t\t<span class=\"elementor-button-text\">Prendre un rendez-vous<\/span>\n\t\t\t\t\t<\/span>\n\t\t\t\t\t<\/a>\n\t\t\t\t<\/div>\n\t\t\t\t\t\t\t\t<\/div>\n\t\t\t\t<\/div>\n\t\t\t\t\t<\/div>\n\t\t<\/div>\n\t\t\t\t\t<\/div>\n\t\t<\/section>\n\t\t<div class=\"elementor-element elementor-element-9537764 e-flex e-con-boxed e-con e-parent\" data-id=\"9537764\" data-element_type=\"container\" data-e-type=\"container\">\n\t\t\t\t\t<div class=\"e-con-inner\">\n\t\t\t\t<div class=\"elementor-element elementor-element-e8779e8 elementor-widget elementor-widget-heading\" data-id=\"e8779e8\" data-element_type=\"widget\" data-e-type=\"widget\" data-widget_type=\"heading.default\">\n\t\t\t\t<div class=\"elementor-widget-container\">\n\t\t\t\t\t<h4 class=\"elementor-heading-title elementor-size-default\">Pourquoi un coaching th\u00e9rapie<\/h4>\t\t\t\t<\/div>\n\t\t\t\t<\/div>\n\t\t\t\t\t<\/div>\n\t\t\t\t<\/div>\n\t\t\t\t<section class=\"elementor-section elementor-top-section elementor-element elementor-element-7be4bb2 elementor-section-boxed elementor-section-height-default elementor-section-height-default\" data-id=\"7be4bb2\" data-element_type=\"section\" data-e-type=\"section\">\n\t\t\t\t\t\t<div class=\"elementor-container elementor-column-gap-default\">\n\t\t\t\t\t<div class=\"elementor-column elementor-col-100 elementor-top-column elementor-element elementor-element-3f15397\" data-id=\"3f15397\" data-element_type=\"column\" data-e-type=\"column\">\n\t\t\t<div class=\"elementor-widget-wrap elementor-element-populated\">\n\t\t\t\t\t\t<div class=\"elementor-element elementor-element-465a617 elementor-widget elementor-widget-text-editor\" data-id=\"465a617\" data-element_type=\"widget\" data-e-type=\"widget\" data-widget_type=\"text-editor.default\">\n\t\t\t\t<div class=\"elementor-widget-container\">\n\t\t\t\t\t\t\t\t\t<p>Vous rencontrez depuis peu, depuis un certains temps&#8230;ou depuis toujours.<\/p><p><b>Des Difficult\u00e9s dans vos relations avec autrui<\/b><\/p><p>Que cela soit avec des individus inconnus,\u00a0<\/p><p>avec <b>vos coll\u00e8gues,\u00a0<\/b><\/p><p><b>vos amis,<\/b><\/p><p><b>votre famille,\u00a0<\/b><\/p><p><b>vos enfants,\u00a0<\/b><\/p><p><b>votre conjoint ou concubin<\/b>&#8230;<\/p><p>Nous pouvons <b>vous accompagner vers un renouveau, vers autre chose.<\/b><\/p><p><b>Rendre cela plus confortable pour vous et\/ou pour l&rsquo;autre.<\/b><\/p><p><span style=\"font-size: 16px; color: var( --e-global-color-text ); letter-spacing: 0px;\">Faisons ensemble de <b>votre diff\u00e9rence une qualit\u00e9.<\/b><\/span><\/p><p><span style=\"font-size: 16px; color: var( --e-global-color-text ); letter-spacing: 0px;\"><b>Ouvrir le champ des possibles.<\/b><\/span><\/p><p>Derri\u00e8re chaque action, il y a une raison.<\/p><p><b>Votre action avec l&rsquo;environnement vient in\u00e9luctablement d&rsquo;un sentiment.<\/b><\/p><p><b>Ce sentiment \u00e0 pris naissance sur une \u00e9motion.<\/b><\/p><p><b>Cette \u00e9motion , elle m\u00eame, vient d&rsquo;une interf\u00e9rence avec certaines de vos valeurs.<\/b><\/p><p>Cette blessure est soit ressente, soit plus ancienne, et probablement li\u00e9e \u00e0 vos \u00e9tat du Moi.<\/p><p>Nous pouvons vous apporter des solutions efficaces, pour revenir enfin vers la table des n\u00e9gociations, ranger le drapeau blanc, arr\u00eater de se tourner le dos et de se rejeter la faute.<\/p><p>Se sourire \u00e0 nouveau, ramener du bonheur, se pardonner, s&rsquo;accepter mutuellement, et rayonner \u00e0 plusieurs.<\/p><p><b>Notre objectif est de vous aider \u00e0 comprendre ce qui r\u00e9sonne en vous.<\/b><\/p><p><b>Ce qui vous fait raisonner ou d\u00e9raisonner.<\/b><\/p><p><b>Nous n&rsquo;avons aucune obligation \u00e0 tol\u00e9rer la toxicit\u00e9, cependant nous avons le devoir de comprendre ce qu&rsquo;elle fait r\u00e9sonner en nous.<\/b><\/p><p><b>Ce qui est important n&rsquo;est pas ce que l&rsquo;on \u00e0 fait de moi&#8230;l&rsquo;important est ce que je fais moi-m\u00eame, de ce que l&rsquo;on a fait de moi.<\/b><\/p><p>\u00a0 \u00a0 \u00a0 \u00a0 \u00a0 \u00a0 \u00a0 \u00a0 \u00a0 \u00a0 \u00a0 \u00a0 \u00a0 \u00a0 \u00a0 \u00a0 \u00a0 \u00a0 \u00a0 \u00a0 \u00a0 \u00a0 \u00a0 \u00a0 \u00a0 \u00a0 \u00a0 \u00a0 \u00a0 \u00a0 \u00a0 \u00a0 \u00a0 \u00a0 \u00a0 \u00a0 \u00a0 \u00a0 \u00a0 \u00a0 \u00a0 \u00a0 \u00a0 \u00a0 \u00a0 \u00a0 \u00a0 \u00a0 \u00a0 \u00a0 \u00a0 \u00a0 \u00a0 \u00a0 \u00a0 \u00a0 \u00a0 \u00a0 \u00a0 \u00a0 \u00a0 \u00a0 \u00a0 \u00a0-Jung-<\/p><p>A bient\u00f4t.<\/p><p>A2G.<\/p><p>\u00a0<\/p><p>\u00a0<\/p>\t\t\t\t\t\t\t\t<\/div>\n\t\t\t\t<\/div>\n\t\t\t\t\t<\/div>\n\t\t<\/div>\n\t\t\t\t\t<\/div>\n\t\t<\/section>\n\t\t\t\t<section class=\"elementor-section elementor-top-section elementor-element elementor-element-3ef45a1 elementor-section-boxed elementor-section-height-default elementor-section-height-default\" data-id=\"3ef45a1\" data-element_type=\"section\" data-e-type=\"section\">\n\t\t\t\t\t\t<div class=\"elementor-container elementor-column-gap-default\">\n\t\t\t\t\t<div class=\"elementor-column elementor-col-100 elementor-top-column elementor-element elementor-element-2ee78da\" data-id=\"2ee78da\" data-element_type=\"column\" data-e-type=\"column\">\n\t\t\t<div class=\"elementor-widget-wrap elementor-element-populated\">\n\t\t\t\t\t\t<div class=\"elementor-element elementor-element-ee2c5eb elementor-align-center elementor-widget elementor-widget-button\" data-id=\"ee2c5eb\" data-element_type=\"widget\" data-e-type=\"widget\" data-widget_type=\"button.default\">\n\t\t\t\t<div class=\"elementor-widget-container\">\n\t\t\t\t\t\t\t\t\t<div class=\"elementor-button-wrapper\">\n\t\t\t\t\t<a class=\"elementor-button elementor-button-link elementor-size-sm\" href=\"https:\/\/www.alexisdegaribaldi.com\/index.php\/poser-the-best-of-rdv\/\">\n\t\t\t\t\t\t<span class=\"elementor-button-content-wrapper\">\n\t\t\t\t\t\t\t\t\t<span class=\"elementor-button-text\">Prendre un rendez-vous<\/span>\n\t\t\t\t\t<\/span>\n\t\t\t\t\t<\/a>\n\t\t\t\t<\/div>\n\t\t\t\t\t\t\t\t<\/div>\n\t\t\t\t<\/div>\n\t\t\t\t\t<\/div>\n\t\t<\/div>\n\t\t\t\t\t<\/div>\n\t\t<\/section>\n\t\t\t\t<\/div>\n\t\t","protected":false},"excerpt":{"rendered":"<p>Relation \u00e0 Autrui les Meilleurs Secrets La relation \u00e0 l&rsquo;autre commence parfois aussi par le Soi. Quelque soit votre besoin, nous sommes \u00e0 votre \u00e9coute pour vous permettre de rendre les choses plus confortable et plus fluide pour vous. Que cela soit professionnel, amical, ou familial Nous travaillerons sur la situation en elle m\u00eame ou <a class=\"read-more\" href=\"https:\/\/www.alexisdegaribaldi.com\/index.php\/relation-a-autrui-voir-en-couple\/\">READ MORE<\/a><\/p>\n","protected":false},"author":1,"featured_media":68,"parent":0,"menu_order":0,"comment_status":"closed","ping_status":"closed","template":"","meta":{"_eb_attr":"","om_disable_all_campaigns":false,"_monsterinsights_skip_tracking":false,"_monsterinsights_sitenote_active":false,"_monsterinsights_sitenote_note":"","_monsterinsights_sitenote_category":0,"footnotes":""},"class_list":["post-3051","page","type-page","status-publish","has-post-thumbnail","hentry"],"aioseo_notices":[],"jetpack_sharing_enabled":true,"_links":{"self":[{"href":"https:\/\/www.alexisdegaribaldi.com\/index.php\/wp-json\/wp\/v2\/pages\/3051","targetHints":{"allow":["GET"]}}],"collection":[{"href":"https:\/\/www.alexisdegaribaldi.com\/index.php\/wp-json\/wp\/v2\/pages"}],"about":[{"href":"https:\/\/www.alexisdegaribaldi.com\/index.php\/wp-json\/wp\/v2\/types\/page"}],"author":[{"embeddable":true,"href":"https:\/\/www.alexisdegaribaldi.com\/index.php\/wp-json\/wp\/v2\/users\/1"}],"replies":[{"embeddable":true,"href":"https:\/\/www.alexisdegaribaldi.com\/index.php\/wp-json\/wp\/v2\/comments?post=3051"}],"version-history":[{"count":23,"href":"https:\/\/www.alexisdegaribaldi.com\/index.php\/wp-json\/wp\/v2\/pages\/3051\/revisions"}],"predecessor-version":[{"id":6829,"href":"https:\/\/www.alexisdegaribaldi.com\/index.php\/wp-json\/wp\/v2\/pages\/3051\/revisions\/6829"}],"wp:featuredmedia":[{"embeddable":true,"href":"https:\/\/www.alexisdegaribaldi.com\/index.php\/wp-json\/wp\/v2\/media\/68"}],"wp:attachment":[{"href":"https:\/\/www.alexisdegaribaldi.com\/index.php\/wp-json\/wp\/v2\/media?parent=3051"}],"curies":[{"name":"wp","href":"https:\/\/api.w.org\/{rel}","templated":true}]}}