{"id":3123,"date":"2022-09-29T18:31:52","date_gmt":"2022-09-29T16:31:52","guid":{"rendered":"https:\/\/www.alexisdegaribaldi.com\/?page_id=3123"},"modified":"2025-06-07T18:18:18","modified_gmt":"2025-06-07T16:18:18","slug":"votre-avenir-reorientation","status":"publish","type":"page","link":"https:\/\/www.alexisdegaribaldi.com\/index.php\/votre-avenir-reorientation\/","title":{"rendered":"Bilan Pro for You The Best of"},"content":{"rendered":"\t\t<div data-elementor-type=\"wp-page\" data-elementor-id=\"3123\" class=\"elementor elementor-3123\">\n\t\t\t\t<div class=\"elementor-element elementor-element-1b49b9d e-flex e-con-boxed e-con e-parent\" data-id=\"1b49b9d\" data-element_type=\"container\" data-e-type=\"container\">\n\t\t\t\t\t<div class=\"e-con-inner\">\n\t\t\t\t<div class=\"elementor-element elementor-element-17e9792 elementor-widget elementor-widget-heading\" data-id=\"17e9792\" data-element_type=\"widget\" data-e-type=\"widget\" data-widget_type=\"heading.default\">\n\t\t\t\t<div class=\"elementor-widget-container\">\n\t\t\t\t\t<h2 class=\"elementor-heading-title elementor-size-default\">Bilan Professionnel le Meilleur pour vous<\/h2>\t\t\t\t<\/div>\n\t\t\t\t<\/div>\n\t\t\t\t\t<\/div>\n\t\t\t\t<\/div>\n\t\t\t\t<section class=\"elementor-section elementor-top-section elementor-element elementor-element-f596488 elementor-section-boxed elementor-section-height-default elementor-section-height-default\" data-id=\"f596488\" data-element_type=\"section\" data-e-type=\"section\">\n\t\t\t\t\t\t<div class=\"elementor-container elementor-column-gap-default\">\n\t\t\t\t\t<div class=\"elementor-column elementor-col-100 elementor-top-column elementor-element elementor-element-484d8ea\" data-id=\"484d8ea\" data-element_type=\"column\" data-e-type=\"column\">\n\t\t\t<div class=\"elementor-widget-wrap elementor-element-populated\">\n\t\t\t\t\t\t<div class=\"elementor-element elementor-element-7c190ab elementor-widget elementor-widget-text-editor\" data-id=\"7c190ab\" data-element_type=\"widget\" data-e-type=\"widget\" data-widget_type=\"text-editor.default\">\n\t\t\t\t<div class=\"elementor-widget-container\">\n\t\t\t\t\t\t\t\t\t<p>Vo<b>us vous posez des questions <\/b>sur votre carri\u00e8re.<\/p><p>Vous vous demandez <b>si vous aviez effectu\u00e9 des bons choix,<\/b> vous avez<b> envie de redonner du peps <\/b>\u00e0 votre carri\u00e8re professionnelle, <b>ou d&rsquo;effectuer un changement plus ou moins radical<\/b>.<\/p><p><b>Des projets <\/b>dit personnels&#8230;<\/p><p>Toutes ces questions <b>sont l\u00e9gitimes, et, ont probablement besoin de r\u00e9ponses, d&rsquo;accompagnement<\/b>.<\/p><p>Nous sommes <b>\u00e0 votre service, \u00e0 votre \u00e9coute, pour vous accompagner dans cette d\u00e9marche<\/b>.<\/p><p><b>Gr\u00e2ce au coaching, \u00e0 l&rsquo;ensemble de nos comp\u00e9tences, \u00e0 nos outils, ainsi qu&rsquo;avec l&rsquo;appui de l&rsquo;intelligence artificielle, nous sommes en mesure de vous proposer des solutions pertinentes et sur mesure.<\/b><\/p><p>M\u00eame d&rsquo;<b>\u00e9tablir un bilan de comp\u00e9tences, ou vous aider \u00e0 r\u00e9aliser votre IKIGAI, le vrai !!! ( Junior ou Adulte)<\/b><\/p><p>Vous permettre d<b>&lsquo;aller explorer des parties de vous, que probablement, personne ne vous \u00e0 propos\u00e9 jusqu&rsquo;\u00e0 pr\u00e9sent. ( MBTI \/ Enn\u00e9agramme \/ Intelligences Multiples&#8230;)<\/b><\/p><p>De<b> mieux vous conna\u00eetre vous m\u00eame<\/b>, pour en faire ressortir toute <b>votre plein potentiel<\/b><\/p><p>Vous <b>accompagner<\/b> pour que vous puissiez <b>d\u00e9finir vos objectifs et y poser vos actions<\/b>.<\/p><p>A bientot,<\/p><p>A2G.<\/p>\t\t\t\t\t\t\t\t<\/div>\n\t\t\t\t<\/div>\n\t\t\t\t\t<\/div>\n\t\t<\/div>\n\t\t\t\t\t<\/div>\n\t\t<\/section>\n\t\t\t\t<section class=\"elementor-section elementor-top-section elementor-element elementor-element-f80c8e8 elementor-section-boxed elementor-section-height-default elementor-section-height-default\" data-id=\"f80c8e8\" data-element_type=\"section\" data-e-type=\"section\">\n\t\t\t\t\t\t<div class=\"elementor-container elementor-column-gap-default\">\n\t\t\t\t\t<div class=\"elementor-column elementor-col-100 elementor-top-column elementor-element elementor-element-4bb256a\" data-id=\"4bb256a\" data-element_type=\"column\" data-e-type=\"column\">\n\t\t\t<div class=\"elementor-widget-wrap elementor-element-populated\">\n\t\t\t\t\t\t<div class=\"elementor-element elementor-element-3c1d82b elementor-align-center elementor-widget elementor-widget-button\" data-id=\"3c1d82b\" data-element_type=\"widget\" data-e-type=\"widget\" data-widget_type=\"button.default\">\n\t\t\t\t<div class=\"elementor-widget-container\">\n\t\t\t\t\t\t\t\t\t<div class=\"elementor-button-wrapper\">\n\t\t\t\t\t<a class=\"elementor-button elementor-button-link elementor-size-sm\" href=\"https:\/\/www.alexisdegaribaldi.com\/\">\n\t\t\t\t\t\t<span class=\"elementor-button-content-wrapper\">\n\t\t\t\t\t\t\t\t\t<span class=\"elementor-button-text\">Decouvrir notre Menu<\/span>\n\t\t\t\t\t<\/span>\n\t\t\t\t\t<\/a>\n\t\t\t\t<\/div>\n\t\t\t\t\t\t\t\t<\/div>\n\t\t\t\t<\/div>\n\t\t\t\t\t<\/div>\n\t\t<\/div>\n\t\t\t\t\t<\/div>\n\t\t<\/section>\n\t\t<div class=\"elementor-element elementor-element-d166f88 e-flex e-con-boxed e-con e-parent\" data-id=\"d166f88\" data-element_type=\"container\" data-e-type=\"container\">\n\t\t\t\t\t<div class=\"e-con-inner\">\n\t\t\t\t<div class=\"elementor-element elementor-element-6e0e740 elementor-widget elementor-widget-heading\" data-id=\"6e0e740\" data-element_type=\"widget\" data-e-type=\"widget\" data-widget_type=\"heading.default\">\n\t\t\t\t<div class=\"elementor-widget-container\">\n\t\t\t\t\t<h4 class=\"elementor-heading-title elementor-size-default\">Vous connaissez nos produits et voulez acc\u00e9der \u00e0 Boutique<\/h4>\t\t\t\t<\/div>\n\t\t\t\t<\/div>\n\t\t\t\t\t<\/div>\n\t\t\t\t<\/div>\n\t\t\t\t<section class=\"elementor-section elementor-top-section elementor-element elementor-element-84eab7e elementor-section-boxed elementor-section-height-default elementor-section-height-default\" data-id=\"84eab7e\" data-element_type=\"section\" data-e-type=\"section\">\n\t\t\t\t\t\t<div class=\"elementor-container elementor-column-gap-default\">\n\t\t\t\t\t<div class=\"elementor-column elementor-col-100 elementor-top-column elementor-element elementor-element-31a61ab\" data-id=\"31a61ab\" data-element_type=\"column\" data-e-type=\"column\">\n\t\t\t<div class=\"elementor-widget-wrap elementor-element-populated\">\n\t\t\t\t\t\t<div class=\"elementor-element elementor-element-0c48fb4 elementor-align-center elementor-widget elementor-widget-button\" data-id=\"0c48fb4\" data-element_type=\"widget\" data-e-type=\"widget\" data-widget_type=\"button.default\">\n\t\t\t\t<div class=\"elementor-widget-container\">\n\t\t\t\t\t\t\t\t\t<div class=\"elementor-button-wrapper\">\n\t\t\t\t\t<a class=\"elementor-button elementor-button-link elementor-size-sm\" href=\"https:\/\/www.alexisdegaribaldi.com\/index.php\/https-www-alexisdegaribaldi-com-index-php-shop\/\">\n\t\t\t\t\t\t<span class=\"elementor-button-content-wrapper\">\n\t\t\t\t\t\t\t\t\t<span class=\"elementor-button-text\">Acc\u00e9der \u00e0 notre Boutique<\/span>\n\t\t\t\t\t<\/span>\n\t\t\t\t\t<\/a>\n\t\t\t\t<\/div>\n\t\t\t\t\t\t\t\t<\/div>\n\t\t\t\t<\/div>\n\t\t\t\t\t<\/div>\n\t\t<\/div>\n\t\t\t\t\t<\/div>\n\t\t<\/section>\n\t\t<div class=\"elementor-element elementor-element-7981e3e e-flex e-con-boxed e-con e-parent\" data-id=\"7981e3e\" data-element_type=\"container\" data-e-type=\"container\">\n\t\t\t\t\t<div class=\"e-con-inner\">\n\t\t\t\t<div class=\"elementor-element elementor-element-e20f13d elementor-widget elementor-widget-heading\" data-id=\"e20f13d\" data-element_type=\"widget\" data-e-type=\"widget\" data-widget_type=\"heading.default\">\n\t\t\t\t<div class=\"elementor-widget-container\">\n\t\t\t\t\t<h3 class=\"elementor-heading-title elementor-size-default\">Fixer un Rendez vous avec nous<\/h3>\t\t\t\t<\/div>\n\t\t\t\t<\/div>\n\t\t\t\t\t<\/div>\n\t\t\t\t<\/div>\n\t\t\t\t<section class=\"elementor-section elementor-top-section elementor-element elementor-element-13739ad elementor-section-boxed elementor-section-height-default elementor-section-height-default\" data-id=\"13739ad\" data-element_type=\"section\" data-e-type=\"section\">\n\t\t\t\t\t\t<div class=\"elementor-container elementor-column-gap-default\">\n\t\t\t\t\t<div class=\"elementor-column elementor-col-100 elementor-top-column elementor-element elementor-element-5e1a8f1\" data-id=\"5e1a8f1\" data-element_type=\"column\" data-e-type=\"column\">\n\t\t\t<div class=\"elementor-widget-wrap elementor-element-populated\">\n\t\t\t\t\t\t<div class=\"elementor-element elementor-element-5c2592a elementor-align-justify elementor-widget elementor-widget-button\" data-id=\"5c2592a\" data-element_type=\"widget\" data-e-type=\"widget\" data-widget_type=\"button.default\">\n\t\t\t\t<div class=\"elementor-widget-container\">\n\t\t\t\t\t\t\t\t\t<div class=\"elementor-button-wrapper\">\n\t\t\t\t\t<a class=\"elementor-button elementor-button-link elementor-size-sm\" href=\"https:\/\/www.alexisdegaribaldi.com\/index.php\/poser-the-best-of-rdv\/\">\n\t\t\t\t\t\t<span class=\"elementor-button-content-wrapper\">\n\t\t\t\t\t\t\t\t\t<span class=\"elementor-button-text\">Prendre un rendez-vous<\/span>\n\t\t\t\t\t<\/span>\n\t\t\t\t\t<\/a>\n\t\t\t\t<\/div>\n\t\t\t\t\t\t\t\t<\/div>\n\t\t\t\t<\/div>\n\t\t\t\t\t<\/div>\n\t\t<\/div>\n\t\t\t\t\t<\/div>\n\t\t<\/section>\n\t\t\t\t<\/div>\n\t\t","protected":false},"excerpt":{"rendered":"<p>Bilan Professionnel le Meilleur pour vous Vous vous posez des questions sur votre carri\u00e8re. Vous vous demandez si vous aviez effectu\u00e9 des bons choix, vous avez envie de redonner du peps \u00e0 votre carri\u00e8re professionnelle, ou d&rsquo;effectuer un changement plus ou moins radical. Des projets dit personnels&#8230; Toutes ces questions sont l\u00e9gitimes, et, ont probablement <a class=\"read-more\" href=\"https:\/\/www.alexisdegaribaldi.com\/index.php\/votre-avenir-reorientation\/\">READ MORE<\/a><\/p>\n","protected":false},"author":1,"featured_media":0,"parent":0,"menu_order":0,"comment_status":"closed","ping_status":"closed","template":"","meta":{"_eb_attr":"","om_disable_all_campaigns":false,"_monsterinsights_skip_tracking":false,"_monsterinsights_sitenote_active":false,"_monsterinsights_sitenote_note":"","_monsterinsights_sitenote_category":0,"footnotes":""},"class_list":["post-3123","page","type-page","status-publish","hentry"],"aioseo_notices":[],"jetpack_sharing_enabled":true,"_links":{"self":[{"href":"https:\/\/www.alexisdegaribaldi.com\/index.php\/wp-json\/wp\/v2\/pages\/3123","targetHints":{"allow":["GET"]}}],"collection":[{"href":"https:\/\/www.alexisdegaribaldi.com\/index.php\/wp-json\/wp\/v2\/pages"}],"about":[{"href":"https:\/\/www.alexisdegaribaldi.com\/index.php\/wp-json\/wp\/v2\/types\/page"}],"author":[{"embeddable":true,"href":"https:\/\/www.alexisdegaribaldi.com\/index.php\/wp-json\/wp\/v2\/users\/1"}],"replies":[{"embeddable":true,"href":"https:\/\/www.alexisdegaribaldi.com\/index.php\/wp-json\/wp\/v2\/comments?post=3123"}],"version-history":[{"count":27,"href":"https:\/\/www.alexisdegaribaldi.com\/index.php\/wp-json\/wp\/v2\/pages\/3123\/revisions"}],"predecessor-version":[{"id":6841,"href":"https:\/\/www.alexisdegaribaldi.com\/index.php\/wp-json\/wp\/v2\/pages\/3123\/revisions\/6841"}],"wp:attachment":[{"href":"https:\/\/www.alexisdegaribaldi.com\/index.php\/wp-json\/wp\/v2\/media?parent=3123"}],"curies":[{"name":"wp","href":"https:\/\/api.w.org\/{rel}","templated":true}]}}