{"id":317,"date":"2022-08-27T22:10:49","date_gmt":"2022-08-27T20:10:49","guid":{"rendered":"https:\/\/www.alexisdegaribaldi.com\/?page_id=317"},"modified":"2025-06-07T19:01:52","modified_gmt":"2025-06-07T17:01:52","slug":"coaching-3","status":"publish","type":"page","link":"https:\/\/www.alexisdegaribaldi.com\/index.php\/coach-therapies-breves-coaching\/coaching-3\/","title":{"rendered":"Hypnose The Secrets of"},"content":{"rendered":"\t\t<div data-elementor-type=\"wp-page\" data-elementor-id=\"317\" class=\"elementor elementor-317\">\n\t\t\t\t<div class=\"elementor-element elementor-element-6d3dc0f e-flex e-con-boxed e-con e-parent\" data-id=\"6d3dc0f\" data-element_type=\"container\" data-e-type=\"container\">\n\t\t\t\t\t<div class=\"e-con-inner\">\n\t\t\t\t<div class=\"elementor-element elementor-element-1f9a82a elementor-widget elementor-widget-heading\" data-id=\"1f9a82a\" data-element_type=\"widget\" data-e-type=\"widget\" data-widget_type=\"heading.default\">\n\t\t\t\t<div class=\"elementor-widget-container\">\n\t\t\t\t\t<h2 class=\"elementor-heading-title elementor-size-default\">Hypnose nos Secrets &amp; nos Process<\/h2>\t\t\t\t<\/div>\n\t\t\t\t<\/div>\n\t\t\t\t\t<\/div>\n\t\t\t\t<\/div>\n\t\t<div class=\"elementor-element elementor-element-3ec82c0 e-flex e-con-boxed e-con e-parent\" data-id=\"3ec82c0\" data-element_type=\"container\" data-e-type=\"container\">\n\t\t\t\t\t<div class=\"e-con-inner\">\n\t\t\t\t<div class=\"elementor-element elementor-element-e81cbf8 elementor-widget elementor-widget-text-editor\" data-id=\"e81cbf8\" data-element_type=\"widget\" data-e-type=\"widget\" data-widget_type=\"text-editor.default\">\n\t\t\t\t<div class=\"elementor-widget-container\">\n\t\t\t\t\t\t\t\t\t<p>Chaque hypnoth\u00e9rapeute est pass\u00e9 par une formation comprenant \u00e0 minimum<\/p><p>&#8211; le Technicien<\/p><p>&#8211; le Praticien<\/p><p>Chez Alexis de Garibaldi nous avons appris aupr\u00e8s de Hypno-sph\u00e8re, de l&rsquo;Arche, voir de Synapse<\/p><p>Nous travaillons en supervision pour vous apporter la plus grande pr\u00e9cision de travail th\u00e9rapeutique.<\/p><p>Nous travaillons avec des Process pr\u00e9cis, calibr\u00e9s.<\/p>\t\t\t\t\t\t\t\t<\/div>\n\t\t\t\t<\/div>\n\t\t\t\t\t<\/div>\n\t\t\t\t<\/div>\n\t\t\t\t<section class=\"elementor-section elementor-top-section elementor-element elementor-element-eb00629 elementor-section-boxed elementor-section-height-default elementor-section-height-default\" data-id=\"eb00629\" data-element_type=\"section\" data-e-type=\"section\">\n\t\t\t\t\t\t<div class=\"elementor-container elementor-column-gap-default\">\n\t\t\t\t\t<div class=\"elementor-column elementor-col-100 elementor-top-column elementor-element elementor-element-e6aed7c\" data-id=\"e6aed7c\" data-element_type=\"column\" data-e-type=\"column\">\n\t\t\t<div class=\"elementor-widget-wrap elementor-element-populated\">\n\t\t\t\t\t\t<div class=\"elementor-element elementor-element-e2bae90 elementor-align-center elementor-invisible elementor-widget elementor-widget-button\" data-id=\"e2bae90\" data-element_type=\"widget\" data-e-type=\"widget\" data-settings=\"{&quot;_animation&quot;:&quot;shake&quot;}\" data-widget_type=\"button.default\">\n\t\t\t\t<div class=\"elementor-widget-container\">\n\t\t\t\t\t\t\t\t\t<div class=\"elementor-button-wrapper\">\n\t\t\t\t\t<a class=\"elementor-button elementor-button-link elementor-size-sm\" href=\"tel:+33645315702\">\n\t\t\t\t\t\t<span class=\"elementor-button-content-wrapper\">\n\t\t\t\t\t\t<span class=\"elementor-button-icon\">\n\t\t\t\t<svg aria-hidden=\"true\" class=\"e-font-icon-svg e-fas-phone-alt\" viewBox=\"0 0 512 512\" xmlns=\"http:\/\/www.w3.org\/2000\/svg\"><path d=\"M497.39 361.8l-112-48a24 24 0 0 0-28 6.9l-49.6 60.6A370.66 370.66 0 0 1 130.6 204.11l60.6-49.6a23.94 23.94 0 0 0 6.9-28l-48-112A24.16 24.16 0 0 0 122.6.61l-104 24A24 24 0 0 0 0 48c0 256.5 207.9 464 464 464a24 24 0 0 0 23.4-18.6l24-104a24.29 24.29 0 0 0-14.01-27.6z\"><\/path><\/svg>\t\t\t<\/span>\n\t\t\t\t\t\t\t\t\t<span class=\"elementor-button-text\">Nous t\u00e9l\u00e9phoner Maintenant<\/span>\n\t\t\t\t\t<\/span>\n\t\t\t\t\t<\/a>\n\t\t\t\t<\/div>\n\t\t\t\t\t\t\t\t<\/div>\n\t\t\t\t<\/div>\n\t\t\t\t\t<\/div>\n\t\t<\/div>\n\t\t\t\t\t<\/div>\n\t\t<\/section>\n\t\t<div class=\"elementor-element elementor-element-bc5aa88 e-flex e-con-boxed e-con e-parent\" data-id=\"bc5aa88\" data-element_type=\"container\" data-e-type=\"container\">\n\t\t\t\t\t<div class=\"e-con-inner\">\n\t\t\t\t<div class=\"elementor-element elementor-element-a40aa11 elementor-widget elementor-widget-heading\" data-id=\"a40aa11\" data-element_type=\"widget\" data-e-type=\"widget\" data-widget_type=\"heading.default\">\n\t\t\t\t<div class=\"elementor-widget-container\">\n\t\t\t\t\t<h3 class=\"elementor-heading-title elementor-size-default\">Poser un Rendez-Vous avec nous<\/h3>\t\t\t\t<\/div>\n\t\t\t\t<\/div>\n\t\t\t\t\t<\/div>\n\t\t\t\t<\/div>\n\t\t\t\t<section class=\"elementor-section elementor-top-section elementor-element elementor-element-e4e8856 elementor-section-boxed elementor-section-height-default elementor-section-height-default\" data-id=\"e4e8856\" data-element_type=\"section\" data-e-type=\"section\">\n\t\t\t\t\t\t<div class=\"elementor-container elementor-column-gap-default\">\n\t\t\t\t\t<div class=\"elementor-column elementor-col-100 elementor-top-column elementor-element elementor-element-de43c3c\" data-id=\"de43c3c\" data-element_type=\"column\" data-e-type=\"column\">\n\t\t\t<div class=\"elementor-widget-wrap elementor-element-populated\">\n\t\t\t\t\t\t<div class=\"elementor-element elementor-element-73c417f elementor-align-center elementor-button-info elementor-widget elementor-widget-button\" data-id=\"73c417f\" data-element_type=\"widget\" data-e-type=\"widget\" data-widget_type=\"button.default\">\n\t\t\t\t<div class=\"elementor-widget-container\">\n\t\t\t\t\t\t\t\t\t<div class=\"elementor-button-wrapper\">\n\t\t\t\t\t<a class=\"elementor-button elementor-button-link elementor-size-sm\" href=\"https:\/\/www.alexisdegaribaldi.com\/index.php\/poser-the-best-of-rdv\/\">\n\t\t\t\t\t\t<span class=\"elementor-button-content-wrapper\">\n\t\t\t\t\t\t\t\t\t<span class=\"elementor-button-text\">Prendre RDV avec votre Hypnoth\u00e9rapeute<\/span>\n\t\t\t\t\t<\/span>\n\t\t\t\t\t<\/a>\n\t\t\t\t<\/div>\n\t\t\t\t\t\t\t\t<\/div>\n\t\t\t\t<\/div>\n\t\t\t\t<div class=\"elementor-element elementor-element-c18a829 elementor-widget elementor-widget-text-editor\" data-id=\"c18a829\" data-element_type=\"widget\" data-e-type=\"widget\" data-widget_type=\"text-editor.default\">\n\t\t\t\t<div class=\"elementor-widget-container\">\n\t\t\t\t\t\t\t\t\t<p>L&rsquo;Hypnose\u00a0 pratiqu\u00e9e chez nous est Ericksonienne\u00a0<\/p><p>Vous trouverez plus bas, la liste des protocoles ainsi que les domaines, situations, inconforts, sur lesquels nous pouvons intervenir.<\/p><p>Vous \u00eates la clef de votre bonheur, de votre \u00e9panouissement.<br \/><br \/>Parfois il faut juste retrouver ou recompl\u00e9ter le trousseau qui est en vous.<\/p><p>L&rsquo;hypnose est un \u00e9tat\u00a0 modifi\u00e9 de conscience que vous empruntez pourtant tous les jours sans m\u00eame vous en rendre compte.\u00a0<\/p><p>Un praticien en Hypnose est l\u00e0 pour vous guider, vous accompagner, vous permettre de reprendre le contr\u00f4le de vous m\u00eame, de vous r\u00e9-encoder, de retrouver ce qui vous \u00e9chappe.\u00a0<\/p><p>Il est l\u00e0 pour apporter du confort dans ce r\u00e9 encodage, celui que vous r\u00e9aliserez vous m\u00eame, \u00e0 votre rythme, avec vos propres mots, de la fa\u00e7on la plus confortable qui soit pour vous, en toute confidentialit\u00e9.<\/p><p><strong>\u00a0<\/strong><\/p>\t\t\t\t\t\t\t\t<\/div>\n\t\t\t\t<\/div>\n\t\t\t\t\t<\/div>\n\t\t<\/div>\n\t\t\t\t\t<\/div>\n\t\t<\/section>\n\t\t\t\t<section class=\"elementor-section elementor-top-section elementor-element elementor-element-0e072a6 elementor-section-boxed elementor-section-height-default elementor-section-height-default\" data-id=\"0e072a6\" data-element_type=\"section\" data-e-type=\"section\">\n\t\t\t\t\t\t<div class=\"elementor-container elementor-column-gap-default\">\n\t\t\t\t\t<div class=\"elementor-column elementor-col-100 elementor-top-column elementor-element elementor-element-b18b872\" data-id=\"b18b872\" data-element_type=\"column\" data-e-type=\"column\">\n\t\t\t<div class=\"elementor-widget-wrap\">\n\t\t\t\t\t\t\t<\/div>\n\t\t<\/div>\n\t\t\t\t\t<\/div>\n\t\t<\/section>\n\t\t\t\t<section class=\"elementor-section elementor-top-section elementor-element elementor-element-ea01131 elementor-section-boxed elementor-section-height-default elementor-section-height-default\" data-id=\"ea01131\" data-element_type=\"section\" data-e-type=\"section\">\n\t\t\t\t\t\t<div class=\"elementor-container elementor-column-gap-default\">\n\t\t\t\t\t<div class=\"elementor-column elementor-col-33 elementor-top-column elementor-element elementor-element-6d188f2\" data-id=\"6d188f2\" data-element_type=\"column\" data-e-type=\"column\">\n\t\t\t<div class=\"elementor-widget-wrap elementor-element-populated\">\n\t\t\t\t\t\t<div class=\"elementor-element elementor-element-7c5cbc9 elementor-widget elementor-widget-image\" data-id=\"7c5cbc9\" data-element_type=\"widget\" data-e-type=\"widget\" data-widget_type=\"image.default\">\n\t\t\t\t<div class=\"elementor-widget-container\">\n\t\t\t\t\t\t\t\t\t\t\t\t\t\t\t<img fetchpriority=\"high\" decoding=\"async\" width=\"837\" height=\"804\" src=\"https:\/\/i0.wp.com\/www.alexisdegaribaldi.com\/wp-content\/uploads\/2022\/08\/Screenshot_20220622_111207.jpg?fit=837%2C804&amp;ssl=1\" class=\"attachment-large size-large wp-image-264\" alt=\"\" srcset=\"https:\/\/i0.wp.com\/www.alexisdegaribaldi.com\/wp-content\/uploads\/2022\/08\/Screenshot_20220622_111207.jpg?w=1080&amp;ssl=1 1080w, https:\/\/i0.wp.com\/www.alexisdegaribaldi.com\/wp-content\/uploads\/2022\/08\/Screenshot_20220622_111207.jpg?resize=600%2C577&amp;ssl=1 600w, https:\/\/i0.wp.com\/www.alexisdegaribaldi.com\/wp-content\/uploads\/2022\/08\/Screenshot_20220622_111207.jpg?resize=300%2C288&amp;ssl=1 300w, https:\/\/i0.wp.com\/www.alexisdegaribaldi.com\/wp-content\/uploads\/2022\/08\/Screenshot_20220622_111207.jpg?resize=1024%2C984&amp;ssl=1 1024w, https:\/\/i0.wp.com\/www.alexisdegaribaldi.com\/wp-content\/uploads\/2022\/08\/Screenshot_20220622_111207.jpg?resize=768%2C738&amp;ssl=1 768w\" sizes=\"(max-width: 837px) 100vw, 837px\" \/>\t\t\t\t\t\t\t\t\t\t\t\t\t\t\t<\/div>\n\t\t\t\t<\/div>\n\t\t\t\t\t<\/div>\n\t\t<\/div>\n\t\t\t\t<div class=\"elementor-column elementor-col-33 elementor-top-column elementor-element elementor-element-63804b7\" data-id=\"63804b7\" data-element_type=\"column\" data-e-type=\"column\">\n\t\t\t<div class=\"elementor-widget-wrap elementor-element-populated\">\n\t\t\t\t\t\t<div class=\"elementor-element elementor-element-37fdd4a elementor-widget elementor-widget-image\" data-id=\"37fdd4a\" data-element_type=\"widget\" data-e-type=\"widget\" data-widget_type=\"image.default\">\n\t\t\t\t<div class=\"elementor-widget-container\">\n\t\t\t\t\t\t\t\t\t\t\t\t\t\t\t<img decoding=\"async\" width=\"1080\" height=\"1095\" src=\"https:\/\/i0.wp.com\/www.alexisdegaribaldi.com\/wp-content\/uploads\/2022\/08\/Screenshot_20220526_134930.jpg?fit=1080%2C1095&amp;ssl=1\" class=\"attachment-full size-full wp-image-205\" alt=\"\" srcset=\"https:\/\/i0.wp.com\/www.alexisdegaribaldi.com\/wp-content\/uploads\/2022\/08\/Screenshot_20220526_134930.jpg?w=1080&amp;ssl=1 1080w, https:\/\/i0.wp.com\/www.alexisdegaribaldi.com\/wp-content\/uploads\/2022\/08\/Screenshot_20220526_134930.jpg?resize=600%2C608&amp;ssl=1 600w, https:\/\/i0.wp.com\/www.alexisdegaribaldi.com\/wp-content\/uploads\/2022\/08\/Screenshot_20220526_134930.jpg?resize=296%2C300&amp;ssl=1 296w, https:\/\/i0.wp.com\/www.alexisdegaribaldi.com\/wp-content\/uploads\/2022\/08\/Screenshot_20220526_134930.jpg?resize=1010%2C1024&amp;ssl=1 1010w, https:\/\/i0.wp.com\/www.alexisdegaribaldi.com\/wp-content\/uploads\/2022\/08\/Screenshot_20220526_134930.jpg?resize=768%2C779&amp;ssl=1 768w\" sizes=\"(max-width: 837px) 100vw, 837px\" \/>\t\t\t\t\t\t\t\t\t\t\t\t\t\t\t<\/div>\n\t\t\t\t<\/div>\n\t\t\t\t\t<\/div>\n\t\t<\/div>\n\t\t\t\t<div class=\"elementor-column elementor-col-33 elementor-top-column elementor-element elementor-element-5a184fb\" data-id=\"5a184fb\" data-element_type=\"column\" data-e-type=\"column\">\n\t\t\t<div class=\"elementor-widget-wrap elementor-element-populated\">\n\t\t\t\t\t\t<div class=\"elementor-element elementor-element-3191bf7 elementor-widget elementor-widget-image\" data-id=\"3191bf7\" data-element_type=\"widget\" data-e-type=\"widget\" data-widget_type=\"image.default\">\n\t\t\t\t<div class=\"elementor-widget-container\">\n\t\t\t\t\t\t\t\t\t\t\t\t\t\t\t<img decoding=\"async\" width=\"837\" height=\"781\" src=\"https:\/\/i0.wp.com\/www.alexisdegaribaldi.com\/wp-content\/uploads\/2022\/08\/Screenshot_20220422_174208.jpg?fit=837%2C781&amp;ssl=1\" class=\"attachment-large size-large wp-image-182\" alt=\"\" srcset=\"https:\/\/i0.wp.com\/www.alexisdegaribaldi.com\/wp-content\/uploads\/2022\/08\/Screenshot_20220422_174208.jpg?w=1062&amp;ssl=1 1062w, https:\/\/i0.wp.com\/www.alexisdegaribaldi.com\/wp-content\/uploads\/2022\/08\/Screenshot_20220422_174208.jpg?resize=600%2C559&amp;ssl=1 600w, https:\/\/i0.wp.com\/www.alexisdegaribaldi.com\/wp-content\/uploads\/2022\/08\/Screenshot_20220422_174208.jpg?resize=300%2C280&amp;ssl=1 300w, https:\/\/i0.wp.com\/www.alexisdegaribaldi.com\/wp-content\/uploads\/2022\/08\/Screenshot_20220422_174208.jpg?resize=1024%2C955&amp;ssl=1 1024w, https:\/\/i0.wp.com\/www.alexisdegaribaldi.com\/wp-content\/uploads\/2022\/08\/Screenshot_20220422_174208.jpg?resize=768%2C716&amp;ssl=1 768w\" sizes=\"(max-width: 837px) 100vw, 837px\" \/>\t\t\t\t\t\t\t\t\t\t\t\t\t\t\t<\/div>\n\t\t\t\t<\/div>\n\t\t\t\t\t<\/div>\n\t\t<\/div>\n\t\t\t\t\t<\/div>\n\t\t<\/section>\n\t\t<div class=\"elementor-element elementor-element-35c9500 e-flex e-con-boxed e-con e-parent\" data-id=\"35c9500\" data-element_type=\"container\" data-e-type=\"container\">\n\t\t\t\t\t<div class=\"e-con-inner\">\n\t\t\t\t<div class=\"elementor-element elementor-element-8fd7b6b elementor-widget elementor-widget-heading\" data-id=\"8fd7b6b\" data-element_type=\"widget\" data-e-type=\"widget\" data-widget_type=\"heading.default\">\n\t\t\t\t<div class=\"elementor-widget-container\">\n\t\t\t\t\t<h4 class=\"elementor-heading-title elementor-size-default\">Nos process en Abr\u00e9viation &amp; en Image<\/h4>\t\t\t\t<\/div>\n\t\t\t\t<\/div>\n\t\t\t\t\t<\/div>\n\t\t\t\t<\/div>\n\t\t\t\t<section class=\"elementor-section elementor-top-section elementor-element elementor-element-816914a elementor-section-boxed elementor-section-height-default elementor-section-height-default\" data-id=\"816914a\" data-element_type=\"section\" data-e-type=\"section\">\n\t\t\t\t\t\t<div class=\"elementor-container elementor-column-gap-default\">\n\t\t\t\t\t<div class=\"elementor-column elementor-col-100 elementor-top-column elementor-element elementor-element-c4ef48f\" data-id=\"c4ef48f\" data-element_type=\"column\" data-e-type=\"column\">\n\t\t\t<div class=\"elementor-widget-wrap elementor-element-populated\">\n\t\t\t\t\t\t<div class=\"elementor-element elementor-element-f2feea3 elementor-widget elementor-widget-video\" data-id=\"f2feea3\" data-element_type=\"widget\" data-e-type=\"widget\" data-settings=\"{&quot;youtube_url&quot;:&quot;https:\\\/\\\/youtube.com\\\/watch?v=m7L2HqFDkPU&amp;feature=share&quot;,&quot;autoplay&quot;:&quot;yes&quot;,&quot;play_on_mobile&quot;:&quot;yes&quot;,&quot;loop&quot;:&quot;yes&quot;,&quot;video_type&quot;:&quot;youtube&quot;,&quot;controls&quot;:&quot;yes&quot;}\" data-widget_type=\"video.default\">\n\t\t\t\t<div class=\"elementor-widget-container\">\n\t\t\t\t\t\t\t<div class=\"elementor-wrapper elementor-open-inline\">\n\t\t\t<div class=\"elementor-video\"><\/div>\t\t<\/div>\n\t\t\t\t\t\t<\/div>\n\t\t\t\t<\/div>\n\t\t\t\t\t<\/div>\n\t\t<\/div>\n\t\t\t\t\t<\/div>\n\t\t<\/section>\n\t\t<div class=\"elementor-element elementor-element-f8c1a87 e-flex e-con-boxed e-con e-parent\" data-id=\"f8c1a87\" data-element_type=\"container\" data-e-type=\"container\">\n\t\t\t\t\t<div class=\"e-con-inner\">\n\t\t\t\t<div class=\"elementor-element elementor-element-be56265 elementor-widget elementor-widget-heading\" data-id=\"be56265\" data-element_type=\"widget\" data-e-type=\"widget\" data-widget_type=\"heading.default\">\n\t\t\t\t<div class=\"elementor-widget-container\">\n\t\t\t\t\t<h4 class=\"elementor-heading-title elementor-size-default\">Nos process en toute transparence, expliqu\u00e9s<\/h4>\t\t\t\t<\/div>\n\t\t\t\t<\/div>\n\t\t\t\t\t<\/div>\n\t\t\t\t<\/div>\n\t\t\t\t<section class=\"elementor-section elementor-top-section elementor-element elementor-element-0c6e607 elementor-section-boxed elementor-section-height-default elementor-section-height-default\" data-id=\"0c6e607\" data-element_type=\"section\" data-e-type=\"section\">\n\t\t\t\t\t\t<div class=\"elementor-container elementor-column-gap-default\">\n\t\t\t\t\t<div class=\"elementor-column elementor-col-100 elementor-top-column elementor-element elementor-element-82e9fc5\" data-id=\"82e9fc5\" data-element_type=\"column\" data-e-type=\"column\">\n\t\t\t<div class=\"elementor-widget-wrap elementor-element-populated\">\n\t\t\t\t\t\t<div class=\"elementor-element elementor-element-d5cd62a elementor-widget elementor-widget-text-editor\" data-id=\"d5cd62a\" data-element_type=\"widget\" data-e-type=\"widget\" data-widget_type=\"text-editor.default\">\n\t\t\t\t<div class=\"elementor-widget-container\">\n\t\t\t\t\t\t\t\t\t<p>Codes et Protocoles , en fonctions\u00a0 de vos inconforts que vous avez permis d&rsquo;\u00e9tablir au pr\u00e9alable, dans <a href=\"https:\/\/www.alexisdegaribaldi.com\/index.php\/coaching\/etablir-votre-anamnese\/\">l&rsquo;Anamn\u00e8se.<\/a><\/p><p>BH\u00a0 \u00a0 \u00a0 \u00a0 \u00a0 \u00a0 \u00a0<span style=\"text-decoration: underline;\">\u00a0Bain d&rsquo;hypnose : <\/span>Fatigue \/ Troubles du Sommeil \/ Stress \/ Anxi\u00e9t\u00e9 \/ Maladies Lourdes \/ Vertiges \/ Palpitations<\/p><p>MR\u00a0 \u00a0 \u00a0 \u00a0 \u00a0 \u00a0 \u00a0<span style=\"text-decoration: underline;\">M\u00e9thode Rossi<\/span>\u00a0 : Ouvrir le champ des Possibles<\/p><p>AAR\u00a0 \u00a0 \u00a0 \u00a0 \u00a0 \u00a0<span style=\"text-decoration: underline;\">Auto Ancrage Ressource<\/span> : Pr\u00e9parer un \u00e9v\u00e8nement \/ Mobiliser des Ressources \/ Parler en Public<\/p><p>RS1M\u00a0 \u00a0 \u00a0 \u00a0<span style=\"text-decoration: underline;\"> R\u00e9gression, Soigner Une M\u00e9moire<\/span> : Quant un probl\u00e8me pr\u00e9sent \u00e0 une cause pass\u00e9<\/p><p>RH2B\u00a0 \u00a0 \u00a0 \u00a0 <span style=\"text-decoration: underline;\">Recadrage Hypnotique de Brandler<\/span> : Orienter l&rsquo;esprit vers une nouvelle comp\u00e9tence \/ sortir de d\u00e9pendance tel que Tabac , Alcool, Boulimie, TOC, Jalousie<\/p><p>NEP\u00a0 \u00a0 <span style=\"text-decoration: underline;\">N\u00e9gociation Entre Partie<\/span> : Conflit Int\u00e9rieur \/ Dilemme \/ Prise de D\u00e9cision \/ Fractionnement de Personnalit\u00e9 \/ R\u00e9associer 2 Parties<\/p><p>TP\/ FSD\u00a0 \u00a0<span style=\"text-decoration: underline;\">Technique du Pardon et Faire Son Deuil<\/span> : Conflit Polluant \/ Deuil ou Pardon n&rsquo;ayant pas Abouti \u00e0 Reconstruction\u00a0<\/p><p>DD\/ TP\u00a0 \u00a0 \u00a0<span style=\"text-decoration: underline;\">Double Dissociation\/ Traitement des Phobies<\/span> : A ce jour 6456 Phobies r\u00e9pertori\u00e9es \/ Traumatismes L\u00e9gers<\/p><p>DE\u00a0 \u00a0 \u00a0 \u00a0 \u00a0 \u00a0 \u00a0 \u00a0<span style=\"text-decoration: underline;\">Dig\u00e9rer l&rsquo;Emotion<\/span> (Inspir\u00e9\u00a0 M\u00e9thode Alpe ) : R\u00e9actions Emotionnelles Inconfortable<\/p><p>RHV\u00a0 \u00a0 \u00a0 \u00a0 \u00a0 <span style=\"text-decoration: underline;\">\u00a0Remod\u00e9lisation de l&rsquo;Histoire de Vie<\/span> : Probl\u00e8mes r\u00e9currents de cause Inconnue<\/p><p>TSPS\u00a0 \u00a0 \u00a0 \u00a0 \u00a0 <span style=\"text-decoration: underline;\">Trouver et Soigner sa Partie Sensible<\/span> : Trouver et soigner sa partie sensible<\/p><p>CITS\u00a0 \u00a0 \u00a0 \u00a0 \u00a0 <span style=\"text-decoration: underline;\">Critique Int\u00e9rieure et Transposition Symbolique<\/span> : D\u00e9valorisation Personnelle ( je me sens trop faible , je me sens trop nul, je me sens incapable, je n&rsquo;y arriverai pas, etc. )<\/p>\t\t\t\t\t\t\t\t<\/div>\n\t\t\t\t<\/div>\n\t\t\t\t\t<\/div>\n\t\t<\/div>\n\t\t\t\t\t<\/div>\n\t\t<\/section>\n\t\t\t\t<section class=\"elementor-section elementor-top-section elementor-element elementor-element-be339fd elementor-section-boxed elementor-section-height-default elementor-section-height-default\" data-id=\"be339fd\" data-element_type=\"section\" data-e-type=\"section\">\n\t\t\t\t\t\t<div class=\"elementor-container elementor-column-gap-default\">\n\t\t\t\t\t<div class=\"elementor-column elementor-col-100 elementor-top-column elementor-element elementor-element-736bb71\" data-id=\"736bb71\" data-element_type=\"column\" data-e-type=\"column\">\n\t\t\t<div class=\"elementor-widget-wrap elementor-element-populated\">\n\t\t\t\t\t\t<div class=\"elementor-element elementor-element-ed82fe4 elementor-widget elementor-widget-video\" data-id=\"ed82fe4\" data-element_type=\"widget\" data-e-type=\"widget\" data-settings=\"{&quot;youtube_url&quot;:&quot;https:\\\/\\\/youtu.be\\\/ksB80XYiYzI&quot;,&quot;video_type&quot;:&quot;youtube&quot;,&quot;controls&quot;:&quot;yes&quot;}\" data-widget_type=\"video.default\">\n\t\t\t\t<div class=\"elementor-widget-container\">\n\t\t\t\t\t\t\t<div class=\"elementor-wrapper elementor-open-inline\">\n\t\t\t<div class=\"elementor-video\"><\/div>\t\t<\/div>\n\t\t\t\t\t\t<\/div>\n\t\t\t\t<\/div>\n\t\t\t\t\t<\/div>\n\t\t<\/div>\n\t\t\t\t\t<\/div>\n\t\t<\/section>\n\t\t\t\t<\/div>\n\t\t","protected":false},"excerpt":{"rendered":"<p>Hypnose nos Secrets &amp; nos Process Chaque hypnoth\u00e9rapeute est pass\u00e9 par une formation comprenant \u00e0 minimum &#8211; le Technicien &#8211; le Praticien Chez Alexis de Garibaldi nous avons appris aupr\u00e8s de Hypno-sph\u00e8re, de l&rsquo;Arche, voir de Synapse Nous travaillons en supervision pour vous apporter la plus grande pr\u00e9cision de travail th\u00e9rapeutique. Nous travaillons avec des <a class=\"read-more\" href=\"https:\/\/www.alexisdegaribaldi.com\/index.php\/coach-therapies-breves-coaching\/coaching-3\/\">READ MORE<\/a><\/p>\n","protected":false},"author":1,"featured_media":0,"parent":28,"menu_order":0,"comment_status":"closed","ping_status":"closed","template":"","meta":{"_eb_attr":"","om_disable_all_campaigns":false,"_monsterinsights_skip_tracking":false,"_monsterinsights_sitenote_active":false,"_monsterinsights_sitenote_note":"","_monsterinsights_sitenote_category":0,"footnotes":""},"class_list":["post-317","page","type-page","status-publish","hentry"],"aioseo_notices":[],"jetpack_sharing_enabled":true,"_links":{"self":[{"href":"https:\/\/www.alexisdegaribaldi.com\/index.php\/wp-json\/wp\/v2\/pages\/317","targetHints":{"allow":["GET"]}}],"collection":[{"href":"https:\/\/www.alexisdegaribaldi.com\/index.php\/wp-json\/wp\/v2\/pages"}],"about":[{"href":"https:\/\/www.alexisdegaribaldi.com\/index.php\/wp-json\/wp\/v2\/types\/page"}],"author":[{"embeddable":true,"href":"https:\/\/www.alexisdegaribaldi.com\/index.php\/wp-json\/wp\/v2\/users\/1"}],"replies":[{"embeddable":true,"href":"https:\/\/www.alexisdegaribaldi.com\/index.php\/wp-json\/wp\/v2\/comments?post=317"}],"version-history":[{"count":81,"href":"https:\/\/www.alexisdegaribaldi.com\/index.php\/wp-json\/wp\/v2\/pages\/317\/revisions"}],"predecessor-version":[{"id":6859,"href":"https:\/\/www.alexisdegaribaldi.com\/index.php\/wp-json\/wp\/v2\/pages\/317\/revisions\/6859"}],"up":[{"embeddable":true,"href":"https:\/\/www.alexisdegaribaldi.com\/index.php\/wp-json\/wp\/v2\/pages\/28"}],"wp:attachment":[{"href":"https:\/\/www.alexisdegaribaldi.com\/index.php\/wp-json\/wp\/v2\/media?parent=317"}],"curies":[{"name":"wp","href":"https:\/\/api.w.org\/{rel}","templated":true}]}}