{"id":372,"date":"2022-08-27T23:36:57","date_gmt":"2022-08-27T21:36:57","guid":{"rendered":"https:\/\/www.alexisdegaribaldi.com\/?page_id=372"},"modified":"2025-05-27T19:36:55","modified_gmt":"2025-05-27T17:36:55","slug":"conduites-ecoresponsable-4phases-boite-robotisee","status":"publish","type":"page","link":"https:\/\/www.alexisdegaribaldi.com\/index.php\/consultant-france-europe-transport-qvct-digital-conduites\/conduites-ecoresponsable-4phases-boite-robotisee\/","title":{"rendered":"Conduite Pro The Best Secrets"},"content":{"rendered":"\t\t<div data-elementor-type=\"wp-page\" data-elementor-id=\"372\" class=\"elementor elementor-372\">\n\t\t\t\t<div class=\"elementor-element elementor-element-1d949c4 e-flex e-con-boxed e-con e-parent\" data-id=\"1d949c4\" data-element_type=\"container\" data-e-type=\"container\">\n\t\t\t\t\t<div class=\"e-con-inner\">\n\t\t\t\t<div class=\"elementor-element elementor-element-ed29687 elementor-widget elementor-widget-heading\" data-id=\"ed29687\" data-element_type=\"widget\" data-e-type=\"widget\" data-widget_type=\"heading.default\">\n\t\t\t\t<div class=\"elementor-widget-container\">\n\t\t\t\t\t<h1 class=\"elementor-heading-title elementor-size-default\">Conduite Pro Les Meilleurs Secrets<\/h1>\t\t\t\t<\/div>\n\t\t\t\t<\/div>\n\t\t\t\t\t<\/div>\n\t\t\t\t<\/div>\n\t\t<div class=\"elementor-element elementor-element-a4029fe e-flex e-con-boxed e-con e-parent\" data-id=\"a4029fe\" data-element_type=\"container\" data-e-type=\"container\">\n\t\t\t\t\t<div class=\"e-con-inner\">\n\t\t\t\t<div class=\"elementor-element elementor-element-0aaa75e elementor-widget elementor-widget-text-editor\" data-id=\"0aaa75e\" data-element_type=\"widget\" data-e-type=\"widget\" data-widget_type=\"text-editor.default\">\n\t\t\t\t<div class=\"elementor-widget-container\">\n\t\t\t\t\t\t\t\t\t<p>Une Conduite Pro c&rsquo;est quoi ? Allez venez on on parle&#8230;<\/p><p>Devenir l&rsquo;\u00e9lite ? A bon pour qui ? Pour quoi ? Parce que la s\u00e9curit\u00e9 et les \u00e9conomie sont le nerf guerre\u00a0<\/p><p>Et que <b>le stress concerne tout le monde<\/b>\u00a0<\/p><p>A qui cela s&rsquo;adresse ? A tout le monde y compris aux Directeur et aux enseignant de la Conduite.\u00a0<\/p><p>Tout le monde est concern\u00e9 que cela soit <b>en gestion, en planning, en logistique, et en Centre de Formation<\/b>s.<\/p><p><b>Une autre approche, une autre p\u00e9dagogie et des r\u00e9sultats imm\u00e9diat et significatifs<\/b><\/p>\t\t\t\t\t\t\t\t<\/div>\n\t\t\t\t<\/div>\n\t\t\t\t\t<\/div>\n\t\t\t\t<\/div>\n\t\t\t\t<section class=\"elementor-section elementor-top-section elementor-element elementor-element-b534d25 elementor-section-boxed elementor-section-height-default elementor-section-height-default\" data-id=\"b534d25\" data-element_type=\"section\" data-e-type=\"section\">\n\t\t\t\t\t\t<div class=\"elementor-container elementor-column-gap-default\">\n\t\t\t\t\t<div class=\"elementor-column elementor-col-100 elementor-top-column elementor-element elementor-element-87c7e64\" data-id=\"87c7e64\" data-element_type=\"column\" data-e-type=\"column\">\n\t\t\t<div class=\"elementor-widget-wrap elementor-element-populated\">\n\t\t\t\t\t\t<div class=\"elementor-element elementor-element-53efe90 elementor-align-center elementor-invisible elementor-widget elementor-widget-button\" data-id=\"53efe90\" data-element_type=\"widget\" data-e-type=\"widget\" data-settings=\"{&quot;_animation&quot;:&quot;shake&quot;}\" data-widget_type=\"button.default\">\n\t\t\t\t<div class=\"elementor-widget-container\">\n\t\t\t\t\t\t\t\t\t<div class=\"elementor-button-wrapper\">\n\t\t\t\t\t<a class=\"elementor-button elementor-button-link elementor-size-sm\" href=\"tel:+33645315702\">\n\t\t\t\t\t\t<span class=\"elementor-button-content-wrapper\">\n\t\t\t\t\t\t\t\t\t<span class=\"elementor-button-text\">Nous t\u00e9l\u00e9phoner Maintenant<\/span>\n\t\t\t\t\t<\/span>\n\t\t\t\t\t<\/a>\n\t\t\t\t<\/div>\n\t\t\t\t\t\t\t\t<\/div>\n\t\t\t\t<\/div>\n\t\t\t\t\t<\/div>\n\t\t<\/div>\n\t\t\t\t\t<\/div>\n\t\t<\/section>\n\t\t\t\t<section class=\"elementor-section elementor-top-section elementor-element elementor-element-f7a41d1 elementor-section-boxed elementor-section-height-default elementor-section-height-default\" data-id=\"f7a41d1\" data-element_type=\"section\" data-e-type=\"section\">\n\t\t\t\t\t\t<div class=\"elementor-container elementor-column-gap-default\">\n\t\t\t\t\t<div class=\"elementor-column elementor-col-100 elementor-top-column elementor-element elementor-element-a41ebb8\" data-id=\"a41ebb8\" data-element_type=\"column\" data-e-type=\"column\">\n\t\t\t<div class=\"elementor-widget-wrap elementor-element-populated\">\n\t\t\t\t\t\t<div class=\"elementor-element elementor-element-8d4340c elementor-align-center elementor-button-info elementor-widget elementor-widget-button\" data-id=\"8d4340c\" data-element_type=\"widget\" data-e-type=\"widget\" data-widget_type=\"button.default\">\n\t\t\t\t<div class=\"elementor-widget-container\">\n\t\t\t\t\t\t\t\t\t<div class=\"elementor-button-wrapper\">\n\t\t\t\t\t<a class=\"elementor-button elementor-button-link elementor-size-sm\" href=\"https:\/\/www.alexisdegaribaldi.com\/index.php\/product-category\/consulting\/conduites-perfectionnement-a-la\/\">\n\t\t\t\t\t\t<span class=\"elementor-button-content-wrapper\">\n\t\t\t\t\t\t\t\t\t<span class=\"elementor-button-text\">RESERVER votre COACHING CONDUITE<\/span>\n\t\t\t\t\t<\/span>\n\t\t\t\t\t<\/a>\n\t\t\t\t<\/div>\n\t\t\t\t\t\t\t\t<\/div>\n\t\t\t\t<\/div>\n\t\t\t\t\t<\/div>\n\t\t<\/div>\n\t\t\t\t\t<\/div>\n\t\t<\/section>\n\t\t\t\t<section class=\"elementor-section elementor-top-section elementor-element elementor-element-365a487 elementor-section-boxed elementor-section-height-default elementor-section-height-default\" data-id=\"365a487\" data-element_type=\"section\" data-e-type=\"section\">\n\t\t\t\t\t\t<div class=\"elementor-container elementor-column-gap-default\">\n\t\t\t\t\t<div class=\"elementor-column elementor-col-100 elementor-top-column elementor-element elementor-element-95ed21a\" data-id=\"95ed21a\" data-element_type=\"column\" data-e-type=\"column\">\n\t\t\t<div class=\"elementor-widget-wrap elementor-element-populated\">\n\t\t\t\t\t\t<div class=\"elementor-element elementor-element-da51fef elementor-widget elementor-widget-image\" data-id=\"da51fef\" data-element_type=\"widget\" data-e-type=\"widget\" data-widget_type=\"image.default\">\n\t\t\t\t<div class=\"elementor-widget-container\">\n\t\t\t\t\t\t\t\t\t\t\t\t\t\t\t<img fetchpriority=\"high\" decoding=\"async\" width=\"837\" height=\"805\" src=\"https:\/\/i0.wp.com\/www.alexisdegaribaldi.com\/wp-content\/uploads\/2022\/09\/humour-conduite.jpg?fit=837%2C805&amp;ssl=1\" class=\"attachment-large size-large wp-image-1474\" alt=\"\" srcset=\"https:\/\/i0.wp.com\/www.alexisdegaribaldi.com\/wp-content\/uploads\/2022\/09\/humour-conduite.jpg?w=1080&amp;ssl=1 1080w, https:\/\/i0.wp.com\/www.alexisdegaribaldi.com\/wp-content\/uploads\/2022\/09\/humour-conduite.jpg?resize=300%2C289&amp;ssl=1 300w, https:\/\/i0.wp.com\/www.alexisdegaribaldi.com\/wp-content\/uploads\/2022\/09\/humour-conduite.jpg?resize=1024%2C985&amp;ssl=1 1024w, https:\/\/i0.wp.com\/www.alexisdegaribaldi.com\/wp-content\/uploads\/2022\/09\/humour-conduite.jpg?resize=768%2C739&amp;ssl=1 768w, https:\/\/i0.wp.com\/www.alexisdegaribaldi.com\/wp-content\/uploads\/2022\/09\/humour-conduite.jpg?resize=600%2C577&amp;ssl=1 600w\" sizes=\"(max-width: 837px) 100vw, 837px\" \/>\t\t\t\t\t\t\t\t\t\t\t\t\t\t\t<\/div>\n\t\t\t\t<\/div>\n\t\t\t\t\t<\/div>\n\t\t<\/div>\n\t\t\t\t\t<\/div>\n\t\t<\/section>\n\t\t\t\t<section class=\"elementor-section elementor-top-section elementor-element elementor-element-f08c55b elementor-section-boxed elementor-section-height-default elementor-section-height-default\" data-id=\"f08c55b\" data-element_type=\"section\" data-e-type=\"section\">\n\t\t\t\t\t\t<div class=\"elementor-container elementor-column-gap-default\">\n\t\t\t\t\t<div class=\"elementor-column elementor-col-100 elementor-top-column elementor-element elementor-element-8764927\" data-id=\"8764927\" data-element_type=\"column\" data-e-type=\"column\">\n\t\t\t<div class=\"elementor-widget-wrap elementor-element-populated\">\n\t\t\t\t\t\t<div class=\"elementor-element elementor-element-7ec35c6 elementor-widget elementor-widget-heading\" data-id=\"7ec35c6\" data-element_type=\"widget\" data-e-type=\"widget\" data-widget_type=\"heading.default\">\n\t\t\t\t<div class=\"elementor-widget-container\">\n\t\t\t\t\t<h3 class=\"elementor-heading-title elementor-size-default\">Notre Vision, notre pratique<\/h3>\t\t\t\t<\/div>\n\t\t\t\t<\/div>\n\t\t\t\t\t<\/div>\n\t\t<\/div>\n\t\t\t\t\t<\/div>\n\t\t<\/section>\n\t\t<div class=\"elementor-element elementor-element-d361c3e e-flex e-con-boxed e-con e-parent\" data-id=\"d361c3e\" data-element_type=\"container\" data-e-type=\"container\">\n\t\t\t\t\t<div class=\"e-con-inner\">\n\t\t\t\t<div class=\"elementor-element elementor-element-a70b70c elementor-widget elementor-widget-heading\" data-id=\"a70b70c\" data-element_type=\"widget\" data-e-type=\"widget\" data-widget_type=\"heading.default\">\n\t\t\t\t<div class=\"elementor-widget-container\">\n\t\t\t\t\t<h2 class=\"elementor-heading-title elementor-size-default\">R\u00e9servez votre S\u00e9ance de Formation<\/h2>\t\t\t\t<\/div>\n\t\t\t\t<\/div>\n\t\t\t\t\t<\/div>\n\t\t\t\t<\/div>\n\t\t<div class=\"elementor-element elementor-element-87eea5b e-flex e-con-boxed e-con e-parent\" data-id=\"87eea5b\" data-element_type=\"container\" data-e-type=\"container\">\n\t\t\t\t\t<div class=\"e-con-inner\">\n\t\t\t\t<div class=\"elementor-element elementor-element-7bfe36c elementor-widget elementor-widget-heading\" data-id=\"7bfe36c\" data-element_type=\"widget\" data-e-type=\"widget\" data-widget_type=\"heading.default\">\n\t\t\t\t<div class=\"elementor-widget-container\">\n\t\t\t\t\t<h3 class=\"elementor-heading-title elementor-size-default\">Les Secrets de la 4 Phases<\/h3>\t\t\t\t<\/div>\n\t\t\t\t<\/div>\n\t\t\t\t\t<\/div>\n\t\t\t\t<\/div>\n\t\t\t\t<section class=\"elementor-section elementor-top-section elementor-element elementor-element-7a8cbd9 elementor-section-boxed elementor-section-height-default elementor-section-height-default\" data-id=\"7a8cbd9\" data-element_type=\"section\" data-e-type=\"section\">\n\t\t\t\t\t\t<div class=\"elementor-container elementor-column-gap-default\">\n\t\t\t\t\t<div class=\"elementor-column elementor-col-100 elementor-top-column elementor-element elementor-element-fc12996\" data-id=\"fc12996\" data-element_type=\"column\" data-e-type=\"column\">\n\t\t\t<div class=\"elementor-widget-wrap elementor-element-populated\">\n\t\t\t\t\t\t<div class=\"elementor-element elementor-element-68c8c84 elementor-widget elementor-widget-text-editor\" data-id=\"68c8c84\" data-element_type=\"widget\" data-e-type=\"widget\" data-widget_type=\"text-editor.default\">\n\t\t\t\t<div class=\"elementor-widget-container\">\n\t\t\t\t\t\t\t\t\t<p><em><u><b>Et si la conduite c&rsquo;\u00e9tait autre chose !<\/b><\/u><\/em><\/p><p><strong>Un \u00e9tat d&rsquo;esprit<\/strong>, m\u00eame pour entamer son trajet domicile travail.<\/p><ul><li style=\"list-style-type: none;\"><ul><li>Apr\u00e8s plus de 20 ans \u00e0 parcourir les routes de l&rsquo;Europe<\/li><li>Apr\u00e8s\u00a0 plus de 2,5 Millions de Kilom\u00e8tres parcourus, tous reliefs, toutes conditions climatiques<\/li><li>A conduire toutes sortes de camions, de v\u00e9hicules,<\/li><li>A m&rsquo;adapter, \u00e0 me perfectionner avec les derni\u00e8res innovations,<\/li><\/ul><\/li><\/ul><p><strong>Je mets mes comp\u00e9tences et mon exp\u00e9rience \u00e0 votre service<\/strong>.<\/p><p>Consid\u00e9rer et accepter les choses sous un autre angle en tant que conducteur.<\/p><p>Diff\u00e9remment de ce que l&rsquo;on vous a enseign\u00e9 et surtout, bien loin de ce que vous avez d\u00e9form\u00e9 et oubli\u00e9 apr\u00e8s plusieurs ann\u00e9es.<\/p><p>Et si par cons\u00e9quent on pouvait faire :<\/p><ul><li>Aussi vite<\/li><li>en mieux,<\/li><li>Sans dangers<\/li><li>sans commettre d&rsquo;infractions<\/li><\/ul><p><span style=\"text-decoration: underline;\">Que vous soyez n\u00e9anmoins en :<\/span><\/p><ul><li>Boite m\u00e9canique, boite automatique, boite s\u00e9quentielle, boite robotis\u00e9e, avec ou sans palettes au volant<\/li><li>Quelque soit votre v\u00e9hicule (diesel, essence, hybride, \u00e9lectrique)<\/li><li><span style=\"font-size: 14px; letter-spacing: 0px;\">Avec ou sans I&rsquo;Roll (d\u00e9senclenchement automatique de la BVR)<\/span><\/li><\/ul><p><strong>Voil\u00e0 10 ans que j&rsquo;enseigne<\/strong> la th\u00e9orie et surtout les conduites en\u00a0 FCO FIMO Titre Pro , dans les centres de formations, dans tout le sud de la France.<\/p><p>Avec une belle participation dans le Driver Development chez Volvo Trucks France,<\/p><p>Je suis le Cr\u00e9ateur <b><u>originel<\/u><\/b> de la <span style=\"text-decoration: underline;\"><strong>conduite en\u00a0 4 Phases .<\/strong><\/span><\/p><p>Sp\u00e9cialement con\u00e7ue pour le monde du transport et des formations rapides et performantes en conduite professionnelle,<\/p><p>Par cons\u00e9quent, je vous propose une formation qui vous permettra :<\/p><ol><li>De Vous faire gagner du temps,<\/li><li>Diminuer votre Stress,<\/li><li>Apprendre \u00e0 \u00eatre d\u00e9tendu en \u00e9tant extr\u00eamement alerte et vigilant,<\/li><li>A mieux g\u00e9rer et diminuer vos consommations,<\/li><li>A diminuer votre kilom\u00e9trage,\u00a0<\/li><li>Au final : Une diminution de vos charge d&rsquo;entretien\u00a0 \u00a0(et Ouiiiii \u00e7a passe par l\u00e0),<\/li><li>Une anticipation accrue<\/li><li>Une fluidit\u00e9 et une pr\u00e9cision sans commune mesure,<\/li><\/ol><p>La conduite autrement, c&rsquo;est possible que cela soit en Voiture, en Camion ou en Bus.<\/p><p><strong>Alors prenons le temps, de prendre le temps.<\/strong><\/p><p>A bient\u00f4t,<\/p><p>Cliquez en haut pour r\u00e9server votre place pour la prochaine session<\/p>\t\t\t\t\t\t\t\t<\/div>\n\t\t\t\t<\/div>\n\t\t\t\t\t<\/div>\n\t\t<\/div>\n\t\t\t\t\t<\/div>\n\t\t<\/section>\n\t\t<div class=\"elementor-element elementor-element-d70b5e6 e-flex e-con-boxed e-con e-parent\" data-id=\"d70b5e6\" data-element_type=\"container\" data-e-type=\"container\">\n\t\t\t\t\t<div class=\"e-con-inner\">\n\t\t\t\t<div class=\"elementor-element elementor-element-438de91 elementor-widget elementor-widget-heading\" data-id=\"438de91\" data-element_type=\"widget\" data-e-type=\"widget\" data-widget_type=\"heading.default\">\n\t\t\t\t<div class=\"elementor-widget-container\">\n\t\t\t\t\t<h4 class=\"elementor-heading-title elementor-size-default\">Quelques T\u00e9moignages pour \u00e9tayer ce que j'affirme tout haut<\/h4>\t\t\t\t<\/div>\n\t\t\t\t<\/div>\n\t\t\t\t\t<\/div>\n\t\t\t\t<\/div>\n\t\t\t\t<section class=\"elementor-section elementor-top-section elementor-element elementor-element-c749969 elementor-section-boxed elementor-section-height-default elementor-section-height-default\" data-id=\"c749969\" data-element_type=\"section\" data-e-type=\"section\">\n\t\t\t\t\t\t<div class=\"elementor-container elementor-column-gap-default\">\n\t\t\t\t\t<div class=\"elementor-column elementor-col-50 elementor-top-column elementor-element elementor-element-764a2f2\" data-id=\"764a2f2\" data-element_type=\"column\" data-e-type=\"column\">\n\t\t\t<div class=\"elementor-widget-wrap elementor-element-populated\">\n\t\t\t\t\t\t<div class=\"elementor-element elementor-element-56d2552 elementor-widget elementor-widget-video\" data-id=\"56d2552\" data-element_type=\"widget\" data-e-type=\"widget\" data-settings=\"{&quot;youtube_url&quot;:&quot;https:\\\/\\\/youtu.be\\\/ftSn1QBG77I&quot;,&quot;video_type&quot;:&quot;youtube&quot;,&quot;controls&quot;:&quot;yes&quot;}\" data-widget_type=\"video.default\">\n\t\t\t\t<div class=\"elementor-widget-container\">\n\t\t\t\t\t\t\t<div class=\"elementor-wrapper elementor-open-inline\">\n\t\t\t<div class=\"elementor-video\"><\/div>\t\t<\/div>\n\t\t\t\t\t\t<\/div>\n\t\t\t\t<\/div>\n\t\t\t\t\t<\/div>\n\t\t<\/div>\n\t\t\t\t<div class=\"elementor-column elementor-col-50 elementor-top-column elementor-element elementor-element-43b138c\" data-id=\"43b138c\" data-element_type=\"column\" data-e-type=\"column\">\n\t\t\t<div class=\"elementor-widget-wrap elementor-element-populated\">\n\t\t\t\t\t\t<div class=\"elementor-element elementor-element-c8a7428 elementor-widget elementor-widget-video\" data-id=\"c8a7428\" data-element_type=\"widget\" data-e-type=\"widget\" data-settings=\"{&quot;youtube_url&quot;:&quot;https:\\\/\\\/youtu.be\\\/x--f4-d-wkw?si=ZBTX5eKK3wVeAf_e&quot;,&quot;video_type&quot;:&quot;youtube&quot;,&quot;controls&quot;:&quot;yes&quot;}\" data-widget_type=\"video.default\">\n\t\t\t\t<div class=\"elementor-widget-container\">\n\t\t\t\t\t\t\t<div class=\"elementor-wrapper elementor-open-inline\">\n\t\t\t<div class=\"elementor-video\"><\/div>\t\t<\/div>\n\t\t\t\t\t\t<\/div>\n\t\t\t\t<\/div>\n\t\t\t\t\t<\/div>\n\t\t<\/div>\n\t\t\t\t\t<\/div>\n\t\t<\/section>\n\t\t\t\t<section class=\"elementor-section elementor-top-section elementor-element elementor-element-441488d elementor-section-boxed elementor-section-height-default elementor-section-height-default\" data-id=\"441488d\" data-element_type=\"section\" data-e-type=\"section\">\n\t\t\t\t\t\t<div class=\"elementor-container elementor-column-gap-default\">\n\t\t\t\t\t<div class=\"elementor-column elementor-col-50 elementor-top-column elementor-element elementor-element-f0fb68f\" data-id=\"f0fb68f\" data-element_type=\"column\" data-e-type=\"column\">\n\t\t\t<div class=\"elementor-widget-wrap elementor-element-populated\">\n\t\t\t\t\t\t<div class=\"elementor-element elementor-element-92f55a1 elementor-widget elementor-widget-video\" data-id=\"92f55a1\" data-element_type=\"widget\" data-e-type=\"widget\" data-settings=\"{&quot;youtube_url&quot;:&quot;https:\\\/\\\/youtu.be\\\/U3qCauitGOc?si=75Qv_HOq-n9EMaaC&quot;,&quot;video_type&quot;:&quot;youtube&quot;,&quot;controls&quot;:&quot;yes&quot;}\" data-widget_type=\"video.default\">\n\t\t\t\t<div class=\"elementor-widget-container\">\n\t\t\t\t\t\t\t<div class=\"elementor-wrapper elementor-open-inline\">\n\t\t\t<div class=\"elementor-video\"><\/div>\t\t<\/div>\n\t\t\t\t\t\t<\/div>\n\t\t\t\t<\/div>\n\t\t\t\t\t<\/div>\n\t\t<\/div>\n\t\t\t\t<div class=\"elementor-column elementor-col-50 elementor-top-column elementor-element elementor-element-5b36e6a\" data-id=\"5b36e6a\" data-element_type=\"column\" data-e-type=\"column\">\n\t\t\t<div class=\"elementor-widget-wrap elementor-element-populated\">\n\t\t\t\t\t\t<div class=\"elementor-element elementor-element-73f3cba elementor-widget elementor-widget-video\" data-id=\"73f3cba\" data-element_type=\"widget\" data-e-type=\"widget\" data-settings=\"{&quot;youtube_url&quot;:&quot;https:\\\/\\\/youtu.be\\\/060RlvjzGHk?si=hwaKyAVZvUsg1AHw&quot;,&quot;video_type&quot;:&quot;youtube&quot;,&quot;controls&quot;:&quot;yes&quot;}\" data-widget_type=\"video.default\">\n\t\t\t\t<div class=\"elementor-widget-container\">\n\t\t\t\t\t\t\t<div class=\"elementor-wrapper elementor-open-inline\">\n\t\t\t<div class=\"elementor-video\"><\/div>\t\t<\/div>\n\t\t\t\t\t\t<\/div>\n\t\t\t\t<\/div>\n\t\t\t\t\t<\/div>\n\t\t<\/div>\n\t\t\t\t\t<\/div>\n\t\t<\/section>\n\t\t<div class=\"elementor-element elementor-element-f2f6c75 e-flex e-con-boxed e-con e-parent\" data-id=\"f2f6c75\" data-element_type=\"container\" data-e-type=\"container\">\n\t\t\t\t\t<div class=\"e-con-inner\">\n\t\t\t\t<div class=\"elementor-element elementor-element-4fcb19e elementor-align-justify elementor-widget elementor-widget-button\" data-id=\"4fcb19e\" data-element_type=\"widget\" data-e-type=\"widget\" data-widget_type=\"button.default\">\n\t\t\t\t<div class=\"elementor-widget-container\">\n\t\t\t\t\t\t\t\t\t<div class=\"elementor-button-wrapper\">\n\t\t\t\t\t<a class=\"elementor-button elementor-button-link elementor-size-sm\" href=\"tel:+33645315702\">\n\t\t\t\t\t\t<span class=\"elementor-button-content-wrapper\">\n\t\t\t\t\t\t\t\t\t<span class=\"elementor-button-text\">Nous T\u00e9l\u00e9phoner et r\u00e9server une de nos formations en Conduite <\/span>\n\t\t\t\t\t<\/span>\n\t\t\t\t\t<\/a>\n\t\t\t\t<\/div>\n\t\t\t\t\t\t\t\t<\/div>\n\t\t\t\t<\/div>\n\t\t\t\t\t<\/div>\n\t\t\t\t<\/div>\n\t\t\t\t<\/div>\n\t\t","protected":false},"excerpt":{"rendered":"<p>Conduite Pro Les Meilleurs Secrets Une Conduite Pro c&rsquo;est quoi ? Allez venez on on parle&#8230; Devenir l&rsquo;\u00e9lite ? A bon pour qui ? Pour quoi ? Parce que la s\u00e9curit\u00e9 et les \u00e9conomie sont le nerf guerre\u00a0 Et que le stress concerne tout le monde\u00a0 A qui cela s&rsquo;adresse ? A tout le monde <a class=\"read-more\" href=\"https:\/\/www.alexisdegaribaldi.com\/index.php\/consultant-france-europe-transport-qvct-digital-conduites\/conduites-ecoresponsable-4phases-boite-robotisee\/\">READ MORE<\/a><\/p>\n","protected":false},"author":1,"featured_media":1831,"parent":525,"menu_order":0,"comment_status":"closed","ping_status":"closed","template":"","meta":{"_eb_attr":"","om_disable_all_campaigns":false,"_monsterinsights_skip_tracking":false,"_monsterinsights_sitenote_active":false,"_monsterinsights_sitenote_note":"","_monsterinsights_sitenote_category":0,"footnotes":""},"class_list":["post-372","page","type-page","status-publish","has-post-thumbnail","hentry"],"aioseo_notices":[],"jetpack_sharing_enabled":true,"_links":{"self":[{"href":"https:\/\/www.alexisdegaribaldi.com\/index.php\/wp-json\/wp\/v2\/pages\/372","targetHints":{"allow":["GET"]}}],"collection":[{"href":"https:\/\/www.alexisdegaribaldi.com\/index.php\/wp-json\/wp\/v2\/pages"}],"about":[{"href":"https:\/\/www.alexisdegaribaldi.com\/index.php\/wp-json\/wp\/v2\/types\/page"}],"author":[{"embeddable":true,"href":"https:\/\/www.alexisdegaribaldi.com\/index.php\/wp-json\/wp\/v2\/users\/1"}],"replies":[{"embeddable":true,"href":"https:\/\/www.alexisdegaribaldi.com\/index.php\/wp-json\/wp\/v2\/comments?post=372"}],"version-history":[{"count":92,"href":"https:\/\/www.alexisdegaribaldi.com\/index.php\/wp-json\/wp\/v2\/pages\/372\/revisions"}],"predecessor-version":[{"id":6772,"href":"https:\/\/www.alexisdegaribaldi.com\/index.php\/wp-json\/wp\/v2\/pages\/372\/revisions\/6772"}],"up":[{"embeddable":true,"href":"https:\/\/www.alexisdegaribaldi.com\/index.php\/wp-json\/wp\/v2\/pages\/525"}],"wp:featuredmedia":[{"embeddable":true,"href":"https:\/\/www.alexisdegaribaldi.com\/index.php\/wp-json\/wp\/v2\/media\/1831"}],"wp:attachment":[{"href":"https:\/\/www.alexisdegaribaldi.com\/index.php\/wp-json\/wp\/v2\/media?parent=372"}],"curies":[{"name":"wp","href":"https:\/\/api.w.org\/{rel}","templated":true}]}}