{"id":378,"date":"2022-08-27T23:38:10","date_gmt":"2022-08-27T21:38:10","guid":{"rendered":"https:\/\/www.alexisdegaribaldi.com\/?page_id=378"},"modified":"2025-05-27T16:59:29","modified_gmt":"2025-05-27T14:59:29","slug":"soins-bien-etre-access-bars-massages","status":"publish","type":"page","link":"https:\/\/www.alexisdegaribaldi.com\/index.php\/soins-bien-etre-access-bars-massages\/","title":{"rendered":"The Access Bars The Best Secrets Of"},"content":{"rendered":"\t\t<div data-elementor-type=\"wp-page\" data-elementor-id=\"378\" class=\"elementor elementor-378\">\n\t\t\t\t<div class=\"elementor-element elementor-element-f1a34c3 e-flex e-con-boxed e-con e-parent\" data-id=\"f1a34c3\" data-element_type=\"container\" data-e-type=\"container\">\n\t\t\t\t\t<div class=\"e-con-inner\">\n\t\t\t\t<div class=\"elementor-element elementor-element-bca1100 elementor-widget elementor-widget-heading\" data-id=\"bca1100\" data-element_type=\"widget\" data-e-type=\"widget\" data-widget_type=\"heading.default\">\n\t\t\t\t<div class=\"elementor-widget-container\">\n\t\t\t\t\t<h2 class=\"elementor-heading-title elementor-size-default\">Access Bars Les Meilleurs Secrets<\/h2>\t\t\t\t<\/div>\n\t\t\t\t<\/div>\n\t\t\t\t\t<\/div>\n\t\t\t\t<\/div>\n\t\t\t\t<section class=\"elementor-section elementor-top-section elementor-element elementor-element-f679fa4 elementor-section-boxed elementor-section-height-default elementor-section-height-default\" data-id=\"f679fa4\" data-element_type=\"section\" data-e-type=\"section\">\n\t\t\t\t\t\t<div class=\"elementor-container elementor-column-gap-default\">\n\t\t\t\t\t<div class=\"elementor-column elementor-col-100 elementor-top-column elementor-element elementor-element-386cdea\" data-id=\"386cdea\" data-element_type=\"column\" data-e-type=\"column\">\n\t\t\t<div class=\"elementor-widget-wrap elementor-element-populated\">\n\t\t\t\t\t\t<div class=\"elementor-element elementor-element-76e49b8 elementor-align-center elementor-invisible elementor-widget elementor-widget-button\" data-id=\"76e49b8\" data-element_type=\"widget\" data-e-type=\"widget\" data-settings=\"{&quot;_animation&quot;:&quot;shake&quot;}\" data-widget_type=\"button.default\">\n\t\t\t\t<div class=\"elementor-widget-container\">\n\t\t\t\t\t\t\t\t\t<div class=\"elementor-button-wrapper\">\n\t\t\t\t\t<a class=\"elementor-button elementor-button-link elementor-size-sm\" href=\"tel:+33645315702\">\n\t\t\t\t\t\t<span class=\"elementor-button-content-wrapper\">\n\t\t\t\t\t\t<span class=\"elementor-button-icon\">\n\t\t\t\t<svg aria-hidden=\"true\" class=\"e-font-icon-svg e-fas-phone-alt\" viewBox=\"0 0 512 512\" xmlns=\"http:\/\/www.w3.org\/2000\/svg\"><path d=\"M497.39 361.8l-112-48a24 24 0 0 0-28 6.9l-49.6 60.6A370.66 370.66 0 0 1 130.6 204.11l60.6-49.6a23.94 23.94 0 0 0 6.9-28l-48-112A24.16 24.16 0 0 0 122.6.61l-104 24A24 24 0 0 0 0 48c0 256.5 207.9 464 464 464a24 24 0 0 0 23.4-18.6l24-104a24.29 24.29 0 0 0-14.01-27.6z\"><\/path><\/svg>\t\t\t<\/span>\n\t\t\t\t\t\t\t\t\t<span class=\"elementor-button-text\">Nous t\u00e9l\u00e9phoner Maintenant<\/span>\n\t\t\t\t\t<\/span>\n\t\t\t\t\t<\/a>\n\t\t\t\t<\/div>\n\t\t\t\t\t\t\t\t<\/div>\n\t\t\t\t<\/div>\n\t\t\t\t\t<\/div>\n\t\t<\/div>\n\t\t\t\t\t<\/div>\n\t\t<\/section>\n\t\t\t\t<section class=\"elementor-section elementor-top-section elementor-element elementor-element-8ba4652 elementor-section-boxed elementor-section-height-default elementor-section-height-default\" data-id=\"8ba4652\" data-element_type=\"section\" data-e-type=\"section\">\n\t\t\t\t\t\t<div class=\"elementor-container elementor-column-gap-default\">\n\t\t\t\t\t<div class=\"elementor-column elementor-col-100 elementor-top-column elementor-element elementor-element-34a135b\" data-id=\"34a135b\" data-element_type=\"column\" data-e-type=\"column\">\n\t\t\t<div class=\"elementor-widget-wrap elementor-element-populated\">\n\t\t\t\t\t\t<div class=\"elementor-element elementor-element-73a86a9 elementor-align-center elementor-widget elementor-widget-button\" data-id=\"73a86a9\" data-element_type=\"widget\" data-e-type=\"widget\" data-widget_type=\"button.default\">\n\t\t\t\t<div class=\"elementor-widget-container\">\n\t\t\t\t\t\t\t\t\t<div class=\"elementor-button-wrapper\">\n\t\t\t\t\t<a class=\"elementor-button elementor-button-link elementor-size-sm\" href=\"https:\/\/www.alexisdegaribaldi.com\/index.php\/product-category\/soins-et-bien-etre\/acces-bar\/\">\n\t\t\t\t\t\t<span class=\"elementor-button-content-wrapper\">\n\t\t\t\t\t\t\t\t\t<span class=\"elementor-button-text\">Acheter une ou plusieurs s\u00e9ances<\/span>\n\t\t\t\t\t<\/span>\n\t\t\t\t\t<\/a>\n\t\t\t\t<\/div>\n\t\t\t\t\t\t\t\t<\/div>\n\t\t\t\t<\/div>\n\t\t\t\t\t<\/div>\n\t\t<\/div>\n\t\t\t\t\t<\/div>\n\t\t<\/section>\n\t\t<div class=\"elementor-element elementor-element-d1b0464 e-flex e-con-boxed e-con e-parent\" data-id=\"d1b0464\" data-element_type=\"container\" data-e-type=\"container\">\n\t\t\t\t\t<div class=\"e-con-inner\">\n\t\t\t\t<div class=\"elementor-element elementor-element-7b22da4 elementor-widget elementor-widget-heading\" data-id=\"7b22da4\" data-element_type=\"widget\" data-e-type=\"widget\" data-widget_type=\"heading.default\">\n\t\t\t\t<div class=\"elementor-widget-container\">\n\t\t\t\t\t<h3 class=\"elementor-heading-title elementor-size-default\">Se rencontrer et Agir avec une s\u00e9ance<\/h3>\t\t\t\t<\/div>\n\t\t\t\t<\/div>\n\t\t\t\t\t<\/div>\n\t\t\t\t<\/div>\n\t\t\t\t<section class=\"elementor-section elementor-top-section elementor-element elementor-element-7adda297 elementor-section-boxed elementor-section-height-default elementor-section-height-default\" data-id=\"7adda297\" data-element_type=\"section\" data-e-type=\"section\">\n\t\t\t\t\t\t<div class=\"elementor-container elementor-column-gap-default\">\n\t\t\t\t\t<div class=\"elementor-column elementor-col-100 elementor-top-column elementor-element elementor-element-5751299f\" data-id=\"5751299f\" data-element_type=\"column\" data-e-type=\"column\">\n\t\t\t<div class=\"elementor-widget-wrap elementor-element-populated\">\n\t\t\t\t\t\t<div class=\"elementor-element elementor-element-489daab elementor-align-center elementor-button-info elementor-invisible elementor-widget elementor-widget-button\" data-id=\"489daab\" data-element_type=\"widget\" data-e-type=\"widget\" data-settings=\"{&quot;_animation&quot;:&quot;swing&quot;}\" data-widget_type=\"button.default\">\n\t\t\t\t<div class=\"elementor-widget-container\">\n\t\t\t\t\t\t\t\t\t<div class=\"elementor-button-wrapper\">\n\t\t\t\t\t<a class=\"elementor-button elementor-button-link elementor-size-sm\" href=\"https:\/\/www.alexisdegaribaldi.com\/index.php\/poser-the-best-of-rdv\/\">\n\t\t\t\t\t\t<span class=\"elementor-button-content-wrapper\">\n\t\t\t\t\t\t\t\t\t<span class=\"elementor-button-text\">R\u00e9server une S\u00e9ance avec nous<\/span>\n\t\t\t\t\t<\/span>\n\t\t\t\t\t<\/a>\n\t\t\t\t<\/div>\n\t\t\t\t\t\t\t\t<\/div>\n\t\t\t\t<\/div>\n\t\t\t\t<div class=\"elementor-element elementor-element-5bba589b elementor-widget__width-initial elementor-widget elementor-widget-text-editor\" data-id=\"5bba589b\" data-element_type=\"widget\" data-e-type=\"widget\" data-widget_type=\"text-editor.default\">\n\t\t\t\t<div class=\"elementor-widget-container\">\n\t\t\t\t\t\t\t\t\t<p>Et si on envisageait les choses autrement, un soin \u00e9nerg\u00e9tique o\u00f9 ton corps se transforme de lui m\u00eame. Seul &#8230;cela n&rsquo;est pas un massage mais bien plus que du bien \u00eatre.<\/p>\n<p>&nbsp; &nbsp; &nbsp; &nbsp; &nbsp; &nbsp; &nbsp; &nbsp;<b> 1 h 00 pour ton corps et toi, allong\u00e9 sans aucun effort, juste \u00e0 profiter<\/b><\/p>\n<p><u>En r\u00e9\u00e9quilibrant tes propres polarit\u00e9s, tu vas pouvoir gagner :<\/u><\/p>\n<p>* Un moment rien que pour toi, un l\u00e9ger passage vers un \u00e9tat modifi\u00e9 de conscience, pour te r\u00e9-encoder.<\/p>\n<p><span style=\"font-size: 16px; background-color: transparent; color: var( --e-global-color-text ); font-weight: var( --e-global-typography-primary-font-weight ); letter-spacing: 0px;\">* Enlever des tocs, laisser partir tes id\u00e9es et croyances limitantes<\/span><\/p>\n<p><span style=\"font-size: 16px; background-color: transparent; color: var( --e-global-color-text ); font-weight: var( --e-global-typography-primary-font-weight ); letter-spacing: 0px;\">*<\/span><span style=\"font-size: 16px; background-color: transparent; color: var( --e-global-color-text ); font-weight: var( --e-global-typography-primary-font-weight ); letter-spacing: 0px;\">&nbsp;Passer \u00e0 la pleine conscience<\/span><\/p>\n<p><u><span style=\"font-size: 16px; background-color: transparent; color: var( --e-global-color-text ); font-weight: var( --e-global-typography-primary-font-weight ); letter-spacing: 0px;\">Par cons\u00e9quent, posez vous juste&nbsp;<\/span><span style=\"background-color: transparent; color: var( --e-global-color-text ); font-size: 16px; font-weight: var( --e-global-typography-primary-font-weight ); letter-spacing: 0px;\">cette question :<\/span><\/u><\/p>\n<p><b>Que puis-je \u00eatre et faire de diff\u00e9rent aujourd&rsquo;hui qui changerait toutes les r\u00e9alit\u00e9s imm\u00e9diatement ?<\/b><\/p>\n<p>Vous verrez que tout commence effectivement par une vrai question.<\/p>\n<p>Du diff\u00e9rent, pour se mettre aussi en mouvement vers une autre vision de vie, \u00eatre en&nbsp;<\/p>\n<p>E MOVARE<\/p>\n<p><u style=\"font-family: inherit; font-style: inherit; background-color: transparent; font-weight: var( --e-global-typography-primary-font-weight ); letter-spacing: 0px;\"><br><\/u><\/p>\n<p><u style=\"font-family: inherit; font-style: inherit; background-color: transparent; font-weight: var( --e-global-typography-primary-font-weight ); letter-spacing: 0px;\">Dans ce soin on vous y apprendra aussi :<\/u><br><\/p>\n<p><br><\/p>\n<p>* Le mantra d&rsquo;Access Consciousness<\/p>\n<p>* La formule de d\u00e9blayage&nbsp;<\/p>\n<p><u>Et d&rsquo;autres Outils d&rsquo;Access tels que :<\/u><\/p>\n<p><b>*Comment \u00e7a devient encore mieux que \u00e7a ?&nbsp;<\/b><\/p>\n<p><b>*Cesse de te juger<\/b><\/p>\n<p><b>* Le l\u00e9ger \/ Lourd ,<\/b><\/p>\n<p><b>* La phrase insens\u00e9e,&nbsp;<\/b><\/p>\n<p><b>* <\/b><b style=\"font-family: inherit; font-style: inherit; background-color: transparent; color: var( --e-global-color-text ); letter-spacing: 0px;\">A qui \u00e7a appartient ?<\/b><\/p>\n<p><b style=\"font-family: inherit; font-style: inherit; background-color: transparent; color: var( --e-global-color-text ); letter-spacing: 0px;\">* Les BHCEEMCs, Jail et E=MC2, Exercices du Thimus,&nbsp;<\/b><\/p>\n<p><b style=\"font-family: inherit; font-style: inherit; background-color: transparent; color: var( --e-global-color-text ); letter-spacing: 0px;\">* Sortie de sc\u00e8ne cot\u00e9 Jardin<\/b><\/p>\n<p>* <b>Les syst\u00e8mes s\u00e9quentiels triplements rabattus<\/b>,&nbsp;<\/p>\n<p>Bref, un tr\u00e8s beau cocktail car pour \u00eatre honn\u00eate :<\/p>\n<p><u>Les Access Bars agissent sur :<\/u>&nbsp;<\/p>\n<p><b>La Bande de Pouvoir, Bande d&rsquo;Implants, L&rsquo;Argent, Le Contr\u00f4le<\/b>&nbsp;<\/p>\n<p><b>La Cr\u00e9ativit\u00e9, les Connexions et les Formes de Vie, Le Vieillissement,<\/b>&nbsp;<\/p>\n<p><b>Espoirs et R\u00eaves, Forme et Structure, Conscience, Barre Passerelle, Tristesse et Joie<\/b><\/p>\n<p><b>Gu\u00e9rison, Corps et Sexualit\u00e9, Gentillesse, Gratitude, Paix et Calme, Communication<\/b><\/p>\n<p><b>Temps et Espace, R\u00e9activation et Re-Cr\u00e9ation, Restructuration des Corps<\/b><\/p>\n<p><b>Cercle de&nbsp; Manifestation, Tunnel du Temps et de l&rsquo;Espace, Couronne de Mistar<\/b><\/p>\n<p><b>Voila ce qu&rsquo;est Access Bars et on a besoin d &lsquo; 1 Heure au moins&nbsp;<\/b><\/p>\n<p><u>Alors que vas tu choisir ?<\/u><\/p>\n<p><b>Quelle contribution vas tu \u00eatre aujourd&rsquo;hui pour ton corps et toi ?<\/b><\/p>\n<p><b>A bient\u00f4t<\/b><\/p>\n<p><b>A2G<\/b><\/p>\n<p><!-- \/wp:paragraph --><\/p>\t\t\t\t\t\t\t\t<\/div>\n\t\t\t\t<\/div>\n\t\t\t\t\t<\/div>\n\t\t<\/div>\n\t\t\t\t\t<\/div>\n\t\t<\/section>\n\t\t<div class=\"elementor-element elementor-element-0b76842 e-flex e-con-boxed e-con e-parent\" data-id=\"0b76842\" data-element_type=\"container\" data-e-type=\"container\">\n\t\t\t\t\t<div class=\"e-con-inner\">\n\t\t\t\t<div class=\"elementor-element elementor-element-b5cd766 elementor-align-justify elementor-widget elementor-widget-button\" data-id=\"b5cd766\" data-element_type=\"widget\" data-e-type=\"widget\" data-widget_type=\"button.default\">\n\t\t\t\t<div class=\"elementor-widget-container\">\n\t\t\t\t\t\t\t\t\t<div class=\"elementor-button-wrapper\">\n\t\t\t\t\t<a class=\"elementor-button elementor-button-link elementor-size-sm\" href=\"https:\/\/www.alexisdegaribaldi.com\/index.php\/poser-the-best-of-rdv\/\">\n\t\t\t\t\t\t<span class=\"elementor-button-content-wrapper\">\n\t\t\t\t\t\t\t\t\t<span class=\"elementor-button-text\">Prendre un Rendez - Vous <\/span>\n\t\t\t\t\t<\/span>\n\t\t\t\t\t<\/a>\n\t\t\t\t<\/div>\n\t\t\t\t\t\t\t\t<\/div>\n\t\t\t\t<\/div>\n\t\t\t\t\t<\/div>\n\t\t\t\t<\/div>\n\t\t\t\t<section class=\"elementor-section elementor-top-section elementor-element elementor-element-33154d8 elementor-section-boxed elementor-section-height-default elementor-section-height-default\" data-id=\"33154d8\" data-element_type=\"section\" data-e-type=\"section\">\n\t\t\t\t\t\t<div class=\"elementor-container elementor-column-gap-default\">\n\t\t\t\t\t<div class=\"elementor-column elementor-col-33 elementor-top-column elementor-element elementor-element-a012e62\" data-id=\"a012e62\" data-element_type=\"column\" data-e-type=\"column\">\n\t\t\t<div class=\"elementor-widget-wrap elementor-element-populated\">\n\t\t\t\t\t\t<div class=\"elementor-element elementor-element-bf8374c elementor-widget elementor-widget-image\" data-id=\"bf8374c\" data-element_type=\"widget\" data-e-type=\"widget\" data-widget_type=\"image.default\">\n\t\t\t\t<div class=\"elementor-widget-container\">\n\t\t\t\t\t\t\t\t\t\t\t\t\t\t\t<img decoding=\"async\" width=\"234\" height=\"180\" src=\"https:\/\/i0.wp.com\/www.alexisdegaribaldi.com\/wp-content\/uploads\/2022\/08\/access-bars-02.jpg?fit=234%2C180&amp;ssl=1\" class=\"attachment-large size-large wp-image-549\" alt=\"Access Bars\" \/>\t\t\t\t\t\t\t\t\t\t\t\t\t\t\t<\/div>\n\t\t\t\t<\/div>\n\t\t\t\t\t<\/div>\n\t\t<\/div>\n\t\t\t\t<div class=\"elementor-column elementor-col-33 elementor-top-column elementor-element elementor-element-d4ac97e\" data-id=\"d4ac97e\" data-element_type=\"column\" data-e-type=\"column\">\n\t\t\t<div class=\"elementor-widget-wrap elementor-element-populated\">\n\t\t\t\t\t\t<div class=\"elementor-element elementor-element-d794cad elementor-widget elementor-widget-image\" data-id=\"d794cad\" data-element_type=\"widget\" data-e-type=\"widget\" data-widget_type=\"image.default\">\n\t\t\t\t<div class=\"elementor-widget-container\">\n\t\t\t\t\t\t\t\t\t\t\t\t\t\t\t<img decoding=\"async\" width=\"271\" height=\"180\" src=\"https:\/\/i0.wp.com\/www.alexisdegaribaldi.com\/wp-content\/uploads\/2022\/08\/access-bars01.jpg?fit=271%2C180&amp;ssl=1\" class=\"attachment-large size-large wp-image-548\" alt=\"Access Bars\" \/>\t\t\t\t\t\t\t\t\t\t\t\t\t\t\t<\/div>\n\t\t\t\t<\/div>\n\t\t\t\t\t<\/div>\n\t\t<\/div>\n\t\t\t\t<div class=\"elementor-column elementor-col-33 elementor-top-column elementor-element elementor-element-7a57271\" data-id=\"7a57271\" data-element_type=\"column\" data-e-type=\"column\">\n\t\t\t<div class=\"elementor-widget-wrap elementor-element-populated\">\n\t\t\t\t\t\t<div class=\"elementor-element elementor-element-ae139a9 elementor-widget elementor-widget-image\" data-id=\"ae139a9\" data-element_type=\"widget\" data-e-type=\"widget\" data-widget_type=\"image.default\">\n\t\t\t\t<div class=\"elementor-widget-container\">\n\t\t\t\t\t\t\t\t\t\t\t\t\t\t\t<img decoding=\"async\" width=\"273\" height=\"180\" src=\"https:\/\/i0.wp.com\/www.alexisdegaribaldi.com\/wp-content\/uploads\/2022\/08\/access-bars03.jpg?fit=273%2C180&amp;ssl=1\" class=\"attachment-large size-large wp-image-550\" alt=\"Access Bars massages bien \u00eatre\" \/>\t\t\t\t\t\t\t\t\t\t\t\t\t\t\t<\/div>\n\t\t\t\t<\/div>\n\t\t\t\t\t<\/div>\n\t\t<\/div>\n\t\t\t\t\t<\/div>\n\t\t<\/section>\n\t\t\t\t<\/div>\n\t\t","protected":false},"excerpt":{"rendered":"<p>Access Bars Les Meilleurs Secrets Nous t\u00e9l\u00e9phoner Maintenant Acheter une ou plusieurs s\u00e9ances Se rencontrer et Agir avec une s\u00e9ance R\u00e9server une S\u00e9ance avec nous Et si on envisageait les choses autrement, un soin \u00e9nerg\u00e9tique o\u00f9 ton corps se transforme de lui m\u00eame. Seul &#8230;cela n&rsquo;est pas un massage mais bien plus que du bien <a class=\"read-more\" href=\"https:\/\/www.alexisdegaribaldi.com\/index.php\/soins-bien-etre-access-bars-massages\/\">READ MORE<\/a><\/p>\n","protected":false},"author":1,"featured_media":550,"parent":0,"menu_order":0,"comment_status":"closed","ping_status":"closed","template":"","meta":{"_eb_attr":"","om_disable_all_campaigns":false,"_monsterinsights_skip_tracking":false,"_monsterinsights_sitenote_active":false,"_monsterinsights_sitenote_note":"","_monsterinsights_sitenote_category":0,"footnotes":""},"class_list":["post-378","page","type-page","status-publish","has-post-thumbnail","hentry"],"aioseo_notices":[],"jetpack_sharing_enabled":true,"_links":{"self":[{"href":"https:\/\/www.alexisdegaribaldi.com\/index.php\/wp-json\/wp\/v2\/pages\/378","targetHints":{"allow":["GET"]}}],"collection":[{"href":"https:\/\/www.alexisdegaribaldi.com\/index.php\/wp-json\/wp\/v2\/pages"}],"about":[{"href":"https:\/\/www.alexisdegaribaldi.com\/index.php\/wp-json\/wp\/v2\/types\/page"}],"author":[{"embeddable":true,"href":"https:\/\/www.alexisdegaribaldi.com\/index.php\/wp-json\/wp\/v2\/users\/1"}],"replies":[{"embeddable":true,"href":"https:\/\/www.alexisdegaribaldi.com\/index.php\/wp-json\/wp\/v2\/comments?post=378"}],"version-history":[{"count":144,"href":"https:\/\/www.alexisdegaribaldi.com\/index.php\/wp-json\/wp\/v2\/pages\/378\/revisions"}],"predecessor-version":[{"id":6736,"href":"https:\/\/www.alexisdegaribaldi.com\/index.php\/wp-json\/wp\/v2\/pages\/378\/revisions\/6736"}],"wp:featuredmedia":[{"embeddable":true,"href":"https:\/\/www.alexisdegaribaldi.com\/index.php\/wp-json\/wp\/v2\/media\/550"}],"wp:attachment":[{"href":"https:\/\/www.alexisdegaribaldi.com\/index.php\/wp-json\/wp\/v2\/media?parent=378"}],"curies":[{"name":"wp","href":"https:\/\/api.w.org\/{rel}","templated":true}]}}