{"id":388,"date":"2022-08-27T23:41:12","date_gmt":"2022-08-27T21:41:12","guid":{"rendered":"https:\/\/www.alexisdegaribaldi.com\/?page_id=388"},"modified":"2025-06-07T17:46:59","modified_gmt":"2025-06-07T15:46:59","slug":"coaching-sportif","status":"publish","type":"page","link":"https:\/\/www.alexisdegaribaldi.com\/index.php\/coach-therapies-breves-coaching\/coaching-sportif\/","title":{"rendered":"Coaching Sportif The Best Secrets"},"content":{"rendered":"\t\t<div data-elementor-type=\"wp-page\" data-elementor-id=\"388\" class=\"elementor elementor-388\">\n\t\t\t\t<div class=\"elementor-element elementor-element-a75c62f e-flex e-con-boxed e-con e-parent\" data-id=\"a75c62f\" data-element_type=\"container\" data-e-type=\"container\">\n\t\t\t\t\t<div class=\"e-con-inner\">\n\t\t\t\t<div class=\"elementor-element elementor-element-f6e1bc7 elementor-widget elementor-widget-heading\" data-id=\"f6e1bc7\" data-element_type=\"widget\" data-e-type=\"widget\" data-widget_type=\"heading.default\">\n\t\t\t\t<div class=\"elementor-widget-container\">\n\t\t\t\t\t<h2 class=\"elementor-heading-title elementor-size-default\">Coaching Sportif les Meilleurs secrets <\/h2>\t\t\t\t<\/div>\n\t\t\t\t<\/div>\n\t\t\t\t\t<\/div>\n\t\t\t\t<\/div>\n\t\t<div class=\"elementor-element elementor-element-c66536b e-flex e-con-boxed e-con e-parent\" data-id=\"c66536b\" data-element_type=\"container\" data-e-type=\"container\">\n\t\t\t\t\t<div class=\"e-con-inner\">\n\t\t\t\t<div class=\"elementor-element elementor-element-a830f40 elementor-widget elementor-widget-text-editor\" data-id=\"a830f40\" data-element_type=\"widget\" data-e-type=\"widget\" data-widget_type=\"text-editor.default\">\n\t\t\t\t<div class=\"elementor-widget-container\">\n\t\t\t\t\t\t\t\t\t<p>Entamer un <b>Coaching sportif<\/b> est une tr\u00e8s belle initiative, n\u00e9amoins pour <b>qu&rsquo;elle soit efficace dans le temps elle a besoin d&rsquo;\u00eatre organis\u00e9e avec minutie.<\/b><\/p><p><b>Nous allons tout mettre en oeuvre <\/b>avec nos exp\u00e9rience et notre \u00e9quipe pour <b>vous permettre d&rsquo;aller bien au del\u00e0 de vos esp\u00e9rance\u00a0<\/b><\/p><p>Un peu plus bas vous pourrez entrevoir sur quoi nous allons travailler pour vous.<\/p><p>A bient\u00f4t\u00a0<\/p><p>A2G<\/p>\t\t\t\t\t\t\t\t<\/div>\n\t\t\t\t<\/div>\n\t\t\t\t\t<\/div>\n\t\t\t\t<\/div>\n\t\t<div class=\"elementor-element elementor-element-27ec7dc e-flex e-con-boxed e-con e-parent\" data-id=\"27ec7dc\" data-element_type=\"container\" data-e-type=\"container\">\n\t\t\t\t\t<div class=\"e-con-inner\">\n\t\t\t\t<div class=\"elementor-element elementor-element-71328d6 elementor-widget elementor-widget-heading\" data-id=\"71328d6\" data-element_type=\"widget\" data-e-type=\"widget\" data-widget_type=\"heading.default\">\n\t\t\t\t<div class=\"elementor-widget-container\">\n\t\t\t\t\t<h4 class=\"elementor-heading-title elementor-size-default\">Nous Contacter<\/h4>\t\t\t\t<\/div>\n\t\t\t\t<\/div>\n\t\t\t\t\t<\/div>\n\t\t\t\t<\/div>\n\t\t<div class=\"elementor-element elementor-element-39bcd95 e-flex e-con-boxed e-con e-parent\" data-id=\"39bcd95\" data-element_type=\"container\" data-e-type=\"container\">\n\t\t\t\t\t<div class=\"e-con-inner\">\n\t\t\t\t<div class=\"elementor-element elementor-element-1fba6c6 elementor-align-center elementor-invisible elementor-widget elementor-widget-button\" data-id=\"1fba6c6\" data-element_type=\"widget\" data-e-type=\"widget\" data-settings=\"{&quot;_animation&quot;:&quot;shake&quot;}\" data-widget_type=\"button.default\">\n\t\t\t\t<div class=\"elementor-widget-container\">\n\t\t\t\t\t\t\t\t\t<div class=\"elementor-button-wrapper\">\n\t\t\t\t\t<a class=\"elementor-button elementor-button-link elementor-size-sm\" href=\"tel:+33645315702\">\n\t\t\t\t\t\t<span class=\"elementor-button-content-wrapper\">\n\t\t\t\t\t\t<span class=\"elementor-button-icon\">\n\t\t\t\t<svg aria-hidden=\"true\" class=\"e-font-icon-svg e-fas-phone-alt\" viewBox=\"0 0 512 512\" xmlns=\"http:\/\/www.w3.org\/2000\/svg\"><path d=\"M497.39 361.8l-112-48a24 24 0 0 0-28 6.9l-49.6 60.6A370.66 370.66 0 0 1 130.6 204.11l60.6-49.6a23.94 23.94 0 0 0 6.9-28l-48-112A24.16 24.16 0 0 0 122.6.61l-104 24A24 24 0 0 0 0 48c0 256.5 207.9 464 464 464a24 24 0 0 0 23.4-18.6l24-104a24.29 24.29 0 0 0-14.01-27.6z\"><\/path><\/svg>\t\t\t<\/span>\n\t\t\t\t\t\t\t\t\t<span class=\"elementor-button-text\">Nous  T\u00e9l\u00e9phoner Maintenant<\/span>\n\t\t\t\t\t<\/span>\n\t\t\t\t\t<\/a>\n\t\t\t\t<\/div>\n\t\t\t\t\t\t\t\t<\/div>\n\t\t\t\t<\/div>\n\t\t\t\t\t<\/div>\n\t\t\t\t<\/div>\n\t\t<div class=\"elementor-element elementor-element-82c6d4a e-flex e-con-boxed e-con e-parent\" data-id=\"82c6d4a\" data-element_type=\"container\" data-e-type=\"container\">\n\t\t\t\t\t<div class=\"e-con-inner\">\n\t\t\t\t<div class=\"elementor-element elementor-element-3840c52 elementor-widget elementor-widget-heading\" data-id=\"3840c52\" data-element_type=\"widget\" data-e-type=\"widget\" data-widget_type=\"heading.default\">\n\t\t\t\t<div class=\"elementor-widget-container\">\n\t\t\t\t\t<h3 class=\"elementor-heading-title elementor-size-default\">Prendre Rendez Vous avec nous<\/h3>\t\t\t\t<\/div>\n\t\t\t\t<\/div>\n\t\t\t\t\t<\/div>\n\t\t\t\t<\/div>\n\t\t\t\t<section class=\"elementor-section elementor-top-section elementor-element elementor-element-7a8d4ee elementor-section-boxed elementor-section-height-default elementor-section-height-default\" data-id=\"7a8d4ee\" data-element_type=\"section\" data-e-type=\"section\">\n\t\t\t\t\t\t<div class=\"elementor-container elementor-column-gap-default\">\n\t\t\t\t\t<div class=\"elementor-column elementor-col-100 elementor-top-column elementor-element elementor-element-6e4a0d6\" data-id=\"6e4a0d6\" data-element_type=\"column\" data-e-type=\"column\">\n\t\t\t<div class=\"elementor-widget-wrap elementor-element-populated\">\n\t\t\t\t\t\t<div class=\"elementor-element elementor-element-0ecd3bf elementor-align-center elementor-button-info elementor-invisible elementor-widget elementor-widget-button\" data-id=\"0ecd3bf\" data-element_type=\"widget\" data-e-type=\"widget\" data-settings=\"{&quot;_animation&quot;:&quot;bounceIn&quot;}\" data-widget_type=\"button.default\">\n\t\t\t\t<div class=\"elementor-widget-container\">\n\t\t\t\t\t\t\t\t\t<div class=\"elementor-button-wrapper\">\n\t\t\t\t\t<a class=\"elementor-button elementor-button-link elementor-size-sm\" href=\"https:\/\/www.alexisdegaribaldi.com\/index.php\/poser-the-best-of-rdv\/\">\n\t\t\t\t\t\t<span class=\"elementor-button-content-wrapper\">\n\t\t\t\t\t\t\t\t\t<span class=\"elementor-button-text\">Contacter notre Coach Sportif<\/span>\n\t\t\t\t\t<\/span>\n\t\t\t\t\t<\/a>\n\t\t\t\t<\/div>\n\t\t\t\t\t\t\t\t<\/div>\n\t\t\t\t<\/div>\n\t\t\t\t\t<\/div>\n\t\t<\/div>\n\t\t\t\t\t<\/div>\n\t\t<\/section>\n\t\t\t\t<section class=\"elementor-section elementor-top-section elementor-element elementor-element-28562a8 elementor-section-boxed elementor-section-height-default elementor-section-height-default\" data-id=\"28562a8\" data-element_type=\"section\" data-e-type=\"section\">\n\t\t\t\t\t\t<div class=\"elementor-container elementor-column-gap-default\">\n\t\t\t\t\t<div class=\"elementor-column elementor-col-100 elementor-top-column elementor-element elementor-element-ee166f2\" data-id=\"ee166f2\" data-element_type=\"column\" data-e-type=\"column\">\n\t\t\t<div class=\"elementor-widget-wrap elementor-element-populated\">\n\t\t\t\t\t\t<div class=\"elementor-element elementor-element-9927c20 elementor-widget elementor-widget-text-editor\" data-id=\"9927c20\" data-element_type=\"widget\" data-e-type=\"widget\" data-widget_type=\"text-editor.default\">\n\t\t\t\t<div class=\"elementor-widget-container\">\n\t\t\t\t\t\t\t\t\t<p>Nous vous proposons en Coaching sportif :<\/p>\n<ul>\n<li>Fitness<\/li>\n<li>Yoga<\/li>\n<li>Pilates<\/li>\n<li>Equilibre physique, mental et \u00e9motionnel<\/li>\n<li>Musculation<\/li>\n<li>Athl\u00e9tisme<\/li>\n<\/ul>\n<p>En cours Individuel ou en groupe, ax\u00e9e&nbsp; standard ou performance, nous vous proposons un coaching personnalis\u00e9 selon vos besoins, vos objectifs, vos capacit\u00e9s.<\/p>\n<p>Ce Coaching&nbsp; se fera&nbsp; avec un accompagnement alimentaire, une gestion du repos, une gestion du stress quotidien.<\/p>\n<p>A bient\u00f4t&#8230;<\/p>\t\t\t\t\t\t\t\t<\/div>\n\t\t\t\t<\/div>\n\t\t\t\t\t<\/div>\n\t\t<\/div>\n\t\t\t\t\t<\/div>\n\t\t<\/section>\n\t\t\t\t<section class=\"elementor-section elementor-top-section elementor-element elementor-element-1d21551 elementor-section-boxed elementor-section-height-default elementor-section-height-default\" data-id=\"1d21551\" data-element_type=\"section\" data-e-type=\"section\">\n\t\t\t\t\t\t<div class=\"elementor-container elementor-column-gap-default\">\n\t\t\t\t\t<div class=\"elementor-column elementor-col-50 elementor-top-column elementor-element elementor-element-695f8bd\" data-id=\"695f8bd\" data-element_type=\"column\" data-e-type=\"column\">\n\t\t\t<div class=\"elementor-widget-wrap elementor-element-populated\">\n\t\t\t\t\t\t<div class=\"elementor-element elementor-element-a80cb7f elementor-widget elementor-widget-image\" data-id=\"a80cb7f\" data-element_type=\"widget\" data-e-type=\"widget\" data-widget_type=\"image.default\">\n\t\t\t\t<div class=\"elementor-widget-container\">\n\t\t\t\t\t\t\t\t\t\t\t\t\t\t\t<img decoding=\"async\" width=\"250\" height=\"180\" src=\"https:\/\/i0.wp.com\/www.alexisdegaribaldi.com\/wp-content\/uploads\/2022\/08\/courir05.jpg?fit=250%2C180&amp;ssl=1\" class=\"attachment-large size-large wp-image-68\" alt=\"\" \/>\t\t\t\t\t\t\t\t\t\t\t\t\t\t\t<\/div>\n\t\t\t\t<\/div>\n\t\t\t\t\t<\/div>\n\t\t<\/div>\n\t\t\t\t<div class=\"elementor-column elementor-col-50 elementor-top-column elementor-element elementor-element-011f91e\" data-id=\"011f91e\" data-element_type=\"column\" data-e-type=\"column\">\n\t\t\t<div class=\"elementor-widget-wrap elementor-element-populated\">\n\t\t\t\t\t\t<div class=\"elementor-element elementor-element-d2cff77 elementor-widget elementor-widget-image\" data-id=\"d2cff77\" data-element_type=\"widget\" data-e-type=\"widget\" data-widget_type=\"image.default\">\n\t\t\t\t<div class=\"elementor-widget-container\">\n\t\t\t\t\t\t\t\t\t\t\t\t\t\t\t<img fetchpriority=\"high\" decoding=\"async\" width=\"273\" height=\"188\" src=\"https:\/\/i0.wp.com\/www.alexisdegaribaldi.com\/wp-content\/uploads\/2022\/08\/yoga03.jpg?fit=273%2C188&amp;ssl=1\" class=\"attachment-large size-large wp-image-305\" alt=\"Fitness et Pilates\" \/>\t\t\t\t\t\t\t\t\t\t\t\t\t\t\t<\/div>\n\t\t\t\t<\/div>\n\t\t\t\t\t<\/div>\n\t\t<\/div>\n\t\t\t\t\t<\/div>\n\t\t<\/section>\n\t\t\t\t<section class=\"elementor-section elementor-top-section elementor-element elementor-element-649fcbc elementor-section-boxed elementor-section-height-default elementor-section-height-default\" data-id=\"649fcbc\" data-element_type=\"section\" data-e-type=\"section\">\n\t\t\t\t\t\t<div class=\"elementor-container elementor-column-gap-default\">\n\t\t\t\t\t<div class=\"elementor-column elementor-col-50 elementor-top-column elementor-element elementor-element-ad6e8e3\" data-id=\"ad6e8e3\" data-element_type=\"column\" data-e-type=\"column\">\n\t\t\t<div class=\"elementor-widget-wrap elementor-element-populated\">\n\t\t\t\t\t\t<div class=\"elementor-element elementor-element-8b19289 elementor-widget elementor-widget-image\" data-id=\"8b19289\" data-element_type=\"widget\" data-e-type=\"widget\" data-widget_type=\"image.default\">\n\t\t\t\t<div class=\"elementor-widget-container\">\n\t\t\t\t\t\t\t\t\t\t\t\t\t\t\t<img decoding=\"async\" width=\"256\" height=\"180\" src=\"https:\/\/i0.wp.com\/www.alexisdegaribaldi.com\/wp-content\/uploads\/2022\/08\/yoga01.jpg?fit=256%2C180&amp;ssl=1\" class=\"attachment-large size-large wp-image-303\" alt=\"\" \/>\t\t\t\t\t\t\t\t\t\t\t\t\t\t\t<\/div>\n\t\t\t\t<\/div>\n\t\t\t\t\t<\/div>\n\t\t<\/div>\n\t\t\t\t<div class=\"elementor-column elementor-col-50 elementor-top-column elementor-element elementor-element-ed33086\" data-id=\"ed33086\" data-element_type=\"column\" data-e-type=\"column\">\n\t\t\t<div class=\"elementor-widget-wrap elementor-element-populated\">\n\t\t\t\t\t\t<div class=\"elementor-element elementor-element-3ec31c2 elementor-widget elementor-widget-image\" data-id=\"3ec31c2\" data-element_type=\"widget\" data-e-type=\"widget\" data-widget_type=\"image.default\">\n\t\t\t\t<div class=\"elementor-widget-container\">\n\t\t\t\t\t\t\t\t\t\t\t\t\t\t\t<img loading=\"lazy\" decoding=\"async\" width=\"256\" height=\"180\" src=\"https:\/\/i0.wp.com\/www.alexisdegaribaldi.com\/wp-content\/uploads\/2022\/08\/yoga02.jpg?fit=256%2C180&amp;ssl=1\" class=\"attachment-large size-large wp-image-304\" alt=\"fitness et pilates\" \/>\t\t\t\t\t\t\t\t\t\t\t\t\t\t\t<\/div>\n\t\t\t\t<\/div>\n\t\t\t\t\t<\/div>\n\t\t<\/div>\n\t\t\t\t\t<\/div>\n\t\t<\/section>\n\t\t\t\t<section class=\"elementor-section elementor-top-section elementor-element elementor-element-68e624f elementor-section-boxed elementor-section-height-default elementor-section-height-default\" data-id=\"68e624f\" data-element_type=\"section\" data-e-type=\"section\">\n\t\t\t\t\t\t<div class=\"elementor-container elementor-column-gap-default\">\n\t\t\t\t\t<div class=\"elementor-column elementor-col-100 elementor-top-column elementor-element elementor-element-48a5d36\" data-id=\"48a5d36\" data-element_type=\"column\" data-e-type=\"column\">\n\t\t\t<div class=\"elementor-widget-wrap elementor-element-populated\">\n\t\t\t\t\t\t<div class=\"elementor-element elementor-element-3ab3354 elementor-widget elementor-widget-image\" data-id=\"3ab3354\" data-element_type=\"widget\" data-e-type=\"widget\" data-widget_type=\"image.default\">\n\t\t\t\t<div class=\"elementor-widget-container\">\n\t\t\t\t\t\t\t\t\t\t\t\t\t\t\t<img loading=\"lazy\" decoding=\"async\" width=\"263\" height=\"180\" src=\"https:\/\/i0.wp.com\/www.alexisdegaribaldi.com\/wp-content\/uploads\/2022\/08\/courir07.jpg?fit=263%2C180&amp;ssl=1\" class=\"attachment-large size-large wp-image-70\" alt=\"\" \/>\t\t\t\t\t\t\t\t\t\t\t\t\t\t\t<\/div>\n\t\t\t\t<\/div>\n\t\t\t\t\t<\/div>\n\t\t<\/div>\n\t\t\t\t\t<\/div>\n\t\t<\/section>\n\t\t\t\t<section class=\"elementor-section elementor-top-section elementor-element elementor-element-6d7c350 elementor-section-boxed elementor-section-height-default elementor-section-height-default\" data-id=\"6d7c350\" data-element_type=\"section\" data-e-type=\"section\">\n\t\t\t\t\t\t<div class=\"elementor-container elementor-column-gap-default\">\n\t\t\t\t\t<div class=\"elementor-column elementor-col-50 elementor-top-column elementor-element elementor-element-423ba95\" data-id=\"423ba95\" data-element_type=\"column\" data-e-type=\"column\">\n\t\t\t<div class=\"elementor-widget-wrap elementor-element-populated\">\n\t\t\t\t\t\t<div class=\"elementor-element elementor-element-ed48f2e elementor-widget elementor-widget-image\" data-id=\"ed48f2e\" data-element_type=\"widget\" data-e-type=\"widget\" data-widget_type=\"image.default\">\n\t\t\t\t<div class=\"elementor-widget-container\">\n\t\t\t\t\t\t\t\t\t\t\t\t\t\t\t<img loading=\"lazy\" decoding=\"async\" width=\"323\" height=\"174\" src=\"https:\/\/i0.wp.com\/www.alexisdegaribaldi.com\/wp-content\/uploads\/2022\/08\/courir10.jpg?fit=323%2C174&amp;ssl=1\" class=\"attachment-large size-large wp-image-73\" alt=\"\" srcset=\"https:\/\/i0.wp.com\/www.alexisdegaribaldi.com\/wp-content\/uploads\/2022\/08\/courir10.jpg?w=323&amp;ssl=1 323w, https:\/\/i0.wp.com\/www.alexisdegaribaldi.com\/wp-content\/uploads\/2022\/08\/courir10.jpg?resize=300%2C162&amp;ssl=1 300w\" sizes=\"(max-width: 323px) 100vw, 323px\" \/>\t\t\t\t\t\t\t\t\t\t\t\t\t\t\t<\/div>\n\t\t\t\t<\/div>\n\t\t\t\t\t<\/div>\n\t\t<\/div>\n\t\t\t\t<div class=\"elementor-column elementor-col-50 elementor-top-column elementor-element elementor-element-fb7d22c\" data-id=\"fb7d22c\" data-element_type=\"column\" data-e-type=\"column\">\n\t\t\t<div class=\"elementor-widget-wrap elementor-element-populated\">\n\t\t\t\t\t\t<div class=\"elementor-element elementor-element-9470239 elementor-widget elementor-widget-image\" data-id=\"9470239\" data-element_type=\"widget\" data-e-type=\"widget\" data-widget_type=\"image.default\">\n\t\t\t\t<div class=\"elementor-widget-container\">\n\t\t\t\t\t\t\t\t\t\t\t\t\t\t\t<img loading=\"lazy\" decoding=\"async\" width=\"268\" height=\"180\" src=\"https:\/\/i0.wp.com\/www.alexisdegaribaldi.com\/wp-content\/uploads\/2022\/08\/courir09.jpg?fit=268%2C180&amp;ssl=1\" class=\"attachment-large size-large wp-image-72\" alt=\"Coaching Sportif\" \/>\t\t\t\t\t\t\t\t\t\t\t\t\t\t\t<\/div>\n\t\t\t\t<\/div>\n\t\t\t\t\t<\/div>\n\t\t<\/div>\n\t\t\t\t\t<\/div>\n\t\t<\/section>\n\t\t\t\t<section class=\"elementor-section elementor-top-section elementor-element elementor-element-c4b8026 elementor-section-boxed elementor-section-height-default elementor-section-height-default\" data-id=\"c4b8026\" data-element_type=\"section\" data-e-type=\"section\">\n\t\t\t\t\t\t<div class=\"elementor-container elementor-column-gap-default\">\n\t\t\t\t\t<div class=\"elementor-column elementor-col-100 elementor-top-column elementor-element elementor-element-ef0f6f0\" data-id=\"ef0f6f0\" data-element_type=\"column\" data-e-type=\"column\">\n\t\t\t<div class=\"elementor-widget-wrap elementor-element-populated\">\n\t\t\t\t\t\t<div class=\"elementor-element elementor-element-51f703c elementor-widget elementor-widget-image\" data-id=\"51f703c\" data-element_type=\"widget\" data-e-type=\"widget\" data-widget_type=\"image.default\">\n\t\t\t\t<div class=\"elementor-widget-container\">\n\t\t\t\t\t\t\t\t\t\t\t\t\t\t\t<img loading=\"lazy\" decoding=\"async\" width=\"837\" height=\"558\" src=\"https:\/\/i0.wp.com\/www.alexisdegaribaldi.com\/wp-content\/uploads\/2022\/08\/alimentation05.png?fit=837%2C558&amp;ssl=1\" class=\"attachment-large size-large wp-image-57\" alt=\"\" srcset=\"https:\/\/i0.wp.com\/www.alexisdegaribaldi.com\/wp-content\/uploads\/2022\/08\/alimentation05.png?w=999&amp;ssl=1 999w, https:\/\/i0.wp.com\/www.alexisdegaribaldi.com\/wp-content\/uploads\/2022\/08\/alimentation05.png?resize=600%2C400&amp;ssl=1 600w, https:\/\/i0.wp.com\/www.alexisdegaribaldi.com\/wp-content\/uploads\/2022\/08\/alimentation05.png?resize=300%2C200&amp;ssl=1 300w, https:\/\/i0.wp.com\/www.alexisdegaribaldi.com\/wp-content\/uploads\/2022\/08\/alimentation05.png?resize=768%2C512&amp;ssl=1 768w\" sizes=\"(max-width: 837px) 100vw, 837px\" \/>\t\t\t\t\t\t\t\t\t\t\t\t\t\t\t<\/div>\n\t\t\t\t<\/div>\n\t\t\t\t\t<\/div>\n\t\t<\/div>\n\t\t\t\t\t<\/div>\n\t\t<\/section>\n\t\t\t\t<section class=\"elementor-section elementor-top-section elementor-element elementor-element-c53724f elementor-section-boxed elementor-section-height-default elementor-section-height-default\" data-id=\"c53724f\" data-element_type=\"section\" data-e-type=\"section\">\n\t\t\t\t\t\t<div class=\"elementor-container elementor-column-gap-default\">\n\t\t\t\t\t<div class=\"elementor-column elementor-col-100 elementor-top-column elementor-element elementor-element-dc336c3\" data-id=\"dc336c3\" data-element_type=\"column\" data-e-type=\"column\">\n\t\t\t<div class=\"elementor-widget-wrap elementor-element-populated\">\n\t\t\t\t\t\t<div class=\"elementor-element elementor-element-05785eb elementor-widget elementor-widget-image\" data-id=\"05785eb\" data-element_type=\"widget\" data-e-type=\"widget\" data-widget_type=\"image.default\">\n\t\t\t\t<div class=\"elementor-widget-container\">\n\t\t\t\t\t\t\t\t\t\t\t\t\t\t\t<img loading=\"lazy\" decoding=\"async\" width=\"287\" height=\"180\" src=\"https:\/\/i0.wp.com\/www.alexisdegaribaldi.com\/wp-content\/uploads\/2022\/08\/sommeil01.jpg?fit=287%2C180&amp;ssl=1\" class=\"attachment-large size-large wp-image-280\" alt=\"\" \/>\t\t\t\t\t\t\t\t\t\t\t\t\t\t\t<\/div>\n\t\t\t\t<\/div>\n\t\t\t\t\t<\/div>\n\t\t<\/div>\n\t\t\t\t\t<\/div>\n\t\t<\/section>\n\t\t\t\t<section class=\"elementor-section elementor-top-section elementor-element elementor-element-3511f6b elementor-section-boxed elementor-section-height-default elementor-section-height-default\" data-id=\"3511f6b\" data-element_type=\"section\" data-e-type=\"section\">\n\t\t\t\t\t\t<div class=\"elementor-container elementor-column-gap-default\">\n\t\t\t\t\t<div class=\"elementor-column elementor-col-100 elementor-top-column elementor-element elementor-element-9162a78\" data-id=\"9162a78\" data-element_type=\"column\" data-e-type=\"column\">\n\t\t\t<div class=\"elementor-widget-wrap elementor-element-populated\">\n\t\t\t\t\t\t<div class=\"elementor-element elementor-element-02b7dac elementor-widget elementor-widget-image\" data-id=\"02b7dac\" data-element_type=\"widget\" data-e-type=\"widget\" data-widget_type=\"image.default\">\n\t\t\t\t<div class=\"elementor-widget-container\">\n\t\t\t\t\t\t\t\t\t\t\t\t\t\t\t<img loading=\"lazy\" decoding=\"async\" width=\"213\" height=\"213\" src=\"https:\/\/i0.wp.com\/www.alexisdegaribaldi.com\/wp-content\/uploads\/2022\/08\/chrono02.jpg?fit=213%2C213&amp;ssl=1\" class=\"attachment-large size-large wp-image-63\" alt=\"\" srcset=\"https:\/\/i0.wp.com\/www.alexisdegaribaldi.com\/wp-content\/uploads\/2022\/08\/chrono02.jpg?w=213&amp;ssl=1 213w, https:\/\/i0.wp.com\/www.alexisdegaribaldi.com\/wp-content\/uploads\/2022\/08\/chrono02.jpg?resize=150%2C150&amp;ssl=1 150w, https:\/\/i0.wp.com\/www.alexisdegaribaldi.com\/wp-content\/uploads\/2022\/08\/chrono02.jpg?resize=100%2C100&amp;ssl=1 100w\" sizes=\"(max-width: 213px) 100vw, 213px\" \/>\t\t\t\t\t\t\t\t\t\t\t\t\t\t\t<\/div>\n\t\t\t\t<\/div>\n\t\t\t\t\t<\/div>\n\t\t<\/div>\n\t\t\t\t\t<\/div>\n\t\t<\/section>\n\t\t\t\t<\/div>\n\t\t","protected":false},"excerpt":{"rendered":"<p>Coaching Sportif les Meilleurs secrets Entamer un Coaching sportif est une tr\u00e8s belle initiative, n\u00e9amoins pour qu&rsquo;elle soit efficace dans le temps elle a besoin d&rsquo;\u00eatre organis\u00e9e avec minutie. Nous allons tout mettre en oeuvre avec nos exp\u00e9rience et notre \u00e9quipe pour vous permettre d&rsquo;aller bien au del\u00e0 de vos esp\u00e9rance\u00a0 Un peu plus bas <a class=\"read-more\" href=\"https:\/\/www.alexisdegaribaldi.com\/index.php\/coach-therapies-breves-coaching\/coaching-sportif\/\">READ MORE<\/a><\/p>\n","protected":false},"author":1,"featured_media":0,"parent":28,"menu_order":0,"comment_status":"closed","ping_status":"closed","template":"","meta":{"_eb_attr":"","om_disable_all_campaigns":false,"_monsterinsights_skip_tracking":false,"_monsterinsights_sitenote_active":false,"_monsterinsights_sitenote_note":"","_monsterinsights_sitenote_category":0,"footnotes":""},"class_list":["post-388","page","type-page","status-publish","hentry"],"aioseo_notices":[],"jetpack_sharing_enabled":true,"_links":{"self":[{"href":"https:\/\/www.alexisdegaribaldi.com\/index.php\/wp-json\/wp\/v2\/pages\/388","targetHints":{"allow":["GET"]}}],"collection":[{"href":"https:\/\/www.alexisdegaribaldi.com\/index.php\/wp-json\/wp\/v2\/pages"}],"about":[{"href":"https:\/\/www.alexisdegaribaldi.com\/index.php\/wp-json\/wp\/v2\/types\/page"}],"author":[{"embeddable":true,"href":"https:\/\/www.alexisdegaribaldi.com\/index.php\/wp-json\/wp\/v2\/users\/1"}],"replies":[{"embeddable":true,"href":"https:\/\/www.alexisdegaribaldi.com\/index.php\/wp-json\/wp\/v2\/comments?post=388"}],"version-history":[{"count":47,"href":"https:\/\/www.alexisdegaribaldi.com\/index.php\/wp-json\/wp\/v2\/pages\/388\/revisions"}],"predecessor-version":[{"id":6823,"href":"https:\/\/www.alexisdegaribaldi.com\/index.php\/wp-json\/wp\/v2\/pages\/388\/revisions\/6823"}],"up":[{"embeddable":true,"href":"https:\/\/www.alexisdegaribaldi.com\/index.php\/wp-json\/wp\/v2\/pages\/28"}],"wp:attachment":[{"href":"https:\/\/www.alexisdegaribaldi.com\/index.php\/wp-json\/wp\/v2\/media?parent=388"}],"curies":[{"name":"wp","href":"https:\/\/api.w.org\/{rel}","templated":true}]}}