{"id":396,"date":"2022-08-27T23:43:58","date_gmt":"2022-08-27T21:43:58","guid":{"rendered":"https:\/\/www.alexisdegaribaldi.com\/?page_id=396"},"modified":"2025-05-24T16:33:53","modified_gmt":"2025-05-24T14:33:53","slug":"qvct-qualite-de-vie-et-conditions-de-travail","status":"publish","type":"page","link":"https:\/\/www.alexisdegaribaldi.com\/index.php\/consultant-france-europe-transport-qvct-digital-conduites\/qvct-qualite-de-vie-et-conditions-de-travail\/","title":{"rendered":"QVCT The Best Secrets for You"},"content":{"rendered":"\t\t<div data-elementor-type=\"wp-page\" data-elementor-id=\"396\" class=\"elementor elementor-396\">\n\t\t\t\t<div class=\"elementor-element elementor-element-4cfda22 e-flex e-con-boxed e-con e-parent\" data-id=\"4cfda22\" data-element_type=\"container\" data-e-type=\"container\">\n\t\t\t\t\t<div class=\"e-con-inner\">\n\t\t\t\t<div class=\"elementor-element elementor-element-26d7f1d elementor-widget elementor-widget-text-editor\" data-id=\"26d7f1d\" data-element_type=\"widget\" data-e-type=\"widget\" data-widget_type=\"text-editor.default\">\n\t\t\t\t<div class=\"elementor-widget-container\">\n\t\t\t\t\t\t\t\t\t<p><strong>Qualit\u00e9 de Vie et Conditions de Travail, nos meilleurs secrets pour votre Entreprise<\/strong><\/p>\t\t\t\t\t\t\t\t<\/div>\n\t\t\t\t<\/div>\n\t\t\t\t\t<\/div>\n\t\t\t\t<\/div>\n\t\t\t\t<section class=\"elementor-section elementor-top-section elementor-element elementor-element-473c324 elementor-section-boxed elementor-section-height-default elementor-section-height-default\" data-id=\"473c324\" data-element_type=\"section\" data-e-type=\"section\">\n\t\t\t\t\t\t<div class=\"elementor-container elementor-column-gap-default\">\n\t\t\t\t\t<div class=\"elementor-column elementor-col-100 elementor-top-column elementor-element elementor-element-ba2ec35\" data-id=\"ba2ec35\" data-element_type=\"column\" data-e-type=\"column\">\n\t\t\t<div class=\"elementor-widget-wrap elementor-element-populated\">\n\t\t\t\t\t\t<div class=\"elementor-element elementor-element-8930efc elementor-align-center elementor-button-info elementor-widget elementor-widget-button\" data-id=\"8930efc\" data-element_type=\"widget\" data-e-type=\"widget\" data-widget_type=\"button.default\">\n\t\t\t\t<div class=\"elementor-widget-container\">\n\t\t\t\t\t\t\t\t\t<div class=\"elementor-button-wrapper\">\n\t\t\t\t\t<a class=\"elementor-button elementor-button-link elementor-size-sm\" href=\"mailto:alexisdegaribaldi31@gmail.com?suject=Renseignement%20sur%20une%20QVCT%20dans%20mon%20entrprise\">\n\t\t\t\t\t\t<span class=\"elementor-button-content-wrapper\">\n\t\t\t\t\t\t\t\t\t<span class=\"elementor-button-text\">Renseignements et R\u00e9servation  d'une QVCT dans notre entreprise<\/span>\n\t\t\t\t\t<\/span>\n\t\t\t\t\t<\/a>\n\t\t\t\t<\/div>\n\t\t\t\t\t\t\t\t<\/div>\n\t\t\t\t<\/div>\n\t\t\t\t\t<\/div>\n\t\t<\/div>\n\t\t\t\t\t<\/div>\n\t\t<\/section>\n\t\t<div class=\"elementor-element elementor-element-eeebc8f e-flex e-con-boxed e-con e-parent\" data-id=\"eeebc8f\" data-element_type=\"container\" data-e-type=\"container\">\n\t\t\t\t\t<div class=\"e-con-inner\">\n\t\t\t\t<div class=\"elementor-element elementor-element-3e44a9d elementor-align-center elementor-widget elementor-widget-button\" data-id=\"3e44a9d\" data-element_type=\"widget\" data-e-type=\"widget\" data-widget_type=\"button.default\">\n\t\t\t\t<div class=\"elementor-widget-container\">\n\t\t\t\t\t\t\t\t\t<div class=\"elementor-button-wrapper\">\n\t\t\t\t\t<a class=\"elementor-button elementor-button-link elementor-size-sm\" href=\"https:\/\/www.alexisdegaribaldi.com\/index.php\/product-category\/consulting\/qvct\/\">\n\t\t\t\t\t\t<span class=\"elementor-button-content-wrapper\">\n\t\t\t\t\t\t\t\t\t<span class=\"elementor-button-text\">REALISER VOTRE Q.V.C.T avec Nous<\/span>\n\t\t\t\t\t<\/span>\n\t\t\t\t\t<\/a>\n\t\t\t\t<\/div>\n\t\t\t\t\t\t\t\t<\/div>\n\t\t\t\t<\/div>\n\t\t\t\t\t<\/div>\n\t\t\t\t<\/div>\n\t\t\t\t<section class=\"elementor-section elementor-top-section elementor-element elementor-element-92df981 elementor-section-boxed elementor-section-height-default elementor-section-height-default\" data-id=\"92df981\" data-element_type=\"section\" data-e-type=\"section\">\n\t\t\t\t\t\t<div class=\"elementor-container elementor-column-gap-default\">\n\t\t\t\t\t<div class=\"elementor-column elementor-col-100 elementor-top-column elementor-element elementor-element-b9e7937\" data-id=\"b9e7937\" data-element_type=\"column\" data-e-type=\"column\">\n\t\t\t<div class=\"elementor-widget-wrap elementor-element-populated\">\n\t\t\t\t\t\t<div class=\"elementor-element elementor-element-fed52d7 elementor-widget elementor-widget-text-editor\" data-id=\"fed52d7\" data-element_type=\"widget\" data-e-type=\"widget\" data-widget_type=\"text-editor.default\">\n\t\t\t\t<div class=\"elementor-widget-container\">\n\t\t\t\t\t\t\t\t\t<p><strong><span style=\"text-decoration: underline;\">C&rsquo;<\/span><\/strong><span style=\"font-weight: bold;\"><span style=\"text-decoration: underline;\"> est quoi une QVCT<\/span> ?<\/span><\/p><p class=\"elementor-heading-title elementor-size-default elementor-inline-editing pen\" style=\"font-family: Verdana, sans-serif; font-size: 16px; font-style: normal; letter-spacing: normal; color: var( --e-global-color-text );\" data-elementor-setting-key=\"title\" data-pen-placeholder=\"\u00c9crivez ici...\"><strong>C est une \u00e9tude, une enqu\u00eate minutieuse, une photographie \u00e0 l&rsquo;instant T sous secret professionnel, de l&rsquo;\u00e9tat d&rsquo;une partie de l&rsquo;entreprise. Celle que l&rsquo;on place sous l&rsquo;\u00e9tiquette juridique et sociale de Qualit\u00e9 de Vie et Conditions de travail.<\/strong><\/p><p class=\"elementor-heading-title elementor-size-default elementor-inline-editing pen\" style=\"font-family: Verdana, sans-serif; font-size: 16px; font-style: normal; letter-spacing: normal; color: var( --e-global-color-text );\" data-elementor-setting-key=\"title\" data-pen-placeholder=\"\u00c9crivez ici...\"><strong>R\u00e9aliser une QVCT vise \u00e0 terme la mise en place d&rsquo;un ensemble de proc\u00e9dures, d&rsquo;\u00e9l\u00e9ments en vue d&rsquo;am\u00e9liorer de r\u00e9\u00e9quilibrer les diff\u00e9rentes branches d&rsquo;une entreprise pour y garantir une meilleure Qualit\u00e9 de Vie et de meilleures conditions de travail<\/strong><\/p><p><b>Une entreprise aujourd&rsquo;hui fait face \u00e0 des exigences de plus en plus \u00e9lev\u00e9es sur son march\u00e9. Et la r\u00e9ponse \u00e0 ses exigences passe par le Bien Etre de son personnel.<\/b><\/p><p><b>Prendre le tournant et devenir une entreprise plus humaine, plus consciente, plus juste, plus \u00e0 l&rsquo;\u00e9coute \u00e0 un effet ind\u00e9niable :<\/b><\/p><ol><li style=\"list-style-type: none;\"><ol><li style=\"list-style-type: none;\"><ul><li><b>Sur la sant\u00e9 du personnel dans l&rsquo;entreprise,<\/b><\/li><li><b>Sur l&rsquo;absent\u00e9isme,<\/b><\/li><li><b>Sur la baisse du taux accident au travail.<\/b><\/li><li><b>Sur la productivit\u00e9 et le contenu au travail<\/b><\/li><li><b>Sur la confiance et le bien-\u00eatre au travail<\/b><\/li><li><b>Sur la coh\u00e9sion sociale et la\/les relations au travail<\/b><\/li><li><b>Sur la\u00a0 sant\u00e9 psychologique au travail mais aussi au sein du foyer.\u00a0 \u00a0 <\/b><\/li><li><b>La comp\u00e9tence et le parcours professionnel<\/b><\/li><li><b>L&rsquo;\u00e9galit\u00e9 professionnelle<\/b><\/li><li><b>Le Management Participatif\u00a0 \u00a0 \u00a0 \u00a0 \u00a0 \u00a0 \u00a0 \u00a0 \u00a0 \u00a0 \u00a0 \u00a0 \u00a0 \u00a0<\/b><\/li><\/ul><\/li><\/ol><p>Donc aussi pour agir vers une vie priv\u00e9e plus seine et moins stress\u00e9e de chacun de vos salari\u00e9s, adoptez <b style=\"font-family: inherit; font-style: inherit; letter-spacing: 0px;\"><span style=\"font-size: 16px; letter-spacing: 0px;\">la<\/span><\/b><strong><span style=\"font-size: 16px; letter-spacing: 0px;\"> QVCT.<\/span><\/strong><\/p><\/li><li style=\"list-style-type: none;\"><b>Votre soci\u00e9t\u00e9 en sortira grandi de la diff\u00e9rence qui la compose et\u00a0 gr\u00e2ce \u00e0 la vari\u00e9t\u00e9 humaine qui la composent <\/b>en red\u00e9couvrant ses collaborateurs.\u00a0<\/li><li style=\"list-style-type: none;\"><b>Nous sommes tous diff\u00e9rents.<br \/><\/b><p><b>Gr\u00e2ce \u00e0 des outils pr\u00e9cis, des entretients individuels et des groupe, une analyse compl\u00e8te, comme une enqu\u00eate, des solutions avec des graphiques <\/b>ou avec l&rsquo;Enn\u00e9agramme ou encore le MBTI, <strong>apprenez de vos collaborateurs et appuyez vous sur leurs forces vives<\/strong> que ce soit en interne ou face \u00e0 la concurrence.<\/p><\/li><li style=\"list-style-type: none;\"><b>Permettez <\/b>aussi apr\u00e8s une QVCT<b> une autre communication, plus consciente, plus humaine <\/b>au sein de votre entreprise. Nous avons l\u00e0 aussi des solutions \u00e0 vous proposer<\/li><\/ol>\t\t\t\t\t\t\t\t<\/div>\n\t\t\t\t<\/div>\n\t\t\t\t\t<\/div>\n\t\t<\/div>\n\t\t\t\t\t<\/div>\n\t\t<\/section>\n\t\t<div class=\"elementor-element elementor-element-af20274 e-flex e-con-boxed e-con e-parent\" data-id=\"af20274\" data-element_type=\"container\" data-e-type=\"container\">\n\t\t\t\t\t<div class=\"e-con-inner\">\n\t\t\t\t<div class=\"elementor-element elementor-element-b293d94 elementor-align-center elementor-widget elementor-widget-button\" data-id=\"b293d94\" data-element_type=\"widget\" data-e-type=\"widget\" data-widget_type=\"button.default\">\n\t\t\t\t<div class=\"elementor-widget-container\">\n\t\t\t\t\t\t\t\t\t<div class=\"elementor-button-wrapper\">\n\t\t\t\t\t<a class=\"elementor-button elementor-button-link elementor-size-sm\" href=\"https:\/\/www.alexisdegaribaldi.com\/index.php\/product-category\/consulting\/qvct\/\">\n\t\t\t\t\t\t<span class=\"elementor-button-content-wrapper\">\n\t\t\t\t\t\t\t\t\t<span class=\"elementor-button-text\">REALISEZ LA Q.V.C.T avec NOUS<\/span>\n\t\t\t\t\t<\/span>\n\t\t\t\t\t<\/a>\n\t\t\t\t<\/div>\n\t\t\t\t\t\t\t\t<\/div>\n\t\t\t\t<\/div>\n\t\t\t\t\t<\/div>\n\t\t\t\t<\/div>\n\t\t\t\t<section class=\"elementor-section elementor-top-section elementor-element elementor-element-ec2b81c elementor-section-boxed elementor-section-height-default elementor-section-height-default\" data-id=\"ec2b81c\" data-element_type=\"section\" data-e-type=\"section\">\n\t\t\t\t\t\t<div class=\"elementor-container elementor-column-gap-default\">\n\t\t\t\t\t<div class=\"elementor-column elementor-col-100 elementor-top-column elementor-element elementor-element-909b29a\" data-id=\"909b29a\" data-element_type=\"column\" data-e-type=\"column\">\n\t\t\t<div class=\"elementor-widget-wrap elementor-element-populated\">\n\t\t\t\t\t\t<div class=\"elementor-element elementor-element-8568909 elementor-widget elementor-widget-video\" data-id=\"8568909\" data-element_type=\"widget\" data-e-type=\"widget\" data-settings=\"{&quot;youtube_url&quot;:&quot;https:\\\/\\\/youtu.be\\\/uF18PgutL8Y&quot;,&quot;video_type&quot;:&quot;youtube&quot;,&quot;controls&quot;:&quot;yes&quot;}\" data-widget_type=\"video.default\">\n\t\t\t\t<div class=\"elementor-widget-container\">\n\t\t\t\t\t\t\t<div class=\"elementor-wrapper elementor-open-inline\">\n\t\t\t<div class=\"elementor-video\"><\/div>\t\t<\/div>\n\t\t\t\t\t\t<\/div>\n\t\t\t\t<\/div>\n\t\t\t\t\t<\/div>\n\t\t<\/div>\n\t\t\t\t\t<\/div>\n\t\t<\/section>\n\t\t\t\t<section class=\"elementor-section elementor-top-section elementor-element elementor-element-db76a76 elementor-section-boxed elementor-section-height-default elementor-section-height-default\" data-id=\"db76a76\" data-element_type=\"section\" data-e-type=\"section\">\n\t\t\t\t\t\t<div class=\"elementor-container elementor-column-gap-default\">\n\t\t\t\t\t<div class=\"elementor-column elementor-col-50 elementor-top-column elementor-element elementor-element-d752208\" data-id=\"d752208\" data-element_type=\"column\" data-e-type=\"column\">\n\t\t\t<div class=\"elementor-widget-wrap elementor-element-populated\">\n\t\t\t\t\t\t<div class=\"elementor-element elementor-element-788deb7 elementor-widget elementor-widget-video\" data-id=\"788deb7\" data-element_type=\"widget\" data-e-type=\"widget\" data-settings=\"{&quot;youtube_url&quot;:&quot;https:\\\/\\\/youtu.be\\\/rgm1EzvbSZA&quot;,&quot;video_type&quot;:&quot;youtube&quot;,&quot;controls&quot;:&quot;yes&quot;}\" data-widget_type=\"video.default\">\n\t\t\t\t<div class=\"elementor-widget-container\">\n\t\t\t\t\t\t\t<div class=\"elementor-wrapper elementor-open-inline\">\n\t\t\t<div class=\"elementor-video\"><\/div>\t\t<\/div>\n\t\t\t\t\t\t<\/div>\n\t\t\t\t<\/div>\n\t\t\t\t\t<\/div>\n\t\t<\/div>\n\t\t\t\t<div class=\"elementor-column elementor-col-50 elementor-top-column elementor-element elementor-element-a63a003\" data-id=\"a63a003\" data-element_type=\"column\" data-e-type=\"column\">\n\t\t\t<div class=\"elementor-widget-wrap elementor-element-populated\">\n\t\t\t\t\t\t<div class=\"elementor-element elementor-element-71f64c8 elementor-widget elementor-widget-video\" data-id=\"71f64c8\" data-element_type=\"widget\" data-e-type=\"widget\" data-settings=\"{&quot;youtube_url&quot;:&quot;https:\\\/\\\/youtu.be\\\/Ky1uvAvhNzA&quot;,&quot;video_type&quot;:&quot;youtube&quot;,&quot;controls&quot;:&quot;yes&quot;}\" data-widget_type=\"video.default\">\n\t\t\t\t<div class=\"elementor-widget-container\">\n\t\t\t\t\t\t\t<div class=\"elementor-wrapper elementor-open-inline\">\n\t\t\t<div class=\"elementor-video\"><\/div>\t\t<\/div>\n\t\t\t\t\t\t<\/div>\n\t\t\t\t<\/div>\n\t\t\t\t\t<\/div>\n\t\t<\/div>\n\t\t\t\t\t<\/div>\n\t\t<\/section>\n\t\t\t\t<section class=\"elementor-section elementor-top-section elementor-element elementor-element-f5e42cf elementor-section-boxed elementor-section-height-default elementor-section-height-default\" data-id=\"f5e42cf\" data-element_type=\"section\" data-e-type=\"section\">\n\t\t\t\t\t\t<div class=\"elementor-container elementor-column-gap-default\">\n\t\t\t\t\t<div class=\"elementor-column elementor-col-50 elementor-top-column elementor-element elementor-element-ae2a145\" data-id=\"ae2a145\" data-element_type=\"column\" data-e-type=\"column\">\n\t\t\t<div class=\"elementor-widget-wrap elementor-element-populated\">\n\t\t\t\t\t\t<div class=\"elementor-element elementor-element-3b48bd8 elementor-widget elementor-widget-video\" data-id=\"3b48bd8\" data-element_type=\"widget\" data-e-type=\"widget\" data-settings=\"{&quot;youtube_url&quot;:&quot;https:\\\/\\\/youtu.be\\\/bmjA7yC_AWE&quot;,&quot;video_type&quot;:&quot;youtube&quot;,&quot;controls&quot;:&quot;yes&quot;}\" data-widget_type=\"video.default\">\n\t\t\t\t<div class=\"elementor-widget-container\">\n\t\t\t\t\t\t\t<div class=\"elementor-wrapper elementor-open-inline\">\n\t\t\t<div class=\"elementor-video\"><\/div>\t\t<\/div>\n\t\t\t\t\t\t<\/div>\n\t\t\t\t<\/div>\n\t\t\t\t\t<\/div>\n\t\t<\/div>\n\t\t\t\t<div class=\"elementor-column elementor-col-50 elementor-top-column elementor-element elementor-element-2cc9156\" data-id=\"2cc9156\" data-element_type=\"column\" data-e-type=\"column\">\n\t\t\t<div class=\"elementor-widget-wrap elementor-element-populated\">\n\t\t\t\t\t\t<div class=\"elementor-element elementor-element-b104487 elementor-widget elementor-widget-video\" data-id=\"b104487\" data-element_type=\"widget\" data-e-type=\"widget\" data-settings=\"{&quot;youtube_url&quot;:&quot;https:\\\/\\\/youtu.be\\\/yXoMJ4Ooy3o&quot;,&quot;video_type&quot;:&quot;youtube&quot;,&quot;controls&quot;:&quot;yes&quot;}\" data-widget_type=\"video.default\">\n\t\t\t\t<div class=\"elementor-widget-container\">\n\t\t\t\t\t\t\t<div class=\"elementor-wrapper elementor-open-inline\">\n\t\t\t<div class=\"elementor-video\"><\/div>\t\t<\/div>\n\t\t\t\t\t\t<\/div>\n\t\t\t\t<\/div>\n\t\t\t\t\t<\/div>\n\t\t<\/div>\n\t\t\t\t\t<\/div>\n\t\t<\/section>\n\t\t\t\t<\/div>\n\t\t","protected":false},"excerpt":{"rendered":"<p>Qualit\u00e9 de Vie et Conditions de Travail, nos meilleurs secrets pour votre Entreprise Renseignements et R\u00e9servation d&rsquo;une QVCT dans notre entreprise REALISER VOTRE Q.V.C.T avec Nous C&rsquo; est quoi une QVCT ? C est une \u00e9tude, une enqu\u00eate minutieuse, une photographie \u00e0 l&rsquo;instant T sous secret professionnel, de l&rsquo;\u00e9tat d&rsquo;une partie de l&rsquo;entreprise. Celle que <a class=\"read-more\" href=\"https:\/\/www.alexisdegaribaldi.com\/index.php\/consultant-france-europe-transport-qvct-digital-conduites\/qvct-qualite-de-vie-et-conditions-de-travail\/\">READ MORE<\/a><\/p>\n","protected":false},"author":1,"featured_media":2508,"parent":525,"menu_order":0,"comment_status":"closed","ping_status":"closed","template":"","meta":{"_eb_attr":"","om_disable_all_campaigns":false,"_monsterinsights_skip_tracking":false,"_monsterinsights_sitenote_active":false,"_monsterinsights_sitenote_note":"","_monsterinsights_sitenote_category":0,"footnotes":""},"class_list":["post-396","page","type-page","status-publish","has-post-thumbnail","hentry"],"aioseo_notices":[],"jetpack_sharing_enabled":true,"_links":{"self":[{"href":"https:\/\/www.alexisdegaribaldi.com\/index.php\/wp-json\/wp\/v2\/pages\/396","targetHints":{"allow":["GET"]}}],"collection":[{"href":"https:\/\/www.alexisdegaribaldi.com\/index.php\/wp-json\/wp\/v2\/pages"}],"about":[{"href":"https:\/\/www.alexisdegaribaldi.com\/index.php\/wp-json\/wp\/v2\/types\/page"}],"author":[{"embeddable":true,"href":"https:\/\/www.alexisdegaribaldi.com\/index.php\/wp-json\/wp\/v2\/users\/1"}],"replies":[{"embeddable":true,"href":"https:\/\/www.alexisdegaribaldi.com\/index.php\/wp-json\/wp\/v2\/comments?post=396"}],"version-history":[{"count":99,"href":"https:\/\/www.alexisdegaribaldi.com\/index.php\/wp-json\/wp\/v2\/pages\/396\/revisions"}],"predecessor-version":[{"id":6494,"href":"https:\/\/www.alexisdegaribaldi.com\/index.php\/wp-json\/wp\/v2\/pages\/396\/revisions\/6494"}],"up":[{"embeddable":true,"href":"https:\/\/www.alexisdegaribaldi.com\/index.php\/wp-json\/wp\/v2\/pages\/525"}],"wp:featuredmedia":[{"embeddable":true,"href":"https:\/\/www.alexisdegaribaldi.com\/index.php\/wp-json\/wp\/v2\/media\/2508"}],"wp:attachment":[{"href":"https:\/\/www.alexisdegaribaldi.com\/index.php\/wp-json\/wp\/v2\/media?parent=396"}],"curies":[{"name":"wp","href":"https:\/\/api.w.org\/{rel}","templated":true}]}}