{"id":400,"date":"2022-08-27T23:45:30","date_gmt":"2022-08-27T21:45:30","guid":{"rendered":"https:\/\/www.alexisdegaribaldi.com\/?page_id=400"},"modified":"2024-08-15T14:31:39","modified_gmt":"2024-08-15T12:31:39","slug":"fitness-pilates-programme-sur-mesure","status":"publish","type":"page","link":"https:\/\/www.alexisdegaribaldi.com\/index.php\/bien-etre-nos-outils-therapies-breves-toulouse\/fitness-pilates-programme-sur-mesure\/","title":{"rendered":"Fitness &amp; des Pilates The Best of secrets"},"content":{"rendered":"\t\t<div data-elementor-type=\"wp-page\" data-elementor-id=\"400\" class=\"elementor elementor-400\">\n\t\t\t\t\t\t<section class=\"elementor-section elementor-top-section elementor-element elementor-element-91d5759 elementor-section-boxed elementor-section-height-default elementor-section-height-default\" data-id=\"91d5759\" data-element_type=\"section\" data-e-type=\"section\">\n\t\t\t\t\t\t<div class=\"elementor-container elementor-column-gap-default\">\n\t\t\t\t\t<div class=\"elementor-column elementor-col-100 elementor-top-column elementor-element elementor-element-aa1ab8a\" data-id=\"aa1ab8a\" data-element_type=\"column\" data-e-type=\"column\">\n\t\t\t<div class=\"elementor-widget-wrap elementor-element-populated\">\n\t\t\t\t\t\t<div class=\"elementor-element elementor-element-6cd38ea elementor-widget elementor-widget-text-editor\" data-id=\"6cd38ea\" data-element_type=\"widget\" data-e-type=\"widget\" data-widget_type=\"text-editor.default\">\n\t\t\t\t<div class=\"elementor-widget-container\">\n\t\t\t\t\t\t\t\t\t<p>Bonjour,<\/p><p>Pourquoi avoir recours au Fitness &amp; Pilates ?<\/p><p>Que recherchez vous vraiment ? Quel est votre objectif ? Qu&rsquo;avez vous besoin ?<\/p><p>Nous sommes \u00e0 votre \u00e9coute pour r\u00e9pondre au mieux \u00e0 votre besoin.<\/p><p>N&rsquo;h\u00e9sitez pas \u00e0 nous contacter, que nous \u00e9tablissions ensemble votre programme Fitness &amp; Pilates<\/p><p>A bient\u00f4t\u00a0<\/p><p>A2G<\/p>\t\t\t\t\t\t\t\t<\/div>\n\t\t\t\t<\/div>\n\t\t\t\t\t<\/div>\n\t\t<\/div>\n\t\t\t\t\t<\/div>\n\t\t<\/section>\n\t\t\t\t<section class=\"elementor-section elementor-top-section elementor-element elementor-element-eab9bc8 elementor-section-boxed elementor-section-height-default elementor-section-height-default\" data-id=\"eab9bc8\" data-element_type=\"section\" data-e-type=\"section\">\n\t\t\t\t\t\t<div class=\"elementor-container elementor-column-gap-default\">\n\t\t\t\t\t<div class=\"elementor-column elementor-col-50 elementor-top-column elementor-element elementor-element-1657699\" data-id=\"1657699\" data-element_type=\"column\" data-e-type=\"column\">\n\t\t\t<div class=\"elementor-widget-wrap elementor-element-populated\">\n\t\t\t\t\t\t<div class=\"elementor-element elementor-element-59aeadb elementor-widget elementor-widget-image\" data-id=\"59aeadb\" data-element_type=\"widget\" data-e-type=\"widget\" data-widget_type=\"image.default\">\n\t\t\t\t<div class=\"elementor-widget-container\">\n\t\t\t\t\t\t\t\t\t\t\t\t\t\t\t<img decoding=\"async\" width=\"256\" height=\"180\" src=\"https:\/\/i0.wp.com\/www.alexisdegaribaldi.com\/wp-content\/uploads\/2022\/08\/yoga02.jpg?fit=256%2C180&amp;ssl=1\" class=\"attachment-large size-large wp-image-304\" alt=\"fitness et pilates\" \/>\t\t\t\t\t\t\t\t\t\t\t\t\t\t\t<\/div>\n\t\t\t\t<\/div>\n\t\t\t\t\t<\/div>\n\t\t<\/div>\n\t\t\t\t<div class=\"elementor-column elementor-col-50 elementor-top-column elementor-element elementor-element-11826e7\" data-id=\"11826e7\" data-element_type=\"column\" data-e-type=\"column\">\n\t\t\t<div class=\"elementor-widget-wrap elementor-element-populated\">\n\t\t\t\t\t\t<div class=\"elementor-element elementor-element-8ee7311 elementor-widget elementor-widget-image\" data-id=\"8ee7311\" data-element_type=\"widget\" data-e-type=\"widget\" data-widget_type=\"image.default\">\n\t\t\t\t<div class=\"elementor-widget-container\">\n\t\t\t\t\t\t\t\t\t\t\t\t\t\t\t<img decoding=\"async\" width=\"263\" height=\"180\" src=\"https:\/\/i0.wp.com\/www.alexisdegaribaldi.com\/wp-content\/uploads\/2022\/08\/courir07.jpg?fit=263%2C180&amp;ssl=1\" class=\"attachment-large size-large wp-image-70\" alt=\"\" \/>\t\t\t\t\t\t\t\t\t\t\t\t\t\t\t<\/div>\n\t\t\t\t<\/div>\n\t\t\t\t\t<\/div>\n\t\t<\/div>\n\t\t\t\t\t<\/div>\n\t\t<\/section>\n\t\t\t\t<section class=\"elementor-section elementor-top-section elementor-element elementor-element-a0762f0 elementor-section-boxed elementor-section-height-default elementor-section-height-default\" data-id=\"a0762f0\" data-element_type=\"section\" data-e-type=\"section\">\n\t\t\t\t\t\t<div class=\"elementor-container elementor-column-gap-default\">\n\t\t\t\t\t<div class=\"elementor-column elementor-col-100 elementor-top-column elementor-element elementor-element-a86710a\" data-id=\"a86710a\" data-element_type=\"column\" data-e-type=\"column\">\n\t\t\t<div class=\"elementor-widget-wrap elementor-element-populated\">\n\t\t\t\t\t\t<div class=\"elementor-element elementor-element-348549f elementor-button-info elementor-align-center elementor-widget elementor-widget-button\" data-id=\"348549f\" data-element_type=\"widget\" data-e-type=\"widget\" data-widget_type=\"button.default\">\n\t\t\t\t<div class=\"elementor-widget-container\">\n\t\t\t\t\t\t\t\t\t<div class=\"elementor-button-wrapper\">\n\t\t\t\t\t<a class=\"elementor-button elementor-button-link elementor-size-sm\" href=\"https:\/\/www.alexisdegaribaldi.com\/index.php\/coaching-formations-consulting\/https-www-alexisdegaribaldi-com-index-php-coaching-formations-consulting-prendre-un-rendez-vous\/\">\n\t\t\t\t\t\t<span class=\"elementor-button-content-wrapper\">\n\t\t\t\t\t\t\t\t\t<span class=\"elementor-button-text\">Prendre RDV avec notre Coach<\/span>\n\t\t\t\t\t<\/span>\n\t\t\t\t\t<\/a>\n\t\t\t\t<\/div>\n\t\t\t\t\t\t\t\t<\/div>\n\t\t\t\t<\/div>\n\t\t\t\t\t<\/div>\n\t\t<\/div>\n\t\t\t\t\t<\/div>\n\t\t<\/section>\n\t\t\t\t<section class=\"elementor-section elementor-top-section elementor-element elementor-element-483e7cd elementor-section-boxed elementor-section-height-default elementor-section-height-default\" data-id=\"483e7cd\" data-element_type=\"section\" data-e-type=\"section\">\n\t\t\t\t\t\t<div class=\"elementor-container elementor-column-gap-default\">\n\t\t\t\t\t<div class=\"elementor-column elementor-col-100 elementor-top-column elementor-element elementor-element-d6d6538\" data-id=\"d6d6538\" data-element_type=\"column\" data-e-type=\"column\">\n\t\t\t<div class=\"elementor-widget-wrap elementor-element-populated\">\n\t\t\t\t\t\t<div class=\"elementor-element elementor-element-4966e3a elementor-align-center elementor-widget elementor-widget-button\" data-id=\"4966e3a\" data-element_type=\"widget\" data-e-type=\"widget\" data-widget_type=\"button.default\">\n\t\t\t\t<div class=\"elementor-widget-container\">\n\t\t\t\t\t\t\t\t\t<div class=\"elementor-button-wrapper\">\n\t\t\t\t\t<a class=\"elementor-button elementor-button-link elementor-size-sm\" href=\"#\">\n\t\t\t\t\t\t<span class=\"elementor-button-content-wrapper\">\n\t\t\t\t\t\t\t\t\t<span class=\"elementor-button-text\">Constituez votre Abonnement et vos s\u00e9ances individuelles en autonomie <\/span>\n\t\t\t\t\t<\/span>\n\t\t\t\t\t<\/a>\n\t\t\t\t<\/div>\n\t\t\t\t\t\t\t\t<\/div>\n\t\t\t\t<\/div>\n\t\t\t\t\t<\/div>\n\t\t<\/div>\n\t\t\t\t\t<\/div>\n\t\t<\/section>\n\t\t\t\t<section class=\"elementor-section elementor-top-section elementor-element elementor-element-b1202f4 elementor-section-boxed elementor-section-height-default elementor-section-height-default\" data-id=\"b1202f4\" data-element_type=\"section\" data-e-type=\"section\">\n\t\t\t\t\t\t<div class=\"elementor-container elementor-column-gap-default\">\n\t\t\t\t\t<div class=\"elementor-column elementor-col-100 elementor-top-column elementor-element elementor-element-d4273e4\" data-id=\"d4273e4\" data-element_type=\"column\" data-e-type=\"column\">\n\t\t\t<div class=\"elementor-widget-wrap elementor-element-populated\">\n\t\t\t\t\t\t<div class=\"elementor-element elementor-element-5f226db elementor-widget elementor-widget-text-editor\" data-id=\"5f226db\" data-element_type=\"widget\" data-e-type=\"widget\" data-widget_type=\"text-editor.default\">\n\t\t\t\t<div class=\"elementor-widget-container\">\n\t\t\t\t\t\t\t\t\t<p>Ce que nous vous proposons chez Alexis de Garibaldi dans la section Fitness &amp; Pilates c&rsquo;est :<\/p><p>d&rsquo;acqu\u00e9rir ou perfectionner en quelques s\u00e9ances les bons geste, les bonne habitude pour&nbsp;<\/p><p>UN ESPRIT SAIN DANS UN CORPS SAIN<\/p>\n<p>UN JUSTE EQUILIBRE&nbsp;<\/p>\n<p>ENDURANCE, FORCE, LEGERETE<\/p>\n<p>UN ESPRIT LIBRE&nbsp;<\/p><p>Alors par cons\u00e9quent n&rsquo;oubliez jamais que votre r\u00e9ussite est proche car&nbsp;<\/p>\n<p>LA CLEF EST EN VOUS.<\/p>\t\t\t\t\t\t\t\t<\/div>\n\t\t\t\t<\/div>\n\t\t\t\t\t<\/div>\n\t\t<\/div>\n\t\t\t\t\t<\/div>\n\t\t<\/section>\n\t\t\t\t<\/div>\n\t\t","protected":false},"excerpt":{"rendered":"<p>Bonjour, Pourquoi avoir recours au Fitness &amp; Pilates ? Que recherchez vous vraiment ? Quel est votre objectif ? Qu&rsquo;avez vous besoin ? Nous sommes \u00e0 votre \u00e9coute pour r\u00e9pondre au mieux \u00e0 votre besoin. N&rsquo;h\u00e9sitez pas \u00e0 nous contacter, que nous \u00e9tablissions ensemble votre programme Fitness &amp; Pilates A bient\u00f4t\u00a0 A2G Prendre RDV avec <a class=\"read-more\" href=\"https:\/\/www.alexisdegaribaldi.com\/index.php\/bien-etre-nos-outils-therapies-breves-toulouse\/fitness-pilates-programme-sur-mesure\/\">READ MORE<\/a><\/p>\n","protected":false},"author":1,"featured_media":304,"parent":521,"menu_order":0,"comment_status":"closed","ping_status":"closed","template":"","meta":{"_eb_attr":"","om_disable_all_campaigns":false,"_monsterinsights_skip_tracking":false,"_monsterinsights_sitenote_active":false,"_monsterinsights_sitenote_note":"","_monsterinsights_sitenote_category":0,"footnotes":""},"class_list":["post-400","page","type-page","status-publish","has-post-thumbnail","hentry"],"aioseo_notices":[],"jetpack_sharing_enabled":true,"_links":{"self":[{"href":"https:\/\/www.alexisdegaribaldi.com\/index.php\/wp-json\/wp\/v2\/pages\/400","targetHints":{"allow":["GET"]}}],"collection":[{"href":"https:\/\/www.alexisdegaribaldi.com\/index.php\/wp-json\/wp\/v2\/pages"}],"about":[{"href":"https:\/\/www.alexisdegaribaldi.com\/index.php\/wp-json\/wp\/v2\/types\/page"}],"author":[{"embeddable":true,"href":"https:\/\/www.alexisdegaribaldi.com\/index.php\/wp-json\/wp\/v2\/users\/1"}],"replies":[{"embeddable":true,"href":"https:\/\/www.alexisdegaribaldi.com\/index.php\/wp-json\/wp\/v2\/comments?post=400"}],"version-history":[{"count":40,"href":"https:\/\/www.alexisdegaribaldi.com\/index.php\/wp-json\/wp\/v2\/pages\/400\/revisions"}],"predecessor-version":[{"id":6051,"href":"https:\/\/www.alexisdegaribaldi.com\/index.php\/wp-json\/wp\/v2\/pages\/400\/revisions\/6051"}],"up":[{"embeddable":true,"href":"https:\/\/www.alexisdegaribaldi.com\/index.php\/wp-json\/wp\/v2\/pages\/521"}],"wp:featuredmedia":[{"embeddable":true,"href":"https:\/\/www.alexisdegaribaldi.com\/index.php\/wp-json\/wp\/v2\/media\/304"}],"wp:attachment":[{"href":"https:\/\/www.alexisdegaribaldi.com\/index.php\/wp-json\/wp\/v2\/media?parent=400"}],"curies":[{"name":"wp","href":"https:\/\/api.w.org\/{rel}","templated":true}]}}