{"id":4259,"date":"2023-12-13T17:59:51","date_gmt":"2023-12-13T16:59:51","guid":{"rendered":"https:\/\/www.alexisdegaribaldi.com\/?page_id=4259"},"modified":"2023-12-13T18:21:13","modified_gmt":"2023-12-13T17:21:13","slug":"creation-de-site-internet-word-press","status":"publish","type":"page","link":"https:\/\/www.alexisdegaribaldi.com\/index.php\/consultant-france-europe-transport-qvct-digital-conduites\/creation-de-site-internet-word-press\/","title":{"rendered":"Cr\u00e9ation de site sur Word Press"},"content":{"rendered":"\t\t<div data-elementor-type=\"wp-page\" data-elementor-id=\"4259\" class=\"elementor elementor-4259\">\n\t\t\t\t\t\t<section class=\"elementor-section elementor-top-section elementor-element elementor-element-453fb97 elementor-section-boxed elementor-section-height-default elementor-section-height-default\" data-id=\"453fb97\" data-element_type=\"section\" data-e-type=\"section\">\n\t\t\t\t\t\t<div class=\"elementor-container elementor-column-gap-default\">\n\t\t\t\t\t<div class=\"elementor-column elementor-col-100 elementor-top-column elementor-element elementor-element-1646876\" data-id=\"1646876\" data-element_type=\"column\" data-e-type=\"column\">\n\t\t\t<div class=\"elementor-widget-wrap elementor-element-populated\">\n\t\t\t\t\t\t<div class=\"elementor-element elementor-element-29370bc elementor-widget elementor-widget-text-editor\" data-id=\"29370bc\" data-element_type=\"widget\" data-e-type=\"widget\" data-widget_type=\"text-editor.default\">\n\t\t\t\t<div class=\"elementor-widget-container\">\n\t\t\t\t\t\t\t\t\t<p>Bonjour \u00e0 tous,<\/p>\n<p>Bientot disponible chez Alexis de Garibaldi.com pour vous apporter plus de service dont celui du :<\/p>\n<p>* D\u00e9veloppement informatique et marketing digital<\/p>\n<p>Page en cours de cr\u00e9ation.<\/p>\n<p>Les services en plus en rapport avec de cette activit\u00e9 num\u00e9rique suivront dans notre boutique dans la rubrique consulting.<\/p><p>A bient\u00f4t<\/p><p>A2G<\/p>\n<p><br><\/p>\t\t\t\t\t\t\t\t<\/div>\n\t\t\t\t<\/div>\n\t\t\t\t\t<\/div>\n\t\t<\/div>\n\t\t\t\t\t<\/div>\n\t\t<\/section>\n\t\t\t\t<\/div>\n\t\t","protected":false},"excerpt":{"rendered":"<p>Bonjour \u00e0 tous, Bientot disponible chez Alexis de Garibaldi.com pour vous apporter plus de service dont celui du : * D\u00e9veloppement informatique et marketing digital Page en cours de cr\u00e9ation. Les services en plus en rapport avec de cette activit\u00e9 num\u00e9rique suivront dans notre boutique dans la rubrique consulting. A bient\u00f4t A2G<\/p>\n","protected":false},"author":1,"featured_media":293,"parent":525,"menu_order":0,"comment_status":"closed","ping_status":"closed","template":"","meta":{"_eb_attr":"","om_disable_all_campaigns":false,"_monsterinsights_skip_tracking":false,"_monsterinsights_sitenote_active":false,"_monsterinsights_sitenote_note":"","_monsterinsights_sitenote_category":0,"footnotes":""},"class_list":["post-4259","page","type-page","status-publish","has-post-thumbnail","hentry"],"aioseo_notices":[],"jetpack_sharing_enabled":true,"_links":{"self":[{"href":"https:\/\/www.alexisdegaribaldi.com\/index.php\/wp-json\/wp\/v2\/pages\/4259","targetHints":{"allow":["GET"]}}],"collection":[{"href":"https:\/\/www.alexisdegaribaldi.com\/index.php\/wp-json\/wp\/v2\/pages"}],"about":[{"href":"https:\/\/www.alexisdegaribaldi.com\/index.php\/wp-json\/wp\/v2\/types\/page"}],"author":[{"embeddable":true,"href":"https:\/\/www.alexisdegaribaldi.com\/index.php\/wp-json\/wp\/v2\/users\/1"}],"replies":[{"embeddable":true,"href":"https:\/\/www.alexisdegaribaldi.com\/index.php\/wp-json\/wp\/v2\/comments?post=4259"}],"version-history":[{"count":7,"href":"https:\/\/www.alexisdegaribaldi.com\/index.php\/wp-json\/wp\/v2\/pages\/4259\/revisions"}],"predecessor-version":[{"id":4266,"href":"https:\/\/www.alexisdegaribaldi.com\/index.php\/wp-json\/wp\/v2\/pages\/4259\/revisions\/4266"}],"up":[{"embeddable":true,"href":"https:\/\/www.alexisdegaribaldi.com\/index.php\/wp-json\/wp\/v2\/pages\/525"}],"wp:featuredmedia":[{"embeddable":true,"href":"https:\/\/www.alexisdegaribaldi.com\/index.php\/wp-json\/wp\/v2\/media\/293"}],"wp:attachment":[{"href":"https:\/\/www.alexisdegaribaldi.com\/index.php\/wp-json\/wp\/v2\/media?parent=4259"}],"curies":[{"name":"wp","href":"https:\/\/api.w.org\/{rel}","templated":true}]}}