{"id":525,"date":"2022-08-28T11:53:48","date_gmt":"2022-08-28T09:53:48","guid":{"rendered":"https:\/\/www.alexisdegaribaldi.com\/?page_id=525"},"modified":"2025-05-27T19:05:53","modified_gmt":"2025-05-27T17:05:53","slug":"consultant-france-europe-transport-qvct-digital-conduites","status":"publish","type":"page","link":"https:\/\/www.alexisdegaribaldi.com\/index.php\/consultant-france-europe-transport-qvct-digital-conduites\/","title":{"rendered":"CONSULTING The Best Secrets for You"},"content":{"rendered":"\t\t<div data-elementor-type=\"wp-page\" data-elementor-id=\"525\" class=\"elementor elementor-525\">\n\t\t\t\t<div class=\"elementor-element elementor-element-932458d e-flex e-con-boxed e-con e-parent\" data-id=\"932458d\" data-element_type=\"container\" data-e-type=\"container\">\n\t\t\t\t\t<div class=\"e-con-inner\">\n\t\t\t\t<div class=\"elementor-element elementor-element-bc946dd elementor-widget elementor-widget-heading\" data-id=\"bc946dd\" data-element_type=\"widget\" data-e-type=\"widget\" data-widget_type=\"heading.default\">\n\t\t\t\t<div class=\"elementor-widget-container\">\n\t\t\t\t\t<h4 class=\"elementor-heading-title elementor-size-default\">Consulting les Meilleurs Secrets<\/h4>\t\t\t\t<\/div>\n\t\t\t\t<\/div>\n\t\t\t\t\t<\/div>\n\t\t\t\t<\/div>\n\t\t<div class=\"elementor-element elementor-element-9977150 e-flex e-con-boxed e-con e-parent\" data-id=\"9977150\" data-element_type=\"container\" data-e-type=\"container\">\n\t\t\t\t\t<div class=\"e-con-inner\">\n\t\t\t\t<div class=\"elementor-element elementor-element-f07bb4f elementor-widget elementor-widget-text-editor\" data-id=\"f07bb4f\" data-element_type=\"widget\" data-e-type=\"widget\" data-widget_type=\"text-editor.default\">\n\t\t\t\t<div class=\"elementor-widget-container\">\n\t\t\t\t\t\t\t\t\t<p>Bonjour \u00e0 Tous,<\/p>\n<p>Vous trouverz dans ce th\u00e8me les Consulting que nous vous proposons chez Alexis de Garibaldi \u00e0 savoir :<\/p>\t\t\t\t\t\t\t\t<\/div>\n\t\t\t\t<\/div>\n\t\t\t\t\t<\/div>\n\t\t\t\t<\/div>\n\t\t<div class=\"elementor-element elementor-element-a68aafa e-flex e-con-boxed e-con e-parent\" data-id=\"a68aafa\" data-element_type=\"container\" data-e-type=\"container\">\n\t\t\t\t\t<div class=\"e-con-inner\">\n\t\t\t\t<div class=\"elementor-element elementor-element-5d76eaf elementor-widget elementor-widget-heading\" data-id=\"5d76eaf\" data-element_type=\"widget\" data-e-type=\"widget\" data-widget_type=\"heading.default\">\n\t\t\t\t<div class=\"elementor-widget-container\">\n\t\t\t\t\t<h3 class=\"elementor-heading-title elementor-size-default\">Qualit\u00e9 de Vie et Conditions de Travail<\/h3>\t\t\t\t<\/div>\n\t\t\t\t<\/div>\n\t\t\t\t\t<\/div>\n\t\t\t\t<\/div>\n\t\t<div class=\"elementor-element elementor-element-be9cdf3 e-flex e-con-boxed e-con e-parent\" data-id=\"be9cdf3\" data-element_type=\"container\" data-e-type=\"container\">\n\t\t\t\t\t<div class=\"e-con-inner\">\n\t\t\t\t<div class=\"elementor-element elementor-element-d98783e elementor-align-center elementor-invisible elementor-widget elementor-widget-button\" data-id=\"d98783e\" data-element_type=\"widget\" data-e-type=\"widget\" data-settings=\"{&quot;_animation&quot;:&quot;rotateInDownLeft&quot;}\" data-widget_type=\"button.default\">\n\t\t\t\t<div class=\"elementor-widget-container\">\n\t\t\t\t\t\t\t\t\t<div class=\"elementor-button-wrapper\">\n\t\t\t\t\t<a class=\"elementor-button elementor-button-link elementor-size-sm\" href=\"https:\/\/www.alexisdegaribaldi.com\/index.php\/consulting-2\/qvct-qualite-de-vie-et-conditions-de-travail\/\">\n\t\t\t\t\t\t<span class=\"elementor-button-content-wrapper\">\n\t\t\t\t\t\t\t\t\t<span class=\"elementor-button-text\">QVCT<\/span>\n\t\t\t\t\t<\/span>\n\t\t\t\t\t<\/a>\n\t\t\t\t<\/div>\n\t\t\t\t\t\t\t\t<\/div>\n\t\t\t\t<\/div>\n\t\t\t\t\t<\/div>\n\t\t\t\t<\/div>\n\t\t<div class=\"elementor-element elementor-element-2c39ba6 e-flex e-con-boxed e-con e-parent\" data-id=\"2c39ba6\" data-element_type=\"container\" data-e-type=\"container\">\n\t\t\t\t\t<div class=\"e-con-inner\">\n\t\t\t\t<div class=\"elementor-element elementor-element-141ade2 elementor-widget elementor-widget-text-editor\" data-id=\"141ade2\" data-element_type=\"widget\" data-e-type=\"widget\" data-widget_type=\"text-editor.default\">\n\t\t\t\t<div class=\"elementor-widget-container\">\n\t\t\t\t\t\t\t\t\t<p><span style=\"font-size: 16px; color: var( --e-global-color-text ); letter-spacing: 0px; text-align: var(--text-align);\">&#8211; La <\/span><strong style=\"font-size: 16px; color: var( --e-global-color-text ); letter-spacing: 0px; text-align: var(--text-align);\"><span style=\"text-decoration-line: underline;\">QVCT, Qualit\u00e9 de Vie et Conditions de Travail ,<\/span><\/strong><span style=\"font-size: 16px; color: var( --e-global-color-text ); letter-spacing: 0px; text-align: var(--text-align);\"> nous intervenons chez vous \u00e0 votre demande, en accord avec vos partenaires sociaux s&rsquo;il y en a, pour \u00e9valuer la qualit\u00e9 de vie et les conditions au travail , dans votre entreprise, aupr\u00e8s de vos salari\u00e9s.<\/span><\/p>\n<p>C&rsquo;est aussi une intervention orient\u00e9 solution pour vous proposer des pistes d&rsquo;am\u00e9lioration, et si le cas \u00e9ch\u00e9ant vous accompagner dans cette d\u00e9marche de changement et d&rsquo;am\u00e9lioration.<\/p>\n<p>D&rsquo;autres produits vous sont aussi propos\u00e9s \u00e0 la suite de la QVCT, selon vos objectifs&#8230;et votre Budget<\/p>\n<p>\u00a0<\/p>\t\t\t\t\t\t\t\t<\/div>\n\t\t\t\t<\/div>\n\t\t\t\t\t<\/div>\n\t\t\t\t<\/div>\n\t\t<div class=\"elementor-element elementor-element-d951cd5 e-flex e-con-boxed e-con e-parent\" data-id=\"d951cd5\" data-element_type=\"container\" data-e-type=\"container\">\n\t\t\t\t\t<div class=\"e-con-inner\">\n\t\t\t\t<div class=\"elementor-element elementor-element-19fdcca elementor-widget elementor-widget-heading\" data-id=\"19fdcca\" data-element_type=\"widget\" data-e-type=\"widget\" data-widget_type=\"heading.default\">\n\t\t\t\t<div class=\"elementor-widget-container\">\n\t\t\t\t\t<h2 class=\"elementor-heading-title elementor-size-default\">Gestionnaire de Transport<\/h2>\t\t\t\t<\/div>\n\t\t\t\t<\/div>\n\t\t\t\t\t<\/div>\n\t\t\t\t<\/div>\n\t\t<div class=\"elementor-element elementor-element-6ae8c40 e-flex e-con-boxed e-con e-parent\" data-id=\"6ae8c40\" data-element_type=\"container\" data-e-type=\"container\">\n\t\t\t\t\t<div class=\"e-con-inner\">\n\t\t\t\t<div class=\"elementor-element elementor-element-e0a9925 elementor-align-center elementor-invisible elementor-widget elementor-widget-button\" data-id=\"e0a9925\" data-element_type=\"widget\" data-e-type=\"widget\" data-settings=\"{&quot;_animation&quot;:&quot;rotateInDownLeft&quot;}\" data-widget_type=\"button.default\">\n\t\t\t\t<div class=\"elementor-widget-container\">\n\t\t\t\t\t\t\t\t\t<div class=\"elementor-button-wrapper\">\n\t\t\t\t\t<a class=\"elementor-button elementor-button-link elementor-size-sm\" href=\"https:\/\/www.alexisdegaribaldi.com\/index.php\/consultant-france-europe-transport-qvct-digital-conduites\/attestataire-de-capacite-de-transport\/\">\n\t\t\t\t\t\t<span class=\"elementor-button-content-wrapper\">\n\t\t\t\t\t\t\t\t\t<span class=\"elementor-button-text\">Gestionnaire de transport<\/span>\n\t\t\t\t\t<\/span>\n\t\t\t\t\t<\/a>\n\t\t\t\t<\/div>\n\t\t\t\t\t\t\t\t<\/div>\n\t\t\t\t<\/div>\n\t\t\t\t\t<\/div>\n\t\t\t\t<\/div>\n\t\t<div class=\"elementor-element elementor-element-2869bad e-flex e-con-boxed e-con e-parent\" data-id=\"2869bad\" data-element_type=\"container\" data-e-type=\"container\">\n\t\t\t\t\t<div class=\"e-con-inner\">\n\t\t\t\t<div class=\"elementor-element elementor-element-0ddb199 elementor-widget elementor-widget-text-editor\" data-id=\"0ddb199\" data-element_type=\"widget\" data-e-type=\"widget\" data-widget_type=\"text-editor.default\">\n\t\t\t\t<div class=\"elementor-widget-container\">\n\t\t\t\t\t\t\t\t\t<p>&#8211; Dans les <strong><span style=\"text-decoration: underline;\">Activit\u00e9s de Transport de Marchandises<\/span><\/strong> soit\u00a0<\/p><p>\u00a0 \u00a0 \u00a0 \u00a0 \u00a0 \u00a0 \u00a0 \u00a0 \u00a0 \u00a0 \u00a0 \u00a0 \u00a0 \u00a0 \u00a0 \u00a0 \u00a0 \u00a0 * Le<span style=\"text-decoration: underline;\"><strong> Contrat Type de Gestionnaire de transport en Prestation Externe<\/strong> <\/span>pour votre d\u00e9claration en DREAL de votrte Attestataire.<\/p><p>\u00a0 \u00a0 \u00a0 \u00a0 \u00a0 \u00a0 \u00a0 \u00a0 \u00a0 \u00a0 \u00a0 \u00a0 \u00a0 \u00a0 \u00a0 \u00a0 \u00a0 \u00a0 \u00a0* La possibilit\u00e9 de <strong><span style=\"text-decoration: underline;\">souscrire un Contrat avec Nous car vous Cherchez un Gestionnaire de Transport<\/span><\/strong><\/p><p>&#8211; Dans les <strong><span style=\"text-decoration: underline;\">Activit\u00e9s de Diminution de vos Charges<\/span><\/strong>, des formations expr\u00e8s sur la conduite que cela soit, VL,PL,SPL,Bus , une autre approche de la conduite pour diminuer votre Accidentologie, diminuer le Stress au travail, gain de Temps de travail et de Conduite&#8230;<\/p><p>Une approche plus en Amont, plus \u00e0 la source, des interf\u00e9rences, des al\u00e9as, des difficult\u00e9s qui minent votre soci\u00e9t\u00e9.<\/p><p>Parfois une meilleure compr\u00e9hension de l&rsquo;environnement dans lequel ils \u00e9voluent, est n\u00e9cessaire aux conducteurs, pour mieux comprendre les enjeux, les objectifs de l&rsquo;Entreprise\u00a0 qui les emploie.<\/p>\t\t\t\t\t\t\t\t<\/div>\n\t\t\t\t<\/div>\n\t\t\t\t\t<\/div>\n\t\t\t\t<\/div>\n\t\t<div class=\"elementor-element elementor-element-70ebc7f e-flex e-con-boxed e-con e-parent\" data-id=\"70ebc7f\" data-element_type=\"container\" data-e-type=\"container\">\n\t\t\t\t\t<div class=\"e-con-inner\">\n\t\t\t\t<div class=\"elementor-element elementor-element-fc310d3 elementor-widget elementor-widget-heading\" data-id=\"fc310d3\" data-element_type=\"widget\" data-e-type=\"widget\" data-widget_type=\"heading.default\">\n\t\t\t\t<div class=\"elementor-widget-container\">\n\t\t\t\t\t<h3 class=\"elementor-heading-title elementor-size-default\">Conduites<\/h3>\t\t\t\t<\/div>\n\t\t\t\t<\/div>\n\t\t\t\t\t<\/div>\n\t\t\t\t<\/div>\n\t\t<div class=\"elementor-element elementor-element-b99c1a1 e-flex e-con-boxed e-con e-parent\" data-id=\"b99c1a1\" data-element_type=\"container\" data-e-type=\"container\">\n\t\t\t\t\t<div class=\"e-con-inner\">\n\t\t\t\t<div class=\"elementor-element elementor-element-69d80ec elementor-align-center elementor-invisible elementor-widget elementor-widget-button\" data-id=\"69d80ec\" data-element_type=\"widget\" data-e-type=\"widget\" data-settings=\"{&quot;_animation&quot;:&quot;rotateInDownLeft&quot;}\" data-widget_type=\"button.default\">\n\t\t\t\t<div class=\"elementor-widget-container\">\n\t\t\t\t\t\t\t\t\t<div class=\"elementor-button-wrapper\">\n\t\t\t\t\t<a class=\"elementor-button elementor-button-link elementor-size-sm\" href=\"https:\/\/www.alexisdegaribaldi.com\/index.php\/consulting-2\/conduites\/\">\n\t\t\t\t\t\t<span class=\"elementor-button-content-wrapper\">\n\t\t\t\t\t\t\t\t\t<span class=\"elementor-button-text\">Conduites<\/span>\n\t\t\t\t\t<\/span>\n\t\t\t\t\t<\/a>\n\t\t\t\t<\/div>\n\t\t\t\t\t\t\t\t<\/div>\n\t\t\t\t<\/div>\n\t\t\t\t\t<\/div>\n\t\t\t\t<\/div>\n\t\t<div class=\"elementor-element elementor-element-fc00e3a e-flex e-con-boxed e-con e-parent\" data-id=\"fc00e3a\" data-element_type=\"container\" data-e-type=\"container\">\n\t\t\t\t\t<div class=\"e-con-inner\">\n\t\t\t\t<div class=\"elementor-element elementor-element-b7467d0 elementor-widget elementor-widget-text-editor\" data-id=\"b7467d0\" data-element_type=\"widget\" data-e-type=\"widget\" data-widget_type=\"text-editor.default\">\n\t\t\t\t<div class=\"elementor-widget-container\">\n\t\t\t\t\t\t\t\t\t<p><span style=\"font-size: 16px; color: var( --e-global-color-text ); letter-spacing: 0px; text-align: var(--text-align);\">&#8211; Dans nos\u00a0<\/span><strong style=\"font-size: 16px; color: var( --e-global-color-text ); letter-spacing: 0px; text-align: var(--text-align);\"><span style=\"text-decoration-line: underline;\">Activit\u00e9s de Conduite c&rsquo;est aussi une Diminution de vos Charges<\/span><\/strong><span style=\"font-size: 16px; color: var( --e-global-color-text ); letter-spacing: 0px; text-align: var(--text-align);\">, des formations expr\u00e8s sur la conduite que cela soit, VL, PL, SPL, Bus , une autre <strong>approche de la conduite pour diminuer votre Accidentologie, diminuer le Stress au travail, gain de Temps de travail et de Conduite&#8230;<\/strong><\/span><\/p><p>Une approche plus en Amont, plus \u00e0 la source, des interf\u00e9rences, des al\u00e9as, des difficult\u00e9s qui minent votre soci\u00e9t\u00e9.<\/p><p>Pour les<strong> Centres de Formation<\/strong> des <strong>Formations aupr\u00e8s de Formateurs et Enseignant de la conduite<\/strong> pour sortir un stagiaire <strong>\u00a0\u00bb Elite \u00ab\u00a0<\/strong> en moins de 8 heures de conduite<\/p><p>Pour les<strong> Entreprise de Transport<\/strong> des formations <strong>en groupe<\/strong> ou sur <strong>certains conducteurs<\/strong>\u00a0\u00a0<\/p><p>Parfois <strong>une meilleure compr\u00e9hension de l&rsquo;environnement<\/strong> dans lequel ils \u00e9voluent, est n\u00e9cessaire aux conducteurs, pour<strong> mieux comprendre les enjeux, les objectifs de votre Entreprise<\/strong>.<\/p><p>Celle qui les emploie.<\/p>\t\t\t\t\t\t\t\t<\/div>\n\t\t\t\t<\/div>\n\t\t\t\t\t<\/div>\n\t\t\t\t<\/div>\n\t\t<div class=\"elementor-element elementor-element-4ed16f4 e-flex e-con-boxed e-con e-parent\" data-id=\"4ed16f4\" data-element_type=\"container\" data-e-type=\"container\">\n\t\t\t\t\t<div class=\"e-con-inner\">\n\t\t\t\t<div class=\"elementor-element elementor-element-fdb85de elementor-widget elementor-widget-heading\" data-id=\"fdb85de\" data-element_type=\"widget\" data-e-type=\"widget\" data-widget_type=\"heading.default\">\n\t\t\t\t<div class=\"elementor-widget-container\">\n\t\t\t\t\t<h4 class=\"elementor-heading-title elementor-size-default\">Digital \/ R\u00e9seaux \/ SEO<\/h4>\t\t\t\t<\/div>\n\t\t\t\t<\/div>\n\t\t\t\t\t<\/div>\n\t\t\t\t<\/div>\n\t\t\t\t<section class=\"elementor-section elementor-top-section elementor-element elementor-element-35bd6f3 elementor-section-boxed elementor-section-height-default elementor-section-height-default\" data-id=\"35bd6f3\" data-element_type=\"section\" data-e-type=\"section\">\n\t\t\t\t\t\t<div class=\"elementor-container elementor-column-gap-default\">\n\t\t\t\t\t<div class=\"elementor-column elementor-col-33 elementor-top-column elementor-element elementor-element-4e1b742\" data-id=\"4e1b742\" data-element_type=\"column\" data-e-type=\"column\">\n\t\t\t<div class=\"elementor-widget-wrap elementor-element-populated\">\n\t\t\t\t\t\t<div class=\"elementor-element elementor-element-820476f elementor-widget elementor-widget-button\" data-id=\"820476f\" data-element_type=\"widget\" data-e-type=\"widget\" data-widget_type=\"button.default\">\n\t\t\t\t<div class=\"elementor-widget-container\">\n\t\t\t\t\t\t\t\t\t<div class=\"elementor-button-wrapper\">\n\t\t\t\t\t<a class=\"elementor-button elementor-button-link elementor-size-sm\" href=\"#\">\n\t\t\t\t\t\t<span class=\"elementor-button-content-wrapper\">\n\t\t\t\t\t\t\t\t\t<span class=\"elementor-button-text\">DIGITAL &amp; Num\u00e9rique<\/span>\n\t\t\t\t\t<\/span>\n\t\t\t\t\t<\/a>\n\t\t\t\t<\/div>\n\t\t\t\t\t\t\t\t<\/div>\n\t\t\t\t<\/div>\n\t\t\t\t\t<\/div>\n\t\t<\/div>\n\t\t\t\t<div class=\"elementor-column elementor-col-33 elementor-top-column elementor-element elementor-element-280d4c3\" data-id=\"280d4c3\" data-element_type=\"column\" data-e-type=\"column\">\n\t\t\t<div class=\"elementor-widget-wrap elementor-element-populated\">\n\t\t\t\t\t\t<div class=\"elementor-element elementor-element-8d88291 elementor-widget elementor-widget-button\" data-id=\"8d88291\" data-element_type=\"widget\" data-e-type=\"widget\" data-widget_type=\"button.default\">\n\t\t\t\t<div class=\"elementor-widget-container\">\n\t\t\t\t\t\t\t\t\t<div class=\"elementor-button-wrapper\">\n\t\t\t\t\t<a class=\"elementor-button elementor-button-link elementor-size-sm\" href=\"https:\/\/www.alexisdegaribaldi.com\/index.php\/consultant-france-europe-transport-qvct-digital-conduites\/creation-de-site-internet-word-press\/\">\n\t\t\t\t\t\t<span class=\"elementor-button-content-wrapper\">\n\t\t\t\t\t\t\t\t\t<span class=\"elementor-button-text\">Cr\u00e9ation de site interet<\/span>\n\t\t\t\t\t<\/span>\n\t\t\t\t\t<\/a>\n\t\t\t\t<\/div>\n\t\t\t\t\t\t\t\t<\/div>\n\t\t\t\t<\/div>\n\t\t\t\t\t<\/div>\n\t\t<\/div>\n\t\t\t\t<div class=\"elementor-column elementor-col-33 elementor-top-column elementor-element elementor-element-3b2067c\" data-id=\"3b2067c\" data-element_type=\"column\" data-e-type=\"column\">\n\t\t\t<div class=\"elementor-widget-wrap elementor-element-populated\">\n\t\t\t\t\t\t<div class=\"elementor-element elementor-element-dd30cef elementor-widget elementor-widget-button\" data-id=\"dd30cef\" data-element_type=\"widget\" data-e-type=\"widget\" data-widget_type=\"button.default\">\n\t\t\t\t<div class=\"elementor-widget-container\">\n\t\t\t\t\t\t\t\t\t<div class=\"elementor-button-wrapper\">\n\t\t\t\t\t<a class=\"elementor-button elementor-button-link elementor-size-sm\" href=\"#\">\n\t\t\t\t\t\t<span class=\"elementor-button-content-wrapper\">\n\t\t\t\t\t\t\t\t\t<span class=\"elementor-button-text\">SEO<\/span>\n\t\t\t\t\t<\/span>\n\t\t\t\t\t<\/a>\n\t\t\t\t<\/div>\n\t\t\t\t\t\t\t\t<\/div>\n\t\t\t\t<\/div>\n\t\t\t\t\t<\/div>\n\t\t<\/div>\n\t\t\t\t\t<\/div>\n\t\t<\/section>\n\t\t\t\t<\/div>\n\t\t","protected":false},"excerpt":{"rendered":"<p>Consulting les Meilleurs Secrets Bonjour \u00e0 Tous, Vous trouverz dans ce th\u00e8me les Consulting que nous vous proposons chez Alexis de Garibaldi \u00e0 savoir : Qualit\u00e9 de Vie et Conditions de Travail QVCT &#8211; La QVCT, Qualit\u00e9 de Vie et Conditions de Travail , nous intervenons chez vous \u00e0 votre demande, en accord avec vos <a class=\"read-more\" href=\"https:\/\/www.alexisdegaribaldi.com\/index.php\/consultant-france-europe-transport-qvct-digital-conduites\/\">READ MORE<\/a><\/p>\n","protected":false},"author":2,"featured_media":4302,"parent":0,"menu_order":0,"comment_status":"closed","ping_status":"closed","template":"","meta":{"_eb_attr":"","om_disable_all_campaigns":false,"_monsterinsights_skip_tracking":false,"_monsterinsights_sitenote_active":false,"_monsterinsights_sitenote_note":"","_monsterinsights_sitenote_category":0,"footnotes":""},"class_list":["post-525","page","type-page","status-publish","has-post-thumbnail","hentry"],"aioseo_notices":[],"jetpack_sharing_enabled":true,"_links":{"self":[{"href":"https:\/\/www.alexisdegaribaldi.com\/index.php\/wp-json\/wp\/v2\/pages\/525","targetHints":{"allow":["GET"]}}],"collection":[{"href":"https:\/\/www.alexisdegaribaldi.com\/index.php\/wp-json\/wp\/v2\/pages"}],"about":[{"href":"https:\/\/www.alexisdegaribaldi.com\/index.php\/wp-json\/wp\/v2\/types\/page"}],"author":[{"embeddable":true,"href":"https:\/\/www.alexisdegaribaldi.com\/index.php\/wp-json\/wp\/v2\/users\/2"}],"replies":[{"embeddable":true,"href":"https:\/\/www.alexisdegaribaldi.com\/index.php\/wp-json\/wp\/v2\/comments?post=525"}],"version-history":[{"count":86,"href":"https:\/\/www.alexisdegaribaldi.com\/index.php\/wp-json\/wp\/v2\/pages\/525\/revisions"}],"predecessor-version":[{"id":6760,"href":"https:\/\/www.alexisdegaribaldi.com\/index.php\/wp-json\/wp\/v2\/pages\/525\/revisions\/6760"}],"wp:featuredmedia":[{"embeddable":true,"href":"https:\/\/www.alexisdegaribaldi.com\/index.php\/wp-json\/wp\/v2\/media\/4302"}],"wp:attachment":[{"href":"https:\/\/www.alexisdegaribaldi.com\/index.php\/wp-json\/wp\/v2\/media?parent=525"}],"curies":[{"name":"wp","href":"https:\/\/api.w.org\/{rel}","templated":true}]}}