{"id":6330,"date":"2025-05-21T17:48:16","date_gmt":"2025-05-21T15:48:16","guid":{"rendered":"https:\/\/www.alexisdegaribaldi.com\/?page_id=6330"},"modified":"2025-05-26T15:18:23","modified_gmt":"2025-05-26T13:18:23","slug":"individuation-the-very-best-process","status":"publish","type":"page","link":"https:\/\/www.alexisdegaribaldi.com\/index.php\/individuation-the-very-best-process\/","title":{"rendered":"INDIVIDUATION The Very Best Process"},"content":{"rendered":"\t\t<div data-elementor-type=\"wp-page\" data-elementor-id=\"6330\" class=\"elementor elementor-6330\">\n\t\t\t\t<div class=\"elementor-element elementor-element-4963929 e-flex e-con-boxed e-con e-parent\" data-id=\"4963929\" data-element_type=\"container\" data-e-type=\"container\">\n\t\t\t\t\t<div class=\"e-con-inner\">\n\t\t\t\t<div class=\"elementor-element elementor-element-921d014 elementor-widget elementor-widget-heading\" data-id=\"921d014\" data-element_type=\"widget\" data-e-type=\"widget\" data-widget_type=\"heading.default\">\n\t\t\t\t<div class=\"elementor-widget-container\">\n\t\t\t\t\t<h1 class=\"elementor-heading-title elementor-size-default\">INDIVIDUATION le meilleur des process<\/h1>\t\t\t\t<\/div>\n\t\t\t\t<\/div>\n\t\t\t\t\t<\/div>\n\t\t\t\t<\/div>\n\t\t<div class=\"elementor-element elementor-element-97707cf e-flex e-con-boxed e-con e-parent\" data-id=\"97707cf\" data-element_type=\"container\" data-e-type=\"container\">\n\t\t\t\t\t<div class=\"e-con-inner\">\n\t\t\t\t<div class=\"elementor-element elementor-element-516c3b0 elementor-widget elementor-widget-text-editor\" data-id=\"516c3b0\" data-element_type=\"widget\" data-e-type=\"widget\" data-widget_type=\"text-editor.default\">\n\t\t\t\t<div class=\"elementor-widget-container\">\n\t\t\t\t\t\t\t\t\t<p>L&rsquo;INDIVIDUATION selon C.JUNG est un process complexe qui permet effectivement d&rsquo;aller chercher \u00e0 l&rsquo;int\u00e9rieur de vous m\u00eame plusieurs \u00e9l\u00e9ments du SOI, mais pas que&#8230;<\/p>\t\t\t\t\t\t\t\t<\/div>\n\t\t\t\t<\/div>\n\t\t\t\t\t<\/div>\n\t\t\t\t<\/div>\n\t\t<div class=\"elementor-element elementor-element-b468a69 e-flex e-con-boxed e-con e-parent\" data-id=\"b468a69\" data-element_type=\"container\" data-e-type=\"container\">\n\t\t\t\t\t<div class=\"e-con-inner\">\n\t\t\t\t<div class=\"elementor-element elementor-element-d2cf8a4 elementor-widget elementor-widget-heading\" data-id=\"d2cf8a4\" data-element_type=\"widget\" data-e-type=\"widget\" data-widget_type=\"heading.default\">\n\t\t\t\t<div class=\"elementor-widget-container\">\n\t\t\t\t\t<h2 class=\"elementor-heading-title elementor-size-default\">R\u00e9aliser Mon Process D' INDIVIDUATiON<\/h2>\t\t\t\t<\/div>\n\t\t\t\t<\/div>\n\t\t\t\t\t<\/div>\n\t\t\t\t<\/div>\n\t\t<div class=\"elementor-element elementor-element-e0c5fde e-flex e-con-boxed e-con e-parent\" data-id=\"e0c5fde\" data-element_type=\"container\" data-e-type=\"container\">\n\t\t\t\t\t<div class=\"e-con-inner\">\n\t\t\t\t<div class=\"elementor-element elementor-element-5e14fd5 elementor-align-center elementor-widget elementor-widget-button\" data-id=\"5e14fd5\" data-element_type=\"widget\" data-e-type=\"widget\" data-widget_type=\"button.default\">\n\t\t\t\t<div class=\"elementor-widget-container\">\n\t\t\t\t\t\t\t\t\t<div class=\"elementor-button-wrapper\">\n\t\t\t\t\t<a class=\"elementor-button elementor-button-link elementor-size-sm\" href=\"https:\/\/www.alexisdegaribaldi.com\/index.php\/realiser-mon-individuation\/\">\n\t\t\t\t\t\t<span class=\"elementor-button-content-wrapper\">\n\t\t\t\t\t\t\t\t\t<span class=\"elementor-button-text\">R\u00e9aliser mon<br> Process d' INDIVIDUATION <\/span>\n\t\t\t\t\t<\/span>\n\t\t\t\t\t<\/a>\n\t\t\t\t<\/div>\n\t\t\t\t\t\t\t\t<\/div>\n\t\t\t\t<\/div>\n\t\t\t\t\t<\/div>\n\t\t\t\t<\/div>\n\t\t<div class=\"elementor-element elementor-element-e3d0a15 e-flex e-con-boxed e-con e-parent\" data-id=\"e3d0a15\" data-element_type=\"container\" data-e-type=\"container\">\n\t\t\t\t\t<div class=\"e-con-inner\">\n\t\t\t\t<div class=\"elementor-element elementor-element-869f9db elementor-widget elementor-widget-text-editor\" data-id=\"869f9db\" data-element_type=\"widget\" data-e-type=\"widget\" data-widget_type=\"text-editor.default\">\n\t\t\t\t<div class=\"elementor-widget-container\">\n\t\t\t\t\t\t\t\t\t<p>Que vous soyez sur Toulouse, en France en Europe ou n&rsquo;importe ou dans le Monde vous pouvez r\u00e9aliser votre process d&rsquo;<strong> INDIVIDUATION<\/strong><\/p><p>N\u00e9anmoins vous avez besoin d<strong>&lsquo;\u00eatre guid\u00e9, accompagn\u00e9<\/strong> pour vous permettre d&rsquo;<strong>y parvenir r\u00e9ellement<\/strong><\/p><p>Oui, l&rsquo;<strong> INDIVIDUATION est un parcours complexe<\/strong>, et, peut \u00eatre p\u00e9rilleux si vous ne le r\u00e9alisez pas dans de bonnes conditions et dans son<strong> int\u00e9gralit\u00e9 e<\/strong>n oubliant <strong>certaines \u00e9tapes<\/strong>.<\/p><p>Ou en franchissant des \u00e9tapes dans le d\u00e9sordre.<\/p><p>Je n&rsquo;entrerais pas ici dans les d\u00e9tails, pour des raisons professionnelles, psychologique et aussi commerciale.<\/p><p>Mais n&rsquo;ayez aucune inqui\u00e9tude vous recevrez le sch\u00e9ma complet et complexe qui correspond \u00e0 ce process,<\/p><p>La trame, le mind mapping, le menu, le programme quelque soit le nom que vous souhaitez lui donner, il est un ensemble, un rouage, un maillage bien pr\u00e9cis et complexe, qui est situ\u00e9 dans un espace temps, dans un environnement pr\u00e9cis et vous y \u00eates l&rsquo;\u00e9l\u00e9ment principal.<\/p><p><strong>Votre Histoire de Vie<\/strong> en est une partie, comme beaucoup d&rsquo;\u00e9l\u00e9ments qui vous constituent.<\/p><p>Mais <strong>il y a plus encore.<\/strong><\/p><p>Faire sont process d&rsquo;individuation est un cran bien au dessus que de r\u00e9aliser son IKIGAI.<\/p><p>Il est <strong>une compr\u00e9hension du SOI et une m\u00e9tamorphose<\/strong> vers <strong>la meilleure version de vous m\u00eame<\/strong><\/p><p><strong>Bien plus loin que trouver votre Raison d&rsquo;Etre<\/strong>, il est <strong>un apprentissage de votre potentialit\u00e9 et une ouverture vers une version Plus Forte de vous m\u00eame<\/strong>, Plus Elucid\u00e9.<\/p><p>Concevoir et R\u00e9aliser les choses sous un autre angle et agir autrement.<\/p><p>Que cela soit avec vous m\u00eame, mais aussi avec les autres.<\/p><p>Travailler avec nous est la garantie de l&rsquo;apprentissage de toutes les \u00e9tapes n\u00e9cessaires, et de leur r\u00e9alisation, ainsi que l&rsquo;apprentissage et la ma\u00eetrise de tous les outils qui vont vous accompagner dans ce process.<\/p><p>Ainsi que la mise en place Neurologique de Nouveaux Programmes de Vie<\/p><p>Comme une montre Suisse vous allez d\u00e9couvrir tous les m\u00e9canismes, les rouages qui constituent votre ETRE.<\/p><p>Leur fonctionnement, pour pouvoir interagir avec eux.<\/p><p>Et vous permettre de voir choses sous un autre angle et de faire des VRAI CHOIX.<\/p>\t\t\t\t\t\t\t\t<\/div>\n\t\t\t\t<\/div>\n\t\t\t\t\t<\/div>\n\t\t\t\t<\/div>\n\t\t<div class=\"elementor-element elementor-element-0dd1887 e-flex e-con-boxed e-con e-parent\" data-id=\"0dd1887\" data-element_type=\"container\" data-e-type=\"container\">\n\t\t\t\t\t<div class=\"e-con-inner\">\n\t\t\t\t<div class=\"elementor-element elementor-element-f2b2203 elementor-align-center elementor-widget elementor-widget-button\" data-id=\"f2b2203\" data-element_type=\"widget\" data-e-type=\"widget\" data-widget_type=\"button.default\">\n\t\t\t\t<div class=\"elementor-widget-container\">\n\t\t\t\t\t\t\t\t\t<div class=\"elementor-button-wrapper\">\n\t\t\t\t\t<a class=\"elementor-button elementor-button-link elementor-size-sm\" href=\"https:\/\/www.alexisdegaribaldi.com\/index.php\/realiser-mon-individuation\/\">\n\t\t\t\t\t\t<span class=\"elementor-button-content-wrapper\">\n\t\t\t\t\t\t\t\t\t<span class=\"elementor-button-text\">REALISER MON INDIVIDUATION<\/span>\n\t\t\t\t\t<\/span>\n\t\t\t\t\t<\/a>\n\t\t\t\t<\/div>\n\t\t\t\t\t\t\t\t<\/div>\n\t\t\t\t<\/div>\n\t\t\t\t\t<\/div>\n\t\t\t\t<\/div>\n\t\t<div class=\"elementor-element elementor-element-a9799d2 e-flex e-con-boxed e-con e-parent\" data-id=\"a9799d2\" data-element_type=\"container\" data-e-type=\"container\">\n\t\t\t\t\t<div class=\"e-con-inner\">\n\t\t\t\t<div class=\"elementor-element elementor-element-eb0d9de elementor-widget elementor-widget-image\" data-id=\"eb0d9de\" data-element_type=\"widget\" data-e-type=\"widget\" data-widget_type=\"image.default\">\n\t\t\t\t<div class=\"elementor-widget-container\">\n\t\t\t\t\t\t\t\t\t\t\t\t\t\t\t<img fetchpriority=\"high\" decoding=\"async\" width=\"837\" height=\"660\" src=\"https:\/\/i0.wp.com\/www.alexisdegaribaldi.com\/wp-content\/uploads\/2024\/04\/cropped-Surprise.jpg?fit=837%2C660&amp;ssl=1\" class=\"attachment-large size-large wp-image-5595\" alt=\"\" srcset=\"https:\/\/i0.wp.com\/www.alexisdegaribaldi.com\/wp-content\/uploads\/2024\/04\/cropped-Surprise.jpg?w=1023&amp;ssl=1 1023w, https:\/\/i0.wp.com\/www.alexisdegaribaldi.com\/wp-content\/uploads\/2024\/04\/cropped-Surprise.jpg?resize=300%2C237&amp;ssl=1 300w, https:\/\/i0.wp.com\/www.alexisdegaribaldi.com\/wp-content\/uploads\/2024\/04\/cropped-Surprise.jpg?resize=768%2C606&amp;ssl=1 768w, https:\/\/i0.wp.com\/www.alexisdegaribaldi.com\/wp-content\/uploads\/2024\/04\/cropped-Surprise.jpg?resize=200%2C158&amp;ssl=1 200w, https:\/\/i0.wp.com\/www.alexisdegaribaldi.com\/wp-content\/uploads\/2024\/04\/cropped-Surprise.jpg?resize=600%2C473&amp;ssl=1 600w\" sizes=\"(max-width: 837px) 100vw, 837px\" \/>\t\t\t\t\t\t\t\t\t\t\t\t\t\t\t<\/div>\n\t\t\t\t<\/div>\n\t\t\t\t\t<\/div>\n\t\t\t\t<\/div>\n\t\t<div class=\"elementor-element elementor-element-9032e99 e-flex e-con-boxed e-con e-parent\" data-id=\"9032e99\" data-element_type=\"container\" data-e-type=\"container\">\n\t\t\t\t\t<div class=\"e-con-inner\">\n\t\t\t\t<div class=\"elementor-element elementor-element-f53cec7 elementor-align-center elementor-widget elementor-widget-button\" data-id=\"f53cec7\" data-element_type=\"widget\" data-e-type=\"widget\" data-widget_type=\"button.default\">\n\t\t\t\t<div class=\"elementor-widget-container\">\n\t\t\t\t\t\t\t\t\t<div class=\"elementor-button-wrapper\">\n\t\t\t\t\t<a class=\"elementor-button elementor-button-link elementor-size-sm\" href=\"tel:+33645315702\">\n\t\t\t\t\t\t<span class=\"elementor-button-content-wrapper\">\n\t\t\t\t\t\t<span class=\"elementor-button-icon\">\n\t\t\t\t<svg aria-hidden=\"true\" class=\"e-font-icon-svg e-fas-phone-alt\" viewBox=\"0 0 512 512\" xmlns=\"http:\/\/www.w3.org\/2000\/svg\"><path d=\"M497.39 361.8l-112-48a24 24 0 0 0-28 6.9l-49.6 60.6A370.66 370.66 0 0 1 130.6 204.11l60.6-49.6a23.94 23.94 0 0 0 6.9-28l-48-112A24.16 24.16 0 0 0 122.6.61l-104 24A24 24 0 0 0 0 48c0 256.5 207.9 464 464 464a24 24 0 0 0 23.4-18.6l24-104a24.29 24.29 0 0 0-14.01-27.6z\"><\/path><\/svg>\t\t\t<\/span>\n\t\t\t\t\t\t\t\t\t<span class=\"elementor-button-text\">Contactez nous si besoin d'informations sp\u00e9cifiques<\/span>\n\t\t\t\t\t<\/span>\n\t\t\t\t\t<\/a>\n\t\t\t\t<\/div>\n\t\t\t\t\t\t\t\t<\/div>\n\t\t\t\t<\/div>\n\t\t\t\t\t<\/div>\n\t\t\t\t<\/div>\n\t\t<div class=\"elementor-element elementor-element-ec76732 e-flex e-con-boxed e-con e-parent\" data-id=\"ec76732\" data-element_type=\"container\" data-e-type=\"container\">\n\t\t\t\t\t<div class=\"e-con-inner\">\n\t\t\t\t<div class=\"elementor-element elementor-element-5d1d9bf elementor-widget elementor-widget-text-editor\" data-id=\"5d1d9bf\" data-element_type=\"widget\" data-e-type=\"widget\" data-widget_type=\"text-editor.default\">\n\t\t\t\t<div class=\"elementor-widget-container\">\n\t\t\t\t\t\t\t\t\t<p>En quelques mots voici ce que cela repr\u00e9sente dans l&rsquo;ensemble.<\/p><p>Cela ne vous donnera pas Notre process mais probablement certaines informations compl\u00e8tes.<\/p><p>Plut\u00f4t que faire une vid\u00e9o similaire moi-m\u00eame je pr\u00e9f\u00e8re vous faire d\u00e9couvrir celle la.<\/p><p>Ainsi vous pourrez faire vous m\u00eame votre propre choix.<\/p><p>Travailler avec nous, ou Continuer seul et probablement y arriver en bon autodidacte.<\/p><p>Je vous laisse d\u00e9couvrir par vous m\u00eame en 14 modestes minutes&#8230;<\/p><p>Bien Cordialement \u00e0 Vous<\/p><p>A2G<\/p>\t\t\t\t\t\t\t\t<\/div>\n\t\t\t\t<\/div>\n\t\t\t\t\t<\/div>\n\t\t\t\t<\/div>\n\t\t<div class=\"elementor-element elementor-element-fbe8bfe e-flex e-con-boxed e-con e-parent\" data-id=\"fbe8bfe\" data-element_type=\"container\" data-e-type=\"container\">\n\t\t\t\t\t<div class=\"e-con-inner\">\n\t\t\t\t<div class=\"elementor-element elementor-element-f06df40 elementor-widget elementor-widget-video\" data-id=\"f06df40\" data-element_type=\"widget\" data-e-type=\"widget\" data-settings=\"{&quot;youtube_url&quot;:&quot;https:\\\/\\\/youtu.be\\\/ky-K2rLiAWk?si=rSK-ftEOJlP4BuSe&quot;,&quot;video_type&quot;:&quot;youtube&quot;,&quot;controls&quot;:&quot;yes&quot;}\" data-widget_type=\"video.default\">\n\t\t\t\t<div class=\"elementor-widget-container\">\n\t\t\t\t\t\t\t<div class=\"elementor-wrapper elementor-open-inline\">\n\t\t\t<div class=\"elementor-video\"><\/div>\t\t<\/div>\n\t\t\t\t\t\t<\/div>\n\t\t\t\t<\/div>\n\t\t\t\t\t<\/div>\n\t\t\t\t<\/div>\n\t\t<div class=\"elementor-element elementor-element-79d82f7 e-flex e-con-boxed e-con e-parent\" data-id=\"79d82f7\" data-element_type=\"container\" data-e-type=\"container\">\n\t\t\t\t\t<div class=\"e-con-inner\">\n\t\t\t\t<div class=\"elementor-element elementor-element-a18a5e0 elementor-widget elementor-widget-text-editor\" data-id=\"a18a5e0\" data-element_type=\"widget\" data-e-type=\"widget\" data-widget_type=\"text-editor.default\">\n\t\t\t\t<div class=\"elementor-widget-container\">\n\t\t\t\t\t\t\t\t\t<p>Et encore ces deux vid\u00e9o<\/p><p>\u00a0Cela pour vous permettre de faire un VRAI choix&#8230;<\/p><p>Car OUI le chemin vers l&rsquo;INDIVIDUATION est une lib\u00e9ration.<\/p><p>Comme l&rsquo;explique Platon avec son all\u00e9gorie<\/p>\t\t\t\t\t\t\t\t<\/div>\n\t\t\t\t<\/div>\n\t\t\t\t\t<\/div>\n\t\t\t\t<\/div>\n\t\t<div class=\"elementor-element elementor-element-eeebdeb e-flex e-con-boxed e-con e-parent\" data-id=\"eeebdeb\" data-element_type=\"container\" data-e-type=\"container\">\n\t\t\t\t\t<div class=\"e-con-inner\">\n\t\t\t\t<div class=\"elementor-element elementor-element-257339c elementor-widget elementor-widget-video\" data-id=\"257339c\" data-element_type=\"widget\" data-e-type=\"widget\" data-settings=\"{&quot;youtube_url&quot;:&quot;https:\\\/\\\/youtu.be\\\/9YFXGvb2Yfc?si=a8PooLbLUYFRcbBv&quot;,&quot;video_type&quot;:&quot;youtube&quot;,&quot;controls&quot;:&quot;yes&quot;}\" data-widget_type=\"video.default\">\n\t\t\t\t<div class=\"elementor-widget-container\">\n\t\t\t\t\t\t\t<div class=\"elementor-wrapper elementor-open-inline\">\n\t\t\t<div class=\"elementor-video\"><\/div>\t\t<\/div>\n\t\t\t\t\t\t<\/div>\n\t\t\t\t<\/div>\n\t\t\t\t\t<\/div>\n\t\t\t\t<\/div>\n\t\t<div class=\"elementor-element elementor-element-065d293 e-flex e-con-boxed e-con e-parent\" data-id=\"065d293\" data-element_type=\"container\" data-e-type=\"container\">\n\t\t\t\t\t<div class=\"e-con-inner\">\n\t\t\t\t<div class=\"elementor-element elementor-element-7a710e0 elementor-align-center elementor-widget elementor-widget-button\" data-id=\"7a710e0\" data-element_type=\"widget\" data-e-type=\"widget\" data-widget_type=\"button.default\">\n\t\t\t\t<div class=\"elementor-widget-container\">\n\t\t\t\t\t\t\t\t\t<div class=\"elementor-button-wrapper\">\n\t\t\t\t\t<a class=\"elementor-button elementor-button-link elementor-size-sm\" href=\"https:\/\/www.alexisdegaribaldi.com\/index.php\/realiser-mon-individuation\/\">\n\t\t\t\t\t\t<span class=\"elementor-button-content-wrapper\">\n\t\t\t\t\t\t\t\t\t<span class=\"elementor-button-text\">REALISER MON INDIVIDUATION<\/span>\n\t\t\t\t\t<\/span>\n\t\t\t\t\t<\/a>\n\t\t\t\t<\/div>\n\t\t\t\t\t\t\t\t<\/div>\n\t\t\t\t<\/div>\n\t\t\t\t\t<\/div>\n\t\t\t\t<\/div>\n\t\t<div class=\"elementor-element elementor-element-0f3767a e-flex e-con-boxed e-con e-parent\" data-id=\"0f3767a\" data-element_type=\"container\" data-e-type=\"container\">\n\t\t\t\t\t<div class=\"e-con-inner\">\n\t\t\t\t<div class=\"elementor-element elementor-element-2181d6d elementor-widget elementor-widget-video\" data-id=\"2181d6d\" data-element_type=\"widget\" data-e-type=\"widget\" data-settings=\"{&quot;youtube_url&quot;:&quot;https:\\\/\\\/youtu.be\\\/oPYAIHswc1E?si=J3rEJaERvwdvYa5K&quot;,&quot;video_type&quot;:&quot;youtube&quot;,&quot;controls&quot;:&quot;yes&quot;}\" data-widget_type=\"video.default\">\n\t\t\t\t<div class=\"elementor-widget-container\">\n\t\t\t\t\t\t\t<div class=\"elementor-wrapper elementor-open-inline\">\n\t\t\t<div class=\"elementor-video\"><\/div>\t\t<\/div>\n\t\t\t\t\t\t<\/div>\n\t\t\t\t<\/div>\n\t\t\t\t\t<\/div>\n\t\t\t\t<\/div>\n\t\t<div class=\"elementor-element elementor-element-1a361cc e-flex e-con-boxed e-con e-parent\" data-id=\"1a361cc\" data-element_type=\"container\" data-e-type=\"container\">\n\t\t\t\t\t<div class=\"e-con-inner\">\n\t\t\t\t<div class=\"elementor-element elementor-element-1a0e57a elementor-widget elementor-widget-video\" data-id=\"1a0e57a\" data-element_type=\"widget\" data-e-type=\"widget\" data-settings=\"{&quot;youtube_url&quot;:&quot;https:\\\/\\\/youtu.be\\\/Rs7BCXDKH1o?si=pQeU8j0Wuwk4e9n3&quot;,&quot;video_type&quot;:&quot;youtube&quot;,&quot;controls&quot;:&quot;yes&quot;}\" data-widget_type=\"video.default\">\n\t\t\t\t<div class=\"elementor-widget-container\">\n\t\t\t\t\t\t\t<div class=\"elementor-wrapper elementor-open-inline\">\n\t\t\t<div class=\"elementor-video\"><\/div>\t\t<\/div>\n\t\t\t\t\t\t<\/div>\n\t\t\t\t<\/div>\n\t\t\t\t\t<\/div>\n\t\t\t\t<\/div>\n\t\t<div class=\"elementor-element elementor-element-4d042c9 e-flex e-con-boxed e-con e-parent\" data-id=\"4d042c9\" data-element_type=\"container\" data-e-type=\"container\">\n\t\t\t\t\t<div class=\"e-con-inner\">\n\t\t\t\t<div class=\"elementor-element elementor-element-bbffd34 elementor-align-center elementor-widget elementor-widget-button\" data-id=\"bbffd34\" data-element_type=\"widget\" data-e-type=\"widget\" data-widget_type=\"button.default\">\n\t\t\t\t<div class=\"elementor-widget-container\">\n\t\t\t\t\t\t\t\t\t<div class=\"elementor-button-wrapper\">\n\t\t\t\t\t<a class=\"elementor-button elementor-button-link elementor-size-sm\" href=\"https:\/\/www.alexisdegaribaldi.com\/index.php\/realiser-mon-individuation\/\">\n\t\t\t\t\t\t<span class=\"elementor-button-content-wrapper\">\n\t\t\t\t\t\t\t\t\t<span class=\"elementor-button-text\">REALISER MON INDIVIDUATION<\/span>\n\t\t\t\t\t<\/span>\n\t\t\t\t\t<\/a>\n\t\t\t\t<\/div>\n\t\t\t\t\t\t\t\t<\/div>\n\t\t\t\t<\/div>\n\t\t\t\t\t<\/div>\n\t\t\t\t<\/div>\n\t\t\t\t<\/div>\n\t\t","protected":false},"excerpt":{"rendered":"<p>INDIVIDUATION le meilleur des process L&rsquo;INDIVIDUATION selon C.JUNG est un process complexe qui permet effectivement d&rsquo;aller chercher \u00e0 l&rsquo;int\u00e9rieur de vous m\u00eame plusieurs \u00e9l\u00e9ments du SOI, mais pas que&#8230; R\u00e9aliser Mon Process D&rsquo; INDIVIDUATiON R\u00e9aliser mon Process d&rsquo; INDIVIDUATION Que vous soyez sur Toulouse, en France en Europe ou n&rsquo;importe ou dans le Monde vous <a class=\"read-more\" href=\"https:\/\/www.alexisdegaribaldi.com\/index.php\/individuation-the-very-best-process\/\">READ MORE<\/a><\/p>\n","protected":false},"author":1,"featured_media":3267,"parent":0,"menu_order":0,"comment_status":"closed","ping_status":"closed","template":"","meta":{"_eb_attr":"","om_disable_all_campaigns":false,"_monsterinsights_skip_tracking":false,"_monsterinsights_sitenote_active":false,"_monsterinsights_sitenote_note":"","_monsterinsights_sitenote_category":0,"footnotes":""},"class_list":["post-6330","page","type-page","status-publish","has-post-thumbnail","hentry"],"aioseo_notices":[],"jetpack_sharing_enabled":true,"_links":{"self":[{"href":"https:\/\/www.alexisdegaribaldi.com\/index.php\/wp-json\/wp\/v2\/pages\/6330","targetHints":{"allow":["GET"]}}],"collection":[{"href":"https:\/\/www.alexisdegaribaldi.com\/index.php\/wp-json\/wp\/v2\/pages"}],"about":[{"href":"https:\/\/www.alexisdegaribaldi.com\/index.php\/wp-json\/wp\/v2\/types\/page"}],"author":[{"embeddable":true,"href":"https:\/\/www.alexisdegaribaldi.com\/index.php\/wp-json\/wp\/v2\/users\/1"}],"replies":[{"embeddable":true,"href":"https:\/\/www.alexisdegaribaldi.com\/index.php\/wp-json\/wp\/v2\/comments?post=6330"}],"version-history":[{"count":85,"href":"https:\/\/www.alexisdegaribaldi.com\/index.php\/wp-json\/wp\/v2\/pages\/6330\/revisions"}],"predecessor-version":[{"id":6577,"href":"https:\/\/www.alexisdegaribaldi.com\/index.php\/wp-json\/wp\/v2\/pages\/6330\/revisions\/6577"}],"wp:featuredmedia":[{"embeddable":true,"href":"https:\/\/www.alexisdegaribaldi.com\/index.php\/wp-json\/wp\/v2\/media\/3267"}],"wp:attachment":[{"href":"https:\/\/www.alexisdegaribaldi.com\/index.php\/wp-json\/wp\/v2\/media?parent=6330"}],"curies":[{"name":"wp","href":"https:\/\/api.w.org\/{rel}","templated":true}]}}