{"id":7743,"date":"2026-02-06T14:54:18","date_gmt":"2026-02-06T13:54:18","guid":{"rendered":"https:\/\/www.alexisdegaribaldi.com\/?page_id=7743"},"modified":"2026-02-06T15:03:50","modified_gmt":"2026-02-06T14:03:50","slug":"atelier-4","status":"publish","type":"page","link":"https:\/\/www.alexisdegaribaldi.com\/index.php\/atelier-4\/","title":{"rendered":"ATELIER 4 bis"},"content":{"rendered":"\t\t<div data-elementor-type=\"wp-page\" data-elementor-id=\"7743\" class=\"elementor elementor-7743\">\n\t\t\t\t<div class=\"elementor-element elementor-element-e48b04d e-flex e-con-boxed e-con e-parent\" data-id=\"e48b04d\" data-element_type=\"container\" data-e-type=\"container\">\n\t\t\t\t\t<div class=\"e-con-inner\">\n\t\t\t\t<div class=\"elementor-element elementor-element-34fca7c elementor-widget elementor-widget-text-editor\" data-id=\"34fca7c\" data-element_type=\"widget\" data-e-type=\"widget\" data-widget_type=\"text-editor.default\">\n\t\t\t\t<div class=\"elementor-widget-container\">\n\t\t\t\t\t\t\t\t\t<div class=\"post-header\"><h1 class=\"title dt-mt-0 dt-mb-3\">Les principales diff\u00e9rences entre un moteur \u00e0 2 temps et 4 \u00e0 temps<\/h1><\/div><article class=\"is-single post-content clearfix post has-post-thumbnail\"><div class=\"clearfix\"><div class=\"featured-image\">\u00a0<\/div><p>Le moteur \u00e0 deux temps et le moteur \u00e0 quatre temps sont deux types de moteurs \u00e0 combustion interne, utilis\u00e9s principalement dans les v\u00e9hicules automobiles, les motocyclettes, les tondeuses \u00e0 gazon, les tron\u00e7onneuses et d\u2019autres \u00e9quipements motoris\u00e9s. Ils diff\u00e8rent dans leur cycle de fonctionnement, le nombre de temps n\u00e9cessaires pour compl\u00e9ter un cycle, et leur efficacit\u00e9 dans certaines applications. Voici Les principales diff\u00e9rences entre un moteur \u00e0 2 temps et \u00e0 4 temps :<\/p><div class=\"wp-block-image\"><figure class=\"aligncenter size-large\"><img fetchpriority=\"high\" decoding=\"async\" data-recalc-dims=\"1\" class=\"wp-image-391\" src=\"https:\/\/i0.wp.com\/mecaniqueautofacile.com\/wp-content\/uploads\/2024\/04\/Moteuracombustion-1024x438.png?resize=837%2C358&#038;ssl=1\" sizes=\"(max-width: 1024px) 100vw, 1024px\" srcset=\"https:\/\/mecaniqueautofacile.com\/wp-content\/uploads\/2024\/04\/Moteuracombustion-1024x438.png 1024w, https:\/\/mecaniqueautofacile.com\/wp-content\/uploads\/2024\/04\/Moteuracombustion-300x128.png 300w, https:\/\/mecaniqueautofacile.com\/wp-content\/uploads\/2024\/04\/Moteuracombustion-768x328.png 768w, https:\/\/mecaniqueautofacile.com\/wp-content\/uploads\/2024\/04\/Moteuracombustion-1536x656.png 1536w, https:\/\/mecaniqueautofacile.com\/wp-content\/uploads\/2024\/04\/Moteuracombustion.png 1914w\" alt=\"\" width=\"837\" height=\"358\" \/><\/figure><\/div><h2 class=\"wp-block-heading\">Moteur \u00e0 2 temps :<\/h2><p><strong>Cycle de fonctionnement<\/strong>\u00a0: Le moteur \u00e0 deux temps effectue toutes les phases n\u00e9cessaires (admission, compression, combustion, \u00e9chappement) en deux mouvements du\u00a0<a href=\"https:\/\/mecaniqueautofacile.com\/le-piston-son-role-et-de-son-fonctionnement\/\" target=\"_blank\" rel=\"noreferrer noopener\">piston<\/a>\u00a0(haut et bas), d\u2019o\u00f9 le nom \u00ab\u00a0deux temps\u00a0\u00bb.<\/p><p><strong>Lubrification<\/strong>\u00a0: La lubrification est g\u00e9n\u00e9ralement m\u00e9lang\u00e9e \u00e0 l\u2019essence dans le carburant, car le carter moteur n\u2019a pas de syst\u00e8me d\u2019huile s\u00e9par\u00e9.<\/p><p><strong>Puissance\u00a0<\/strong>: Les moteurs \u00e0 deux temps ont tendance \u00e0 produire plus de puissance par rapport \u00e0 leur taille, mais ils peuvent \u00eatre moins efficaces en termes de consommation de carburant.<\/p><p><strong>\u00c9chappement<\/strong>\u00a0: Ils \u00e9mettent plus de gaz d\u2019\u00e9chappement et peuvent \u00eatre moins respectueux de l\u2019environnement.<\/p><p><strong>Simplicit\u00e9<\/strong>\u00a0: Ils sont g\u00e9n\u00e9ralement plus simples et plus l\u00e9gers en raison du nombre r\u00e9duit de pi\u00e8ces mobiles.<\/p><h2 class=\"wp-block-heading\">Moteur \u00e0 4 temps :<\/h2><p><strong>Cycle de fonctionnement<\/strong>\u00a0: Le moteur \u00e0 quatre temps n\u00e9cessite quatre mouvements du\u00a0<a href=\"https:\/\/mecaniqueautofacile.com\/le-piston-son-role-et-de-son-fonctionnement\/\" target=\"_blank\" rel=\"noreferrer noopener\">piston<\/a>\u00a0pour effectuer le cycle complet (admission, compression, combustion, \u00e9chappement).<\/p><p><strong>Lubrification<\/strong>\u00a0: Il a un syst\u00e8me d\u2019huile s\u00e9par\u00e9, g\u00e9n\u00e9ralement avec un carter d\u2019huile, pour lubrifier les pi\u00e8ces mobiles.<\/p><p><strong>Puissance\u00a0<\/strong>: Bien qu\u2019ils puissent \u00eatre plus lourds et plus complexes, les moteurs \u00e0 quatre temps sont g\u00e9n\u00e9ralement plus \u00e9conomes en carburant et produisent un couple plus constant.<\/p><p><strong>\u00c9chappement<\/strong>\u00a0: Ils ont tendance \u00e0 \u00e9mettre moins de gaz d\u2019\u00e9chappement et \u00e0 \u00eatre plus respectueux de l\u2019environnement.<\/p><p><strong>Simplicit\u00e9<\/strong>\u00a0: Ils sont souvent plus complexes en raison du syst\u00e8me de distribution (soupapes,\u00a0<a href=\"https:\/\/mecaniqueautofacile.com\/les-points-cles-a-connaitre-sur-larbre-a-cames-dans-un-moteur\/\" target=\"_blank\" rel=\"noreferrer noopener\">arbre \u00e0 cames<\/a>) et d\u2019autres composants, ce qui les rend plus lourds.<\/p><p class=\"has-text-align-center\"><strong>Les principales diff\u00e9rences entre un moteur \u00e0 2 temps et 4 \u00e0 temps<\/strong><\/p><figure class=\"wp-block-embed aligncenter is-type-video is-provider-youtube wp-block-embed-youtube wp-embed-aspect-16-9 wp-has-aspect-ratio\"><div class=\"wp-block-embed__wrapper\"><iframe title=\"LES PRINCIPALES DIFFERENCES ENTRE UN MOTEUR A 2 TEMPS ET LE MOTEUR A 4 TEMPS #automobile #moteur\" src=\"https:\/\/www.youtube.com\/embed\/DqsPFQBp6c8?feature=oembed\" width=\"500\" height=\"281\" frameborder=\"0\" allowfullscreen=\"allowfullscreen\" data-mce-fragment=\"1\"><\/iframe><\/div><\/figure><p>Chaque type de moteur a ses avantages et ses inconv\u00e9nients, et le choix entre un moteur \u00e0 deux temps et un moteur \u00e0 quatre temps d\u00e9pend de l\u2019application sp\u00e9cifique et des pr\u00e9f\u00e9rences du fabricant ou de l\u2019utilisateur<\/p><\/div><\/article>\t\t\t\t\t\t\t\t<\/div>\n\t\t\t\t<\/div>\n\t\t\t\t\t<\/div>\n\t\t\t\t<\/div>\n\t\t\t\t<\/div>\n\t\t","protected":false},"excerpt":{"rendered":"<p>Les principales diff\u00e9rences entre un moteur \u00e0 2 temps et 4 \u00e0 temps \u00a0 Le moteur \u00e0 deux temps et le moteur \u00e0 quatre temps sont deux types de moteurs \u00e0 combustion interne, utilis\u00e9s principalement dans les v\u00e9hicules automobiles, les motocyclettes, les tondeuses \u00e0 gazon, les tron\u00e7onneuses et d\u2019autres \u00e9quipements motoris\u00e9s. Ils diff\u00e8rent dans leur <a class=\"read-more\" href=\"https:\/\/www.alexisdegaribaldi.com\/index.php\/atelier-4\/\">READ MORE<\/a><\/p>\n","protected":false},"author":1,"featured_media":0,"parent":0,"menu_order":0,"comment_status":"closed","ping_status":"closed","template":"","meta":{"_eb_attr":"","om_disable_all_campaigns":false,"_monsterinsights_skip_tracking":false,"_monsterinsights_sitenote_active":false,"_monsterinsights_sitenote_note":"","_monsterinsights_sitenote_category":0,"footnotes":""},"class_list":["post-7743","page","type-page","status-publish","hentry"],"aioseo_notices":[],"jetpack_sharing_enabled":true,"_links":{"self":[{"href":"https:\/\/www.alexisdegaribaldi.com\/index.php\/wp-json\/wp\/v2\/pages\/7743","targetHints":{"allow":["GET"]}}],"collection":[{"href":"https:\/\/www.alexisdegaribaldi.com\/index.php\/wp-json\/wp\/v2\/pages"}],"about":[{"href":"https:\/\/www.alexisdegaribaldi.com\/index.php\/wp-json\/wp\/v2\/types\/page"}],"author":[{"embeddable":true,"href":"https:\/\/www.alexisdegaribaldi.com\/index.php\/wp-json\/wp\/v2\/users\/1"}],"replies":[{"embeddable":true,"href":"https:\/\/www.alexisdegaribaldi.com\/index.php\/wp-json\/wp\/v2\/comments?post=7743"}],"version-history":[{"count":5,"href":"https:\/\/www.alexisdegaribaldi.com\/index.php\/wp-json\/wp\/v2\/pages\/7743\/revisions"}],"predecessor-version":[{"id":7753,"href":"https:\/\/www.alexisdegaribaldi.com\/index.php\/wp-json\/wp\/v2\/pages\/7743\/revisions\/7753"}],"wp:attachment":[{"href":"https:\/\/www.alexisdegaribaldi.com\/index.php\/wp-json\/wp\/v2\/media?parent=7743"}],"curies":[{"name":"wp","href":"https:\/\/api.w.org\/{rel}","templated":true}]}}