{"id":8592,"date":"2026-03-25T16:40:33","date_gmt":"2026-03-25T15:40:33","guid":{"rendered":"https:\/\/www.alexisdegaribaldi.com\/?page_id=8592"},"modified":"2026-03-25T16:52:43","modified_gmt":"2026-03-25T15:52:43","slug":"elements-de-base-2","status":"publish","type":"page","link":"https:\/\/www.alexisdegaribaldi.com\/index.php\/elements-de-base-2\/","title":{"rendered":"El\u00e9ments de Base"},"content":{"rendered":"\t\t<div data-elementor-type=\"wp-page\" data-elementor-id=\"8592\" class=\"elementor elementor-8592\">\n\t\t\t\t<div class=\"elementor-element elementor-element-b097a5e e-flex e-con-boxed e-con e-parent\" data-id=\"b097a5e\" data-element_type=\"container\" data-e-type=\"container\">\n\t\t\t\t\t<div class=\"e-con-inner\">\n\t\t\t\t<div class=\"elementor-element elementor-element-b77ec7a elementor-widget elementor-widget-heading\" data-id=\"b77ec7a\" data-element_type=\"widget\" data-e-type=\"widget\" data-widget_type=\"heading.default\">\n\t\t\t\t<div class=\"elementor-widget-container\">\n\t\t\t\t\t<h2 class=\"elementor-heading-title elementor-size-default\">D\u00e9finition :<\/h2>\t\t\t\t<\/div>\n\t\t\t\t<\/div>\n\t\t\t\t\t<\/div>\n\t\t\t\t<\/div>\n\t\t<div class=\"elementor-element elementor-element-d414bbd e-flex e-con-boxed e-con e-parent\" data-id=\"d414bbd\" data-element_type=\"container\" data-e-type=\"container\">\n\t\t\t\t\t<div class=\"e-con-inner\">\n\t\t\t\t<div class=\"elementor-element elementor-element-ddb3624 elementor-widget elementor-widget-text-editor\" data-id=\"ddb3624\" data-element_type=\"widget\" data-e-type=\"widget\" data-widget_type=\"text-editor.default\">\n\t\t\t\t<div class=\"elementor-widget-container\">\n\t\t\t\t\t\t\t\t\t<p>Nous d\u00e9finissons par \u00e9l\u00e9ments de base, tous les \u00e9l\u00e9ments qui composent une machine, un engin, ou un v\u00e9hicule dit de TP et de Carri\u00e8re.<\/p><p>Ces \u00e9l\u00e9ments sont sous plusieurs formes :<\/p><ul><li>m\u00e9caniques<\/li><li>\u00e9lectrique<\/li><li>hydrauliques<\/li><li>pneumatiques<\/li><li>manuels<\/li><\/ul><p>Ils peuvent \u00eatre construits de divers m\u00e9taux ou mati\u00e8re dite plastique ou composite.<\/p><p>Et leur fonctionnalit\u00e9 sont diverses permettant ainsi d assurer le bon fonctionnement d&rsquo;un engin ainsi que sa particularit\u00e9 qui lui ai propre<\/p><p>Neanmoins dans la casi totalit\u00e9 nous trouverons une inter-relation entre diverses partie de la machine, ainsi qu avec un \u00eatre humain nomm\u00e9 le conducteur d&rsquo;engin, mais aussi avec une documentation qui lui est propre lui permettant ainsi de mieux inter-agir avec sa machine, mieux la comprendre, voir pour certaines de la programmer \u00e0 effectuer des taches ou aider \u00e0 faire certaines taches professionnelle.<\/p><p>Nous observerons a chaque fois les m\u00eames points communs qui sont :<\/p><ul><li>un chassis<\/li><li>un poste de pilotage<\/li><li>un poste de commande\u00a0<\/li><li>un moteur<\/li><li>une chaine cinematique<\/li><li>une ou plusieurs unit\u00e9s dit d\u00e9placement qu&rsquo;il soit \u00e0 roue ou \u00e0 chenille<\/li><li>des accesoires pouvant \u00eatre combin\u00e9s<\/li><li>des points de lubrifications et d entretien<\/li><li>des r\u00e9servoirs<\/li><\/ul>\t\t\t\t\t\t\t\t<\/div>\n\t\t\t\t<\/div>\n\t\t\t\t\t<\/div>\n\t\t\t\t<\/div>\n\t\t<div class=\"elementor-element elementor-element-cc20e72 e-flex e-con-boxed e-con e-parent\" data-id=\"cc20e72\" data-element_type=\"container\" data-e-type=\"container\">\n\t\t\t\t\t<div class=\"e-con-inner\">\n\t\t\t\t<div class=\"elementor-element elementor-element-5b47c92 elementor-widget elementor-widget-video\" data-id=\"5b47c92\" data-element_type=\"widget\" data-e-type=\"widget\" data-settings=\"{&quot;youtube_url&quot;:&quot;https:\\\/\\\/youtu.be\\\/fezgYehxHwE?si=TaVQ6pYHUtjYUDe1&quot;,&quot;video_type&quot;:&quot;youtube&quot;,&quot;controls&quot;:&quot;yes&quot;}\" data-widget_type=\"video.default\">\n\t\t\t\t<div class=\"elementor-widget-container\">\n\t\t\t\t\t\t\t<div class=\"elementor-wrapper elementor-open-inline\">\n\t\t\t<div class=\"elementor-video\"><\/div>\t\t<\/div>\n\t\t\t\t\t\t<\/div>\n\t\t\t\t<\/div>\n\t\t\t\t\t<\/div>\n\t\t\t\t<\/div>\n\t\t\t\t<\/div>\n\t\t","protected":false},"excerpt":{"rendered":"<p>D\u00e9finition : Nous d\u00e9finissons par \u00e9l\u00e9ments de base, tous les \u00e9l\u00e9ments qui composent une machine, un engin, ou un v\u00e9hicule dit de TP et de Carri\u00e8re. Ces \u00e9l\u00e9ments sont sous plusieurs formes : m\u00e9caniques \u00e9lectrique hydrauliques pneumatiques manuels Ils peuvent \u00eatre construits de divers m\u00e9taux ou mati\u00e8re dite plastique ou composite. Et leur fonctionnalit\u00e9 sont <a class=\"read-more\" href=\"https:\/\/www.alexisdegaribaldi.com\/index.php\/elements-de-base-2\/\">READ MORE<\/a><\/p>\n","protected":false},"author":1,"featured_media":0,"parent":0,"menu_order":0,"comment_status":"closed","ping_status":"closed","template":"","meta":{"_eb_attr":"","om_disable_all_campaigns":false,"_monsterinsights_skip_tracking":false,"_monsterinsights_sitenote_active":false,"_monsterinsights_sitenote_note":"","_monsterinsights_sitenote_category":0,"footnotes":""},"class_list":["post-8592","page","type-page","status-publish","hentry"],"aioseo_notices":[],"jetpack_sharing_enabled":true,"_links":{"self":[{"href":"https:\/\/www.alexisdegaribaldi.com\/index.php\/wp-json\/wp\/v2\/pages\/8592","targetHints":{"allow":["GET"]}}],"collection":[{"href":"https:\/\/www.alexisdegaribaldi.com\/index.php\/wp-json\/wp\/v2\/pages"}],"about":[{"href":"https:\/\/www.alexisdegaribaldi.com\/index.php\/wp-json\/wp\/v2\/types\/page"}],"author":[{"embeddable":true,"href":"https:\/\/www.alexisdegaribaldi.com\/index.php\/wp-json\/wp\/v2\/users\/1"}],"replies":[{"embeddable":true,"href":"https:\/\/www.alexisdegaribaldi.com\/index.php\/wp-json\/wp\/v2\/comments?post=8592"}],"version-history":[{"count":10,"href":"https:\/\/www.alexisdegaribaldi.com\/index.php\/wp-json\/wp\/v2\/pages\/8592\/revisions"}],"predecessor-version":[{"id":8602,"href":"https:\/\/www.alexisdegaribaldi.com\/index.php\/wp-json\/wp\/v2\/pages\/8592\/revisions\/8602"}],"wp:attachment":[{"href":"https:\/\/www.alexisdegaribaldi.com\/index.php\/wp-json\/wp\/v2\/media?parent=8592"}],"curies":[{"name":"wp","href":"https:\/\/api.w.org\/{rel}","templated":true}]}}