{"id":8729,"date":"2026-03-26T19:20:32","date_gmt":"2026-03-26T18:20:32","guid":{"rendered":"https:\/\/www.alexisdegaribaldi.com\/?page_id=8729"},"modified":"2026-03-27T10:51:51","modified_gmt":"2026-03-27T09:51:51","slug":"quizz-les-voyants-hydrauliques","status":"publish","type":"page","link":"https:\/\/www.alexisdegaribaldi.com\/index.php\/quizz-les-voyants-hydrauliques\/","title":{"rendered":"Quizz Les Voyants Hydrauliques"},"content":{"rendered":"\t\t<div data-elementor-type=\"wp-page\" data-elementor-id=\"8729\" class=\"elementor elementor-8729\">\n\t\t\t\t<div class=\"elementor-element elementor-element-c47c90d e-flex e-con-boxed e-con e-parent\" data-id=\"c47c90d\" data-element_type=\"container\" data-e-type=\"container\">\n\t\t\t\t\t<div class=\"e-con-inner\">\n\t\t\t\t<div class=\"elementor-element elementor-element-29b3605 elementor-widget elementor-widget-html\" data-id=\"29b3605\" data-element_type=\"widget\" data-e-type=\"widget\" data-widget_type=\"html.default\">\n\t\t\t\t<div class=\"elementor-widget-container\">\n\t\t\t\t\t<!DOCTYPE html>\r\n\r\n<html lang=\"fr\">\r\n\r\n<head>\r\n\r\n    <meta charset=\"UTF-8\">\r\n\r\n    <title>QCM 2 \u2013 Voyants de transmission et de d\u00e9placement<\/title>\r\n\r\n    <style>\r\n\r\n        body {\r\n\r\n            font-family: Arial, sans-serif;\r\n\r\n            margin: 0;\r\n\r\n            padding: 20px;\r\n\r\n            background: linear-gradient(to bottom, #e6f2ff, #ffffff);\r\n\r\n            color: #000000;\r\n\r\n        }\r\n\r\n        h1, h2 {\r\n\r\n            text-align: center;\r\n\r\n        }\r\n\r\n        h1 {\r\n\r\n            font-size: 2em;\r\n\r\n            margin-bottom: 0.2em;\r\n\r\n        }\r\n\r\n        h2 {\r\n\r\n            font-size: 1.3em;\r\n\r\n            margin-top: 0;\r\n\r\n            color: #004a80;\r\n\r\n        }\r\n\r\n        .qcm-container {\r\n\r\n            max-width: 900px;\r\n\r\n            margin: 0 auto;\r\n\r\n            background: #ffffffcc;\r\n\r\n            padding: 20px 30px;\r\n\r\n            border-radius: 10px;\r\n\r\n            box-shadow: 0 0 10px rgba(0,0,0,0.1);\r\n\r\n        }\r\n\r\n        .question {\r\n\r\n            margin-bottom: 20px;\r\n\r\n            padding: 15px;\r\n\r\n            border-radius: 8px;\r\n\r\n            background-color: #f5f9ff;\r\n\r\n            border: 1px solid #d0e2ff;\r\n\r\n        }\r\n\r\n        .question p {\r\n\r\n            font-weight: bold;\r\n\r\n            margin-bottom: 8px;\r\n\r\n        }\r\n\r\n        .options label {\r\n\r\n            display: block;\r\n\r\n            margin-bottom: 4px;\r\n\r\n            cursor: pointer;\r\n\r\n        }\r\n\r\n        .resultat {\r\n\r\n            margin-top: 25px;\r\n\r\n            padding: 15px;\r\n\r\n            border-radius: 8px;\r\n\r\n            background-color: #eef7ff;\r\n\r\n            border: 1px solid #c2ddff;\r\n\r\n            font-weight: bold;\r\n\r\n        }\r\n\r\n        .boutons {\r\n\r\n            text-align: center;\r\n\r\n            margin-top: 20px;\r\n\r\n        }\r\n\r\n        button {\r\n\r\n            background-color: #0078d7;\r\n\r\n            color: #ffffff;\r\n\r\n            border: none;\r\n\r\n            padding: 10px 20px;\r\n\r\n            font-size: 1em;\r\n\r\n            border-radius: 5px;\r\n\r\n            cursor: pointer;\r\n\r\n        }\r\n\r\n        button:hover {\r\n\r\n            background-color: #005a9e;\r\n\r\n        }\r\n\r\n        .correction {\r\n\r\n            margin-top: 10px;\r\n\r\n            font-size: 0.95em;\r\n\r\n        }\r\n\r\n        .bonne-reponse {\r\n\r\n            color: #006400;\r\n\r\n        }\r\n\r\n        .mauvaise-reponse {\r\n\r\n            color: #b22222;\r\n\r\n        }\r\n\r\n    <\/style>\r\n\r\n<\/head>\r\n\r\n<body>\r\n\r\n<div class=\"qcm-container\">\r\n\r\n    <h1>QCM 2 \u2013 Voyants de transmission et de d\u00e9placement<\/h1>\r\n\r\n    <h2>Tableau de bord engins de chantier<\/h2>\r\n\r\n \r\n\r\n    <!-- Question 1 -->\r\n\r\n    <div class=\"question\" data-question=\"1\">\r\n\r\n        <p>1. Le voyant de pression d\u2019huile de transmission indique :<\/p>\r\n\r\n        <div class=\"options\">\r\n\r\n            <label><input type=\"radio\" name=\"q1\" value=\"A\"> Que la machine roule trop vite<\/label>\r\n\r\n            <label><input type=\"radio\" name=\"q1\" value=\"B\"> Que le moteur manque d\u2019huile<\/label>\r\n\r\n            <label><input type=\"radio\" name=\"q1\" value=\"C\" data-correct=\"true\"> Une pression d\u2019huile de transmission insuffisante<\/label>\r\n\r\n            <label><input type=\"radio\" name=\"q1\" value=\"D\"> Que le frein de parc est serr\u00e9<\/label>\r\n\r\n        <\/div>\r\n\r\n    <\/div>\r\n\r\n \r\n\r\n    <!-- Question 2 -->\r\n\r\n    <div class=\"question\" data-question=\"2\">\r\n\r\n        <p>2. Un voyant de surchauffe de transmission (rouge) signifie :<\/p>\r\n\r\n        <div class=\"options\">\r\n\r\n            <label><input type=\"radio\" name=\"q2\" value=\"A\"> Que la machine peut continuer normalement<\/label>\r\n\r\n            <label><input type=\"radio\" name=\"q2\" value=\"B\"> Que la transmission est trop froide<\/label>\r\n\r\n            <label><input type=\"radio\" name=\"q2\" value=\"C\" data-correct=\"true\"> Une surchauffe de transmission<\/label>\r\n\r\n            <label><input type=\"radio\" name=\"q2\" value=\"D\"> Un niveau de carburant bas<\/label>\r\n\r\n        <\/div>\r\n\r\n    <\/div>\r\n\r\n \r\n\r\n    <!-- Question 3 -->\r\n\r\n    <div class=\"question\" data-question=\"3\">\r\n\r\n        <p>3. Le voyant de frein de parc serr\u00e9 indique :<\/p>\r\n\r\n        <div class=\"options\">\r\n\r\n            <label><input type=\"radio\" name=\"q3\" value=\"A\"> Que la machine est en mode route<\/label>\r\n\r\n            <label><input type=\"radio\" name=\"q3\" value=\"B\"> Que le frein de parc est desserr\u00e9<\/label>\r\n\r\n            <label><input type=\"radio\" name=\"q3\" value=\"C\" data-correct=\"true\"> Que le frein de parc est serr\u00e9<\/label>\r\n\r\n            <label><input type=\"radio\" name=\"q3\" value=\"D\"> Une panne de transmission<\/label>\r\n\r\n        <\/div>\r\n\r\n    <\/div>\r\n\r\n \r\n\r\n    <!-- Question 4 -->\r\n\r\n    <div class=\"question\" data-question=\"4\">\r\n\r\n        <p>4. Le voyant de neutre (N) sur transmission hydrostatique signifie :<\/p>\r\n\r\n        <div class=\"options\">\r\n\r\n            <label><input type=\"radio\" name=\"q4\" value=\"A\"> Que la machine avance<\/label>\r\n\r\n            <label><input type=\"radio\" name=\"q4\" value=\"B\"> Que la machine recule<\/label>\r\n\r\n            <label><input type=\"radio\" name=\"q4\" value=\"C\" data-correct=\"true\"> Que la transmission est au point mort<\/label>\r\n\r\n            <label><input type=\"radio\" name=\"q4\" value=\"D\"> Que le moteur est arr\u00eat\u00e9<\/label>\r\n\r\n        <\/div>\r\n\r\n    <\/div>\r\n\r\n \r\n\r\n    <!-- Question 5 -->\r\n\r\n    <div class=\"question\" data-question=\"5\">\r\n\r\n        <p>5. Le voyant de blocage de diff\u00e9rentiel activ\u00e9 indique :<\/p>\r\n\r\n        <div class=\"options\">\r\n\r\n            <label><input type=\"radio\" name=\"q5\" value=\"A\"> Une perte de puissance moteur<\/label>\r\n\r\n            <label><input type=\"radio\" name=\"q5\" value=\"B\"> Que les roues tournent ind\u00e9pendamment<\/label>\r\n\r\n            <label><input type=\"radio\" name=\"q5\" value=\"C\" data-correct=\"true\"> Que le diff\u00e9rentiel est bloqu\u00e9 pour am\u00e9liorer la traction<\/label>\r\n\r\n            <label><input type=\"radio\" name=\"q5\" value=\"D\"> Une surcharge machine<\/label>\r\n\r\n        <\/div>\r\n\r\n    <\/div>\r\n\r\n \r\n\r\n    <!-- Question 6 -->\r\n\r\n    <div class=\"question\" data-question=\"6\">\r\n\r\n        <p>6. Le voyant \u201ctortue\u201d signifie :<\/p>\r\n\r\n        <div class=\"options\">\r\n\r\n            <label><input type=\"radio\" name=\"q6\" value=\"A\"> Mode rapide<\/label>\r\n\r\n            <label><input type=\"radio\" name=\"q6\" value=\"B\" data-correct=\"true\"> Mode lent<\/label>\r\n\r\n            <label><input type=\"radio\" name=\"q6\" value=\"C\"> Panne transmission<\/label>\r\n\r\n            <label><input type=\"radio\" name=\"q6\" value=\"D\"> Surchauffe moteur<\/label>\r\n\r\n        <\/div>\r\n\r\n    <\/div>\r\n\r\n \r\n\r\n    <!-- Question 7 -->\r\n\r\n    <div class=\"question\" data-question=\"7\">\r\n\r\n        <p>7. Le voyant \u201cli\u00e8vre\u201d indique :<\/p>\r\n\r\n        <div class=\"options\">\r\n\r\n            <label><input type=\"radio\" name=\"q7\" value=\"A\"> Une vitesse lente<\/label>\r\n\r\n            <label><input type=\"radio\" name=\"q7\" value=\"B\" data-correct=\"true\"> Une vitesse rapide<\/label>\r\n\r\n            <label><input type=\"radio\" name=\"q7\" value=\"C\"> Une anomalie hydraulique<\/label>\r\n\r\n            <label><input type=\"radio\" name=\"q7\" value=\"D\"> Une surcharge moteur<\/label>\r\n\r\n        <\/div>\r\n\r\n    <\/div>\r\n\r\n \r\n\r\n    <!-- Question 8 -->\r\n\r\n    <div class=\"question\" data-question=\"8\">\r\n\r\n        <p>8. Le voyant d\u2019inversion de marche (fl\u00e8che arri\u00e8re) indique :<\/p>\r\n\r\n        <div class=\"options\">\r\n\r\n            <label><input type=\"radio\" name=\"q8\" value=\"A\"> Que la machine avance<\/label>\r\n\r\n            <label><input type=\"radio\" name=\"q8\" value=\"B\" data-correct=\"true\"> Que la machine recule<\/label>\r\n\r\n            <label><input type=\"radio\" name=\"q8\" value=\"C\"> Transmission bloqu\u00e9e<\/label>\r\n\r\n            <label><input type=\"radio\" name=\"q8\" value=\"D\"> Frein de parc serr\u00e9<\/label>\r\n\r\n        <\/div>\r\n\r\n    <\/div>\r\n\r\n \r\n\r\n    <!-- Question 9 -->\r\n\r\n    <div class=\"question\" data-question=\"9\">\r\n\r\n        <p>9. Le voyant de d\u00e9faillance transmission (rouge) signifie :<\/p>\r\n\r\n        <div class=\"options\">\r\n\r\n            <label><input type=\"radio\" name=\"q9\" value=\"A\"> Anomalie mineure<\/label>\r\n\r\n            <label><input type=\"radio\" name=\"q9\" value=\"B\" data-correct=\"true\"> D\u00e9faillance grave n\u00e9cessitant arr\u00eat imm\u00e9diat<\/label>\r\n\r\n            <label><input type=\"radio\" name=\"q9\" value=\"C\"> Vidange moteur \u00e0 pr\u00e9voir<\/label>\r\n\r\n            <label><input type=\"radio\" name=\"q9\" value=\"D\"> Batterie faible<\/label>\r\n\r\n        <\/div>\r\n\r\n    <\/div>\r\n\r\n \r\n\r\n    <!-- Question 10 -->\r\n\r\n    <div class=\"question\" data-question=\"10\">\r\n\r\n        <p>10. Le voyant de vitesse engag\u00e9e (1, 2, 3\u2026) sert \u00e0 :<\/p>\r\n\r\n        <div class=\"options\">\r\n\r\n            <label><input type=\"radio\" name=\"q10\" value=\"A\"> Indiquer la temp\u00e9rature moteur<\/label>\r\n\r\n            <label><input type=\"radio\" name=\"q10\" value=\"B\" data-correct=\"true\"> Indiquer la vitesse de d\u00e9placement engag\u00e9e<\/label>\r\n\r\n            <label><input type=\"radio\" name=\"q10\" value=\"C\"> Indiquer le niveau hydraulique<\/label>\r\n\r\n            <label><input type=\"radio\" name=\"q10\" value=\"D\"> Indiquer la pression des pneus<\/label>\r\n\r\n        <\/div>\r\n\r\n    <\/div>\r\n\r\n \r\n\r\n    <div class=\"boutons\">\r\n\r\n        <button type=\"button\" onclick=\"corrigerQCM()\">Corriger et afficher la note \/20<\/button>\r\n\r\n    <\/div>\r\n\r\n \r\n\r\n    <div id=\"resultat\" class=\"resultat\" style=\"display:none;\"><\/div>\r\n\r\n    <div id=\"correction\" class=\"correction\" style=\"display:none;\"><\/div>\r\n\r\n<\/div>\r\n\r\n \r\n\r\n<script>\r\n\r\nfunction corrigerQCM() {\r\n\r\n    const questions = document.querySelectorAll('.question');\r\n\r\n    let bonnes = 0;\r\n\r\n    let total = questions.length;\r\n\r\n    let details = '';\r\n\r\n \r\n\r\n    questions.forEach((q, index) => {\r\n\r\n        const numero = index + 1;\r\n\r\n        const options = q.querySelectorAll('input[type=\"radio\"]');\r\n\r\n        let bonneValeur = null;\r\n\r\n        let reponseEleve = null;\r\n\r\n \r\n\r\n        options.forEach(opt => {\r\n\r\n            if (opt.hasAttribute('data-correct')) {\r\n\r\n                bonneValeur = opt.value;\r\n\r\n            }\r\n\r\n            if (opt.checked) {\r\n\r\n                reponseEleve = opt.value;\r\n\r\n            }\r\n\r\n        });\r\n\r\n \r\n\r\n        if (reponseEleve === bonneValeur) {\r\n\r\n            bonnes++;\r\n\r\n            details += '<div class=\"bonne-reponse\">Question ' + numero + ' : Bonne r\u00e9ponse.<\/div>';\r\n\r\n        } else {\r\n\r\n            details += '<div class=\"mauvaise-reponse\">Question ' + numero +\r\n\r\n                ' : Mauvaise r\u00e9ponse. Bonne r\u00e9ponse : ' + bonneValeur + '.<\/div>';\r\n\r\n        }\r\n\r\n    });\r\n\r\n \r\n\r\n    const note20 = (bonnes \/ total) * 20;\r\n\r\n    const resultatDiv = document.getElementById('resultat');\r\n\r\n    const correctionDiv = document.getElementById('correction');\r\n\r\n \r\n\r\n    resultatDiv.style.display = 'block';\r\n\r\n    correctionDiv.style.display = 'block';\r\n\r\n \r\n\r\n    resultatDiv.innerHTML = 'Score : ' + bonnes + ' \/ ' + total +\r\n\r\n        ' &nbsp;|&nbsp; Note : ' + note20.toFixed(1) + ' \/ 20';\r\n\r\n    correctionDiv.innerHTML = details;\r\n\r\n}\r\n\r\n<\/script>\r\n\r\n<\/body>\r\n\r\n<\/html>\t\t\t\t<\/div>\n\t\t\t\t<\/div>\n\t\t\t\t\t<\/div>\n\t\t\t\t<\/div>\n\t\t\t\t<\/div>\n\t\t","protected":false},"excerpt":{"rendered":"<p>QCM 2 \u2013 Voyants de transmission et de d\u00e9placement QCM 2 \u2013 Voyants de transmission et de d\u00e9placement Tableau de bord engins de chantier 1. Le voyant de pression d\u2019huile de transmission indique : Que la machine roule trop vite Que le moteur manque d\u2019huile Une pression d\u2019huile de transmission insuffisante Que le frein de <a class=\"read-more\" href=\"https:\/\/www.alexisdegaribaldi.com\/index.php\/quizz-les-voyants-hydrauliques\/\">READ MORE<\/a><\/p>\n","protected":false},"author":1,"featured_media":0,"parent":0,"menu_order":0,"comment_status":"closed","ping_status":"closed","template":"","meta":{"_eb_attr":"","om_disable_all_campaigns":false,"_monsterinsights_skip_tracking":false,"_monsterinsights_sitenote_active":false,"_monsterinsights_sitenote_note":"","_monsterinsights_sitenote_category":0,"footnotes":""},"class_list":["post-8729","page","type-page","status-publish","hentry"],"aioseo_notices":[],"jetpack_sharing_enabled":true,"_links":{"self":[{"href":"https:\/\/www.alexisdegaribaldi.com\/index.php\/wp-json\/wp\/v2\/pages\/8729","targetHints":{"allow":["GET"]}}],"collection":[{"href":"https:\/\/www.alexisdegaribaldi.com\/index.php\/wp-json\/wp\/v2\/pages"}],"about":[{"href":"https:\/\/www.alexisdegaribaldi.com\/index.php\/wp-json\/wp\/v2\/types\/page"}],"author":[{"embeddable":true,"href":"https:\/\/www.alexisdegaribaldi.com\/index.php\/wp-json\/wp\/v2\/users\/1"}],"replies":[{"embeddable":true,"href":"https:\/\/www.alexisdegaribaldi.com\/index.php\/wp-json\/wp\/v2\/comments?post=8729"}],"version-history":[{"count":7,"href":"https:\/\/www.alexisdegaribaldi.com\/index.php\/wp-json\/wp\/v2\/pages\/8729\/revisions"}],"predecessor-version":[{"id":8799,"href":"https:\/\/www.alexisdegaribaldi.com\/index.php\/wp-json\/wp\/v2\/pages\/8729\/revisions\/8799"}],"wp:attachment":[{"href":"https:\/\/www.alexisdegaribaldi.com\/index.php\/wp-json\/wp\/v2\/media?parent=8729"}],"curies":[{"name":"wp","href":"https:\/\/api.w.org\/{rel}","templated":true}]}}