{"id":8739,"date":"2026-03-26T19:27:43","date_gmt":"2026-03-26T18:27:43","guid":{"rendered":"https:\/\/www.alexisdegaribaldi.com\/?page_id=8739"},"modified":"2026-03-27T11:00:57","modified_gmt":"2026-03-27T10:00:57","slug":"quizz-les-voyants-cabines","status":"publish","type":"page","link":"https:\/\/www.alexisdegaribaldi.com\/index.php\/quizz-les-voyants-cabines\/","title":{"rendered":"Quizz Les Voyants de S\u00e9curit\u00e9 Cabine"},"content":{"rendered":"\t\t<div data-elementor-type=\"wp-page\" data-elementor-id=\"8739\" class=\"elementor elementor-8739\">\n\t\t\t\t<div class=\"elementor-element elementor-element-2e29585 e-flex e-con-boxed e-con e-parent\" data-id=\"2e29585\" data-element_type=\"container\" data-e-type=\"container\">\n\t\t\t\t\t<div class=\"e-con-inner\">\n\t\t\t\t<div class=\"elementor-element elementor-element-a111397 elementor-widget elementor-widget-html\" data-id=\"a111397\" data-element_type=\"widget\" data-e-type=\"widget\" data-widget_type=\"html.default\">\n\t\t\t\t<div class=\"elementor-widget-container\">\n\t\t\t\t\t<!DOCTYPE html>\r\n\r\n<html lang=\"fr\">\r\n\r\n<head>\r\n\r\n    <meta charset=\"UTF-8\">\r\n\r\n    <title>QCM 4 \u2013 Voyants \u00e9lectriques et batterie<\/title>\r\n\r\n    <style>\r\n\r\n        body {\r\n\r\n            font-family: Arial, sans-serif;\r\n\r\n            margin: 0;\r\n\r\n            padding: 20px;\r\n\r\n            background: linear-gradient(to bottom, #e6f2ff, #ffffff);\r\n\r\n            color: #000000;\r\n\r\n        }\r\n\r\n        h1, h2 {\r\n\r\n            text-align: center;\r\n\r\n        }\r\n\r\n        h1 {\r\n\r\n            font-size: 2em;\r\n\r\n            margin-bottom: 0.2em;\r\n\r\n        }\r\n\r\n        h2 {\r\n\r\n            font-size: 1.3em;\r\n\r\n            margin-top: 0;\r\n\r\n            color: #004a80;\r\n\r\n        }\r\n\r\n        .qcm-container {\r\n\r\n            max-width: 900px;\r\n\r\n            margin: 0 auto;\r\n\r\n            background: #ffffffcc;\r\n\r\n            padding: 20px 30px;\r\n\r\n            border-radius: 10px;\r\n\r\n            box-shadow: 0 0 10px rgba(0,0,0,0.1);\r\n\r\n        }\r\n\r\n        .question {\r\n\r\n            margin-bottom: 20px;\r\n\r\n            padding: 15px;\r\n\r\n            border-radius: 8px;\r\n\r\n            background-color: #f5f9ff;\r\n\r\n            border: 1px solid #d0e2ff;\r\n\r\n        }\r\n\r\n        .question p {\r\n\r\n            font-weight: bold;\r\n\r\n            margin-bottom: 8px;\r\n\r\n        }\r\n\r\n        .options label {\r\n\r\n            display: block;\r\n\r\n            margin-bottom: 4px;\r\n\r\n            cursor: pointer;\r\n\r\n        }\r\n\r\n        .resultat {\r\n\r\n            margin-top: 25px;\r\n\r\n            padding: 15px;\r\n\r\n            border-radius: 8px;\r\n\r\n            background-color: #eef7ff;\r\n\r\n            border: 1px solid #c2ddff;\r\n\r\n            font-weight: bold;\r\n\r\n        }\r\n\r\n        .boutons {\r\n\r\n            text-align: center;\r\n\r\n            margin-top: 20px;\r\n\r\n        }\r\n\r\n        button {\r\n\r\n            background-color: #0078d7;\r\n\r\n            color: #ffffff;\r\n\r\n            border: none;\r\n\r\n            padding: 10px 20px;\r\n\r\n            font-size: 1em;\r\n\r\n            border-radius: 5px;\r\n\r\n            cursor: pointer;\r\n\r\n        }\r\n\r\n        button:hover {\r\n\r\n            background-color: #005a9e;\r\n\r\n        }\r\n\r\n        .correction {\r\n\r\n            margin-top: 10px;\r\n\r\n            font-size: 0.95em;\r\n\r\n        }\r\n\r\n        .bonne-reponse {\r\n\r\n            color: #006400;\r\n\r\n        }\r\n\r\n        .mauvaise-reponse {\r\n\r\n            color: #b22222;\r\n\r\n        }\r\n\r\n    <\/style>\r\n\r\n<\/head>\r\n\r\n<body>\r\n\r\n<div class=\"qcm-container\">\r\n\r\n    <h1>QCM 4 \u2013 Voyants \u00e9lectriques et batterie<\/h1>\r\n\r\n    <h2>Tableau de bord engins de chantier<\/h2>\r\n\r\n \r\n\r\n    <!-- Question 1 -->\r\n\r\n    <div class=\"question\" data-question=\"1\">\r\n\r\n        <p>1. Le voyant rouge de batterie allum\u00e9 moteur tournant indique :<\/p>\r\n\r\n        <div class=\"options\">\r\n\r\n            <label><input type=\"radio\" name=\"q1\" value=\"A\"> Que la batterie est pleine<\/label>\r\n\r\n            <label><input type=\"radio\" name=\"q1\" value=\"B\"> Que le moteur est en surchauffe<\/label>\r\n\r\n            <label><input type=\"radio\" name=\"q1\" value=\"C\" data-correct=\"true\"> Que l\u2019alternateur ne charge plus correctement<\/label>\r\n\r\n            <label><input type=\"radio\" name=\"q1\" value=\"D\"> Que le niveau d\u2019huile est bas<\/label>\r\n\r\n        <\/div>\r\n\r\n    <\/div>\r\n\r\n \r\n\r\n    <!-- Question 2 -->\r\n\r\n    <div class=\"question\" data-question=\"2\">\r\n\r\n        <p>2. Le voyant de pr\u00e9chauffage (spirale) sur un diesel concerne :<\/p>\r\n\r\n        <div class=\"options\">\r\n\r\n            <label><input type=\"radio\" name=\"q2\" value=\"A\"> Le syst\u00e8me de freinage<\/label>\r\n\r\n            <label><input type=\"radio\" name=\"q2\" value=\"B\" data-correct=\"true\"> Les bougies de pr\u00e9chauffage<\/label>\r\n\r\n            <label><input type=\"radio\" name=\"q2\" value=\"C\"> Le filtre \u00e0 air<\/label>\r\n\r\n            <label><input type=\"radio\" name=\"q2\" value=\"D\"> Le syst\u00e8me hydraulique<\/label>\r\n\r\n        <\/div>\r\n\r\n    <\/div>\r\n\r\n \r\n\r\n    <!-- Question 3 -->\r\n\r\n    <div class=\"question\" data-question=\"3\">\r\n\r\n        <p>3. Le voyant de d\u00e9faut \u00e9lectrique g\u00e9n\u00e9ral (\u00e9clair) signifie :<\/p>\r\n\r\n        <div class=\"options\">\r\n\r\n            <label><input type=\"radio\" name=\"q3\" value=\"A\"> Une anomalie hydraulique<\/label>\r\n\r\n            <label><input type=\"radio\" name=\"q3\" value=\"B\"> Une anomalie moteur<\/label>\r\n\r\n            <label><input type=\"radio\" name=\"q3\" value=\"C\" data-correct=\"true\"> Une anomalie \u00e9lectrique<\/label>\r\n\r\n            <label><input type=\"radio\" name=\"q3\" value=\"D\"> Une surcharge m\u00e9canique<\/label>\r\n\r\n        <\/div>\r\n\r\n    <\/div>\r\n\r\n \r\n\r\n    <!-- Question 4 -->\r\n\r\n    <div class=\"question\" data-question=\"4\">\r\n\r\n        <p>4. Le voyant de fusible grill\u00e9 indique :<\/p>\r\n\r\n        <div class=\"options\">\r\n\r\n            <label><input type=\"radio\" name=\"q4\" value=\"A\"> Un manque de carburant<\/label>\r\n\r\n            <label><input type=\"radio\" name=\"q4\" value=\"B\" data-correct=\"true\"> Un fusible d\u00e9faillant<\/label>\r\n\r\n            <label><input type=\"radio\" name=\"q4\" value=\"C\"> Une surchauffe moteur<\/label>\r\n\r\n            <label><input type=\"radio\" name=\"q4\" value=\"D\"> Une panne hydraulique<\/label>\r\n\r\n        <\/div>\r\n\r\n    <\/div>\r\n\r\n \r\n\r\n    <!-- Question 5 -->\r\n\r\n    <div class=\"question\" data-question=\"5\">\r\n\r\n        <p>5. Le voyant de tension batterie faible (souvent jaune) signifie :<\/p>\r\n\r\n        <div class=\"options\">\r\n\r\n            <label><input type=\"radio\" name=\"q5\" value=\"A\"> Une batterie trop charg\u00e9e<\/label>\r\n\r\n            <label><input type=\"radio\" name=\"q5\" value=\"B\" data-correct=\"true\"> Une tension insuffisante<\/label>\r\n\r\n            <label><input type=\"radio\" name=\"q5\" value=\"C\"> Une fuite hydraulique<\/label>\r\n\r\n            <label><input type=\"radio\" name=\"q5\" value=\"D\"> Une vitesse excessive<\/label>\r\n\r\n        <\/div>\r\n\r\n    <\/div>\r\n\r\n \r\n\r\n    <!-- Question 6 -->\r\n\r\n    <div class=\"question\" data-question=\"6\">\r\n\r\n        <p>6. Le voyant d\u2019alternateur d\u00e9faillant peut entra\u00eener :<\/p>\r\n\r\n        <div class=\"options\">\r\n\r\n            <label><input type=\"radio\" name=\"q6\" value=\"A\"> Une perte de direction<\/label>\r\n\r\n            <label><input type=\"radio\" name=\"q6\" value=\"B\" data-correct=\"true\"> Une perte progressive d\u2019alimentation \u00e9lectrique<\/label>\r\n\r\n            <label><input type=\"radio\" name=\"q6\" value=\"C\"> Une surchauffe hydraulique<\/label>\r\n\r\n            <label><input type=\"radio\" name=\"q6\" value=\"D\"> Une panne de transmission<\/label>\r\n\r\n        <\/div>\r\n\r\n    <\/div>\r\n\r\n \r\n\r\n    <!-- Question 7 -->\r\n\r\n    <div class=\"question\" data-question=\"7\">\r\n\r\n        <p>7. Le voyant de projecteurs d\u00e9faillants indique :<\/p>\r\n\r\n        <div class=\"options\">\r\n\r\n            <label><input type=\"radio\" name=\"q7\" value=\"A\" data-correct=\"true\"> Une ampoule grill\u00e9e<\/label>\r\n\r\n            <label><input type=\"radio\" name=\"q7\" value=\"B\"> Une fuite de carburant<\/label>\r\n\r\n            <label><input type=\"radio\" name=\"q7\" value=\"C\"> Une pression hydraulique basse<\/label>\r\n\r\n            <label><input type=\"radio\" name=\"q7\" value=\"D\"> Une surcharge moteur<\/label>\r\n\r\n        <\/div>\r\n\r\n    <\/div>\r\n\r\n \r\n\r\n    <!-- Question 8 -->\r\n\r\n    <div class=\"question\" data-question=\"8\">\r\n\r\n        <p>8. Le voyant ABS allum\u00e9 signifie :<\/p>\r\n\r\n        <div class=\"options\">\r\n\r\n            <label><input type=\"radio\" name=\"q8\" value=\"A\"> Que le syst\u00e8me ABS fonctionne normalement<\/label>\r\n\r\n            <label><input type=\"radio\" name=\"q8\" value=\"B\" data-correct=\"true\"> Que le syst\u00e8me ABS est en panne<\/label>\r\n\r\n            <label><input type=\"radio\" name=\"q8\" value=\"C\"> Que les pneus sont sous-gonfl\u00e9s<\/label>\r\n\r\n            <label><input type=\"radio\" name=\"q8\" value=\"D\"> Que la machine est en mode rapide<\/label>\r\n\r\n        <\/div>\r\n\r\n    <\/div>\r\n\r\n \r\n\r\n    <!-- Question 9 -->\r\n\r\n    <div class=\"question\" data-question=\"9\">\r\n\r\n        <p>9. Le voyant de direction assist\u00e9e \u00e9lectrique indique :<\/p>\r\n\r\n        <div class=\"options\">\r\n\r\n            <label><input type=\"radio\" name=\"q9\" value=\"A\" data-correct=\"true\"> Une anomalie de direction assist\u00e9e<\/label>\r\n\r\n            <label><input type=\"radio\" name=\"q9\" value=\"B\"> Une anomalie moteur<\/label>\r\n\r\n            <label><input type=\"radio\" name=\"q9\" value=\"C\"> Une anomalie hydraulique<\/label>\r\n\r\n            <label><input type=\"radio\" name=\"q9\" value=\"D\"> Une anomalie de transmission<\/label>\r\n\r\n        <\/div>\r\n\r\n    <\/div>\r\n\r\n \r\n\r\n    <!-- Question 10 -->\r\n\r\n    <div class=\"question\" data-question=\"10\">\r\n\r\n        <p>10. Le voyant d\u2019airbag (sur certains engins routiers) indique :<\/p>\r\n\r\n        <div class=\"options\">\r\n\r\n            <label><input type=\"radio\" name=\"q10\" value=\"A\"> Une activation normale<\/label>\r\n\r\n            <label><input type=\"radio\" name=\"q10\" value=\"B\" data-correct=\"true\"> Une panne du syst\u00e8me airbag<\/label>\r\n\r\n            <label><input type=\"radio\" name=\"q10\" value=\"C\"> Une surchauffe moteur<\/label>\r\n\r\n            <label><input type=\"radio\" name=\"q10\" value=\"D\"> Une surcharge \u00e9lectrique<\/label>\r\n\r\n        <\/div>\r\n\r\n    <\/div>\r\n\r\n \r\n\r\n    <div class=\"boutons\">\r\n\r\n        <button type=\"button\" onclick=\"corrigerQCM()\">Corriger et afficher la note \/20<\/button>\r\n\r\n    <\/div>\r\n\r\n \r\n\r\n    <div id=\"resultat\" class=\"resultat\" style=\"display:none;\"><\/div>\r\n\r\n    <div id=\"correction\" class=\"correction\" style=\"display:none;\"><\/div>\r\n\r\n<\/div>\r\n\r\n \r\n\r\n<script>\r\n\r\nfunction corrigerQCM() {\r\n\r\n    const questions = document.querySelectorAll('.question');\r\n\r\n    let bonnes = 0;\r\n\r\n    let total = questions.length;\r\n\r\n    let details = '';\r\n\r\n \r\n\r\n    questions.forEach((q, index) => {\r\n\r\n        const numero = index + 1;\r\n\r\n        const options = q.querySelectorAll('input[type=\"radio\"]');\r\n\r\n        let bonneValeur = null;\r\n\r\n        let reponseEleve = null;\r\n\r\n \r\n\r\n        options.forEach(opt => {\r\n\r\n            if (opt.hasAttribute('data-correct')) {\r\n\r\n                bonneValeur = opt.value;\r\n\r\n            }\r\n\r\n            if (opt.checked) {\r\n\r\n                reponseEleve = opt.value;\r\n\r\n            }\r\n\r\n        });\r\n\r\n \r\n\r\n        if (reponseEleve === bonneValeur) {\r\n\r\n            bonnes++;\r\n\r\n            details += '<div class=\"bonne-reponse\">Question ' + numero + ' : Bonne r\u00e9ponse.<\/div>';\r\n\r\n        } else {\r\n\r\n            details += '<div class=\"mauvaise-reponse\">Question ' + numero +\r\n\r\n                ' : Mauvaise r\u00e9ponse. Bonne r\u00e9ponse : ' + bonneValeur + '.<\/div>';\r\n\r\n        }\r\n\r\n    });\r\n\r\n \r\n\r\n    const note20 = (bonnes \/ total) * 20;\r\n\r\n    const resultatDiv = document.getElementById('resultat');\r\n\r\n    const correctionDiv = document.getElementById('correction');\r\n\r\n \r\n\r\n    resultatDiv.style.display = 'block';\r\n\r\n    correctionDiv.style.display = 'block';\r\n\r\n \r\n\r\n    resultatDiv.innerHTML = 'Score : ' + bonnes + ' \/ ' + total +\r\n\r\n        ' &nbsp;|&nbsp; Note : ' + note20.toFixed(1) + ' \/ 20';\r\n\r\n    correctionDiv.innerHTML = details;\r\n\r\n}\r\n\r\n<\/script>\r\n\r\n<\/body>\r\n\r\n<\/html>\t\t\t\t<\/div>\n\t\t\t\t<\/div>\n\t\t\t\t\t<\/div>\n\t\t\t\t<\/div>\n\t\t\t\t<\/div>\n\t\t","protected":false},"excerpt":{"rendered":"<p>QCM 4 \u2013 Voyants \u00e9lectriques et batterie QCM 4 \u2013 Voyants \u00e9lectriques et batterie Tableau de bord engins de chantier 1. Le voyant rouge de batterie allum\u00e9 moteur tournant indique : Que la batterie est pleine Que le moteur est en surchauffe Que l\u2019alternateur ne charge plus correctement Que le niveau d\u2019huile est bas 2. <a class=\"read-more\" href=\"https:\/\/www.alexisdegaribaldi.com\/index.php\/quizz-les-voyants-cabines\/\">READ MORE<\/a><\/p>\n","protected":false},"author":1,"featured_media":0,"parent":0,"menu_order":0,"comment_status":"closed","ping_status":"closed","template":"","meta":{"_eb_attr":"","om_disable_all_campaigns":false,"_monsterinsights_skip_tracking":false,"_monsterinsights_sitenote_active":false,"_monsterinsights_sitenote_note":"","_monsterinsights_sitenote_category":0,"footnotes":""},"class_list":["post-8739","page","type-page","status-publish","hentry"],"aioseo_notices":[],"jetpack_sharing_enabled":true,"_links":{"self":[{"href":"https:\/\/www.alexisdegaribaldi.com\/index.php\/wp-json\/wp\/v2\/pages\/8739","targetHints":{"allow":["GET"]}}],"collection":[{"href":"https:\/\/www.alexisdegaribaldi.com\/index.php\/wp-json\/wp\/v2\/pages"}],"about":[{"href":"https:\/\/www.alexisdegaribaldi.com\/index.php\/wp-json\/wp\/v2\/types\/page"}],"author":[{"embeddable":true,"href":"https:\/\/www.alexisdegaribaldi.com\/index.php\/wp-json\/wp\/v2\/users\/1"}],"replies":[{"embeddable":true,"href":"https:\/\/www.alexisdegaribaldi.com\/index.php\/wp-json\/wp\/v2\/comments?post=8739"}],"version-history":[{"count":8,"href":"https:\/\/www.alexisdegaribaldi.com\/index.php\/wp-json\/wp\/v2\/pages\/8739\/revisions"}],"predecessor-version":[{"id":8805,"href":"https:\/\/www.alexisdegaribaldi.com\/index.php\/wp-json\/wp\/v2\/pages\/8739\/revisions\/8805"}],"wp:attachment":[{"href":"https:\/\/www.alexisdegaribaldi.com\/index.php\/wp-json\/wp\/v2\/media?parent=8739"}],"curies":[{"name":"wp","href":"https:\/\/api.w.org\/{rel}","templated":true}]}}