{"id":8750,"date":"2026-03-27T08:31:59","date_gmt":"2026-03-27T07:31:59","guid":{"rendered":"https:\/\/www.alexisdegaribaldi.com\/?page_id=8750"},"modified":"2026-03-27T11:10:09","modified_gmt":"2026-03-27T10:10:09","slug":"quizz-voyants-de-temperature-pression","status":"publish","type":"page","link":"https:\/\/www.alexisdegaribaldi.com\/index.php\/quizz-voyants-de-temperature-pression\/","title":{"rendered":"Quizz Voyants de Temp\u00e9rature &amp; Pression"},"content":{"rendered":"\t\t<div data-elementor-type=\"wp-page\" data-elementor-id=\"8750\" class=\"elementor elementor-8750\">\n\t\t\t\t<div class=\"elementor-element elementor-element-2f2089e e-flex e-con-boxed e-con e-parent\" data-id=\"2f2089e\" data-element_type=\"container\" data-e-type=\"container\">\n\t\t\t\t\t<div class=\"e-con-inner\">\n\t\t\t\t<div class=\"elementor-element elementor-element-c8bc853 elementor-widget elementor-widget-html\" data-id=\"c8bc853\" data-element_type=\"widget\" data-e-type=\"widget\" data-widget_type=\"html.default\">\n\t\t\t\t<div class=\"elementor-widget-container\">\n\t\t\t\t\t<!DOCTYPE html>\r\n\r\n<html lang=\"fr\">\r\n\r\n<head>\r\n\r\n    <meta charset=\"UTF-8\">\r\n\r\n    <title>QCM 6 \u2013 Voyants d\u2019entretien et maintenance<\/title>\r\n\r\n    <style>\r\n\r\n        body {\r\n\r\n            font-family: Arial, sans-serif;\r\n\r\n            margin: 0;\r\n\r\n            padding: 20px;\r\n\r\n            background: linear-gradient(to bottom, #e6f2ff, #ffffff);\r\n\r\n            color: #000000;\r\n\r\n        }\r\n\r\n        h1, h2 {\r\n\r\n            text-align: center;\r\n\r\n        }\r\n\r\n        h1 {\r\n\r\n            font-size: 2em;\r\n\r\n            margin-bottom: 0.2em;\r\n\r\n        }\r\n\r\n        h2 {\r\n\r\n            font-size: 1.3em;\r\n\r\n            margin-top: 0;\r\n\r\n            color: #004a80;\r\n\r\n        }\r\n\r\n        .qcm-container {\r\n\r\n            max-width: 900px;\r\n\r\n            margin: 0 auto;\r\n\r\n            background: #ffffffcc;\r\n\r\n            padding: 20px 30px;\r\n\r\n            border-radius: 10px;\r\n\r\n            box-shadow: 0 0 10px rgba(0,0,0,0.1);\r\n\r\n        }\r\n\r\n        .question {\r\n\r\n            margin-bottom: 20px;\r\n\r\n            padding: 15px;\r\n\r\n            border-radius: 8px;\r\n\r\n            background-color: #f5f9ff;\r\n\r\n            border: 1px solid #d0e2ff;\r\n\r\n        }\r\n\r\n        .question p {\r\n\r\n            font-weight: bold;\r\n\r\n            margin-bottom: 8px;\r\n\r\n        }\r\n\r\n        .options label {\r\n\r\n            display: block;\r\n\r\n            margin-bottom: 4px;\r\n\r\n            cursor: pointer;\r\n\r\n        }\r\n\r\n        .resultat {\r\n\r\n            margin-top: 25px;\r\n\r\n            padding: 15px;\r\n\r\n            border-radius: 8px;\r\n\r\n            background-color: #eef7ff;\r\n\r\n            border: 1px solid #c2ddff;\r\n\r\n            font-weight: bold;\r\n\r\n        }\r\n\r\n        .boutons {\r\n\r\n            text-align: center;\r\n\r\n            margin-top: 20px;\r\n\r\n        }\r\n\r\n        button {\r\n\r\n            background-color: #0078d7;\r\n\r\n            color: #ffffff;\r\n\r\n            border: none;\r\n\r\n            padding: 10px 20px;\r\n\r\n            font-size: 1em;\r\n\r\n            border-radius: 5px;\r\n\r\n            cursor: pointer;\r\n\r\n        }\r\n\r\n        button:hover {\r\n\r\n            background-color: #005a9e;\r\n\r\n        }\r\n\r\n        .correction {\r\n\r\n            margin-top: 10px;\r\n\r\n            font-size: 0.95em;\r\n\r\n        }\r\n\r\n        .bonne-reponse {\r\n\r\n            color: #006400;\r\n\r\n        }\r\n\r\n        .mauvaise-reponse {\r\n\r\n            color: #b22222;\r\n\r\n        }\r\n\r\n    <\/style>\r\n\r\n<\/head>\r\n\r\n<body>\r\n\r\n<div class=\"qcm-container\">\r\n\r\n    <h1>QCM 6 \u2013 Voyants d\u2019entretien et maintenance<\/h1>\r\n\r\n    <h2>Tableau de bord engins de chantier<\/h2>\r\n\r\n \r\n\r\n    <!-- Question 1 -->\r\n\r\n    <div class=\"question\" data-question=\"1\">\r\n\r\n        <p>1. Le voyant de maintenance (cl\u00e9 ou outil) indique :<\/p>\r\n\r\n        <div class=\"options\">\r\n\r\n            <label><input type=\"radio\" name=\"q1\" value=\"A\"> Une panne grave<\/label>\r\n\r\n            <label><input type=\"radio\" name=\"q1\" value=\"B\" data-correct=\"true\"> Une op\u00e9ration d\u2019entretien \u00e0 r\u00e9aliser<\/label>\r\n\r\n            <label><input type=\"radio\" name=\"q1\" value=\"C\"> Une surchauffe moteur<\/label>\r\n\r\n            <label><input type=\"radio\" name=\"q1\" value=\"D\"> Une fuite hydraulique<\/label>\r\n\r\n        <\/div>\r\n\r\n    <\/div>\r\n\r\n \r\n\r\n    <!-- Question 2 -->\r\n\r\n    <div class=\"question\" data-question=\"2\">\r\n\r\n        <p>2. Le voyant de filtre \u00e0 air colmat\u00e9 signifie :<\/p>\r\n\r\n        <div class=\"options\">\r\n\r\n            <label><input type=\"radio\" name=\"q2\" value=\"A\"> Une batterie faible<\/label>\r\n\r\n            <label><input type=\"radio\" name=\"q2\" value=\"B\" data-correct=\"true\"> Un filtre \u00e0 air encrass\u00e9<\/label>\r\n\r\n            <label><input type=\"radio\" name=\"q2\" value=\"C\"> Une fuite de carburant<\/label>\r\n\r\n            <label><input type=\"radio\" name=\"q2\" value=\"D\"> Une vitesse excessive<\/label>\r\n\r\n        <\/div>\r\n\r\n    <\/div>\r\n\r\n \r\n\r\n    <!-- Question 3 -->\r\n\r\n    <div class=\"question\" data-question=\"3\">\r\n\r\n        <p>3. Le voyant de filtre \u00e0 carburant colmat\u00e9 indique :<\/p>\r\n\r\n        <div class=\"options\">\r\n\r\n            <label><input type=\"radio\" name=\"q3\" value=\"A\"> Un manque d\u2019huile moteur<\/label>\r\n\r\n            <label><input type=\"radio\" name=\"q3\" value=\"B\" data-correct=\"true\"> Un filtre \u00e0 carburant encrass\u00e9<\/label>\r\n\r\n            <label><input type=\"radio\" name=\"q3\" value=\"C\"> Une surchauffe hydraulique<\/label>\r\n\r\n            <label><input type=\"radio\" name=\"q3\" value=\"D\"> Une surcharge \u00e9lectrique<\/label>\r\n\r\n        <\/div>\r\n\r\n    <\/div>\r\n\r\n \r\n\r\n    <!-- Question 4 -->\r\n\r\n    <div class=\"question\" data-question=\"4\">\r\n\r\n        <p>4. Le voyant de vidange moteur \u00e0 effectuer indique :<\/p>\r\n\r\n        <div class=\"options\">\r\n\r\n            <label><input type=\"radio\" name=\"q4\" value=\"A\"> Une fuite hydraulique<\/label>\r\n\r\n            <label><input type=\"radio\" name=\"q4\" value=\"B\"> Une panne \u00e9lectrique<\/label>\r\n\r\n            <label><input type=\"radio\" name=\"q4\" value=\"C\" data-correct=\"true\"> Une vidange moteur \u00e0 r\u00e9aliser<\/label>\r\n\r\n            <label><input type=\"radio\" name=\"q4\" value=\"D\"> Une surcharge moteur<\/label>\r\n\r\n        <\/div>\r\n\r\n    <\/div>\r\n\r\n \r\n\r\n    <!-- Question 5 -->\r\n\r\n    <div class=\"question\" data-question=\"5\">\r\n\r\n        <p>5. Le voyant d\u2019eau dans le carburant indique :<\/p>\r\n\r\n        <div class=\"options\">\r\n\r\n            <label><input type=\"radio\" name=\"q5\" value=\"A\"> Une fuite hydraulique<\/label>\r\n\r\n            <label><input type=\"radio\" name=\"q5\" value=\"B\" data-correct=\"true\"> La pr\u00e9sence d\u2019eau dans le carburant<\/label>\r\n\r\n            <label><input type=\"radio\" name=\"q5\" value=\"C\"> Une batterie faible<\/label>\r\n\r\n            <label><input type=\"radio\" name=\"q5\" value=\"D\"> Une surchauffe moteur<\/label>\r\n\r\n        <\/div>\r\n\r\n    <\/div>\r\n\r\n \r\n\r\n    <!-- Question 6 -->\r\n\r\n    <div class=\"question\" data-question=\"6\">\r\n\r\n        <p>6. Le voyant de niveau de liquide de refroidissement bas indique :<\/p>\r\n\r\n        <div class=\"options\">\r\n\r\n            <label><input type=\"radio\" name=\"q6\" value=\"A\"> Une surcharge hydraulique<\/label>\r\n\r\n            <label><input type=\"radio\" name=\"q6\" value=\"B\" data-correct=\"true\"> Un niveau de liquide de refroidissement insuffisant<\/label>\r\n\r\n            <label><input type=\"radio\" name=\"q6\" value=\"C\"> Une vitesse excessive<\/label>\r\n\r\n            <label><input type=\"radio\" name=\"q6\" value=\"D\"> Une panne \u00e9lectrique<\/label>\r\n\r\n        <\/div>\r\n\r\n    <\/div>\r\n\r\n \r\n\r\n    <!-- Question 7 -->\r\n\r\n    <div class=\"question\" data-question=\"7\">\r\n\r\n        <p>7. Le voyant de niveau d\u2019huile moteur bas signifie :<\/p>\r\n\r\n        <div class=\"options\">\r\n\r\n            <label><input type=\"radio\" name=\"q7\" value=\"A\"> Une surchauffe moteur<\/label>\r\n\r\n            <label><input type=\"radio\" name=\"q7\" value=\"B\" data-correct=\"true\"> Un niveau d\u2019huile insuffisant<\/label>\r\n\r\n            <label><input type=\"radio\" name=\"q7\" value=\"C\"> Une surcharge \u00e9lectrique<\/label>\r\n\r\n            <label><input type=\"radio\" name=\"q7\" value=\"D\"> Une fuite hydraulique<\/label>\r\n\r\n        <\/div>\r\n\r\n    <\/div>\r\n\r\n \r\n\r\n    <!-- Question 8 -->\r\n\r\n    <div class=\"question\" data-question=\"8\">\r\n\r\n        <p>8. Le voyant de graissage automatique indique :<\/p>\r\n\r\n        <div class=\"options\">\r\n\r\n            <label><input type=\"radio\" name=\"q8\" value=\"A\"> Une panne moteur<\/label>\r\n\r\n            <label><input type=\"radio\" name=\"q8\" value=\"B\"> Une surcharge hydraulique<\/label>\r\n\r\n            <label><input type=\"radio\" name=\"q8\" value=\"C\" data-correct=\"true\"> Un cycle de graissage en cours ou \u00e0 effectuer<\/label>\r\n\r\n            <label><input type=\"radio\" name=\"q8\" value=\"D\"> Une fuite de carburant<\/label>\r\n\r\n        <\/div>\r\n\r\n    <\/div>\r\n\r\n \r\n\r\n    <!-- Question 9 -->\r\n\r\n    <div class=\"question\" data-question=\"9\">\r\n\r\n        <p>9. Le voyant de remplacement d\u2019\u00e9l\u00e9ment filtrant indique :<\/p>\r\n\r\n        <div class=\"options\">\r\n\r\n            <label><input type=\"radio\" name=\"q9\" value=\"A\"> Une vitesse excessive<\/label>\r\n\r\n            <label><input type=\"radio\" name=\"q9\" value=\"B\" data-correct=\"true\"> Un \u00e9l\u00e9ment filtrant \u00e0 remplacer<\/label>\r\n\r\n            <label><input type=\"radio\" name=\"q9\" value=\"C\"> Une surcharge moteur<\/label>\r\n\r\n            <label><input type=\"radio\" name=\"q9\" value=\"D\"> Une fuite hydraulique<\/label>\r\n\r\n        <\/div>\r\n\r\n    <\/div>\r\n\r\n \r\n\r\n    <!-- Question 10 -->\r\n\r\n    <div class=\"question\" data-question=\"10\">\r\n\r\n        <p>10. Le voyant d\u2019entretien g\u00e9n\u00e9ral allum\u00e9 signifie :<\/p>\r\n\r\n        <div class=\"options\">\r\n\r\n            <label><input type=\"radio\" name=\"q10\" value=\"A\"> Une panne grave<\/label>\r\n\r\n            <label><input type=\"radio\" name=\"q10\" value=\"B\"> Une surcharge hydraulique<\/label>\r\n\r\n            <label><input type=\"radio\" name=\"q10\" value=\"C\" data-correct=\"true\"> Un entretien global \u00e0 pr\u00e9voir<\/label>\r\n\r\n            <label><input type=\"radio\" name=\"q10\" value=\"D\"> Une fuite de carburant<\/label>\r\n\r\n        <\/div>\r\n\r\n    <\/div>\r\n\r\n \r\n\r\n    <div class=\"boutons\">\r\n\r\n        <button type=\"button\" onclick=\"corrigerQCM()\">Corriger et afficher la note \/20<\/button>\r\n\r\n    <\/div>\r\n\r\n \r\n\r\n    <div id=\"resultat\" class=\"resultat\" style=\"display:none;\"><\/div>\r\n\r\n    <div id=\"correction\" class=\"correction\" style=\"display:none;\"><\/div>\r\n\r\n<\/div>\r\n\r\n \r\n\r\n<script>\r\n\r\nfunction corrigerQCM() {\r\n\r\n    const questions = document.querySelectorAll('.question');\r\n\r\n    let bonnes = 0;\r\n\r\n    let total = questions.length;\r\n\r\n    let details = '';\r\n\r\n \r\n\r\n    questions.forEach((q, index) => {\r\n\r\n        const numero = index + 1;\r\n\r\n        const options = q.querySelectorAll('input[type=\"radio\"]');\r\n\r\n        let bonneValeur = null;\r\n\r\n        let reponseEleve = null;\r\n\r\n \r\n\r\n        options.forEach(opt => {\r\n\r\n            if (opt.hasAttribute('data-correct')) {\r\n\r\n                bonneValeur = opt.value;\r\n\r\n            }\r\n\r\n            if (opt.checked) {\r\n\r\n                reponseEleve = opt.value;\r\n\r\n            }\r\n\r\n        });\r\n\r\n \r\n\r\n        if (reponseEleve === bonneValeur) {\r\n\r\n            bonnes++;\r\n\r\n            details += '<div class=\"bonne-reponse\">Question ' + numero + ' : Bonne r\u00e9ponse.<\/div>';\r\n\r\n        } else {\r\n\r\n            details += '<div class=\"mauvaise-reponse\">Question ' + numero +\r\n\r\n                ' : Mauvaise r\u00e9ponse. Bonne r\u00e9ponse : ' + bonneValeur + '.<\/div>';\r\n\r\n        }\r\n\r\n    });\r\n\r\n \r\n\r\n    const note20 = (bonnes \/ total) * 20;\r\n\r\n    const resultatDiv = document.getElementById('resultat');\r\n\r\n    const correctionDiv = document.getElementById('correction');\r\n\r\n \r\n\r\n    resultatDiv.style.display = 'block';\r\n\r\n    correctionDiv.style.display = 'block';\r\n\r\n \r\n\r\n    resultatDiv.innerHTML = 'Score : ' + bonnes + ' \/ ' + total +\r\n\r\n        ' &nbsp;|&nbsp; Note : ' + note20.toFixed(1) + ' \/ 20';\r\n\r\n    correctionDiv.innerHTML = details;\r\n\r\n}\r\n\r\n<\/script>\r\n\r\n<\/body>\r\n\r\n<\/html>\t\t\t\t<\/div>\n\t\t\t\t<\/div>\n\t\t\t\t\t<\/div>\n\t\t\t\t<\/div>\n\t\t\t\t<\/div>\n\t\t","protected":false},"excerpt":{"rendered":"<p>QCM 6 \u2013 Voyants d\u2019entretien et maintenance QCM 6 \u2013 Voyants d\u2019entretien et maintenance Tableau de bord engins de chantier 1. Le voyant de maintenance (cl\u00e9 ou outil) indique : Une panne grave Une op\u00e9ration d\u2019entretien \u00e0 r\u00e9aliser Une surchauffe moteur Une fuite hydraulique 2. Le voyant de filtre \u00e0 air colmat\u00e9 signifie : Une <a class=\"read-more\" href=\"https:\/\/www.alexisdegaribaldi.com\/index.php\/quizz-voyants-de-temperature-pression\/\">READ MORE<\/a><\/p>\n","protected":false},"author":1,"featured_media":0,"parent":0,"menu_order":0,"comment_status":"closed","ping_status":"closed","template":"","meta":{"_eb_attr":"","om_disable_all_campaigns":false,"_monsterinsights_skip_tracking":false,"_monsterinsights_sitenote_active":false,"_monsterinsights_sitenote_note":"","_monsterinsights_sitenote_category":0,"footnotes":""},"class_list":["post-8750","page","type-page","status-publish","hentry"],"aioseo_notices":[],"jetpack_sharing_enabled":true,"_links":{"self":[{"href":"https:\/\/www.alexisdegaribaldi.com\/index.php\/wp-json\/wp\/v2\/pages\/8750","targetHints":{"allow":["GET"]}}],"collection":[{"href":"https:\/\/www.alexisdegaribaldi.com\/index.php\/wp-json\/wp\/v2\/pages"}],"about":[{"href":"https:\/\/www.alexisdegaribaldi.com\/index.php\/wp-json\/wp\/v2\/types\/page"}],"author":[{"embeddable":true,"href":"https:\/\/www.alexisdegaribaldi.com\/index.php\/wp-json\/wp\/v2\/users\/1"}],"replies":[{"embeddable":true,"href":"https:\/\/www.alexisdegaribaldi.com\/index.php\/wp-json\/wp\/v2\/comments?post=8750"}],"version-history":[{"count":7,"href":"https:\/\/www.alexisdegaribaldi.com\/index.php\/wp-json\/wp\/v2\/pages\/8750\/revisions"}],"predecessor-version":[{"id":8811,"href":"https:\/\/www.alexisdegaribaldi.com\/index.php\/wp-json\/wp\/v2\/pages\/8750\/revisions\/8811"}],"wp:attachment":[{"href":"https:\/\/www.alexisdegaribaldi.com\/index.php\/wp-json\/wp\/v2\/media?parent=8750"}],"curies":[{"name":"wp","href":"https:\/\/api.w.org\/{rel}","templated":true}]}}