{"id":8995,"date":"2026-04-02T14:02:25","date_gmt":"2026-04-02T12:02:25","guid":{"rendered":"https:\/\/www.alexisdegaribaldi.com\/?page_id=8995"},"modified":"2026-04-02T14:07:02","modified_gmt":"2026-04-02T12:07:02","slug":"batteries","status":"publish","type":"page","link":"https:\/\/www.alexisdegaribaldi.com\/index.php\/batteries\/","title":{"rendered":"Batteries"},"content":{"rendered":"\t\t<div data-elementor-type=\"wp-page\" data-elementor-id=\"8995\" class=\"elementor elementor-8995\">\n\t\t\t\t<div class=\"elementor-element elementor-element-83d4a86 e-flex e-con-boxed e-con e-parent\" data-id=\"83d4a86\" data-element_type=\"container\" data-e-type=\"container\">\n\t\t\t\t\t<div class=\"e-con-inner\">\n\t\t\t\t<div class=\"elementor-element elementor-element-feba5be elementor-widget elementor-widget-text-editor\" data-id=\"feba5be\" data-element_type=\"widget\" data-e-type=\"widget\" data-widget_type=\"text-editor.default\">\n\t\t\t\t<div class=\"elementor-widget-container\">\n\t\t\t\t\t\t\t\t\t<p>La batterie<br>Objectifs :<br>&#8211; Conna\u00eetre le r\u00f4le de la batterie, ses caract\u00e9ristiques et sa <br>composition<br>&#8211; Savoir r\u00e9aliser l\u2019entretien et la mise en charge de la batterie<br>1. R\u00f4le de la batterie<br>La batterie est le moyen indispensable pour stocker de l\u2019\u00e9nergie \u00e9lectrique. Elle <br>fournit, \u00e0 la demande, du courant continu \u00e0 tous les appareils consommateurs reli\u00e9s <br>\u00e0 ses bornes.<br>Ses deux principaux r\u00f4les sont :<br>&#8211; fournir l\u2019intensit\u00e9 \u00e9lectrique utile \u00e0 l\u2019alimentation du d\u00e9marreur<br>&#8211; alimenter les r\u00e9cepteurs \u00e0 l\u2019arr\u00eat du v\u00e9hicule, gr\u00e2ce \u00e0 sa capacit\u00e9<br><br>2. Constitution de la batterie<br>Une batterie est constitu\u00e9e d\u2019un assemblage de plusieurs <br>\u00e9l\u00e9ments ; chaque \u00e9l\u00e9ment est lui-m\u00eame constitu\u00e9 de plusieurs <br>plaques, n\u00e9gatives et positives. L\u2019ensemble de ces plaques est <br>reli\u00e9 pour ne former que deux bornes : la borne positive et la <br>borne n\u00e9gative.<br>La borne positive est en g\u00e9n\u00e9ral plus grosse, ce qui permet de la <br>rep\u00e9rer plus facilement et d\u2019\u00e9viter les erreurs de connexion.<br>Chaque \u00e9l\u00e9ment de la batterie contient une solution d\u2019acide sulfurique (H2S04), <br>appel\u00e9e \u00e9lectrolyte.<br>Chaque \u00e9l\u00e9ment est surmont\u00e9 d\u2019un <br>bouchon. Celui-ci permet de :<br>&#8211; fermer les orifices des couvercles <br>lorsque l\u2019on a v\u00e9rifie le niveau de <br>l\u2019\u00e9lectrolyte ou que l\u2019on rajoute de l\u2019eau <br>d\u00e9min\u00e9ralis\u00e9e<br>&#8211; laisser \u00e9chapper les gaz qui se <br>forment au cours de la charge de la <br>batterie sur l\u2019engin<br>BORNE<br>POSITIF<br>barre de <br>couplage<br>BORNE<br>N\u00c9GATIF<br>Groupe de <br>plaques <br>n\u00e9gatives<br>Groupe de <br>plaques <br>positives<br><br><\/p><p>3. Grandeurs \u00e9lectriques d\u2019une batterie : capacit\u00e9, tension, <br>intensit\u00e9<br>Si l&rsquo;on compare une batterie \u00e0 un r\u00e9servoir, la capacit\u00e9<br>repr\u00e9sente la quantit\u00e9 de liquide qui se trouve \u00e0 <br>l&rsquo;int\u00e9rieur, sauf qu&rsquo;on ne compte pas les litres qu&rsquo;elle <br>contient, mais les amp\u00e8res.<br>La capacit\u00e9 correspond donc \u00e0 ce que la batterie peut <br>fournir comme quantit\u00e9 de courant (sur une dur\u00e9e <br>pr\u00e9cise au bout de laquelle la batterie est d\u00e9charg\u00e9e). <br>Cette capacit\u00e9 s\u2019exprime en amp\u00e8res-heures (Ah) et <br>se note Cn (Capacit\u00e9 Nominale).<br>Par exemple : Une batterie de 120 Ah peut fournir une intensit\u00e9 de 12 Amp\u00e8res <br>pendant 10 heures ou de 6 Amp\u00e8res pendant 20 heures.<br>Cn (Ah) = Intensit\u00e9 (A) x Temps (h)<br>Cette capacit\u00e9 d\u00e9pend de plusieurs facteurs : la surface des plaques, le volume de <br>l&rsquo;\u00e9lectrolyte, la temp\u00e9rature, la dur\u00e9e de la d\u00e9charge.<br>Les grandeurs \u00e9lectriques pr\u00e9sentes sur la batterie :<br>&#8211; 12 V = 12 Volt, correspond \u00e0 la tension de la batterie. <br>Nous avons vu que la batterie est compos\u00e9e d\u2019\u00e9l\u00e9ments. <br>Chaque \u00e9l\u00e9ment a une tension de 2 Volts.<br>Si la batterie poss\u00e8de 6 \u00e9l\u00e9ments, elle a donc une tension <br>de 6 x 2 = 12 Volts<br>&#8211; 200 A = 200 Amp\u00e8res, correspond \u00e0 l\u2019intensit\u00e9 <br>maximale au d\u00e9marrage. C&rsquo;est l&rsquo;intensit\u00e9 que peut fournir la batterie pendant <br>une dur\u00e9e de 210 secondes (intensit\u00e9 importante demand\u00e9e sur un temps court).<br>&#8211; 40 Ah = 40 Amp\u00e8re-heure, correspond \u00e0 la capacit\u00e9 de la batterie.<br><br><\/p><p>4. Entretien des batteries et v\u00e9rification<br>Le nettoyage de la batterie se fait avec une brosse ou du papier de verre.<br>Pour v\u00e9rifier l\u2019\u00e9tat d\u2019une batterie, il faut mesurer la densit\u00e9 de l\u2019\u00e9lectrolyte. <br>L\u2019\u00e9lectrolyte est une solution compos\u00e9e d\u2019environ 36% d\u2019acide et 64% d\u2019eau. Elle <br>doit avoir une densit\u00e9 comprise entre 1250 et 1350 et doit couvrir les plaques de la <br>batterie d\u2019environ 1,5 cm.<br>Pour mesurer la densit\u00e9 de l\u2019\u00e9lectrolyte, on utilise un p\u00e8se-acide.<br>L\u2019acide \u00e9tant un produit corrosif, il est n\u00e9cessaire de prendre des <br>pr\u00e9cautions lors de la manipulation des batteries.<br>En effet, il faut s\u2019assurer que l\u2019on est correctement prot\u00e9g\u00e9 contre les <br>projections d&rsquo;acide, en portant les EPI (gants, lunettes, manches <br>longues&#8230;).<br>P\u00e8se-acide :<br>Le p\u00e8se-acide est constitu\u00e9 d&rsquo;une pipette dans <br>laquelle se trouve un flotteur lest\u00e9 et gradu\u00e9.<br>L&rsquo;utilisation du p\u00e8se-acide est tr\u00e8s simple. Il faut <br>proc\u00e9der ainsi :<br>1. Ouvrir les bouchons de la batterie,<br>2. Plongez le tube du p\u00e8se-acide dans l&rsquo;\u00e9lectrolyte et <br>aspirez autant de liquide que possible dans la pipette <br>3. Le niveau du liquide sur le flotteur gradu\u00e9 indique la concentration d&rsquo;acide, selon le <br>tableau ci-dessous.<br>zone rouge zone jaune zone verte<br>graduation graduation graduation<br>1100 1160 1250<br>1110 1170 1260<br>1120 1180 1275<br>1130 1190 1290<br>1140 1200 1305<br>1150 1210 1320<br>1220 1335<br>1230 1350<br>1240<br><br><\/p><p>V\u00e9rification de l\u2019\u00e9tat de la batterie (3 cas possibles):<br>\u2022 Si tous les \u00e9l\u00e9ments d\u2019une batterie ont les m\u00eames valeurs de densit\u00e9, la batterie <br>est en bon \u00e9tat. <br>\u2022 Si tous les \u00e9l\u00e9ments sont faibles, la batterie n\u2019a besoin que d\u2019une recharge. Il <br>faut ensuite v\u00e9rifier si la densit\u00e9 est correcte.<br>\u2022 S\u2019il y a vraiment trop de diff\u00e9rence entre les \u00e9l\u00e9ments, la batterie doit \u00eatre <br>remplac\u00e9e.<br>5. Mise en charge de la batterie<br>Lorsque cela est n\u00e9cessaire (et que la v\u00e9rification et le nettoyage de la batterie ont <br>\u00e9t\u00e9 r\u00e9alis\u00e9s), la batterie peut \u00eatre recharg\u00e9e \u00e0 l\u2019aide d\u2019un chargeur.<br>Pour cela, on enl\u00e8ve la batterie de l\u2019engin de la fa\u00e7on suivante.<br>Attention : il faut d\u00e9brancher en premier la borne n\u00e9gative puis d\u00e9brancher la borne <br>positive.<br>Pour le remontage de la batterie, on proc\u00e9dera de fa\u00e7on inverse.<br>La batterie doit \u00eatre transport\u00e9e avec d\u00e9licatesse et ne pas \u00eatre cogn\u00e9e.<br>Il faut :<br>&#8211; V\u00e9rifier que la tension du chargeur corresponde \u00e0 celle de la batterie.<br>&#8211; Ouvrir tous les bouchons.<br>&#8211; Compl\u00e9ter les \u00e9l\u00e9ments s\u2019il y a lieu.<br>&#8211; Brancher la borne + de la batterie au chargeur.<br>&#8211; Brancher la borne \u2013 de la batterie au chargeur.<br>&#8211; R\u00e9gler l\u2019intensit\u00e9 de la charge (10 % de la capacit\u00e9 de la batterie).<br>&#8211; Brancher le chargeur sur le secteur<br>Le temps de charge doit \u00eatre de 10 heures. <br>Exemple :<br>Pour une batterie de 12 V, 220Ah, 600A, <br>le temps de charge sera : 10h,<br>avec une intensit\u00e9 de : 220 x <br>10<br>100<br>= 22 Amp\u00e8res<br><br><\/p><p>Exercice 1 :<br>Dessiner le branchement de la batterie sur le chargeur et compl\u00e9ter le sch\u00e9ma.<br>Batterie de 12V 220Ah 135A<\/p><p><br>Exercice 2 : En vous aidant des pages pr\u00e9c\u00e9dentes, r\u00e9pondez aux questions en <br>mettant une croix dans la case correspondante.<br>La batterie ressemble \u00e0 un r\u00e9servoir.<br>Elle est compos\u00e9e de plusieurs \u00e9l\u00e9ments.<br>Sa solution d\u2019acide sulfurique et d\u2019eau distill\u00e9e<br>s\u2019appelle \u00e9lectrolyte.<br>Les \u00e9l\u00e9ments ont une tension de 6 volts.<br>La borne positive est plus grosse que la borne n\u00e9gative.<br>Il y a un bouchon d\u2019acc\u00e8s par \u00e9l\u00e9ment.<br>Une batterie bien charg\u00e9e \u00e0 une densit\u00e9 d\u2019\u00e9lectrolyte<br>sup\u00e9rieur \u00e0 1250.<br>VRAI FAUX<br>CHARGEUR<br>Tension : __________ V<br>Intensit\u00e9 : _________ A<br>Temps : H<br>Temps de charge : Normal (10h)<br>12v<br><br><\/p><p>Exercice 3 : R\u00e9pondez aux questions correspondant \u00e0 la batterie dont les <br>caract\u00e9ristiques sont les suivantes :<br>12V &#8211; 800A &#8211; 165A\/h<br>Combien poss\u00e8de-t-elle d\u2019\u00e9l\u00e9ments ?<br>\u2026\u2026\u2026\u2026\u2026\u2026\u2026\u2026\u2026\u2026\u2026\u2026\u2026\u2026\u2026\u2026\u2026\u2026\u2026\u2026\u2026\u2026\u2026\u2026\u2026\u2026\u2026\u2026\u2026\u2026\u2026\u2026\u2026\u2026\u2026\u2026\u2026<br>\u2026\u2026\u2026\u2026\u2026\u2026\u2026\u2026\u2026\u2026\u2026\u2026\u2026\u2026\u2026\u2026\u2026\u2026\u2026\u2026\u2026\u2026\u2026\u2026\u2026\u2026\u2026\u2026\u2026\u2026\u2026\u2026\u2026\u2026\u2026\u2026\u2026<br>Combien doit atteindre la densit\u00e9 pour que la batterie soit dite charg\u00e9e ?<br>\u2026\u2026\u2026\u2026\u2026\u2026\u2026\u2026\u2026\u2026\u2026\u2026\u2026\u2026\u2026\u2026\u2026\u2026\u2026\u2026\u2026\u2026\u2026\u2026\u2026\u2026\u2026\u2026\u2026\u2026\u2026\u2026\u2026\u2026\u2026\u2026\u2026<br>\u2026\u2026\u2026\u2026\u2026\u2026\u2026\u2026\u2026\u2026\u2026\u2026\u2026\u2026\u2026\u2026\u2026\u2026\u2026\u2026\u2026\u2026\u2026\u2026\u2026\u2026\u2026\u2026\u2026\u2026\u2026\u2026\u2026\u2026\u2026\u2026\u2026<br>Combien de temps peut-elle alimenter th\u00e9oriquement des feux d\u2019\u00e9clairage qui <br>consomment 6 amp\u00e8res ?<br>\u2026\u2026\u2026\u2026\u2026\u2026\u2026\u2026\u2026\u2026\u2026\u2026\u2026\u2026\u2026\u2026\u2026\u2026\u2026\u2026\u2026\u2026\u2026\u2026\u2026\u2026\u2026\u2026\u2026\u2026\u2026\u2026\u2026\u2026\u2026\u2026\u2026<br>\u2026\u2026\u2026\u2026\u2026\u2026\u2026\u2026\u2026\u2026\u2026\u2026\u2026\u2026\u2026\u2026\u2026\u2026\u2026\u2026\u2026\u2026\u2026\u2026\u2026\u2026\u2026\u2026\u2026\u2026\u2026\u2026\u2026\u2026\u2026\u2026\u2026<br>Quelle intensit\u00e9 peut-elle fournir au d\u00e9marrage ?<br>\u2026\u2026\u2026\u2026\u2026\u2026\u2026\u2026\u2026\u2026\u2026\u2026\u2026\u2026\u2026\u2026\u2026\u2026\u2026\u2026\u2026\u2026\u2026\u2026\u2026\u2026\u2026\u2026\u2026\u2026\u2026\u2026\u2026\u2026\u2026\u2026\u2026<br>\u2026\u2026\u2026\u2026\u2026\u2026\u2026\u2026\u2026\u2026\u2026\u2026\u2026\u2026\u2026\u2026\u2026\u2026\u2026\u2026\u2026\u2026\u2026\u2026\u2026\u2026\u2026\u2026\u2026\u2026\u2026\u2026\u2026\u2026\u2026\u2026\u2026<br><\/p>\t\t\t\t\t\t\t\t<\/div>\n\t\t\t\t<\/div>\n\t\t\t\t\t<\/div>\n\t\t\t\t<\/div>\n\t\t\t\t<\/div>\n\t\t","protected":false},"excerpt":{"rendered":"<p>La batterieObjectifs :&#8211; Conna\u00eetre le r\u00f4le de la batterie, ses caract\u00e9ristiques et sa composition&#8211; Savoir r\u00e9aliser l\u2019entretien et la mise en charge de la batterie1. R\u00f4le de la batterieLa batterie est le moyen indispensable pour stocker de l\u2019\u00e9nergie \u00e9lectrique. Elle fournit, \u00e0 la demande, du courant continu \u00e0 tous les appareils consommateurs reli\u00e9s \u00e0 ses <a class=\"read-more\" href=\"https:\/\/www.alexisdegaribaldi.com\/index.php\/batteries\/\">READ MORE<\/a><\/p>\n","protected":false},"author":1,"featured_media":0,"parent":0,"menu_order":0,"comment_status":"closed","ping_status":"closed","template":"","meta":{"_eb_attr":"","om_disable_all_campaigns":false,"_monsterinsights_skip_tracking":false,"_monsterinsights_sitenote_active":false,"_monsterinsights_sitenote_note":"","_monsterinsights_sitenote_category":0,"footnotes":""},"class_list":["post-8995","page","type-page","status-publish","hentry"],"aioseo_notices":[],"jetpack_sharing_enabled":true,"_links":{"self":[{"href":"https:\/\/www.alexisdegaribaldi.com\/index.php\/wp-json\/wp\/v2\/pages\/8995","targetHints":{"allow":["GET"]}}],"collection":[{"href":"https:\/\/www.alexisdegaribaldi.com\/index.php\/wp-json\/wp\/v2\/pages"}],"about":[{"href":"https:\/\/www.alexisdegaribaldi.com\/index.php\/wp-json\/wp\/v2\/types\/page"}],"author":[{"embeddable":true,"href":"https:\/\/www.alexisdegaribaldi.com\/index.php\/wp-json\/wp\/v2\/users\/1"}],"replies":[{"embeddable":true,"href":"https:\/\/www.alexisdegaribaldi.com\/index.php\/wp-json\/wp\/v2\/comments?post=8995"}],"version-history":[{"count":4,"href":"https:\/\/www.alexisdegaribaldi.com\/index.php\/wp-json\/wp\/v2\/pages\/8995\/revisions"}],"predecessor-version":[{"id":8999,"href":"https:\/\/www.alexisdegaribaldi.com\/index.php\/wp-json\/wp\/v2\/pages\/8995\/revisions\/8999"}],"wp:attachment":[{"href":"https:\/\/www.alexisdegaribaldi.com\/index.php\/wp-json\/wp\/v2\/media?parent=8995"}],"curies":[{"name":"wp","href":"https:\/\/api.w.org\/{rel}","templated":true}]}}