{"id":1623,"date":"2022-09-04T20:32:00","date_gmt":"2022-09-04T18:32:00","guid":{"rendered":"https:\/\/www.alexisdegaribaldi.com\/?post_type=product&#038;p=1623"},"modified":"2022-09-14T10:00:02","modified_gmt":"2022-09-14T08:00:02","slug":"anamnese-manuscrite","status":"publish","type":"product","link":"https:\/\/www.alexisdegaribaldi.com\/index.php\/product\/anamnese-manuscrite\/","title":{"rendered":"Anamn\u00e8se manuscrite"},"content":{"rendered":"<p>Pr\u00e9parer votre premi\u00e8re s\u00e9ance de coaching \u00e0 votre rythme chez vous en r\u00e9pondant au questionnaire que vous renverrez par mail \u00e0 votre Coach. Ce dernier vous fixera un deuxi\u00e8me entretien en Visio par Zoom ou au Cabinet.<\/p>\n","protected":false},"excerpt":{"rendered":"<p>Pr\u00e9parer votre premi\u00e8re s\u00e9ance de coaching \u00e0 votre rythme chez vous en r\u00e9pondant au questionnaire que vous renverrez par mail \u00e0 votre Coach. Ce dernier vous fixera un deuxi\u00e8me entretien en Visio par Zoom ou au Cabinet.<\/p>\n","protected":false},"featured_media":1625,"template":"","meta":{"_eb_attr":"","om_disable_all_campaigns":false,"_monsterinsights_skip_tracking":false,"_monsterinsights_sitenote_active":false,"_monsterinsights_sitenote_note":"","_monsterinsights_sitenote_category":0},"product_brand":[],"product_cat":[33,20],"product_tag":[],"class_list":{"0":"post-1623","1":"product","2":"type-product","3":"status-publish","4":"has-post-thumbnail","6":"product_cat-anamnese-premere-seance","7":"product_cat-coaching","9":"first","10":"instock","11":"downloadable","12":"purchasable","13":"product-type-simple"},"aioseo_notices":[],"jetpack_sharing_enabled":true,"_links":{"self":[{"href":"https:\/\/www.alexisdegaribaldi.com\/index.php\/wp-json\/wp\/v2\/product\/1623","targetHints":{"allow":["GET"]}}],"collection":[{"href":"https:\/\/www.alexisdegaribaldi.com\/index.php\/wp-json\/wp\/v2\/product"}],"about":[{"href":"https:\/\/www.alexisdegaribaldi.com\/index.php\/wp-json\/wp\/v2\/types\/product"}],"wp:featuredmedia":[{"embeddable":true,"href":"https:\/\/www.alexisdegaribaldi.com\/index.php\/wp-json\/wp\/v2\/media\/1625"}],"wp:attachment":[{"href":"https:\/\/www.alexisdegaribaldi.com\/index.php\/wp-json\/wp\/v2\/media?parent=1623"}],"wp:term":[{"taxonomy":"product_brand","embeddable":true,"href":"https:\/\/www.alexisdegaribaldi.com\/index.php\/wp-json\/wp\/v2\/product_brand?post=1623"},{"taxonomy":"product_cat","embeddable":true,"href":"https:\/\/www.alexisdegaribaldi.com\/index.php\/wp-json\/wp\/v2\/product_cat?post=1623"},{"taxonomy":"product_tag","embeddable":true,"href":"https:\/\/www.alexisdegaribaldi.com\/index.php\/wp-json\/wp\/v2\/product_tag?post=1623"}],"curies":[{"name":"wp","href":"https:\/\/api.w.org\/{rel}","templated":true}]}}