{"id":1630,"date":"2022-09-04T20:55:39","date_gmt":"2022-09-04T18:55:39","guid":{"rendered":"https:\/\/www.alexisdegaribaldi.com\/?post_type=product&#038;p=1630"},"modified":"2025-11-15T16:13:00","modified_gmt":"2025-11-15T15:13:00","slug":"seance-de-musicotherapie","status":"publish","type":"product","link":"https:\/\/www.alexisdegaribaldi.com\/index.php\/product\/seance-de-musicotherapie\/","title":{"rendered":"Musicoth\u00e9rapie Abonnement"},"content":{"rendered":"<p>Comme la musique adoucit les moeurs, elle peut aussi vous amener du bien \u00eatre,<\/p>\n<p><span style=\"font-size: 14px; letter-spacing: 0px;\">Vous apporter une \u00e9motion agr\u00e9able et lib\u00e9ratrice,\u00a0<\/span><\/p>\n<p>La libert\u00e9 \u00e9motionnelle passe par l\u00e0<\/p>\n<p><span style=\"font-size: 14px; letter-spacing: 0px;\">Du r\u00e9confort, vous amener \u00e0 voir les choses autrement, sur vous, sur une situation.<\/span><\/p>\n<p>Elle peut vous permettre de vous relaxer, entrer en m\u00e9ditation, r\u00e9aliser une s\u00e9ance d&rsquo;auto-hypnose.<\/p>\n<p>Trouver le sommeil, et vous apporter un repos r\u00e9parateur.<\/p>\n<p>Mais aussi pr\u00e9parer votre soir\u00e9e, cr\u00e9er une ambiance.<\/p>\n<p>Faire ou refaire d\u00e9couvrir des \u00e9motions<\/p>\n<p>Abonnez vous pour recevoir votre\u00a0 \u00a0 \u00a0 CODE d\u00a0 \u00a0&lsquo;OUVERTURE\u00a0 \u00a0 \u00a0des divers\u00a0 modules<\/p>\n","protected":false},"excerpt":{"rendered":"<p>Musicoth\u00e9rapie<\/p>\n<p>Abonnement payable en une seule fois<\/p>\n<p>Un acc\u00e8s limit\u00e9 dans le temps bien \u00e9videment ( 6 mois )<\/p>\n<p>Divers modules possibles cumulables<\/p>\n","protected":false},"featured_media":158,"template":"","meta":{"_eb_attr":"","om_disable_all_campaigns":false,"_monsterinsights_skip_tracking":false,"_monsterinsights_sitenote_active":false,"_monsterinsights_sitenote_note":"","_monsterinsights_sitenote_category":0},"product_brand":[],"product_cat":[90,34],"product_tag":[86],"class_list":{"0":"post-1630","1":"product","2":"type-product","3":"status-publish","4":"has-post-thumbnail","6":"product_cat-codes-abonnement","7":"product_cat-musicotherapie","8":"product_tag-musicotherapie-abonnement","10":"first","11":"instock","12":"downloadable","13":"taxable","14":"shipping-taxable","15":"purchasable","16":"product-type-simple"},"aioseo_notices":[],"jetpack_sharing_enabled":true,"_links":{"self":[{"href":"https:\/\/www.alexisdegaribaldi.com\/index.php\/wp-json\/wp\/v2\/product\/1630","targetHints":{"allow":["GET"]}}],"collection":[{"href":"https:\/\/www.alexisdegaribaldi.com\/index.php\/wp-json\/wp\/v2\/product"}],"about":[{"href":"https:\/\/www.alexisdegaribaldi.com\/index.php\/wp-json\/wp\/v2\/types\/product"}],"wp:featuredmedia":[{"embeddable":true,"href":"https:\/\/www.alexisdegaribaldi.com\/index.php\/wp-json\/wp\/v2\/media\/158"}],"wp:attachment":[{"href":"https:\/\/www.alexisdegaribaldi.com\/index.php\/wp-json\/wp\/v2\/media?parent=1630"}],"wp:term":[{"taxonomy":"product_brand","embeddable":true,"href":"https:\/\/www.alexisdegaribaldi.com\/index.php\/wp-json\/wp\/v2\/product_brand?post=1630"},{"taxonomy":"product_cat","embeddable":true,"href":"https:\/\/www.alexisdegaribaldi.com\/index.php\/wp-json\/wp\/v2\/product_cat?post=1630"},{"taxonomy":"product_tag","embeddable":true,"href":"https:\/\/www.alexisdegaribaldi.com\/index.php\/wp-json\/wp\/v2\/product_tag?post=1630"}],"curies":[{"name":"wp","href":"https:\/\/api.w.org\/{rel}","templated":true}]}}