{"id":1691,"date":"2022-09-05T19:36:03","date_gmt":"2022-09-05T17:36:03","guid":{"rendered":"https:\/\/www.alexisdegaribaldi.com\/?post_type=product&#038;p=1691"},"modified":"2025-05-24T15:40:19","modified_gmt":"2025-05-24T13:40:19","slug":"qvct-1-mission-entreprise-de-10-a-20-salaries","status":"publish","type":"product","link":"https:\/\/www.alexisdegaribaldi.com\/index.php\/product\/qvct-1-mission-entreprise-de-10-a-20-salaries\/","title":{"rendered":"QVCT Mission Entreprise de 10 \u00e0 20 Salari\u00e9s"},"content":{"rendered":"<p>QVCT Mission pour Entreprise de 10 \u00e0 20 salari\u00e9s<\/p>\n<p>Prix Concernant l&rsquo;acompte \u00e0 l&rsquo;ouverture du dossier<\/p>\n<p>Un Process<\/p>\n<p>Un programme<\/p>\n<p>Un planning<\/p>\n<p>Une \u00e9quipe si n\u00e9cessaire<\/p>\n<p>Une analyse<\/p>\n<p>Un compte rendu<\/p>\n<p>Attention ce prix est un acompte nous vous rappelons que ce soit avec un seul consultant ou une \u00e9quipe il y a des frais g\u00e9n\u00e9raux, y compris des d\u00e9placements suivant votre adresse et que le tarif journalier de chacun de nos consultant varie de 600 \u20ac \u00e0 2000 \u20ac \/ jour .<\/p>\n<p>Le contrat de QVCT pour votre entreprise sera soumis \u00e0 validation avant tout lancement de la proc\u00e9dure<\/p>\n","protected":false},"excerpt":{"rendered":"<p>QVCT Entreprise de 10 \u00e0 20 Salari\u00e9s<\/p>\n<p>Un process<\/p>\n<p>Un Programme<\/p>\n<p>Des humains<\/p>\n","protected":false},"featured_media":276,"template":"","meta":{"_eb_attr":"","om_disable_all_campaigns":false,"_monsterinsights_skip_tracking":false,"_monsterinsights_sitenote_active":false,"_monsterinsights_sitenote_note":"","_monsterinsights_sitenote_category":0},"product_brand":[],"product_cat":[40],"product_tag":[],"class_list":{"0":"post-1691","1":"product","2":"type-product","3":"status-publish","4":"has-post-thumbnail","6":"product_cat-qvct","8":"first","9":"instock","10":"taxable","11":"shipping-taxable","12":"purchasable","13":"product-type-simple"},"aioseo_notices":[],"jetpack_sharing_enabled":true,"_links":{"self":[{"href":"https:\/\/www.alexisdegaribaldi.com\/index.php\/wp-json\/wp\/v2\/product\/1691","targetHints":{"allow":["GET"]}}],"collection":[{"href":"https:\/\/www.alexisdegaribaldi.com\/index.php\/wp-json\/wp\/v2\/product"}],"about":[{"href":"https:\/\/www.alexisdegaribaldi.com\/index.php\/wp-json\/wp\/v2\/types\/product"}],"wp:featuredmedia":[{"embeddable":true,"href":"https:\/\/www.alexisdegaribaldi.com\/index.php\/wp-json\/wp\/v2\/media\/276"}],"wp:attachment":[{"href":"https:\/\/www.alexisdegaribaldi.com\/index.php\/wp-json\/wp\/v2\/media?parent=1691"}],"wp:term":[{"taxonomy":"product_brand","embeddable":true,"href":"https:\/\/www.alexisdegaribaldi.com\/index.php\/wp-json\/wp\/v2\/product_brand?post=1691"},{"taxonomy":"product_cat","embeddable":true,"href":"https:\/\/www.alexisdegaribaldi.com\/index.php\/wp-json\/wp\/v2\/product_cat?post=1691"},{"taxonomy":"product_tag","embeddable":true,"href":"https:\/\/www.alexisdegaribaldi.com\/index.php\/wp-json\/wp\/v2\/product_tag?post=1691"}],"curies":[{"name":"wp","href":"https:\/\/api.w.org\/{rel}","templated":true}]}}