{"id":1692,"date":"2022-09-05T19:37:19","date_gmt":"2022-09-05T17:37:19","guid":{"rendered":"https:\/\/www.alexisdegaribaldi.com\/?post_type=product&#038;p=1692"},"modified":"2025-05-24T14:11:23","modified_gmt":"2025-05-24T12:11:23","slug":"qvct-1-mission-pour-entreprise-de-20-a-50-salaries","status":"publish","type":"product","link":"https:\/\/www.alexisdegaribaldi.com\/index.php\/product\/qvct-1-mission-pour-entreprise-de-20-a-50-salaries\/","title":{"rendered":"QVCT pour Entreprise de 20 \u00e0 50 salari\u00e9s"},"content":{"rendered":"<p>QVCT pour une Taille de 20 \u00e0 50 Salari\u00e9s<\/p>\n<p>Ce tarif correspond \u00e0 l&rsquo;ouverture de dossier en guise de<\/p>\n<p>Versement d&rsquo;acompte obligatoire<\/p>\n<p>Le Tarif global d\u00e9pendra de l&rsquo;adresse de l&rsquo;entreprise, voir, et nombre de site.<\/p>\n<p>Ainsi que du planning \u00e9tabli ensemble pour r\u00e9aliser votre QVCT et de l&rsquo;\u00e9quipe n\u00e9cessaire pour le r\u00e9aliser<\/p>\n<p>Soumis \u00e0 acceptation et validation du devis.<\/p>\n<p>Nous rappelons que le tarif global est une somme de frais g\u00e9n\u00e9raux comprenant un tarif de consultant oscillant entre 600 \u20ac \u00e0 2000 \u20ac \/ Jour suivant la taille de l&rsquo;\u00e9quipe fournie<\/p>\n","protected":false},"excerpt":{"rendered":"<p>Acompte pour ouverture Dossier<\/p>\n<p>La QVCT comprend :<\/p>\n<p>Un Process<\/p>\n<p>Un Planning<\/p>\n<p>Une Analyse<\/p>\n<p>Un compte Rendu<\/p>\n","protected":false},"featured_media":4300,"template":"","meta":{"_eb_attr":"","om_disable_all_campaigns":false,"_monsterinsights_skip_tracking":false,"_monsterinsights_sitenote_active":false,"_monsterinsights_sitenote_note":"","_monsterinsights_sitenote_category":0},"product_brand":[],"product_cat":[40],"product_tag":[],"class_list":{"0":"post-1692","1":"product","2":"type-product","3":"status-publish","4":"has-post-thumbnail","6":"product_cat-qvct","8":"first","9":"instock","10":"taxable","11":"shipping-taxable","12":"purchasable","13":"product-type-simple"},"aioseo_notices":[],"jetpack_sharing_enabled":true,"_links":{"self":[{"href":"https:\/\/www.alexisdegaribaldi.com\/index.php\/wp-json\/wp\/v2\/product\/1692","targetHints":{"allow":["GET"]}}],"collection":[{"href":"https:\/\/www.alexisdegaribaldi.com\/index.php\/wp-json\/wp\/v2\/product"}],"about":[{"href":"https:\/\/www.alexisdegaribaldi.com\/index.php\/wp-json\/wp\/v2\/types\/product"}],"wp:featuredmedia":[{"embeddable":true,"href":"https:\/\/www.alexisdegaribaldi.com\/index.php\/wp-json\/wp\/v2\/media\/4300"}],"wp:attachment":[{"href":"https:\/\/www.alexisdegaribaldi.com\/index.php\/wp-json\/wp\/v2\/media?parent=1692"}],"wp:term":[{"taxonomy":"product_brand","embeddable":true,"href":"https:\/\/www.alexisdegaribaldi.com\/index.php\/wp-json\/wp\/v2\/product_brand?post=1692"},{"taxonomy":"product_cat","embeddable":true,"href":"https:\/\/www.alexisdegaribaldi.com\/index.php\/wp-json\/wp\/v2\/product_cat?post=1692"},{"taxonomy":"product_tag","embeddable":true,"href":"https:\/\/www.alexisdegaribaldi.com\/index.php\/wp-json\/wp\/v2\/product_tag?post=1692"}],"curies":[{"name":"wp","href":"https:\/\/api.w.org\/{rel}","templated":true}]}}