{"id":1693,"date":"2022-09-05T19:38:03","date_gmt":"2022-09-05T17:38:03","guid":{"rendered":"https:\/\/www.alexisdegaribaldi.com\/?post_type=product&#038;p=1693"},"modified":"2025-05-24T13:29:23","modified_gmt":"2025-05-24T11:29:23","slug":"qvct-1-mission-pour-entreprise-de-50-a-100-salaries","status":"publish","type":"product","link":"https:\/\/www.alexisdegaribaldi.com\/index.php\/product\/qvct-1-mission-pour-entreprise-de-50-a-100-salaries\/","title":{"rendered":"QVCT 1 Mission pour Entreprise de 50 \u00e0 100 Salari\u00e9s"},"content":{"rendered":"<p>QVCT<\/p>\n<p>Pour une Taille de 50\u00a0 \u00e0 100\u00a0 Salari\u00e9s<\/p>\n<p>Ce tarif correspond \u00e0 Ouverture de dossier en guise de<\/p>\n<p>Versement d&rsquo;acompte obligatoire<\/p>\n<p>Le Tarif global d\u00e9pendra de l&rsquo;adresse de l&rsquo;entreprise ,voir, et du nombre de site.<\/p>\n<p>Ainsi que du planning \u00e9tabli ensemble pour r\u00e9aliser votre QVCT et de l&rsquo;\u00e9quipe n\u00e9cessaire pour le r\u00e9aliser<\/p>\n<p>Soumis \u00e0 acceptation et validation du devis.<\/p>\n<p>Nous vous rappelons que le tarif global est une somme de frais g\u00e9n\u00e9raux comprenant un tarif\u00a0 de consultant journalier oscillant entre 600 \u20ac \u00e0 2000 \u20ac \/ jour suivant taille de l&rsquo;\u00e9quipe fournie<\/p>\n","protected":false},"excerpt":{"rendered":"<p>Acompte pour ouverture Dossier<\/p>\n<p>La QVCT comprend<\/p>\n<p>Un Process<\/p>\n<p>Un planning<\/p>\n<p>Une analyse<\/p>\n<p>Un compte rendu<\/p>\n","protected":false},"featured_media":295,"template":"","meta":{"_eb_attr":"","om_disable_all_campaigns":false,"_monsterinsights_skip_tracking":false,"_monsterinsights_sitenote_active":false,"_monsterinsights_sitenote_note":"","_monsterinsights_sitenote_category":0},"product_brand":[],"product_cat":[40],"product_tag":[83],"class_list":{"0":"post-1693","1":"product","2":"type-product","3":"status-publish","4":"has-post-thumbnail","6":"product_cat-qvct","7":"product_tag-qvct-de-50-a-100-salares","9":"first","10":"instock","11":"taxable","12":"shipping-taxable","13":"purchasable","14":"product-type-simple"},"aioseo_notices":[],"jetpack_sharing_enabled":true,"_links":{"self":[{"href":"https:\/\/www.alexisdegaribaldi.com\/index.php\/wp-json\/wp\/v2\/product\/1693","targetHints":{"allow":["GET"]}}],"collection":[{"href":"https:\/\/www.alexisdegaribaldi.com\/index.php\/wp-json\/wp\/v2\/product"}],"about":[{"href":"https:\/\/www.alexisdegaribaldi.com\/index.php\/wp-json\/wp\/v2\/types\/product"}],"wp:featuredmedia":[{"embeddable":true,"href":"https:\/\/www.alexisdegaribaldi.com\/index.php\/wp-json\/wp\/v2\/media\/295"}],"wp:attachment":[{"href":"https:\/\/www.alexisdegaribaldi.com\/index.php\/wp-json\/wp\/v2\/media?parent=1693"}],"wp:term":[{"taxonomy":"product_brand","embeddable":true,"href":"https:\/\/www.alexisdegaribaldi.com\/index.php\/wp-json\/wp\/v2\/product_brand?post=1693"},{"taxonomy":"product_cat","embeddable":true,"href":"https:\/\/www.alexisdegaribaldi.com\/index.php\/wp-json\/wp\/v2\/product_cat?post=1693"},{"taxonomy":"product_tag","embeddable":true,"href":"https:\/\/www.alexisdegaribaldi.com\/index.php\/wp-json\/wp\/v2\/product_tag?post=1693"}],"curies":[{"name":"wp","href":"https:\/\/api.w.org\/{rel}","templated":true}]}}