{"id":1708,"date":"2022-09-05T20:15:41","date_gmt":"2022-09-05T18:15:41","guid":{"rendered":"https:\/\/www.alexisdegaribaldi.com\/?post_type=product&#038;p=1708"},"modified":"2025-05-24T14:02:30","modified_gmt":"2025-05-24T12:02:30","slug":"solliciter-une-mission-de-gestionnaire-de-transport-externe-duree-6-mois","status":"publish","type":"product","link":"https:\/\/www.alexisdegaribaldi.com\/index.php\/product\/solliciter-une-mission-de-gestionnaire-de-transport-externe-duree-6-mois\/","title":{"rendered":"Solliciter une Mission de Gestionnaire Transport Externe dur\u00e9e 6 Mois"},"content":{"rendered":"<p>Solliciter une Mission de Gestionnaire de Transport en Prestation Externe pour une dur\u00e9e de 6 Mois,<\/p>\n<p>Cet Achat ne comprend pas le contrat en lui-m\u00eame , il ne repr\u00e9sente que le montant mensuel multipli\u00e9 par 6 mois du poste en question \u00e0 mi-temps enregistr\u00e9 comme Cadre selon la r\u00e8glementation en vigueur<\/p>\n<p>( comprenant le paiement des charges sociales du dit gestionnaire )<\/p>\n","protected":false},"excerpt":{"rendered":"<p>Mission de Gestionnaire de transport sur une dur\u00e9e tr\u00e8s courte de 6 mois<\/p>\n<p>Pour remplacement ou en vue d&rsquo;une nomination<\/p>\n<p>Une solution pour votre entreprise de transport ou en vue de bascul\u00e9 transport<\/p>\n","protected":false},"featured_media":860,"template":"","meta":{"_eb_attr":"","om_disable_all_campaigns":false,"_monsterinsights_skip_tracking":false,"_monsterinsights_sitenote_active":false,"_monsterinsights_sitenote_note":"","_monsterinsights_sitenote_category":0},"product_brand":[],"product_cat":[38],"product_tag":[85],"class_list":{"0":"post-1708","1":"product","2":"type-product","3":"status-publish","4":"has-post-thumbnail","6":"product_cat-gestionnaire-de-transport-en-prestation-externe","7":"product_tag-mission-courte-duree-gtpe","9":"first","10":"instock","11":"virtual","12":"taxable","13":"purchasable","14":"product-type-simple"},"aioseo_notices":[],"jetpack_sharing_enabled":true,"_links":{"self":[{"href":"https:\/\/www.alexisdegaribaldi.com\/index.php\/wp-json\/wp\/v2\/product\/1708","targetHints":{"allow":["GET"]}}],"collection":[{"href":"https:\/\/www.alexisdegaribaldi.com\/index.php\/wp-json\/wp\/v2\/product"}],"about":[{"href":"https:\/\/www.alexisdegaribaldi.com\/index.php\/wp-json\/wp\/v2\/types\/product"}],"wp:featuredmedia":[{"embeddable":true,"href":"https:\/\/www.alexisdegaribaldi.com\/index.php\/wp-json\/wp\/v2\/media\/860"}],"wp:attachment":[{"href":"https:\/\/www.alexisdegaribaldi.com\/index.php\/wp-json\/wp\/v2\/media?parent=1708"}],"wp:term":[{"taxonomy":"product_brand","embeddable":true,"href":"https:\/\/www.alexisdegaribaldi.com\/index.php\/wp-json\/wp\/v2\/product_brand?post=1708"},{"taxonomy":"product_cat","embeddable":true,"href":"https:\/\/www.alexisdegaribaldi.com\/index.php\/wp-json\/wp\/v2\/product_cat?post=1708"},{"taxonomy":"product_tag","embeddable":true,"href":"https:\/\/www.alexisdegaribaldi.com\/index.php\/wp-json\/wp\/v2\/product_tag?post=1708"}],"curies":[{"name":"wp","href":"https:\/\/api.w.org\/{rel}","templated":true}]}}