{"id":1713,"date":"2022-09-05T20:41:49","date_gmt":"2022-09-05T18:41:49","guid":{"rendered":"https:\/\/www.alexisdegaribaldi.com\/?post_type=product&#038;p=1713"},"modified":"2022-09-14T10:10:40","modified_gmt":"2022-09-14T08:10:40","slug":"pnl-1-seance-au-cabinet","status":"publish","type":"product","link":"https:\/\/www.alexisdegaribaldi.com\/index.php\/product\/pnl-1-seance-au-cabinet\/","title":{"rendered":"PNL 1 s\u00e9ance au Cabinet"},"content":{"rendered":"<p>Une s\u00e9ance de PNL ( Programmation Neuro Linguistique) au cabinet , dur\u00e9e 1 h ,<\/p>\n<p>Cette s\u00e9ance n\u00e9cessite une anamn\u00e8se ( entretient pr\u00e9alable) d\u00e8s le d\u00e9but des s\u00e9ances.<\/p>\n","protected":false},"excerpt":{"rendered":"<p>Une s\u00e9ance de PNL ( Programmation Neuro Linguistique) au cabinet , dur\u00e9e 1 h , Cette s\u00e9ance n\u00e9cessite une anamn\u00e8se ( entretient pr\u00e9alable) d\u00e8s le d\u00e9but des s\u00e9ances.<\/p>\n","protected":false},"featured_media":1628,"template":"","meta":{"_eb_attr":"","om_disable_all_campaigns":false,"_monsterinsights_skip_tracking":false,"_monsterinsights_sitenote_active":false,"_monsterinsights_sitenote_note":"","_monsterinsights_sitenote_category":0},"product_brand":[],"product_cat":[48],"product_tag":[],"class_list":{"0":"post-1713","1":"product","2":"type-product","3":"status-publish","4":"has-post-thumbnail","6":"product_cat-pnl","8":"first","9":"instock","10":"purchasable","11":"product-type-simple"},"aioseo_notices":[],"jetpack_sharing_enabled":true,"_links":{"self":[{"href":"https:\/\/www.alexisdegaribaldi.com\/index.php\/wp-json\/wp\/v2\/product\/1713","targetHints":{"allow":["GET"]}}],"collection":[{"href":"https:\/\/www.alexisdegaribaldi.com\/index.php\/wp-json\/wp\/v2\/product"}],"about":[{"href":"https:\/\/www.alexisdegaribaldi.com\/index.php\/wp-json\/wp\/v2\/types\/product"}],"wp:featuredmedia":[{"embeddable":true,"href":"https:\/\/www.alexisdegaribaldi.com\/index.php\/wp-json\/wp\/v2\/media\/1628"}],"wp:attachment":[{"href":"https:\/\/www.alexisdegaribaldi.com\/index.php\/wp-json\/wp\/v2\/media?parent=1713"}],"wp:term":[{"taxonomy":"product_brand","embeddable":true,"href":"https:\/\/www.alexisdegaribaldi.com\/index.php\/wp-json\/wp\/v2\/product_brand?post=1713"},{"taxonomy":"product_cat","embeddable":true,"href":"https:\/\/www.alexisdegaribaldi.com\/index.php\/wp-json\/wp\/v2\/product_cat?post=1713"},{"taxonomy":"product_tag","embeddable":true,"href":"https:\/\/www.alexisdegaribaldi.com\/index.php\/wp-json\/wp\/v2\/product_tag?post=1713"}],"curies":[{"name":"wp","href":"https:\/\/api.w.org\/{rel}","templated":true}]}}