{"id":1715,"date":"2022-09-05T20:47:33","date_gmt":"2022-09-05T18:47:33","guid":{"rendered":"https:\/\/www.alexisdegaribaldi.com\/?post_type=product&#038;p=1715"},"modified":"2025-05-24T10:25:05","modified_gmt":"2025-05-24T08:25:05","slug":"coaching-detre-en-viso","status":"publish","type":"product","link":"https:\/\/www.alexisdegaribaldi.com\/index.php\/product\/coaching-detre-en-viso\/","title":{"rendered":"Coaching d&rsquo;\u00catre S\u00e9ance en Viso"},"content":{"rendered":"<p>S\u00e9ance de Coaching d&rsquo;\u00catre en Visio conf\u00e9rence,<\/p>\n<p>dur\u00e9e 45 min<\/p>\n<p>Ce coaching n\u00e9cessite une Anamn\u00e8se ( entretient pr\u00e9alable) d\u00e8s la premi\u00e8re s\u00e9ance.<\/p>\n","protected":false},"excerpt":{"rendered":"<p>S\u00e9ance de Coaching d&rsquo;\u00catre en Visio conf\u00e9rence, dur\u00e9e 45 min Ce coaching n\u00e9cessite une Anamn\u00e8se ( entretient pr\u00e9alable) d\u00e8s la premi\u00e8re s\u00e9ance.<\/p>\n","protected":false},"featured_media":1627,"template":"","meta":{"_eb_attr":"","om_disable_all_campaigns":false,"_monsterinsights_skip_tracking":false,"_monsterinsights_sitenote_active":false,"_monsterinsights_sitenote_note":"","_monsterinsights_sitenote_category":0},"product_brand":[],"product_cat":[43],"product_tag":[],"class_list":{"0":"post-1715","1":"product","2":"type-product","3":"status-publish","4":"has-post-thumbnail","6":"product_cat-coaching-detre","8":"first","9":"instock","10":"purchasable","11":"product-type-simple"},"aioseo_notices":[],"jetpack_sharing_enabled":true,"_links":{"self":[{"href":"https:\/\/www.alexisdegaribaldi.com\/index.php\/wp-json\/wp\/v2\/product\/1715","targetHints":{"allow":["GET"]}}],"collection":[{"href":"https:\/\/www.alexisdegaribaldi.com\/index.php\/wp-json\/wp\/v2\/product"}],"about":[{"href":"https:\/\/www.alexisdegaribaldi.com\/index.php\/wp-json\/wp\/v2\/types\/product"}],"wp:featuredmedia":[{"embeddable":true,"href":"https:\/\/www.alexisdegaribaldi.com\/index.php\/wp-json\/wp\/v2\/media\/1627"}],"wp:attachment":[{"href":"https:\/\/www.alexisdegaribaldi.com\/index.php\/wp-json\/wp\/v2\/media?parent=1715"}],"wp:term":[{"taxonomy":"product_brand","embeddable":true,"href":"https:\/\/www.alexisdegaribaldi.com\/index.php\/wp-json\/wp\/v2\/product_brand?post=1715"},{"taxonomy":"product_cat","embeddable":true,"href":"https:\/\/www.alexisdegaribaldi.com\/index.php\/wp-json\/wp\/v2\/product_cat?post=1715"},{"taxonomy":"product_tag","embeddable":true,"href":"https:\/\/www.alexisdegaribaldi.com\/index.php\/wp-json\/wp\/v2\/product_tag?post=1715"}],"curies":[{"name":"wp","href":"https:\/\/api.w.org\/{rel}","templated":true}]}}