{"id":1717,"date":"2022-09-05T21:00:28","date_gmt":"2022-09-05T19:00:28","guid":{"rendered":"https:\/\/www.alexisdegaribaldi.com\/?post_type=product&#038;p=1717"},"modified":"2025-05-24T12:14:29","modified_gmt":"2025-05-24T10:14:29","slug":"coaching-de-performance-seance-en-visio","status":"publish","type":"product","link":"https:\/\/www.alexisdegaribaldi.com\/index.php\/product\/coaching-de-performance-seance-en-visio\/","title":{"rendered":"Coaching de Performance S\u00e9ance en Visio"},"content":{"rendered":"<p>S\u00e9ance de Coaching de performance en Viso<\/p>\n<p>Dur\u00e9e 45 min<\/p>\n<p>Ce Coaching n\u00e9cessite une Anamn\u00e8se ( entretient pr\u00e9alable) en d\u00e9but de suivi.<\/p>\n<p>Un lien selon vos m\u00e9dias utilis\u00e9 vous sera envoy\u00e9.<\/p>\n<p>Nous avons une pr\u00e9fence pour Zoom<\/p>\n","protected":false},"excerpt":{"rendered":"<p>Le coaching de performance est un process.<\/p>\n<p>Nous vous proposons de r\u00e9aliser ce coaching \u00e0 distance en visioconf\u00e9rence<\/p>\n<p>N\u00e9anmoins plusieurs s\u00e9ances sont \u00e0 pr\u00e9voir<\/p>\n","protected":false},"featured_media":1627,"template":"","meta":{"_eb_attr":"","om_disable_all_campaigns":false,"_monsterinsights_skip_tracking":false,"_monsterinsights_sitenote_active":false,"_monsterinsights_sitenote_note":"","_monsterinsights_sitenote_category":0},"product_brand":[],"product_cat":[44],"product_tag":[],"class_list":{"0":"post-1717","1":"product","2":"type-product","3":"status-publish","4":"has-post-thumbnail","6":"product_cat-coaching-de-performance","8":"first","9":"instock","10":"purchasable","11":"product-type-simple"},"aioseo_notices":[],"jetpack_sharing_enabled":true,"_links":{"self":[{"href":"https:\/\/www.alexisdegaribaldi.com\/index.php\/wp-json\/wp\/v2\/product\/1717","targetHints":{"allow":["GET"]}}],"collection":[{"href":"https:\/\/www.alexisdegaribaldi.com\/index.php\/wp-json\/wp\/v2\/product"}],"about":[{"href":"https:\/\/www.alexisdegaribaldi.com\/index.php\/wp-json\/wp\/v2\/types\/product"}],"wp:featuredmedia":[{"embeddable":true,"href":"https:\/\/www.alexisdegaribaldi.com\/index.php\/wp-json\/wp\/v2\/media\/1627"}],"wp:attachment":[{"href":"https:\/\/www.alexisdegaribaldi.com\/index.php\/wp-json\/wp\/v2\/media?parent=1717"}],"wp:term":[{"taxonomy":"product_brand","embeddable":true,"href":"https:\/\/www.alexisdegaribaldi.com\/index.php\/wp-json\/wp\/v2\/product_brand?post=1717"},{"taxonomy":"product_cat","embeddable":true,"href":"https:\/\/www.alexisdegaribaldi.com\/index.php\/wp-json\/wp\/v2\/product_cat?post=1717"},{"taxonomy":"product_tag","embeddable":true,"href":"https:\/\/www.alexisdegaribaldi.com\/index.php\/wp-json\/wp\/v2\/product_tag?post=1717"}],"curies":[{"name":"wp","href":"https:\/\/api.w.org\/{rel}","templated":true}]}}