{"id":1719,"date":"2022-09-05T21:15:06","date_gmt":"2022-09-05T19:15:06","guid":{"rendered":"https:\/\/www.alexisdegaribaldi.com\/?post_type=product&#038;p=1719"},"modified":"2022-09-13T22:39:38","modified_gmt":"2022-09-13T20:39:38","slug":"seance-de-t-r-e-en-cabinet","status":"publish","type":"product","link":"https:\/\/www.alexisdegaribaldi.com\/index.php\/product\/seance-de-t-r-e-en-cabinet\/","title":{"rendered":"S\u00e9ance de T.R.E en cabinet"},"content":{"rendered":"<p>S\u00e9ance de TRE en cabinet<\/p>\n<p>Dur\u00e9e 45 min<\/p>\n<p>S\u00e9ance n\u00e9cessitant une Anamn\u00e8se ( entretient pr\u00e9alable ) avant tout suivi ou pratique<\/p>\n","protected":false},"excerpt":{"rendered":"<p>S\u00e9ance de TRE en cabinet Dur\u00e9e 45 min S\u00e9ance n\u00e9cessitant une Anamn\u00e8se ( entretient pr\u00e9alable ) avant tout suivi ou pratique<\/p>\n","protected":false},"featured_media":211,"template":"","meta":{"_eb_attr":"","om_disable_all_campaigns":false,"_monsterinsights_skip_tracking":false,"_monsterinsights_sitenote_active":false,"_monsterinsights_sitenote_note":"","_monsterinsights_sitenote_category":0},"product_brand":[],"product_cat":[49],"product_tag":[],"class_list":{"0":"post-1719","1":"product","2":"type-product","3":"status-publish","4":"has-post-thumbnail","6":"product_cat-t-r-e","8":"first","9":"instock","10":"purchasable","11":"product-type-simple"},"aioseo_notices":[],"jetpack_sharing_enabled":true,"_links":{"self":[{"href":"https:\/\/www.alexisdegaribaldi.com\/index.php\/wp-json\/wp\/v2\/product\/1719","targetHints":{"allow":["GET"]}}],"collection":[{"href":"https:\/\/www.alexisdegaribaldi.com\/index.php\/wp-json\/wp\/v2\/product"}],"about":[{"href":"https:\/\/www.alexisdegaribaldi.com\/index.php\/wp-json\/wp\/v2\/types\/product"}],"wp:featuredmedia":[{"embeddable":true,"href":"https:\/\/www.alexisdegaribaldi.com\/index.php\/wp-json\/wp\/v2\/media\/211"}],"wp:attachment":[{"href":"https:\/\/www.alexisdegaribaldi.com\/index.php\/wp-json\/wp\/v2\/media?parent=1719"}],"wp:term":[{"taxonomy":"product_brand","embeddable":true,"href":"https:\/\/www.alexisdegaribaldi.com\/index.php\/wp-json\/wp\/v2\/product_brand?post=1719"},{"taxonomy":"product_cat","embeddable":true,"href":"https:\/\/www.alexisdegaribaldi.com\/index.php\/wp-json\/wp\/v2\/product_cat?post=1719"},{"taxonomy":"product_tag","embeddable":true,"href":"https:\/\/www.alexisdegaribaldi.com\/index.php\/wp-json\/wp\/v2\/product_tag?post=1719"}],"curies":[{"name":"wp","href":"https:\/\/api.w.org\/{rel}","templated":true}]}}