{"id":1723,"date":"2022-09-05T22:10:06","date_gmt":"2022-09-05T20:10:06","guid":{"rendered":"https:\/\/www.alexisdegaribaldi.com\/?post_type=product&#038;p=1723"},"modified":"2022-09-06T21:43:05","modified_gmt":"2022-09-06T19:43:05","slug":"seance-danalyse-transactionnelle-en-visio","status":"publish","type":"product","link":"https:\/\/www.alexisdegaribaldi.com\/index.php\/product\/seance-danalyse-transactionnelle-en-visio\/","title":{"rendered":"S\u00e9ance d&rsquo;Analyse Transactionnelle en Visio"},"content":{"rendered":"<p>S\u00e9ance d&rsquo;Analyse Transactionnelle en Visio<\/p>\n<p>Dur\u00e9e 45 Minutes<\/p>\n<p>Coaching n\u00e9cessitant une Anamn\u00e8se ( entretient pr\u00e9alable ) avant la s\u00e9ance<\/p>\n","protected":false},"excerpt":{"rendered":"<p>S\u00e9ance d&rsquo;Analyse Transactionnelle en Visio Dur\u00e9e 45 Minutes Coaching n\u00e9cessitant une Anamn\u00e8se ( entretient pr\u00e9alable ) avant la s\u00e9ance<\/p>\n","protected":false},"featured_media":1627,"template":"","meta":{"_eb_attr":"","om_disable_all_campaigns":false,"_monsterinsights_skip_tracking":false,"_monsterinsights_sitenote_active":false,"_monsterinsights_sitenote_note":"","_monsterinsights_sitenote_category":0},"product_brand":[],"product_cat":[45],"product_tag":[],"class_list":{"0":"post-1723","1":"product","2":"type-product","3":"status-publish","4":"has-post-thumbnail","6":"product_cat-analyse-transactionnelle","8":"first","9":"instock","10":"taxable","11":"shipping-taxable","12":"product-type-simple"},"aioseo_notices":[],"jetpack_sharing_enabled":true,"_links":{"self":[{"href":"https:\/\/www.alexisdegaribaldi.com\/index.php\/wp-json\/wp\/v2\/product\/1723","targetHints":{"allow":["GET"]}}],"collection":[{"href":"https:\/\/www.alexisdegaribaldi.com\/index.php\/wp-json\/wp\/v2\/product"}],"about":[{"href":"https:\/\/www.alexisdegaribaldi.com\/index.php\/wp-json\/wp\/v2\/types\/product"}],"wp:featuredmedia":[{"embeddable":true,"href":"https:\/\/www.alexisdegaribaldi.com\/index.php\/wp-json\/wp\/v2\/media\/1627"}],"wp:attachment":[{"href":"https:\/\/www.alexisdegaribaldi.com\/index.php\/wp-json\/wp\/v2\/media?parent=1723"}],"wp:term":[{"taxonomy":"product_brand","embeddable":true,"href":"https:\/\/www.alexisdegaribaldi.com\/index.php\/wp-json\/wp\/v2\/product_brand?post=1723"},{"taxonomy":"product_cat","embeddable":true,"href":"https:\/\/www.alexisdegaribaldi.com\/index.php\/wp-json\/wp\/v2\/product_cat?post=1723"},{"taxonomy":"product_tag","embeddable":true,"href":"https:\/\/www.alexisdegaribaldi.com\/index.php\/wp-json\/wp\/v2\/product_tag?post=1723"}],"curies":[{"name":"wp","href":"https:\/\/api.w.org\/{rel}","templated":true}]}}