{"id":1780,"date":"2022-09-09T16:40:13","date_gmt":"2022-09-09T14:40:13","guid":{"rendered":"https:\/\/www.alexisdegaribaldi.com\/?post_type=product&#038;p=1780"},"modified":"2022-12-30T12:58:14","modified_gmt":"2022-12-30T11:58:14","slug":"combe-les-nosophobies","status":"publish","type":"product","link":"https:\/\/www.alexisdegaribaldi.com\/index.php\/product\/combe-les-nosophobies\/","title":{"rendered":"Combo Les Nosophobies"},"content":{"rendered":"<h1 class=\"d-f title-border p-r tt-simple ff-h1 c-darker c-color fs-5xl fs-xl@lg pb-1\">Nosophobie : comment traiter cette peur des maladies graves ?<\/h1>\n<div class=\"c-darker display-p d-b c-link ff-header fs-m w-100 p-r mb-2 fs-sm@lg\">\n<p>Certaines personnes sont obs\u00e9d\u00e9es par la peur de contracter une maladie grave. D\u2019o\u00f9 vient cette crainte irrationnelle ? En quoi la nosophobie est-elle diff\u00e9rente de l\u2019hypocondrie ? Comment aborder et se lib\u00e9rer de la\/les nosophobie(s)<\/p>\n<p>Un combo d&rsquo;huile essentielle pour vous aider, vous accompagner. Vers une autre version de vous m\u00eame plus \u00e9clair\u00e9e, plus libre, r\u00e9-encod\u00e9<\/p>\n<\/div>\n","protected":false},"excerpt":{"rendered":"<h1 class=\"d-f title-border p-r tt-simple ff-h1 c-darker c-color fs-5xl fs-xl@lg pb-1\">Nosophobie : comment traiter cette peur des maladies graves ?<\/h1>\n<div class=\"c-darker display-p d-b c-link ff-header fs-m w-100 p-r mb-2 fs-sm@lg\">\n<p>Certaines personnes sont obs\u00e9d\u00e9es par la peur de contracter une maladie grave. D\u2019o\u00f9 vient cette crainte irrationnelle ? En quoi la nosophobie est-elle diff\u00e9rente de l\u2019hypocondrie ? Comment vous accompagner avec la\/les nosophobie(s).<\/p>\n<p>Un combo d&rsquo;huiles essentielles pour vous aider \u00e0 baisser les barri\u00e8res, retrouver les clefs de votre propre prison.<\/p>\n<p>Fiche technique et quelques conseils fournis<\/p>\n<p>&nbsp;<\/p>\n<\/div>\n","protected":false},"featured_media":1785,"template":"","meta":{"_eb_attr":"","om_disable_all_campaigns":false,"_monsterinsights_skip_tracking":false,"_monsterinsights_sitenote_active":false,"_monsterinsights_sitenote_note":"","_monsterinsights_sitenote_category":0},"product_brand":[],"product_cat":[50],"product_tag":[],"class_list":{"0":"post-1780","1":"product","2":"type-product","3":"status-publish","4":"has-post-thumbnail","6":"product_cat-combos","8":"first","9":"instock","10":"downloadable","11":"purchasable","12":"product-type-simple"},"aioseo_notices":[],"jetpack_sharing_enabled":true,"_links":{"self":[{"href":"https:\/\/www.alexisdegaribaldi.com\/index.php\/wp-json\/wp\/v2\/product\/1780","targetHints":{"allow":["GET"]}}],"collection":[{"href":"https:\/\/www.alexisdegaribaldi.com\/index.php\/wp-json\/wp\/v2\/product"}],"about":[{"href":"https:\/\/www.alexisdegaribaldi.com\/index.php\/wp-json\/wp\/v2\/types\/product"}],"wp:featuredmedia":[{"embeddable":true,"href":"https:\/\/www.alexisdegaribaldi.com\/index.php\/wp-json\/wp\/v2\/media\/1785"}],"wp:attachment":[{"href":"https:\/\/www.alexisdegaribaldi.com\/index.php\/wp-json\/wp\/v2\/media?parent=1780"}],"wp:term":[{"taxonomy":"product_brand","embeddable":true,"href":"https:\/\/www.alexisdegaribaldi.com\/index.php\/wp-json\/wp\/v2\/product_brand?post=1780"},{"taxonomy":"product_cat","embeddable":true,"href":"https:\/\/www.alexisdegaribaldi.com\/index.php\/wp-json\/wp\/v2\/product_cat?post=1780"},{"taxonomy":"product_tag","embeddable":true,"href":"https:\/\/www.alexisdegaribaldi.com\/index.php\/wp-json\/wp\/v2\/product_tag?post=1780"}],"curies":[{"name":"wp","href":"https:\/\/api.w.org\/{rel}","templated":true}]}}