{"id":1782,"date":"2022-09-09T16:42:28","date_gmt":"2022-09-09T14:42:28","guid":{"rendered":"https:\/\/www.alexisdegaribaldi.com\/?post_type=product&#038;p=1782"},"modified":"2022-12-28T20:22:07","modified_gmt":"2022-12-28T19:22:07","slug":"combo-peur-de-lechec","status":"publish","type":"product","link":"https:\/\/www.alexisdegaribaldi.com\/index.php\/product\/combo-peur-de-lechec\/","title":{"rendered":"Combo Peur de l&rsquo;Echec"},"content":{"rendered":"<p>Combo d&rsquo;huiles Essentielles pour vous aider, vous accompagner dans cette \u00e9preuve de vie.<\/p>\n<p>Fiche technique fournie<\/p>\n","protected":false},"excerpt":{"rendered":"<p>Combo d huile essentielle pour vous aider , vous accompagner dans cette \u00e9preuve de vie priv\u00e9e ou professionnelle.<\/p>\n<p>Pour minimiser la <b>peur de l&rsquo;\u00e9chec<\/b>, il est pr\u00e9f\u00e9rable de : voir le bon c\u00f4t\u00e9 des choses en tirant un enseignement positif; envisager tous les r\u00e9sultats possibles ; avoir un autre plan en cas d&rsquo;<b>\u00e9chec<\/b>\u00a0; demander de l&rsquo;aide ; penser aux regrets que l&rsquo;on peut avoir si on n&rsquo;essaye pas et \u00e9tablir des objectifs atteignables<\/p>\n","protected":false},"featured_media":1785,"template":"","meta":{"_eb_attr":"","om_disable_all_campaigns":false,"_monsterinsights_skip_tracking":false,"_monsterinsights_sitenote_active":false,"_monsterinsights_sitenote_note":"","_monsterinsights_sitenote_category":0},"product_brand":[],"product_cat":[50],"product_tag":[],"class_list":{"0":"post-1782","1":"product","2":"type-product","3":"status-publish","4":"has-post-thumbnail","6":"product_cat-combos","8":"first","9":"instock","10":"downloadable","11":"purchasable","12":"product-type-simple"},"aioseo_notices":[],"jetpack_sharing_enabled":true,"_links":{"self":[{"href":"https:\/\/www.alexisdegaribaldi.com\/index.php\/wp-json\/wp\/v2\/product\/1782","targetHints":{"allow":["GET"]}}],"collection":[{"href":"https:\/\/www.alexisdegaribaldi.com\/index.php\/wp-json\/wp\/v2\/product"}],"about":[{"href":"https:\/\/www.alexisdegaribaldi.com\/index.php\/wp-json\/wp\/v2\/types\/product"}],"wp:featuredmedia":[{"embeddable":true,"href":"https:\/\/www.alexisdegaribaldi.com\/index.php\/wp-json\/wp\/v2\/media\/1785"}],"wp:attachment":[{"href":"https:\/\/www.alexisdegaribaldi.com\/index.php\/wp-json\/wp\/v2\/media?parent=1782"}],"wp:term":[{"taxonomy":"product_brand","embeddable":true,"href":"https:\/\/www.alexisdegaribaldi.com\/index.php\/wp-json\/wp\/v2\/product_brand?post=1782"},{"taxonomy":"product_cat","embeddable":true,"href":"https:\/\/www.alexisdegaribaldi.com\/index.php\/wp-json\/wp\/v2\/product_cat?post=1782"},{"taxonomy":"product_tag","embeddable":true,"href":"https:\/\/www.alexisdegaribaldi.com\/index.php\/wp-json\/wp\/v2\/product_tag?post=1782"}],"curies":[{"name":"wp","href":"https:\/\/api.w.org\/{rel}","templated":true}]}}