{"id":1783,"date":"2022-09-09T16:42:58","date_gmt":"2022-09-09T14:42:58","guid":{"rendered":"https:\/\/www.alexisdegaribaldi.com\/?post_type=product&#038;p=1783"},"modified":"2022-12-28T19:22:08","modified_gmt":"2022-12-28T18:22:08","slug":"combo-peur-de-lenfance","status":"publish","type":"product","link":"https:\/\/www.alexisdegaribaldi.com\/index.php\/product\/combo-peur-de-lenfance\/","title":{"rendered":"Combo Peur de l&rsquo;Enfance"},"content":{"rendered":"<p>Un <b>enfant<\/b>\u00a0peut aussi avoir\u00a0<b>peur<\/b> des catastrophes naturelles. ( tremblement de terre, temp\u00eate)<\/p>\n<p>De la guerre, apr\u00e8s avoir vu des images \u00e0 la t\u00e9l\u00e9vision.<\/p>\n<p>Entendu de conversations adultes ou d&rsquo;autres enfants.<\/p>\n<p>C&rsquo;est aussi l&rsquo;\u00e2ge des <b>peurs<\/b>\u00a0sociales (<b>peur<\/b> d&rsquo;\u00eatre rejet\u00e9 par les autres, de parler devant la classe&#8230;).<\/p>\n<p>Pour vous aider, vous accompagner dans cette \u00e9preuve d\u00e9licate de l&rsquo;enfance, et du dialogue parent &#8211; enfant.<\/p>\n<p>Nous vous proposons un Combo d&rsquo;huile essentielle bien pr\u00e9cis et \u00e0 doser, reste \u00e0 votre charge d&rsquo;acheter les huiles essentielles ou Fleurs de Bach que nous vous conseillons.<\/p>\n","protected":false},"excerpt":{"rendered":"<p>Un combo d&rsquo;huile essentielle pour aider \u00e0 mieux vivre la \u00a0\u00bb Peur de l&rsquo;Enfance \u00a0\u00bb et contribuer progressivement \u00e0 la disparition de cette Peur<\/p>\n","protected":false},"featured_media":1785,"template":"","meta":{"_eb_attr":"","om_disable_all_campaigns":false,"_monsterinsights_skip_tracking":false,"_monsterinsights_sitenote_active":false,"_monsterinsights_sitenote_note":"","_monsterinsights_sitenote_category":0},"product_brand":[],"product_cat":[50],"product_tag":[],"class_list":{"0":"post-1783","1":"product","2":"type-product","3":"status-publish","4":"has-post-thumbnail","6":"product_cat-combos","8":"first","9":"instock","10":"downloadable","11":"purchasable","12":"product-type-simple"},"aioseo_notices":[],"jetpack_sharing_enabled":true,"_links":{"self":[{"href":"https:\/\/www.alexisdegaribaldi.com\/index.php\/wp-json\/wp\/v2\/product\/1783","targetHints":{"allow":["GET"]}}],"collection":[{"href":"https:\/\/www.alexisdegaribaldi.com\/index.php\/wp-json\/wp\/v2\/product"}],"about":[{"href":"https:\/\/www.alexisdegaribaldi.com\/index.php\/wp-json\/wp\/v2\/types\/product"}],"wp:featuredmedia":[{"embeddable":true,"href":"https:\/\/www.alexisdegaribaldi.com\/index.php\/wp-json\/wp\/v2\/media\/1785"}],"wp:attachment":[{"href":"https:\/\/www.alexisdegaribaldi.com\/index.php\/wp-json\/wp\/v2\/media?parent=1783"}],"wp:term":[{"taxonomy":"product_brand","embeddable":true,"href":"https:\/\/www.alexisdegaribaldi.com\/index.php\/wp-json\/wp\/v2\/product_brand?post=1783"},{"taxonomy":"product_cat","embeddable":true,"href":"https:\/\/www.alexisdegaribaldi.com\/index.php\/wp-json\/wp\/v2\/product_cat?post=1783"},{"taxonomy":"product_tag","embeddable":true,"href":"https:\/\/www.alexisdegaribaldi.com\/index.php\/wp-json\/wp\/v2\/product_tag?post=1783"}],"curies":[{"name":"wp","href":"https:\/\/api.w.org\/{rel}","templated":true}]}}