{"id":2494,"date":"2022-09-14T12:30:54","date_gmt":"2022-09-14T10:30:54","guid":{"rendered":"https:\/\/www.alexisdegaribaldi.com\/?post_type=product&#038;p=2494"},"modified":"2023-12-09T14:21:33","modified_gmt":"2023-12-09T13:21:33","slug":"mise-en-pratique-professionnelle-dont-gestes-postures","status":"publish","type":"product","link":"https:\/\/www.alexisdegaribaldi.com\/index.php\/product\/mise-en-pratique-professionnelle-dont-gestes-postures\/","title":{"rendered":"Mise en Pratique Professionnelle du job ( dont Gestes &#038; Postures )"},"content":{"rendered":"<p>Que cela soit en Transport, en Caces ( chantier, chariots, plateforme \u00e9l\u00e9vatrice, grues auxiliaire), ou dans le domaine commercial ( vente en magasin ) , Phoning, restauration, etc&#8230;.<\/p>\n<p>Nous pouvons vous accompagner pour vous permettre de changer la donne et aller vers plus d aisance, de confort, baisser le stress, vous rendre plus \u00e0 l&rsquo;aise et plus efficient dans votre job. Ou dans un m\u00e9tier en cours de reconversion.<\/p>\n","protected":false},"excerpt":{"rendered":"<p>D\u00e9placements en Plus index\u00e9 sur les kilom\u00e8tres si Ext\u00e9rieur \u00e0 Toulouse ou sa P\u00e9riph\u00e9rie.<\/p>\n","protected":false},"featured_media":293,"template":"","meta":{"_eb_attr":"","om_disable_all_campaigns":false,"_monsterinsights_skip_tracking":false,"_monsterinsights_sitenote_active":false,"_monsterinsights_sitenote_note":"","_monsterinsights_sitenote_category":0},"product_brand":[],"product_cat":[70,71],"product_tag":[],"class_list":{"0":"post-2494","1":"product","2":"type-product","3":"status-publish","4":"has-post-thumbnail","6":"product_cat-mise-en-pratique-professionnelle","7":"product_cat-titres-professionnels","9":"first","10":"instock","11":"virtual","12":"taxable","13":"purchasable","14":"product-type-simple"},"aioseo_notices":[],"jetpack_sharing_enabled":true,"_links":{"self":[{"href":"https:\/\/www.alexisdegaribaldi.com\/index.php\/wp-json\/wp\/v2\/product\/2494","targetHints":{"allow":["GET"]}}],"collection":[{"href":"https:\/\/www.alexisdegaribaldi.com\/index.php\/wp-json\/wp\/v2\/product"}],"about":[{"href":"https:\/\/www.alexisdegaribaldi.com\/index.php\/wp-json\/wp\/v2\/types\/product"}],"wp:featuredmedia":[{"embeddable":true,"href":"https:\/\/www.alexisdegaribaldi.com\/index.php\/wp-json\/wp\/v2\/media\/293"}],"wp:attachment":[{"href":"https:\/\/www.alexisdegaribaldi.com\/index.php\/wp-json\/wp\/v2\/media?parent=2494"}],"wp:term":[{"taxonomy":"product_brand","embeddable":true,"href":"https:\/\/www.alexisdegaribaldi.com\/index.php\/wp-json\/wp\/v2\/product_brand?post=2494"},{"taxonomy":"product_cat","embeddable":true,"href":"https:\/\/www.alexisdegaribaldi.com\/index.php\/wp-json\/wp\/v2\/product_cat?post=2494"},{"taxonomy":"product_tag","embeddable":true,"href":"https:\/\/www.alexisdegaribaldi.com\/index.php\/wp-json\/wp\/v2\/product_tag?post=2494"}],"curies":[{"name":"wp","href":"https:\/\/api.w.org\/{rel}","templated":true}]}}