{"id":2507,"date":"2022-09-14T13:15:22","date_gmt":"2022-09-14T11:15:22","guid":{"rendered":"https:\/\/www.alexisdegaribaldi.com\/?post_type=product&#038;p=2507"},"modified":"2023-12-09T14:14:22","modified_gmt":"2023-12-09T13:14:22","slug":"autorisation-de-conduite-engins-chariots-grue-aux","status":"publish","type":"product","link":"https:\/\/www.alexisdegaribaldi.com\/index.php\/product\/autorisation-de-conduite-engins-chariots-grue-aux\/","title":{"rendered":"Autorisation de Conduite d&rsquo;Engins ( Chariots, Grue Aux )"},"content":{"rendered":"<p>Une Attestation r\u00e9alis\u00e9 avec un process bien sp\u00e9cifique pour r\u00e9pondre aux divers cahier des charges dont le Qualiopi<\/p>\n<p>Une Attestation r\u00e9alis\u00e9 dans votre entreprise selon vos disponibilit\u00e9s<\/p>\n","protected":false},"excerpt":{"rendered":"<p>Une formation sur mesure adapt\u00e9e \u00e0 votre temps et vos disponibilit\u00e9s<\/p>\n<p>Une autorisation de conduite r\u00e9alis\u00e9 en corr\u00e9lation avec la loi du travail, la s\u00e9curit\u00e9 sociale et la pr\u00e9vention des risques professionnels de la Carsat.<\/p>\n","protected":false},"featured_media":2509,"template":"","meta":{"_eb_attr":"","om_disable_all_campaigns":false,"_monsterinsights_skip_tracking":false,"_monsterinsights_sitenote_active":false,"_monsterinsights_sitenote_note":"","_monsterinsights_sitenote_category":0},"product_brand":[],"product_cat":[69,39],"product_tag":[],"class_list":{"0":"post-2507","1":"product","2":"type-product","3":"status-publish","4":"has-post-thumbnail","6":"product_cat-caces","7":"product_cat-consulting","9":"first","10":"instock","11":"virtual","12":"taxable","13":"purchasable","14":"product-type-simple"},"aioseo_notices":[],"jetpack_sharing_enabled":true,"_links":{"self":[{"href":"https:\/\/www.alexisdegaribaldi.com\/index.php\/wp-json\/wp\/v2\/product\/2507","targetHints":{"allow":["GET"]}}],"collection":[{"href":"https:\/\/www.alexisdegaribaldi.com\/index.php\/wp-json\/wp\/v2\/product"}],"about":[{"href":"https:\/\/www.alexisdegaribaldi.com\/index.php\/wp-json\/wp\/v2\/types\/product"}],"wp:featuredmedia":[{"embeddable":true,"href":"https:\/\/www.alexisdegaribaldi.com\/index.php\/wp-json\/wp\/v2\/media\/2509"}],"wp:attachment":[{"href":"https:\/\/www.alexisdegaribaldi.com\/index.php\/wp-json\/wp\/v2\/media?parent=2507"}],"wp:term":[{"taxonomy":"product_brand","embeddable":true,"href":"https:\/\/www.alexisdegaribaldi.com\/index.php\/wp-json\/wp\/v2\/product_brand?post=2507"},{"taxonomy":"product_cat","embeddable":true,"href":"https:\/\/www.alexisdegaribaldi.com\/index.php\/wp-json\/wp\/v2\/product_cat?post=2507"},{"taxonomy":"product_tag","embeddable":true,"href":"https:\/\/www.alexisdegaribaldi.com\/index.php\/wp-json\/wp\/v2\/product_tag?post=2507"}],"curies":[{"name":"wp","href":"https:\/\/api.w.org\/{rel}","templated":true}]}}