{"id":3484,"date":"2023-01-09T12:39:50","date_gmt":"2023-01-09T11:39:50","guid":{"rendered":"https:\/\/www.alexisdegaribaldi.com\/?post_type=product&#038;p=3484"},"modified":"2025-05-24T11:58:15","modified_gmt":"2025-05-24T09:58:15","slug":"les-20-meilleures-huiles-essentielles","status":"publish","type":"product","link":"https:\/\/www.alexisdegaribaldi.com\/index.php\/product\/les-20-meilleures-huiles-essentielles\/","title":{"rendered":"Les 20 meilleures huiles essentielles"},"content":{"rendered":"<p>Les 20 meilleures huiles essentielles c&rsquo;est :<\/p>\n<p>Des fiches techniques pour vous permettre de mieux comprendre la puissance de certaines huiles essentielles.<\/p>\n<p>De faire vos propres choix en fonction de vos sympt\u00f4mes, de s\u00e9lectionner vos futurs achats d huiles essentielles.<\/p>\n<p>De cr\u00e9er vos propres combos en fonction de vos choix.<\/p>\n<p>Cr\u00e9er vos synergies pour votre force personnelle.<\/p>\n<p>Cet produit est un t\u00e9l\u00e9chargement et\u00a0 ne contient aucun envoi d huiles essentielles<\/p>\n","protected":false},"excerpt":{"rendered":"<p>Les 20 meilleures huiles essentielles c&rsquo;est : Des fiches techniques pour vous permettre de mieux comprendre la puissance de certaines huiles essentielles. De faire vos propres choix en fonction de vos sympt\u00f4mes, de s\u00e9lectionner vos futurs achats d huiles essentielles. De cr\u00e9er vos propres combos en fonction de vos choix. Cr\u00e9er vos synergies pour votre <a class=\"read-more\" href=\"https:\/\/www.alexisdegaribaldi.com\/index.php\/product\/les-20-meilleures-huiles-essentielles\/\">READ MORE<\/a><\/p>\n","protected":false},"featured_media":3387,"template":"","meta":{"_eb_attr":"","om_disable_all_campaigns":false,"_monsterinsights_skip_tracking":false,"_monsterinsights_sitenote_active":false,"_monsterinsights_sitenote_note":"","_monsterinsights_sitenote_category":0},"product_brand":[],"product_cat":[54],"product_tag":[84],"class_list":{"0":"post-3484","1":"product","2":"type-product","3":"status-publish","4":"has-post-thumbnail","6":"product_cat-huiles-essentielles","7":"product_tag-les-20-meilleures-huiles-essentielles","9":"first","10":"instock","11":"downloadable","12":"purchasable","13":"product-type-simple"},"aioseo_notices":[],"jetpack_sharing_enabled":true,"_links":{"self":[{"href":"https:\/\/www.alexisdegaribaldi.com\/index.php\/wp-json\/wp\/v2\/product\/3484","targetHints":{"allow":["GET"]}}],"collection":[{"href":"https:\/\/www.alexisdegaribaldi.com\/index.php\/wp-json\/wp\/v2\/product"}],"about":[{"href":"https:\/\/www.alexisdegaribaldi.com\/index.php\/wp-json\/wp\/v2\/types\/product"}],"wp:featuredmedia":[{"embeddable":true,"href":"https:\/\/www.alexisdegaribaldi.com\/index.php\/wp-json\/wp\/v2\/media\/3387"}],"wp:attachment":[{"href":"https:\/\/www.alexisdegaribaldi.com\/index.php\/wp-json\/wp\/v2\/media?parent=3484"}],"wp:term":[{"taxonomy":"product_brand","embeddable":true,"href":"https:\/\/www.alexisdegaribaldi.com\/index.php\/wp-json\/wp\/v2\/product_brand?post=3484"},{"taxonomy":"product_cat","embeddable":true,"href":"https:\/\/www.alexisdegaribaldi.com\/index.php\/wp-json\/wp\/v2\/product_cat?post=3484"},{"taxonomy":"product_tag","embeddable":true,"href":"https:\/\/www.alexisdegaribaldi.com\/index.php\/wp-json\/wp\/v2\/product_tag?post=3484"}],"curies":[{"name":"wp","href":"https:\/\/api.w.org\/{rel}","templated":true}]}}