{"id":4013,"date":"2023-12-07T17:37:09","date_gmt":"2023-12-07T16:37:09","guid":{"rendered":"https:\/\/www.alexisdegaribaldi.com\/?post_type=product&#038;p=4013"},"modified":"2025-05-24T11:28:14","modified_gmt":"2025-05-24T09:28:14","slug":"https-www-alexisdegaribaldi-com-index-php-product-category-formations-en-presentiel","status":"publish","type":"product","link":"https:\/\/www.alexisdegaribaldi.com\/index.php\/product\/https-www-alexisdegaribaldi-com-index-php-product-category-formations-en-presentiel\/","title":{"rendered":"Conduite FCO"},"content":{"rendered":"<p>Une journ\u00e9e de Pratique en FCO<\/p>\n<p>Horaires \u00e0 planifier<\/p>\n<p>Horaires possibles 6\/13\u00a0 soit 13\/20 ou soit en horaire normal 8h\/12 et 13\/16<\/p>\n","protected":false},"excerpt":{"rendered":"<p>A programmer ensemble par t\u00e9l\u00e9phone selon vos besoins,<\/p>\n<p>R\u00e9servation \u00e0 la journ\u00e9e, plusieurs horaires possibles,<\/p>\n<p>Un process bien pr\u00e9cis, possibilit\u00e9 de Qualiopi<\/p>\n<p>Frais d&rsquo;annulation<\/p>\n","protected":false},"featured_media":4014,"template":"","meta":{"_eb_attr":"","om_disable_all_campaigns":false,"_monsterinsights_skip_tracking":false,"_monsterinsights_sitenote_active":false,"_monsterinsights_sitenote_note":"","_monsterinsights_sitenote_category":0},"product_brand":[],"product_cat":[67],"product_tag":[59],"class_list":{"0":"post-4013","1":"product","2":"type-product","3":"status-publish","4":"has-post-thumbnail","6":"product_cat-fco","7":"product_tag-conduite-fco","9":"first","10":"instock","11":"taxable","12":"shipping-taxable","13":"purchasable","14":"product-type-simple"},"aioseo_notices":[],"jetpack_sharing_enabled":true,"_links":{"self":[{"href":"https:\/\/www.alexisdegaribaldi.com\/index.php\/wp-json\/wp\/v2\/product\/4013","targetHints":{"allow":["GET"]}}],"collection":[{"href":"https:\/\/www.alexisdegaribaldi.com\/index.php\/wp-json\/wp\/v2\/product"}],"about":[{"href":"https:\/\/www.alexisdegaribaldi.com\/index.php\/wp-json\/wp\/v2\/types\/product"}],"wp:featuredmedia":[{"embeddable":true,"href":"https:\/\/www.alexisdegaribaldi.com\/index.php\/wp-json\/wp\/v2\/media\/4014"}],"wp:attachment":[{"href":"https:\/\/www.alexisdegaribaldi.com\/index.php\/wp-json\/wp\/v2\/media?parent=4013"}],"wp:term":[{"taxonomy":"product_brand","embeddable":true,"href":"https:\/\/www.alexisdegaribaldi.com\/index.php\/wp-json\/wp\/v2\/product_brand?post=4013"},{"taxonomy":"product_cat","embeddable":true,"href":"https:\/\/www.alexisdegaribaldi.com\/index.php\/wp-json\/wp\/v2\/product_cat?post=4013"},{"taxonomy":"product_tag","embeddable":true,"href":"https:\/\/www.alexisdegaribaldi.com\/index.php\/wp-json\/wp\/v2\/product_tag?post=4013"}],"curies":[{"name":"wp","href":"https:\/\/api.w.org\/{rel}","templated":true}]}}