{"id":4017,"date":"2023-12-07T18:46:27","date_gmt":"2023-12-07T17:46:27","guid":{"rendered":"https:\/\/www.alexisdegaribaldi.com\/?post_type=product&#038;p=4017"},"modified":"2023-12-09T14:07:44","modified_gmt":"2023-12-09T13:07:44","slug":"caces-theorie","status":"publish","type":"product","link":"https:\/\/www.alexisdegaribaldi.com\/index.php\/product\/caces-theorie\/","title":{"rendered":"CACES Th\u00e9orie"},"content":{"rendered":"<p>Une journ\u00e9e de Th\u00e9orie en Caces selon votre recommandation souhait\u00e9e<\/p>\n<p>Horaires modulables voir am\u00e9nageables selon vos besoins<\/p>\n<p>Le prix ne comprend pas certains frais dont les d\u00e9placements voir le logement si plusieurs jours<\/p>\n","protected":false},"excerpt":{"rendered":"<p>Une journ\u00e9e de 7h de formation en partie Th\u00e9orique pour le Caces de votre recommandation<\/p>\n<p>Horaires Modulables et am\u00e9nageables selon vos besoins<\/p>\n<p>Le prix ne comprend pas les frais annexes tels que les d\u00e9placements et ou le logement si besoins sur plusieurs jours.<\/p>\n","protected":false},"featured_media":2509,"template":"","meta":{"_eb_attr":"","om_disable_all_campaigns":false,"_monsterinsights_skip_tracking":false,"_monsterinsights_sitenote_active":false,"_monsterinsights_sitenote_note":"","_monsterinsights_sitenote_category":0},"product_brand":[],"product_cat":[69,65],"product_tag":[63],"class_list":{"0":"post-4017","1":"product","2":"type-product","3":"status-publish","4":"has-post-thumbnail","6":"product_cat-caces","7":"product_cat-formation-en-distanciel","8":"product_tag-caces-theorie","10":"first","11":"instock","12":"taxable","13":"shipping-taxable","14":"purchasable","15":"product-type-simple"},"aioseo_notices":[],"jetpack_sharing_enabled":true,"_links":{"self":[{"href":"https:\/\/www.alexisdegaribaldi.com\/index.php\/wp-json\/wp\/v2\/product\/4017","targetHints":{"allow":["GET"]}}],"collection":[{"href":"https:\/\/www.alexisdegaribaldi.com\/index.php\/wp-json\/wp\/v2\/product"}],"about":[{"href":"https:\/\/www.alexisdegaribaldi.com\/index.php\/wp-json\/wp\/v2\/types\/product"}],"wp:featuredmedia":[{"embeddable":true,"href":"https:\/\/www.alexisdegaribaldi.com\/index.php\/wp-json\/wp\/v2\/media\/2509"}],"wp:attachment":[{"href":"https:\/\/www.alexisdegaribaldi.com\/index.php\/wp-json\/wp\/v2\/media?parent=4017"}],"wp:term":[{"taxonomy":"product_brand","embeddable":true,"href":"https:\/\/www.alexisdegaribaldi.com\/index.php\/wp-json\/wp\/v2\/product_brand?post=4017"},{"taxonomy":"product_cat","embeddable":true,"href":"https:\/\/www.alexisdegaribaldi.com\/index.php\/wp-json\/wp\/v2\/product_cat?post=4017"},{"taxonomy":"product_tag","embeddable":true,"href":"https:\/\/www.alexisdegaribaldi.com\/index.php\/wp-json\/wp\/v2\/product_tag?post=4017"}],"curies":[{"name":"wp","href":"https:\/\/api.w.org\/{rel}","templated":true}]}}