{"id":4021,"date":"2023-12-07T20:29:44","date_gmt":"2023-12-07T19:29:44","guid":{"rendered":"https:\/\/www.alexisdegaribaldi.com\/?post_type=product&#038;p=4021"},"modified":"2023-12-09T14:29:03","modified_gmt":"2023-12-09T13:29:03","slug":"theorie-fimo","status":"publish","type":"product","link":"https:\/\/www.alexisdegaribaldi.com\/index.php\/product\/theorie-fimo\/","title":{"rendered":"Th\u00e9orie Fimo"},"content":{"rendered":"<p>Une journ\u00e9e de formation Th\u00e9orique en FIMO ( formation initiale minimum obligatoire ) en transport de marchandises<\/p>\n<p>RSE, et autres th\u00e8mes conforme au cahier des charges de la DREAL<\/p>\n<p>r\u00e9servation de plusieurs jours possibles<\/p>\n","protected":false},"excerpt":{"rendered":"<p>Une journ\u00e9e de 7h de th\u00e9orie en formation initiale minimum obligatoire en transport de marchandises , en pr\u00e9sentiel ou en distanciel<\/p>\n<p>Conforme au cahier des charges DREAL<\/p>\n<p>Support fournis ou suivi,<\/p>\n<p>Tests d&rsquo;\u00e9valuations au cours de la formation<\/p>\n<p>R\u00e9servation de plusieurs jours possibles<\/p>\n","protected":false},"featured_media":2630,"template":"","meta":{"_eb_attr":"","om_disable_all_campaigns":false,"_monsterinsights_skip_tracking":false,"_monsterinsights_sitenote_active":false,"_monsterinsights_sitenote_note":"","_monsterinsights_sitenote_category":0},"product_brand":[],"product_cat":[65,68,71],"product_tag":[],"class_list":{"0":"post-4021","1":"product","2":"type-product","3":"status-publish","4":"has-post-thumbnail","6":"product_cat-formation-en-distanciel","7":"product_cat-fimo","8":"product_cat-titres-professionnels","10":"first","11":"instock","12":"taxable","13":"shipping-taxable","14":"purchasable","15":"product-type-simple"},"aioseo_notices":[],"jetpack_sharing_enabled":true,"_links":{"self":[{"href":"https:\/\/www.alexisdegaribaldi.com\/index.php\/wp-json\/wp\/v2\/product\/4021","targetHints":{"allow":["GET"]}}],"collection":[{"href":"https:\/\/www.alexisdegaribaldi.com\/index.php\/wp-json\/wp\/v2\/product"}],"about":[{"href":"https:\/\/www.alexisdegaribaldi.com\/index.php\/wp-json\/wp\/v2\/types\/product"}],"wp:featuredmedia":[{"embeddable":true,"href":"https:\/\/www.alexisdegaribaldi.com\/index.php\/wp-json\/wp\/v2\/media\/2630"}],"wp:attachment":[{"href":"https:\/\/www.alexisdegaribaldi.com\/index.php\/wp-json\/wp\/v2\/media?parent=4021"}],"wp:term":[{"taxonomy":"product_brand","embeddable":true,"href":"https:\/\/www.alexisdegaribaldi.com\/index.php\/wp-json\/wp\/v2\/product_brand?post=4021"},{"taxonomy":"product_cat","embeddable":true,"href":"https:\/\/www.alexisdegaribaldi.com\/index.php\/wp-json\/wp\/v2\/product_cat?post=4021"},{"taxonomy":"product_tag","embeddable":true,"href":"https:\/\/www.alexisdegaribaldi.com\/index.php\/wp-json\/wp\/v2\/product_tag?post=4021"}],"curies":[{"name":"wp","href":"https:\/\/api.w.org\/{rel}","templated":true}]}}