{"id":6336,"date":"2025-05-21T18:04:59","date_gmt":"2025-05-21T16:04:59","guid":{"rendered":"https:\/\/www.alexisdegaribaldi.com\/?post_type=product&#038;p=6336"},"modified":"2025-05-24T10:28:35","modified_gmt":"2025-05-24T08:28:35","slug":"individuation","status":"publish","type":"product","link":"https:\/\/www.alexisdegaribaldi.com\/index.php\/product\/individuation\/","title":{"rendered":"INDIVIDUATION"},"content":{"rendered":"<style id=\"wpforms-css-vars-6405\">\n\t\t\t\t#wpforms-6405 {\n\t\t\t\t\n\t\t\t}\n\t\t\t<\/style><div class=\"wpforms-container wpforms-container-full wpforms-render-modern\" id=\"wpforms-6405\"><form id=\"wpforms-form-6405\" class=\"wpforms-validate wpforms-form wpforms-ajax-form\" data-formid=\"6405\" method=\"post\" enctype=\"multipart\/form-data\" action=\"\/index.php\/wp-json\/wp\/v2\/product\/6336\" data-token=\"c92716063e0d475d0c9dd42e230e7fa1\" data-token-time=\"1776260671\"><div class=\"wpforms-head-container\"><div class=\"wpforms-title\">INDIVIDUATION formulaire d&#039;entree<\/div><\/div><noscript class=\"wpforms-error-noscript\">Veuillez activer JavaScript dans votre navigateur pour remplir ce formulaire.<\/noscript><div id=\"wpforms-error-noscript\" style=\"display: none;\">Veuillez activer JavaScript dans votre navigateur pour remplir ce formulaire.<\/div><div class=\"wpforms-field-container\"><div id=\"wpforms-6405-field_2-container\" class=\"wpforms-field wpforms-field-name\" data-field-id=\"2\"><fieldset><legend class=\"wpforms-field-label\">Nom <span class=\"wpforms-required-label\" aria-hidden=\"true\">*<\/span><\/legend><div class=\"wpforms-field-row wpforms-field-medium\"><div class=\"wpforms-field-row-block wpforms-first wpforms-one-half\"><input type=\"text\" id=\"wpforms-6405-field_2\" class=\"wpforms-field-name-first wpforms-field-required\" name=\"wpforms[fields][2][first]\" aria-errormessage=\"wpforms-6405-field_2-error\" required><label for=\"wpforms-6405-field_2\" class=\"wpforms-field-sublabel after\">Pr\u00e9nom<\/label><\/div><div class=\"wpforms-field-row-block wpforms-one-half\"><input type=\"text\" id=\"wpforms-6405-field_2-last\" class=\"wpforms-field-name-last wpforms-field-required\" name=\"wpforms[fields][2][last]\" aria-errormessage=\"wpforms-6405-field_2-last-error\" required><label for=\"wpforms-6405-field_2-last\" class=\"wpforms-field-sublabel after\">Nom<\/label><\/div><\/div><\/fieldset><\/div><div id=\"wpforms-6405-field_4-container\" class=\"wpforms-field wpforms-field-text\" data-field-id=\"4\"><label class=\"wpforms-field-label\" for=\"wpforms-6405-field_4\">Merci dans un premier temps de noter votre Num\u00e9ro de t\u00e9l\u00e9phone ainsi que les horaires ou vous \u00e9tes joignable <span class=\"wpforms-required-label\" aria-hidden=\"true\">*<\/span><\/label><input type=\"text\" id=\"wpforms-6405-field_4\" class=\"wpforms-field-medium wpforms-field-required\" name=\"wpforms[fields][4]\" aria-errormessage=\"wpforms-6405-field_4-error\" aria-describedby=\"wpforms-6405-field_4-description\" required><div id=\"wpforms-6405-field_4-description\" class=\"wpforms-field-description\">Si vous n'arrivez \u00e0 l'indiquer ici nous le ferons par mail<\/div><\/div><div id=\"wpforms-6405-field_1-container\" class=\"wpforms-field wpforms-field-email\" data-field-id=\"1\"><label class=\"wpforms-field-label\" for=\"wpforms-6405-field_1\">E-mail <span class=\"wpforms-required-label\" aria-hidden=\"true\">*<\/span><\/label><input type=\"email\" id=\"wpforms-6405-field_1\" class=\"wpforms-field-medium wpforms-field-required\" name=\"wpforms[fields][1]\" spellcheck=\"false\" aria-errormessage=\"wpforms-6405-field_1-error\" required><\/div><\/div><!-- .wpforms-field-container --><div class=\"wpforms-submit-container\" ><input type=\"hidden\" name=\"wpforms[id]\" value=\"6405\"><input type=\"hidden\" name=\"page_title\" value=\"\"><input type=\"hidden\" name=\"page_url\" value=\"https:\/\/www.alexisdegaribaldi.com\/index.php\/wp-json\/wp\/v2\/product\/6336\"><input type=\"hidden\" name=\"url_referer\" value=\"\"><button type=\"submit\" name=\"wpforms[submit]\" id=\"wpforms-submit-6405\" class=\"wpforms-submit\" data-alt-text=\"Envoi...\" data-submit-text=\"Envoyer\" aria-live=\"assertive\" value=\"wpforms-submit\">Envoyer<\/button><img decoding=\"async\" src=\"https:\/\/www.alexisdegaribaldi.com\/wp-content\/plugins\/wpforms-lite\/assets\/images\/submit-spin.svg\" class=\"wpforms-submit-spinner\" style=\"display: none;\" width=\"26\" height=\"26\" alt=\"Chargement en cours\"><\/div><\/form><\/div>  <!-- .wpforms-container -->\n<p>R\u00e9aliser son INDIVIDUATION,<\/p>\n<p>C&rsquo;est entamer <strong>un process qui peut durer plusieurs semaines<\/strong> dans lequel vous aller aussi <strong>devoir travailller sur vous m\u00eame, parfois seul.<\/strong><\/p>\n<p>Pour cela nous allons<strong> vous aider, vous accompagner, vous guider, vous coacher.<\/strong><\/p>\n<p>Mais aussi vous permettre d&rsquo;explorer par vous m\u00eame <strong>vos parts int\u00e9rieures vos blessures et vous permettre de les cicatriser.<\/strong><\/p>\n<p>Avec notre<strong> Coaching Haut de Gamme<\/strong> bien plus qu&rsquo;un accompagnement, vous aller <strong>d\u00e9couvrir des outils<\/strong> et vous allez <strong>apprendre \u00e0 vous en servir et \u00e0 les maitriser.<\/strong><\/p>\n<p>Vous allez b\u00e9n\u00e9ficier d&rsquo;un <strong>programme bien plus qu&rsquo;un simple sommaire.<\/strong><\/p>\n<p><strong>Des modules<\/strong> \u00e0 travailler, <strong>des exercices<\/strong> \u00e0 r\u00e9aliser.<\/p>\n<p>Vous b\u00e9n\u00e9ficierez de <strong>S\u00e9ances de Coaching<\/strong> aussi pendant votre accompagnement ( 10 \u00e0 15 s\u00e9ances )<\/p>\n<p>Bien plus qu&rsquo;un simple bouquin, vous allez apprendre et maitriser les rouages de votre int\u00e9rieur.<\/p>\n<p>Ainsi que des techniques pour pouvoir reprogrammer certaines partie de vous<\/p>\n","protected":false},"excerpt":{"rendered":"<p>R\u00e9aliser son INDIVIDUATION,<\/p>\n<p>C&rsquo;est entamer <strong>un process qui peut durer plusieurs semaines<\/strong> dans lequel vous aller aussi <strong>devoir travailller sur vous m\u00eame, parfois seul.<\/strong><\/p>\n<p>Pour cela nous allons<strong> vous aider, vous accompagner, vous guider, vous coacher.<\/strong><\/p>\n<p>Mais aussi vous permettre d&rsquo;explorer par vous m\u00eame <strong>vos parts int\u00e9rieures vos blessures et vous permettre de les cicatriser.<\/strong><\/p>\n<p>Avec notre<strong> Coaching Haut de Gamme<\/strong> bien plus qu&rsquo;un accompagnement, vous aller <strong>d\u00e9couvrir des outils<\/strong> et vous allez <strong>apprendre \u00e0 vous en servir et \u00e0 les maitriser.<\/strong><\/p>\n<p>Vous allez b\u00e9n\u00e9ficier d&rsquo;un <strong>programme bien plus qu&rsquo;un simple sommaire.<\/strong><\/p>\n<p><strong>Des modules<\/strong> \u00e0 travailler, <strong>des exercices<\/strong> \u00e0 r\u00e9aliser.<\/p>\n<p>Vous b\u00e9n\u00e9ficierez de <strong>S\u00e9ances de Coaching<\/strong> aussi pendant votre accompagnement ( 10 \u00e0 15 s\u00e9ances )<\/p>\n<p>Bien plus qu&rsquo;un simple bouquin, vous allez apprendre et maitriser les rouages de votre int\u00e9rieur.<\/p>\n<p>Ainsi que des techniques pour pouvoir reprogrammer certaines partie de vous<\/p>\n","protected":false},"featured_media":3267,"template":"","meta":{"_eb_attr":"","om_disable_all_campaigns":false,"_monsterinsights_skip_tracking":false,"_monsterinsights_sitenote_active":false,"_monsterinsights_sitenote_note":"","_monsterinsights_sitenote_category":0},"product_brand":[],"product_cat":[81],"product_tag":[80,82],"class_list":{"0":"post-6336","1":"product","2":"type-product","3":"status-publish","4":"has-post-thumbnail","6":"product_cat-individuation","7":"product_tag-individuation","8":"product_tag-individuation-the-best-programme","10":"first","11":"instock","12":"downloadable","13":"taxable","14":"shipping-taxable","15":"purchasable","16":"product-type-simple"},"aioseo_notices":[],"jetpack_sharing_enabled":true,"_links":{"self":[{"href":"https:\/\/www.alexisdegaribaldi.com\/index.php\/wp-json\/wp\/v2\/product\/6336","targetHints":{"allow":["GET"]}}],"collection":[{"href":"https:\/\/www.alexisdegaribaldi.com\/index.php\/wp-json\/wp\/v2\/product"}],"about":[{"href":"https:\/\/www.alexisdegaribaldi.com\/index.php\/wp-json\/wp\/v2\/types\/product"}],"wp:featuredmedia":[{"embeddable":true,"href":"https:\/\/www.alexisdegaribaldi.com\/index.php\/wp-json\/wp\/v2\/media\/3267"}],"wp:attachment":[{"href":"https:\/\/www.alexisdegaribaldi.com\/index.php\/wp-json\/wp\/v2\/media?parent=6336"}],"wp:term":[{"taxonomy":"product_brand","embeddable":true,"href":"https:\/\/www.alexisdegaribaldi.com\/index.php\/wp-json\/wp\/v2\/product_brand?post=6336"},{"taxonomy":"product_cat","embeddable":true,"href":"https:\/\/www.alexisdegaribaldi.com\/index.php\/wp-json\/wp\/v2\/product_cat?post=6336"},{"taxonomy":"product_tag","embeddable":true,"href":"https:\/\/www.alexisdegaribaldi.com\/index.php\/wp-json\/wp\/v2\/product_tag?post=6336"}],"curies":[{"name":"wp","href":"https:\/\/api.w.org\/{rel}","templated":true}]}}